{"id":149900,"date":"2025-04-03T14:15:38","date_gmt":"2025-04-03T12:15:38","guid":{"rendered":"https:\/\/secureus.se\/apollo-58000-600apo-optisk-rokdetektor-i-discovery-serien-vit\/"},"modified":"2026-04-23T13:12:48","modified_gmt":"2026-04-23T11:12:48","slug":"apollo-58000-600apo-optisk-rokdetektor-i-discovery-serien-vit","status":"publish","type":"product","link":"https:\/\/secureus.se\/fi\/apollo-58000-600apo-optisk-rokdetektor-i-discovery-serien-vit\/","title":{"rendered":"Apollo 58000-600APO Discovery -sarjan optinen savunilmaisin, valkoinen"},"content":{"rendered":"<h1>Apollo 58000-600APO Discovery -sarjan optinen savunilmaisin<\/h1>\n<p class=\"\" data-start=\"395\" data-end=\"835\">Apollo 58000-600APO Discovery -sarjan optinen savunilmaisin on edistyksellinen laite, joka k\u00e4ytt\u00e4\u00e4 optista ja valos\u00e4hk\u00f6ist\u00e4 tekniikkaa savun havaitsemiseen.<\/p>\n<p class=\"\" data-start=\"395\" data-end=\"835\">Siin\u00e4 on valkoiseksi muotoiltu polykarbonaattikotelo ja tuulenpit\u00e4v\u00e4t savuaukot, jotka varmistavat tehokkaan havaitsemisen my\u00f6s haastavissa ymp\u00e4rist\u00f6iss\u00e4.<\/p>\n<p class=\"\" data-start=\"395\" data-end=\"835\">Infrapuna-LED l\u00e4hett\u00e4\u00e4 kollimoitua valoa joka sekunti ja valodiodi mittaa savun hajottaman valon m\u00e4\u00e4r\u00e4n ilmaisinkammiossa.<\/p>\n<p class=\"\" data-start=\"837\" data-end=\"1243\">T\u00e4m\u00e4 ilmaisin on ihanteellinen ymp\u00e4rist\u00f6ihin, joissa saattaa esiinty\u00e4 l\u00e4mp\u00f6tilavaihteluita, koska se toimii tehokkaasti l\u00e4mp\u00f6tiloissa -40 \u00b0C - 70 \u00b0C.<\/p>\n<p class=\"\" data-start=\"837\" data-end=\"1243\">Siin\u00e4 on viisi erilaista toimintatilaa, joten se sopii erilaisiin sovelluksiin, kuten makuuhuoneisiin, toimistoihin, hotelleihin, sairaaloihin ja muihin.<\/p>\n<p class=\"\" data-start=\"837\" data-end=\"1243\">Poikkeaman kompensointi varmistaa, ett\u00e4 ilmaisin s\u00e4ilytt\u00e4\u00e4 jatkuvan herkkyyden ajan mittaan ja minimoi v\u00e4\u00e4rien h\u00e4lytysten riskin.<\/p>\n<p class=\"\" data-start=\"1245\" data-end=\"1265\"><strong data-start=\"1245\" data-end=\"1264\">Tekniset tiedot<\/strong>:<\/p>\n<ul data-start=\"1266\" data-end=\"1866\">\n<li class=\"\" data-start=\"1266\" data-end=\"1290\">\n<p class=\"\" data-start=\"1268\" data-end=\"1290\"><strong data-start=\"1268\" data-end=\"1282\">Virtal\u00e4hde<\/strong>: 28V DC<\/p>\n<\/li>\n<li class=\"\" data-start=\"1291\" data-end=\"1318\">\n<p class=\"\" data-start=\"1293\" data-end=\"1318\"><strong data-start=\"1293\" data-end=\"1301\">Mitata<\/strong>\u00d8100mm x 42mm<\/p>\n<\/li>\n<li class=\"\" data-start=\"1319\" data-end=\"1334\">\n<p class=\"\" data-start=\"1321\" data-end=\"1334\"><strong data-start=\"1321\" data-end=\"1329\">Maali<\/strong>: Valkoinen<\/p>\n<\/li>\n<li class=\"\" data-start=\"1335\" data-end=\"1352\">\n<p class=\"\" data-start=\"1337\" data-end=\"1352\"><strong data-start=\"1337\" data-end=\"1345\">Paino<\/strong>: 105 g<\/p>\n<\/li>\n<li class=\"\" data-start=\"1353\" data-end=\"1387\">\n<p class=\"\" data-start=\"1355\" data-end=\"1387\"><strong data-start=\"1355\" data-end=\"1369\">L\u00e4mp\u00f6tila<\/strong>: -40\u00b0C - +70\u00b0C<\/p>\n<\/li>\n<li class=\"\" data-start=\"1388\" data-end=\"1445\">\n<p class=\"\" data-start=\"1390\" data-end=\"1445\"><strong data-start=\"1390\" data-end=\"1403\">Kosteus<\/strong>: 0\u201395% RH (ilman kondensaatiota tai j\u00e4\u00e4t\u00e4)<\/p>\n<\/li>\n<li class=\"\" data-start=\"1446\" data-end=\"1484\">\n<p class=\"\" data-start=\"1448\" data-end=\"1484\"><strong data-start=\"1448\" data-end=\"1467\">Tunnistettava kaasu<\/strong>: Hiilimonoksidi (CO)<\/p>\n<\/li>\n<li class=\"\" data-start=\"1485\" data-end=\"1523\">\n<p class=\"\" data-start=\"1487\" data-end=\"1523\"><strong data-start=\"1487\" data-end=\"1510\">Havaittava v\u00e4liaine<\/strong>: Tuli (savu)<\/p>\n<\/li>\n<li class=\"\" data-start=\"1524\" data-end=\"1560\">\n<p class=\"\" data-start=\"1526\" data-end=\"1560\"><strong data-start=\"1526\" data-end=\"1553\">Viestint\u00e4protokolla<\/strong>: langallinen<\/p>\n<\/li>\n<li class=\"\" data-start=\"1561\" data-end=\"1615\">\n<p class=\"\" data-start=\"1563\" data-end=\"1615\"><strong data-start=\"1563\" data-end=\"1577\">Toiminnot<\/strong>: Optinen ja valos\u00e4hk\u00f6inen tunnistus<\/p>\n<\/li>\n<li class=\"\" data-start=\"1616\" data-end=\"1672\">\n<p class=\"\" data-start=\"1618\" data-end=\"1672\"><strong data-start=\"1618\" data-end=\"1639\">Ymp\u00e4rist\u00f6sertifikaatti<\/strong>: BOSEC, CPR, FG, LPCB, SBSC, VdS<\/p>\n<\/li>\n<li class=\"\" data-start=\"1673\" data-end=\"1712\">\n<p class=\"\" data-start=\"1675\" data-end=\"1712\"><strong data-start=\"1675\" data-end=\"1686\">Takuu<\/strong>: Rajoitettu 10 vuoden takuu<\/p>\n<\/li>\n<li class=\"\" data-start=\"1713\" data-end=\"1733\">\n<p class=\"\" data-start=\"1715\" data-end=\"1733\"><strong data-start=\"1715\" data-end=\"1727\">IP-luokka<\/strong>: IP44<\/p>\n<\/li>\n<li class=\"\" data-start=\"1734\" data-end=\"1774\">\n<p class=\"\" data-start=\"1736\" data-end=\"1774\"><strong data-start=\"1736\" data-end=\"1754\">Yhteensopivuus<\/strong>: XP95 ja Discovery<\/p>\n<\/li>\n<li class=\"\" data-start=\"1775\" data-end=\"1866\">\n<p class=\"\" data-start=\"1777\" data-end=\"1866\"><strong data-start=\"1777\" data-end=\"1791\">K\u00e4ytt\u00e4\u00e4<\/strong>: Makuuhuoneisiin, hotelleihin, sairaaloihin, toimistoihin, varastoihin ja muihin kaupallisiin ymp\u00e4rist\u00f6ihin<\/p>\n<\/li>\n<\/ul>","protected":false},"excerpt":{"rendered":"<p>Apollo 58000-600APO Discovery -sarjan optinen savuilmaisin tarjoaa luotettavan palonilmaisimen laajalla l\u00e4mp\u00f6tila-alueella -40 \u00b0C - 70 \u00b0C.<\/p>\n<p>Se on varustettu viidell\u00e4 k\u00e4ytt\u00f6tilalla eri sovelluksiin, ja siin\u00e4 on ry\u00f6mint\u00e4kompensointi tasaisen herkkyyden varmistamiseksi.<\/p>","protected":false},"featured_media":149899,"template":"","meta":{"_acf_changed":false},"product_brand":[],"product_cat":[4748],"product_tag":[],"class_list":{"0":"post-149900","1":"product","2":"type-product","3":"status-publish","4":"has-post-thumbnail","6":"product_cat-discovery-serien","7":"pa_brands-apollo-fire-detectors","8":"tm-no-options","10":"first","11":"instock","12":"sale","13":"taxable","14":"shipping-taxable","15":"purchasable","16":"product-type-simple"},"acf":[],"_links":{"self":[{"href":"https:\/\/secureus.se\/fi\/wp-json\/wp\/v2\/product\/149900","targetHints":{"allow":["GET"]}}],"collection":[{"href":"https:\/\/secureus.se\/fi\/wp-json\/wp\/v2\/product"}],"about":[{"href":"https:\/\/secureus.se\/fi\/wp-json\/wp\/v2\/types\/product"}],"wp:featuredmedia":[{"embeddable":true,"href":"https:\/\/secureus.se\/fi\/wp-json\/wp\/v2\/media\/149899"}],"wp:attachment":[{"href":"https:\/\/secureus.se\/fi\/wp-json\/wp\/v2\/media?parent=149900"}],"wp:term":[{"taxonomy":"product_brand","embeddable":true,"href":"https:\/\/secureus.se\/fi\/wp-json\/wp\/v2\/product_brand?post=149900"},{"taxonomy":"product_cat","embeddable":true,"href":"https:\/\/secureus.se\/fi\/wp-json\/wp\/v2\/product_cat?post=149900"},{"taxonomy":"product_tag","embeddable":true,"href":"https:\/\/secureus.se\/fi\/wp-json\/wp\/v2\/product_tag?post=149900"}],"curies":[{"name":"wp","href":"https:\/\/api.w.org\/{rel}","templated":true}]}}