{"id":149902,"date":"2025-04-03T14:15:36","date_gmt":"2025-04-03T12:15:36","guid":{"rendered":"https:\/\/secureus.se\/apollo-58000-600mar-discovery-series-sil2-marin-optisk-rokdetektor-vit\/"},"modified":"2026-04-23T13:12:58","modified_gmt":"2026-04-23T11:12:58","slug":"apollo-58000-600mar-discovery-series-sil2-marin-optisk-rokdetektor-vit","status":"publish","type":"product","link":"https:\/\/secureus.se\/fi\/apollo-58000-600mar-discovery-series-sil2-marin-optisk-rokdetektor-vit\/","title":{"rendered":"Apollo 58000-600MAR Discovery Series, SIL2-meren optinen savuilmaisin, valkoinen"},"content":{"rendered":"<h1>Apollo 58000-600MAR Discovery Series, SIL2 laivojen optinen savuilmaisin<\/h1>\n<p class=\"\" data-start=\"417\" data-end=\"742\">Apollo 58000-600MAR Discovery -sarjan laivojen optinen savuilmaisin on edistynyt ilmaisin, joka k\u00e4ytt\u00e4\u00e4 valonsirontaperiaatetta savun havaitsemiseen.<\/p>\n<p class=\"\" data-start=\"417\" data-end=\"742\">Se on erityisen tehokas hitaasti palaviin tai kyteviin tulipaloihin, joten se sopii t\u00e4ydellisesti meriymp\u00e4rist\u00f6ihin, joissa t\u00e4m\u00e4ntyyppiset tulipalot ovat todenn\u00e4k\u00f6isempi\u00e4.<\/p>\n<p class=\"\" data-start=\"744\" data-end=\"1066\">Ilmaisin on suunniteltu siten, ettei se vaikuta tuulelta tai ilmanpaineelta, ja siin\u00e4 on viisi hyv\u00e4ksytty\u00e4 toimintatilaa EN54-5:n mukaisesti, mik\u00e4 tekee siit\u00e4 joustavan monenlaisiin sovelluksiin.<\/p>\n<p class=\"\" data-start=\"744\" data-end=\"1066\">Siin\u00e4 on my\u00f6s ohimenev\u00e4 hylk\u00e4ystoiminto ja et\u00e4testaustoiminto, joka varmistaa toimivuuden k\u00e4yt\u00f6n aikana.<\/p>\n<p class=\"\" data-start=\"1068\" data-end=\"1088\"><strong data-start=\"1068\" data-end=\"1087\">Tekniset tiedot<\/strong>:<\/p>\n<ul data-start=\"1089\" data-end=\"1903\">\n<li class=\"\" data-start=\"1089\" data-end=\"1116\">\n<p class=\"\" data-start=\"1091\" data-end=\"1116\"><strong data-start=\"1091\" data-end=\"1105\">Virtal\u00e4hde<\/strong>: 17-28V DC<\/p>\n<\/li>\n<li class=\"\" data-start=\"1117\" data-end=\"1144\">\n<p class=\"\" data-start=\"1119\" data-end=\"1144\"><strong data-start=\"1119\" data-end=\"1127\">Mitata<\/strong>\u00d8100mm x 42mm<\/p>\n<\/li>\n<li class=\"\" data-start=\"1145\" data-end=\"1160\">\n<p class=\"\" data-start=\"1147\" data-end=\"1160\"><strong data-start=\"1147\" data-end=\"1155\">Maali<\/strong>: Valkoinen<\/p>\n<\/li>\n<li class=\"\" data-start=\"1161\" data-end=\"1178\">\n<p class=\"\" data-start=\"1163\" data-end=\"1178\"><strong data-start=\"1163\" data-end=\"1171\">Paino<\/strong>: 105 g<\/p>\n<\/li>\n<li class=\"\" data-start=\"1179\" data-end=\"1213\">\n<p class=\"\" data-start=\"1181\" data-end=\"1213\"><strong data-start=\"1181\" data-end=\"1195\">L\u00e4mp\u00f6tila<\/strong>: -40\u00b0C - +70\u00b0C<\/p>\n<\/li>\n<li class=\"\" data-start=\"1214\" data-end=\"1271\">\n<p class=\"\" data-start=\"1216\" data-end=\"1271\"><strong data-start=\"1216\" data-end=\"1229\">Kosteus<\/strong>: 0\u201395% RH (ilman kondensaatiota tai j\u00e4\u00e4t\u00e4)<\/p>\n<\/li>\n<li class=\"\" data-start=\"1272\" data-end=\"1346\">\n<p class=\"\" data-start=\"1274\" data-end=\"1346\"><strong data-start=\"1274\" data-end=\"1301\">Viestint\u00e4protokolla<\/strong>: XP95, Discovery- ja CoreProtocol-yhteensopiva<\/p>\n<\/li>\n<li class=\"\" data-start=\"1347\" data-end=\"1385\">\n<p class=\"\" data-start=\"1349\" data-end=\"1385\"><strong data-start=\"1349\" data-end=\"1372\">Havaittava v\u00e4liaine<\/strong>: Tuli (savu)<\/p>\n<\/li>\n<li class=\"\" data-start=\"1386\" data-end=\"1424\">\n<p class=\"\" data-start=\"1388\" data-end=\"1424\"><strong data-start=\"1388\" data-end=\"1407\">Tunnistettava kaasu<\/strong>: Hiilimonoksidi (CO)<\/p>\n<\/li>\n<li class=\"\" data-start=\"1425\" data-end=\"1475\">\n<p class=\"\" data-start=\"1427\" data-end=\"1475\"><strong data-start=\"1427\" data-end=\"1457\">Suurin s\u00e4ilytysl\u00e4mp\u00f6tila<\/strong>: \u201340\u00b0C - +80\u00b0C<\/p>\n<\/li>\n<li class=\"\" data-start=\"1476\" data-end=\"1510\">\n<p class=\"\" data-start=\"1478\" data-end=\"1510\"><strong data-start=\"1478\" data-end=\"1490\">IP-luokka<\/strong>: IP44 (vedenkest\u00e4v\u00e4)<\/p>\n<\/li>\n<li class=\"\" data-start=\"1511\" data-end=\"1561\">\n<p class=\"\" data-start=\"1513\" data-end=\"1561\"><strong data-start=\"1513\" data-end=\"1525\">Materiaali<\/strong>: Valkoinen polykarbonaatti (paloa hidastava)<\/p>\n<\/li>\n<li class=\"\" data-start=\"1562\" data-end=\"1646\">\n<p class=\"\" data-start=\"1564\" data-end=\"1646\"><strong data-start=\"1564\" data-end=\"1582\">Sertifikaatit<\/strong>: EN 54-7, CPR, LPCB, MED, LR, DNV-GL, BV, ABS, CCS, KRS, VNIIPO<\/p>\n<\/li>\n<li class=\"\" data-start=\"1647\" data-end=\"1747\">\n<p class=\"\" data-start=\"1649\" data-end=\"1747\"><strong data-start=\"1649\" data-end=\"1663\">Toiminnot<\/strong>: Viisi vastetilaa, ry\u00f6mint\u00e4kompensointi, optinen valos\u00e4hk\u00f6inen tunnistus, LED-ilmaisin<\/p>\n<\/li>\n<li class=\"\" data-start=\"1748\" data-end=\"1796\">\n<p class=\"\" data-start=\"1750\" data-end=\"1796\"><strong data-start=\"1750\" data-end=\"1768\">Maadoitusliit\u00e4nt\u00e4<\/strong>: Turvallista k\u00e4ytt\u00f6\u00e4 ei vaadita<\/p>\n<\/li>\n<li class=\"\" data-start=\"1797\" data-end=\"1903\">\n<p class=\"\" data-start=\"1799\" data-end=\"1903\"><strong data-start=\"1799\" data-end=\"1813\">K\u00e4ytt\u00e4\u00e4<\/strong>: Ulkok\u00e4ytt\u00f6\u00f6n merisovelluksissa, kuten k\u00e4yt\u00e4vill\u00e4, poistumisreiteill\u00e4 ja sis\u00e4kansilla<\/p>\n<\/li>\n<\/ul>","protected":false},"excerpt":{"rendered":"<p>Apollo 58000-600MAR Discovery Series SIL2 -meren optinen savuilmaisin tarjoaa luotettavan hitaasti palavien ja kytevien tulipalojen havaitsemisen.<\/p>\n<p>Viisi toimintatilaa ja ry\u00f6mint\u00e4kompensaatiota varmistavat jatkuvan herkkyyden, ja se on ihanteellinen ulkok\u00e4ytt\u00f6\u00f6n merisovelluksissa.<\/p>","protected":false},"featured_media":149901,"template":"","meta":{"_acf_changed":false},"product_brand":[],"product_cat":[4748],"product_tag":[],"class_list":{"0":"post-149902","1":"product","2":"type-product","3":"status-publish","4":"has-post-thumbnail","6":"product_cat-discovery-serien","7":"pa_brands-apollo-fire-detectors","8":"tm-no-options","10":"first","11":"instock","12":"sale","13":"taxable","14":"shipping-taxable","15":"purchasable","16":"product-type-simple"},"acf":[],"_links":{"self":[{"href":"https:\/\/secureus.se\/fi\/wp-json\/wp\/v2\/product\/149902","targetHints":{"allow":["GET"]}}],"collection":[{"href":"https:\/\/secureus.se\/fi\/wp-json\/wp\/v2\/product"}],"about":[{"href":"https:\/\/secureus.se\/fi\/wp-json\/wp\/v2\/types\/product"}],"wp:featuredmedia":[{"embeddable":true,"href":"https:\/\/secureus.se\/fi\/wp-json\/wp\/v2\/media\/149901"}],"wp:attachment":[{"href":"https:\/\/secureus.se\/fi\/wp-json\/wp\/v2\/media?parent=149902"}],"wp:term":[{"taxonomy":"product_brand","embeddable":true,"href":"https:\/\/secureus.se\/fi\/wp-json\/wp\/v2\/product_brand?post=149902"},{"taxonomy":"product_cat","embeddable":true,"href":"https:\/\/secureus.se\/fi\/wp-json\/wp\/v2\/product_cat?post=149902"},{"taxonomy":"product_tag","embeddable":true,"href":"https:\/\/secureus.se\/fi\/wp-json\/wp\/v2\/product_tag?post=149902"}],"curies":[{"name":"wp","href":"https:\/\/api.w.org\/{rel}","templated":true}]}}