{"id":149904,"date":"2025-04-03T14:15:36","date_gmt":"2025-04-03T12:15:36","guid":{"rendered":"https:\/\/secureus.se\/apollo-58000-700apo-discovery-series-optisk-och-varmesensor-med-flera-sensorer-vit\/"},"modified":"2026-04-23T13:12:53","modified_gmt":"2026-04-23T11:12:53","slug":"apollo-58000-700apo-discovery-series-optisk-och-varmesensor-med-flera-sensorer-vit","status":"publish","type":"product","link":"https:\/\/secureus.se\/fi\/apollo-58000-700apo-discovery-series-optisk-och-varmesensor-med-flera-sensorer-vit\/","title":{"rendered":"Apollo 58000-700APO Discovery Series, monisensorinen optinen ja l\u00e4mp\u00f6anturi, valkoinen"},"content":{"rendered":"<h1>Apollo 58000-700APO Discovery Series, monisensorinen optinen ja l\u00e4mp\u00f6anturi<\/h1>\n<p class=\"\" data-start=\"405\" data-end=\"839\">Apollo 58000-700APO Discovery -sarjan monianturinen optinen ja l\u00e4mp\u00f6tunnistin k\u00e4ytt\u00e4\u00e4 sek\u00e4 optisia ett\u00e4 l\u00e4mp\u00f6antureita yhdistetyn signaalin ja erillisen l\u00e4mp\u00f6signaalin tuottamiseen v\u00e4\u00e4rien h\u00e4lytysten tehokkaampaan hallintaan.<\/p>\n<p class=\"\" data-start=\"405\" data-end=\"839\">Ilmaisin on erityisen hy\u00f6dyllinen sovelluksissa, joissa savua ja l\u00e4mp\u00f6tilan muutoksia voi esiinty\u00e4 samanaikaisesti, joten se on erinomainen valinta ymp\u00e4rist\u00f6ihin, kuten hotellihuoneisiin ja sairaaloiden osastoihin.<\/p>\n<p class=\"\" data-start=\"841\" data-end=\"1177\">Se on varustettu viidell\u00e4 toimintatilalla, joiden avulla herkkyytt\u00e4 voidaan s\u00e4\u00e4t\u00e4\u00e4 eri sovelluksiin, savunilmaisimesta yleisiss\u00e4 ymp\u00e4rist\u00f6iss\u00e4 hitaasti palavien tai kytevien tulipalojen hallintaan.<\/p>\n<p class=\"\" data-start=\"841\" data-end=\"1177\">Poikkeaman kompensointi varmistaa, ett\u00e4 ilmaisin s\u00e4ilytt\u00e4\u00e4 tasaisen herkkyyden ajan kuluessa ja vaihtelevissa ymp\u00e4rist\u00f6olosuhteissa.<\/p>\n<p class=\"\" data-start=\"1179\" data-end=\"1199\"><strong data-start=\"1179\" data-end=\"1198\">Tekniset tiedot<\/strong>:<\/p>\n<ul data-start=\"1200\" data-end=\"1774\">\n<li class=\"\" data-start=\"1200\" data-end=\"1227\">\n<p class=\"\" data-start=\"1202\" data-end=\"1227\"><strong data-start=\"1202\" data-end=\"1216\">Virtal\u00e4hde<\/strong>: 17-28V DC<\/p>\n<\/li>\n<li class=\"\" data-start=\"1228\" data-end=\"1255\">\n<p class=\"\" data-start=\"1230\" data-end=\"1255\"><strong data-start=\"1230\" data-end=\"1238\">Mitata<\/strong>\u00d8 100mm x 50mm<\/p>\n<\/li>\n<li class=\"\" data-start=\"1256\" data-end=\"1271\">\n<p class=\"\" data-start=\"1258\" data-end=\"1271\"><strong data-start=\"1258\" data-end=\"1266\">Maali<\/strong>: Valkoinen<\/p>\n<\/li>\n<li class=\"\" data-start=\"1272\" data-end=\"1289\">\n<p class=\"\" data-start=\"1274\" data-end=\"1289\"><strong data-start=\"1274\" data-end=\"1282\">Paino<\/strong>: 105 g<\/p>\n<\/li>\n<li class=\"\" data-start=\"1290\" data-end=\"1324\">\n<p class=\"\" data-start=\"1292\" data-end=\"1324\"><strong data-start=\"1292\" data-end=\"1306\">L\u00e4mp\u00f6tila<\/strong>: -40\u00b0C - +70\u00b0C<\/p>\n<\/li>\n<li class=\"\" data-start=\"1325\" data-end=\"1382\">\n<p class=\"\" data-start=\"1327\" data-end=\"1382\"><strong data-start=\"1327\" data-end=\"1340\">Kosteus<\/strong>: 0\u201395% RH (ilman kondensaatiota tai j\u00e4\u00e4t\u00e4)<\/p>\n<\/li>\n<li class=\"\" data-start=\"1383\" data-end=\"1421\">\n<p class=\"\" data-start=\"1385\" data-end=\"1421\"><strong data-start=\"1385\" data-end=\"1408\">Havaittava v\u00e4liaine<\/strong>: Tuli (savu)<\/p>\n<\/li>\n<li class=\"\" data-start=\"1422\" data-end=\"1496\">\n<p class=\"\" data-start=\"1424\" data-end=\"1496\"><strong data-start=\"1424\" data-end=\"1451\">Viestint\u00e4protokolla<\/strong>: Discovery-, XP95- ja CoreProtocol-yhteensopiva<\/p>\n<\/li>\n<li class=\"\" data-start=\"1497\" data-end=\"1590\">\n<p class=\"\" data-start=\"1499\" data-end=\"1590\"><strong data-start=\"1499\" data-end=\"1513\">Toiminnot<\/strong>: Viisi vastetilaa, optinen valos\u00e4hk\u00f6inen tunnistus, termistoril\u00e4mp\u00f6tila-anturi<\/p>\n<\/li>\n<li class=\"\" data-start=\"1591\" data-end=\"1630\">\n<p class=\"\" data-start=\"1593\" data-end=\"1630\"><strong data-start=\"1593\" data-end=\"1604\">Takuu<\/strong>: Rajoitettu 10 vuoden takuu<\/p>\n<\/li>\n<li class=\"\" data-start=\"1631\" data-end=\"1665\">\n<p class=\"\" data-start=\"1633\" data-end=\"1665\"><strong data-start=\"1633\" data-end=\"1645\">IP-luokka<\/strong>: IP44 (vedenkest\u00e4v\u00e4)<\/p>\n<\/li>\n<li class=\"\" data-start=\"1666\" data-end=\"1717\">\n<p class=\"\" data-start=\"1668\" data-end=\"1717\"><strong data-start=\"1668\" data-end=\"1686\">Yhteensopivuus<\/strong>: XP95, Discovery, CoreProtocol<\/p>\n<\/li>\n<li class=\"\" data-start=\"1718\" data-end=\"1774\">\n<p class=\"\" data-start=\"1720\" data-end=\"1774\"><strong data-start=\"1720\" data-end=\"1741\">Ymp\u00e4rist\u00f6sertifikaatti<\/strong>: BOSEC, CPR, LPCB, VdS, SBSC, FG<\/p>\n<\/li>\n<\/ul>","protected":false},"excerpt":{"rendered":"<p>Apollo 58000-700APO Discovery -sarjan monisensorinen optinen ja l\u00e4mm\u00f6nilmaisin yhdist\u00e4\u00e4 sek\u00e4 optiset savuilmaisimet ett\u00e4 termistoril\u00e4mp\u00f6tila-anturit parantamaan v\u00e4\u00e4rien h\u00e4lytysten hallintaa ja luotettavan havaitsemisen monissa sovelluksissa.<\/p>","protected":false},"featured_media":149903,"template":"","meta":{"_acf_changed":false},"product_brand":[],"product_cat":[4748],"product_tag":[],"class_list":{"0":"post-149904","1":"product","2":"type-product","3":"status-publish","4":"has-post-thumbnail","6":"product_cat-discovery-serien","7":"pa_brands-apollo-fire-detectors","8":"tm-no-options","10":"first","11":"instock","12":"sale","13":"taxable","14":"shipping-taxable","15":"purchasable","16":"product-type-simple"},"acf":[],"_links":{"self":[{"href":"https:\/\/secureus.se\/fi\/wp-json\/wp\/v2\/product\/149904","targetHints":{"allow":["GET"]}}],"collection":[{"href":"https:\/\/secureus.se\/fi\/wp-json\/wp\/v2\/product"}],"about":[{"href":"https:\/\/secureus.se\/fi\/wp-json\/wp\/v2\/types\/product"}],"wp:featuredmedia":[{"embeddable":true,"href":"https:\/\/secureus.se\/fi\/wp-json\/wp\/v2\/media\/149903"}],"wp:attachment":[{"href":"https:\/\/secureus.se\/fi\/wp-json\/wp\/v2\/media?parent=149904"}],"wp:term":[{"taxonomy":"product_brand","embeddable":true,"href":"https:\/\/secureus.se\/fi\/wp-json\/wp\/v2\/product_brand?post=149904"},{"taxonomy":"product_cat","embeddable":true,"href":"https:\/\/secureus.se\/fi\/wp-json\/wp\/v2\/product_cat?post=149904"},{"taxonomy":"product_tag","embeddable":true,"href":"https:\/\/secureus.se\/fi\/wp-json\/wp\/v2\/product_tag?post=149904"}],"curies":[{"name":"wp","href":"https:\/\/api.w.org\/{rel}","templated":true}]}}