{"id":149906,"date":"2025-04-03T14:12:35","date_gmt":"2025-04-03T12:12:35","guid":{"rendered":"https:\/\/secureus.se\/apollo-55100-021mar-konventionell-manuell-anropssignal-for-sjofarten-en-54-11-certifierad-rod\/"},"modified":"2026-04-23T13:12:53","modified_gmt":"2026-04-23T11:12:53","slug":"apollo-55100-021mar-konventionell-manuell-anropssignal-for-sjofarten-en-54-11-certifierad-rod","status":"publish","type":"product","link":"https:\/\/secureus.se\/fi\/apollo-55100-021mar-konventionell-manuell-anropssignal-for-sjofarten-en-54-11-certifierad-rod\/","title":{"rendered":"Apollo 55100-021MAR Perinteinen manuaalinen merikutsutunnus, EN 54-11 -sertifioitu, punainen"},"content":{"rendered":"<h1>Apollo 55100-021MAR Perinteinen manuaalinen merikutsutunnus<\/h1>\n<p class=\"\" data-start=\"403\" data-end=\"825\">Perinteinen manuaalinen kutsumerkki Apollo 55100-021MAR on suunniteltu k\u00e4ytett\u00e4v\u00e4ksi meripalonhavaitsemisj\u00e4rjestelmiss\u00e4.<\/p>\n<p class=\"\" data-start=\"403\" data-end=\"825\">Siin\u00e4 on helposti nollattava mekanismi lasin sijasta, mik\u00e4 tekee siit\u00e4 kest\u00e4v\u00e4mm\u00e4n ja turvallisemman k\u00e4ytett\u00e4v\u00e4ksi laivoissa ja meritiloissa.<\/p>\n<p class=\"\" data-start=\"403\" data-end=\"825\">Kutsumerkki toimitetaan pinta-asennettavan backboxin ja &quot;Plug and Play&quot; -asennuksen kanssa, mik\u00e4 tekee johdotuksen nopeasta ja tehokkaasta.<\/p>\n<p class=\"\" data-start=\"827\" data-end=\"1168\">T\u00e4m\u00e4 laite on varustettu jatkuvuuslinkill\u00e4, joka mahdollistaa kaapelin testauksen ennen k\u00e4ytt\u00f6\u00f6nottoa, mik\u00e4 parantaa sek\u00e4 turvallisuutta ett\u00e4 asennuksen tehokkuutta.<\/p>\n<p class=\"\" data-start=\"827\" data-end=\"1168\">Kun kutsusignaali on aktivoitu, se voidaan nollata ty\u00f6nt\u00e4m\u00e4ll\u00e4 testiavain laitteen pohjaan ja napsauttamalla sit\u00e4 paikalleen.<\/p>\n<p class=\"\" data-start=\"827\" data-end=\"1168\">Punainen merkkivalo syttyy, kun laite on aktivoitu.<\/p>\n<p class=\"\" data-start=\"1170\" data-end=\"1327\">T\u00e4m\u00e4 kutsumerkki on hyv\u00e4ksytty standardin EN 54-11 ja laivavarustedirektiivin 96\/98\/EY mukaisesti, joten se on luotettava ja turvallinen k\u00e4ytett\u00e4v\u00e4ksi meriymp\u00e4rist\u00f6iss\u00e4.<\/p>\n<p class=\"\" data-start=\"1329\" data-end=\"1349\"><strong data-start=\"1329\" data-end=\"1348\">Tekniset tiedot<\/strong>:<\/p>\n<ul data-start=\"1350\" data-end=\"1869\">\n<li class=\"\" data-start=\"1350\" data-end=\"1374\">\n<p class=\"\" data-start=\"1352\" data-end=\"1374\"><strong data-start=\"1352\" data-end=\"1366\">Virtal\u00e4hde<\/strong>: 30V DC<\/p>\n<\/li>\n<li class=\"\" data-start=\"1375\" data-end=\"1402\">\n<p class=\"\" data-start=\"1377\" data-end=\"1402\"><strong data-start=\"1377\" data-end=\"1385\">Mitata<\/strong>: 93mm x 59,5mm<\/p>\n<\/li>\n<li class=\"\" data-start=\"1403\" data-end=\"1418\">\n<p class=\"\" data-start=\"1405\" data-end=\"1418\"><strong data-start=\"1405\" data-end=\"1413\">Maali<\/strong>: Punainen<\/p>\n<\/li>\n<li class=\"\" data-start=\"1419\" data-end=\"1436\">\n<p class=\"\" data-start=\"1421\" data-end=\"1436\"><strong data-start=\"1421\" data-end=\"1429\">Paino<\/strong>: 180 g<\/p>\n<\/li>\n<li class=\"\" data-start=\"1437\" data-end=\"1505\">\n<p class=\"\" data-start=\"1439\" data-end=\"1505\"><strong data-start=\"1439\" data-end=\"1453\">L\u00e4mp\u00f6tila<\/strong>: Sis\u00e4tiloissa -10\u00b0C - +55\u00b0C, ulkona -25\u00b0C - +70\u00b0C<\/p>\n<\/li>\n<li class=\"\" data-start=\"1506\" data-end=\"1546\">\n<p class=\"\" data-start=\"1508\" data-end=\"1546\"><strong data-start=\"1508\" data-end=\"1521\">Kosteus<\/strong>: 0-93% RH (ilman kondensaatiota)<\/p>\n<\/li>\n<li class=\"\" data-start=\"1547\" data-end=\"1592\">\n<p class=\"\" data-start=\"1549\" data-end=\"1592\"><strong data-start=\"1549\" data-end=\"1561\">IP-luokka<\/strong>: Sis\u00e4ll\u00e4: IP24D, Ulkona: IP67<\/p>\n<\/li>\n<li class=\"\" data-start=\"1593\" data-end=\"1652\">\n<p class=\"\" data-start=\"1595\" data-end=\"1652\"><strong data-start=\"1595\" data-end=\"1607\">Materiaali<\/strong>: Polykarbonaatti tai ABS toiminnon mukaan<\/p>\n<\/li>\n<li class=\"\" data-start=\"1653\" data-end=\"1719\">\n<p class=\"\" data-start=\"1655\" data-end=\"1719\"><strong data-start=\"1655\" data-end=\"1673\">Sertifikaatit<\/strong>: EN54-11, Laivavarustedirektiivi 96\/98\/EY<\/p>\n<\/li>\n<li class=\"\" data-start=\"1720\" data-end=\"1766\">\n<p class=\"\" data-start=\"1722\" data-end=\"1766\"><strong data-start=\"1722\" data-end=\"1740\">Yhteensopivuus<\/strong>: XP95 Protocol Translator<\/p>\n<\/li>\n<li class=\"\" data-start=\"1767\" data-end=\"1829\">\n<p class=\"\" data-start=\"1769\" data-end=\"1829\"><strong data-start=\"1769\" data-end=\"1783\">Toiminnot<\/strong>: Nollattava, &quot;Plug and Play&quot;, pintakiinnitys<\/p>\n<\/li>\n<li class=\"\" data-start=\"1830\" data-end=\"1869\">\n<p class=\"\" data-start=\"1832\" data-end=\"1869\"><strong data-start=\"1832\" data-end=\"1843\">Takuu<\/strong>: Rajoitettu 10 vuoden takuu<\/p>\n<\/li>\n<\/ul>","protected":false},"excerpt":{"rendered":"<p>Perinteinen manuaalinen Apollo 55100-021MAR -kutsumerkki on EN 54-11 -sertifioitu, ja siin\u00e4 on Plug and Play -p\u00e4\u00e4teliit\u00e4nn\u00e4t nopeaa asennusta varten.<\/p>\n<p>Se on ihanteellinen merisovelluksiin, ja siin\u00e4 on jatkuvuuslinkki kaapelin testausta varten ennen k\u00e4ytt\u00f6\u00f6nottoa.<\/p>","protected":false},"featured_media":149905,"template":"","meta":{"_acf_changed":false},"product_brand":[],"product_cat":[4749,1830,4828],"product_tag":[],"class_list":{"0":"post-149906","1":"product","2":"type-product","3":"status-publish","4":"has-post-thumbnail","6":"product_cat-orbis-serien","7":"product_cat-brandknappar","8":"product_cat-nodknappar","9":"pa_brands-apollo-fire-detectors","10":"tm-no-options","12":"first","13":"onbackorder","14":"sale","15":"taxable","16":"shipping-taxable","17":"purchasable","18":"product-type-simple"},"acf":[],"_links":{"self":[{"href":"https:\/\/secureus.se\/fi\/wp-json\/wp\/v2\/product\/149906","targetHints":{"allow":["GET"]}}],"collection":[{"href":"https:\/\/secureus.se\/fi\/wp-json\/wp\/v2\/product"}],"about":[{"href":"https:\/\/secureus.se\/fi\/wp-json\/wp\/v2\/types\/product"}],"wp:featuredmedia":[{"embeddable":true,"href":"https:\/\/secureus.se\/fi\/wp-json\/wp\/v2\/media\/149905"}],"wp:attachment":[{"href":"https:\/\/secureus.se\/fi\/wp-json\/wp\/v2\/media?parent=149906"}],"wp:term":[{"taxonomy":"product_brand","embeddable":true,"href":"https:\/\/secureus.se\/fi\/wp-json\/wp\/v2\/product_brand?post=149906"},{"taxonomy":"product_cat","embeddable":true,"href":"https:\/\/secureus.se\/fi\/wp-json\/wp\/v2\/product_cat?post=149906"},{"taxonomy":"product_tag","embeddable":true,"href":"https:\/\/secureus.se\/fi\/wp-json\/wp\/v2\/product_tag?post=149906"}],"curies":[{"name":"wp","href":"https:\/\/api.w.org\/{rel}","templated":true}]}}