{"id":149908,"date":"2025-04-03T14:12:32","date_gmt":"2025-04-03T12:12:32","guid":{"rendered":"https:\/\/secureus.se\/apollo-pp2620-orbis-series-optisk-och-varmekanslig-multisensordetektor\/"},"modified":"2026-04-23T13:13:03","modified_gmt":"2026-04-23T11:13:03","slug":"apollo-pp2620-orbis-series-optisk-och-varmekanslig-multisensordetektor","status":"publish","type":"product","link":"https:\/\/secureus.se\/fi\/apollo-pp2620-orbis-series-optisk-och-varmekanslig-multisensordetektor\/","title":{"rendered":"Apollo PP2620 Orbis -sarjan optinen ja terminen monianturitunnistin"},"content":{"rendered":"<h1>Apollo PP2620 Orbis -sarjan optinen ja terminen monianturitunnistin<\/h1>\n<p class=\"\" data-start=\"430\" data-end=\"837\">Apollo PP2620 Orbis Series Multi-Sensor Optical and Heat Detector on innovatiivinen paloilmaisin, joka hy\u00f6dynt\u00e4\u00e4 sek\u00e4 optista savuilmaisinta ett\u00e4 termistoril\u00e4mp\u00f6tila-anturia tuottamaan sek\u00e4 yhdistetyn ett\u00e4 erillisen signaalin l\u00e4mp\u00f6signaaleille.<\/p>\n<p class=\"\" data-start=\"430\" data-end=\"837\">T\u00e4m\u00e4n ansiosta ilmaisin pystyy k\u00e4sittelem\u00e4\u00e4n tehokkaasti v\u00e4\u00e4ri\u00e4 h\u00e4lytyksi\u00e4, erityisesti ymp\u00e4rist\u00f6iss\u00e4, joissa savua ja l\u00e4mp\u00f6tilan muutoksia voi esiinty\u00e4 samanaikaisesti.<\/p>\n<p class=\"\" data-start=\"839\" data-end=\"1189\">T\u00e4ss\u00e4 ilmaisimessa on ohimenev\u00e4t hylk\u00e4ysalgoritmit, jotka v\u00e4hent\u00e4v\u00e4t v\u00e4\u00e4rien h\u00e4lytysten riski\u00e4 ja takaavat luotettavan ja tehokkaan palonhavaitsemisen.<\/p>\n<p class=\"\" data-start=\"839\" data-end=\"1189\">Poikkeaman kompensointi, mukaan lukien DirtAlert (keltainen vilkkuva LED), helpottaa tunnistimen puhdistustarpeen tunnistamista ja varmistaa jatkuvan herkkyyden, vaikka ilmaisin likaantuu.<\/p>\n<p class=\"\" data-start=\"1191\" data-end=\"1211\"><strong data-start=\"1191\" data-end=\"1210\">Tekniset tiedot<\/strong>:<\/p>\n<ul data-start=\"1212\" data-end=\"1695\">\n<li class=\"\" data-start=\"1212\" data-end=\"1239\">\n<p class=\"\" data-start=\"1214\" data-end=\"1239\"><strong data-start=\"1214\" data-end=\"1228\">Virtal\u00e4hde<\/strong>: 17-28V DC<\/p>\n<\/li>\n<li class=\"\" data-start=\"1240\" data-end=\"1268\">\n<p class=\"\" data-start=\"1242\" data-end=\"1268\"><strong data-start=\"1242\" data-end=\"1250\">Mitata<\/strong>: \u00d897mm x 41,9mm<\/p>\n<\/li>\n<li class=\"\" data-start=\"1269\" data-end=\"1287\">\n<p class=\"\" data-start=\"1271\" data-end=\"1287\"><strong data-start=\"1271\" data-end=\"1279\">Maali<\/strong>: Hopea<\/p>\n<\/li>\n<li class=\"\" data-start=\"1288\" data-end=\"1306\">\n<p class=\"\" data-start=\"1290\" data-end=\"1306\"><strong data-start=\"1290\" data-end=\"1298\">Paino<\/strong>: 81,6 g<\/p>\n<\/li>\n<li class=\"\" data-start=\"1307\" data-end=\"1341\">\n<p class=\"\" data-start=\"1309\" data-end=\"1341\"><strong data-start=\"1309\" data-end=\"1323\">L\u00e4mp\u00f6tila<\/strong>: -40\u00b0C - +70\u00b0C<\/p>\n<\/li>\n<li class=\"\" data-start=\"1342\" data-end=\"1382\">\n<p class=\"\" data-start=\"1344\" data-end=\"1382\"><strong data-start=\"1344\" data-end=\"1357\">Kosteus<\/strong>: 0\u201395% RH (ilman kondensaatiota)<\/p>\n<\/li>\n<li class=\"\" data-start=\"1383\" data-end=\"1421\">\n<p class=\"\" data-start=\"1385\" data-end=\"1421\"><strong data-start=\"1385\" data-end=\"1408\">Havaittava v\u00e4liaine<\/strong>: Tuli (savu)<\/p>\n<\/li>\n<li class=\"\" data-start=\"1422\" data-end=\"1467\">\n<p class=\"\" data-start=\"1424\" data-end=\"1467\"><strong data-start=\"1424\" data-end=\"1444\">Tunnistustekniikka<\/strong>: Optinen, valos\u00e4hk\u00f6inen<\/p>\n<\/li>\n<li class=\"\" data-start=\"1468\" data-end=\"1552\">\n<p class=\"\" data-start=\"1470\" data-end=\"1552\"><strong data-start=\"1470\" data-end=\"1484\">Toiminnot<\/strong>: Viisi vastetilaa, ry\u00f6mint\u00e4kompensaatio, DirtAlert, FasTest (4 sekuntia)<\/p>\n<\/li>\n<li class=\"\" data-start=\"1553\" data-end=\"1592\">\n<p class=\"\" data-start=\"1555\" data-end=\"1592\"><strong data-start=\"1555\" data-end=\"1566\">Takuu<\/strong>: Rajoitettu 10 vuoden takuu<\/p>\n<\/li>\n<li class=\"\" data-start=\"1593\" data-end=\"1613\">\n<p class=\"\" data-start=\"1595\" data-end=\"1613\"><strong data-start=\"1595\" data-end=\"1607\">IP-luokka<\/strong>: IP44<\/p>\n<\/li>\n<li class=\"\" data-start=\"1614\" data-end=\"1695\">\n<p class=\"\" data-start=\"1616\" data-end=\"1695\"><strong data-start=\"1616\" data-end=\"1634\">Yhteensopivuus<\/strong>: Apollo Series 65 ja aiemmat perinteiset ilmaisinsarjat<\/p>\n<\/li>\n<\/ul>","protected":false},"excerpt":{"rendered":"<p>Apollo PP2620 Orbis -sarjan monisensorinen optinen ja l\u00e4mm\u00f6nilmaisin yhdist\u00e4\u00e4 sek\u00e4 optiset savuilmaisimet ett\u00e4 termistoril\u00e4mp\u00f6tila-anturit parantamaan palon havaitsemista ja minimoimaan v\u00e4\u00e4ri\u00e4 h\u00e4lytyksi\u00e4.<\/p>\n<p>Se on ihanteellinen monenlaisiin sovelluksiin ja siin\u00e4 on automaattinen ry\u00f6mint\u00e4kompensointi.<\/p>","protected":false},"featured_media":149907,"template":"","meta":{"_acf_changed":false},"product_brand":[],"product_cat":[4749,3373,4157],"product_tag":[],"class_list":{"0":"post-149908","1":"product","2":"type-product","3":"status-publish","4":"has-post-thumbnail","6":"product_cat-orbis-serien","7":"product_cat-rokdetektorer","8":"product_cat-varmedetektor","9":"pa_brands-apollo-fire-detectors","10":"tm-no-options","12":"first","13":"instock","14":"sale","15":"taxable","16":"shipping-taxable","17":"purchasable","18":"product-type-simple"},"acf":[],"_links":{"self":[{"href":"https:\/\/secureus.se\/fi\/wp-json\/wp\/v2\/product\/149908","targetHints":{"allow":["GET"]}}],"collection":[{"href":"https:\/\/secureus.se\/fi\/wp-json\/wp\/v2\/product"}],"about":[{"href":"https:\/\/secureus.se\/fi\/wp-json\/wp\/v2\/types\/product"}],"wp:featuredmedia":[{"embeddable":true,"href":"https:\/\/secureus.se\/fi\/wp-json\/wp\/v2\/media\/149907"}],"wp:attachment":[{"href":"https:\/\/secureus.se\/fi\/wp-json\/wp\/v2\/media?parent=149908"}],"wp:term":[{"taxonomy":"product_brand","embeddable":true,"href":"https:\/\/secureus.se\/fi\/wp-json\/wp\/v2\/product_brand?post=149908"},{"taxonomy":"product_cat","embeddable":true,"href":"https:\/\/secureus.se\/fi\/wp-json\/wp\/v2\/product_cat?post=149908"},{"taxonomy":"product_tag","embeddable":true,"href":"https:\/\/secureus.se\/fi\/wp-json\/wp\/v2\/product_tag?post=149908"}],"curies":[{"name":"wp","href":"https:\/\/api.w.org\/{rel}","templated":true}]}}