{"id":149977,"date":"2025-04-03T14:12:31","date_gmt":"2025-04-03T12:12:31","guid":{"rendered":"https:\/\/secureus.se\/apollo-pp5021-orbis-serie-marin-optisk-rokdetektor-vit\/"},"modified":"2026-04-09T12:26:29","modified_gmt":"2026-04-09T10:26:29","slug":"apollo-pp5021-orbis-serie-marin-optisk-rokdetektor-vit","status":"publish","type":"product","link":"https:\/\/secureus.se\/fi\/apollo-pp5021-orbis-serie-marin-optisk-rokdetektor-vit\/","title":{"rendered":"Apollo PP5021 Orbis-sarjan merioptinen savuilmaisin, valkoinen"},"content":{"rendered":"<h1>Apollo PP5021 Orbis -sarjan meren optinen savuilmaisin<\/h1>\n<p class=\"\" data-start=\"383\" data-end=\"834\">Apollo PP5021 Orbis -sarjan merioptinen savuilmaisin perustuu valonsirontaperiaatteeseen mittaamaan savuhiukkasia ilmassa.<\/p>\n<p class=\"\" data-start=\"383\" data-end=\"834\">T\u00e4m\u00e4n ilmaisimen innovatiivinen muotoilu tekee siit\u00e4 herkemm\u00e4n mustalle savulle ja parantaa sen suorituskyky\u00e4 perinteisiin optisiin savuilmaisimiin verrattuna.<\/p>\n<p class=\"\" data-start=\"383\" data-end=\"834\">Siin\u00e4 on my\u00f6s kehittyneit\u00e4 algoritmeja, jotka v\u00e4hent\u00e4v\u00e4t v\u00e4\u00e4rien h\u00e4lytysten riski\u00e4 hylk\u00e4\u00e4m\u00e4ll\u00e4 transientteja ja k\u00e4sittelem\u00e4ll\u00e4 hitaasti palavia tulipaloja.<\/p>\n<p class=\"\" data-start=\"836\" data-end=\"1177\">Vakaan ja luotettavan tunnistustekniikan ja vilkkuvan LED-valon ansiosta t\u00e4m\u00e4 ilmaisin on ihanteellinen meriymp\u00e4rist\u00f6ihin, joissa tarkka savunilmaisin on kriittinen.<\/p>\n<p class=\"\" data-start=\"836\" data-end=\"1177\">Se on sertifioitu useiden kansainv\u00e4listen standardien mukaan, ja siin\u00e4 on ominaisuuksia, kuten DirtAlert ja SensAlert, jotka osoittavat puhdistuksen tai toimintatestin tarpeen.<\/p>\n<p class=\"\" data-start=\"1179\" data-end=\"1199\"><strong data-start=\"1179\" data-end=\"1198\">Tekniset tiedot<\/strong>:<\/p>\n<ul data-start=\"1200\" data-end=\"1712\">\n<li class=\"\" data-start=\"1200\" data-end=\"1224\">\n<p class=\"\" data-start=\"1202\" data-end=\"1224\"><strong data-start=\"1202\" data-end=\"1216\">Virtal\u00e4hde<\/strong>: 33V DC<\/p>\n<\/li>\n<li class=\"\" data-start=\"1225\" data-end=\"1251\">\n<p class=\"\" data-start=\"1227\" data-end=\"1251\"><strong data-start=\"1227\" data-end=\"1235\">Mitata<\/strong>\u00d897mm x 31mm<\/p>\n<\/li>\n<li class=\"\" data-start=\"1252\" data-end=\"1267\">\n<p class=\"\" data-start=\"1254\" data-end=\"1267\"><strong data-start=\"1254\" data-end=\"1262\">Maali<\/strong>: Valkoinen<\/p>\n<\/li>\n<li class=\"\" data-start=\"1268\" data-end=\"1284\">\n<p class=\"\" data-start=\"1270\" data-end=\"1284\"><strong data-start=\"1270\" data-end=\"1278\">Paino<\/strong>: 75 g<\/p>\n<\/li>\n<li class=\"\" data-start=\"1285\" data-end=\"1319\">\n<p class=\"\" data-start=\"1287\" data-end=\"1319\"><strong data-start=\"1287\" data-end=\"1301\">L\u00e4mp\u00f6tila<\/strong>: -40\u00b0C - +70\u00b0C<\/p>\n<\/li>\n<li class=\"\" data-start=\"1320\" data-end=\"1360\">\n<p class=\"\" data-start=\"1322\" data-end=\"1360\"><strong data-start=\"1322\" data-end=\"1335\">Kosteus<\/strong>: 0\u201398% RH (ilman kondensaatiota)<\/p>\n<\/li>\n<li class=\"\" data-start=\"1361\" data-end=\"1399\">\n<p class=\"\" data-start=\"1363\" data-end=\"1399\"><strong data-start=\"1363\" data-end=\"1386\">Havaittava v\u00e4liaine<\/strong>: Tuli (savu)<\/p>\n<\/li>\n<li class=\"\" data-start=\"1400\" data-end=\"1455\">\n<p class=\"\" data-start=\"1402\" data-end=\"1455\"><strong data-start=\"1402\" data-end=\"1422\">Tunnistustekniikka<\/strong>: Infrapuna, optinen, valos\u00e4hk\u00f6inen<\/p>\n<\/li>\n<li class=\"\" data-start=\"1456\" data-end=\"1503\">\n<p class=\"\" data-start=\"1458\" data-end=\"1503\"><strong data-start=\"1458\" data-end=\"1472\">Toiminnot<\/strong>: DirtAlert, SensAlert, FasTest<\/p>\n<\/li>\n<li class=\"\" data-start=\"1504\" data-end=\"1568\">\n<p class=\"\" data-start=\"1506\" data-end=\"1568\"><strong data-start=\"1506\" data-end=\"1524\">Sertifikaatit<\/strong>: EN54-7, MED, BV, ABS, CCS, CRS, DNV.GL, LR<\/p>\n<\/li>\n<li class=\"\" data-start=\"1569\" data-end=\"1650\">\n<p class=\"\" data-start=\"1571\" data-end=\"1650\"><strong data-start=\"1571\" data-end=\"1589\">Yhteensopivuus<\/strong>: Apollo Series 65 ja aiemmat perinteiset ilmaisinsarjat<\/p>\n<\/li>\n<li class=\"\" data-start=\"1651\" data-end=\"1672\">\n<p class=\"\" data-start=\"1653\" data-end=\"1672\"><strong data-start=\"1653\" data-end=\"1665\">IP-luokka<\/strong>: IP23D<\/p>\n<\/li>\n<li class=\"\" data-start=\"1673\" data-end=\"1712\">\n<p class=\"\" data-start=\"1675\" data-end=\"1712\"><strong data-start=\"1675\" data-end=\"1686\">Takuu<\/strong>: Rajoitettu 10 vuoden takuu<\/p>\n<\/li>\n<\/ul>","protected":false},"excerpt":{"rendered":"<p>Apollo PP5021 Orbis -sarjan laivojen optinen savuilmaisin on edistyksellinen laite, joka k\u00e4ytt\u00e4\u00e4 valonsirontaperiaatetta savun luotettavaan havaitsemiseen.<\/p>\n<p>Se v\u00e4hent\u00e4\u00e4 v\u00e4\u00e4rien h\u00e4lytysten riski\u00e4 parannetun tekniikan ansiosta ja on ihanteellinen k\u00e4ytett\u00e4v\u00e4ksi meriymp\u00e4rist\u00f6iss\u00e4.<\/p>","protected":false},"featured_media":149976,"template":"","meta":{"_acf_changed":false},"product_brand":[],"product_cat":[4749,3373],"product_tag":[],"class_list":{"0":"post-149977","1":"product","2":"type-product","3":"status-publish","4":"has-post-thumbnail","6":"product_cat-orbis-serien","7":"product_cat-rokdetektorer","8":"pa_brands-apollo-fire-detectors","9":"tm-no-options","11":"first","12":"instock","13":"sale","14":"taxable","15":"shipping-taxable","16":"purchasable","17":"product-type-simple"},"acf":[],"_links":{"self":[{"href":"https:\/\/secureus.se\/fi\/wp-json\/wp\/v2\/product\/149977","targetHints":{"allow":["GET"]}}],"collection":[{"href":"https:\/\/secureus.se\/fi\/wp-json\/wp\/v2\/product"}],"about":[{"href":"https:\/\/secureus.se\/fi\/wp-json\/wp\/v2\/types\/product"}],"wp:featuredmedia":[{"embeddable":true,"href":"https:\/\/secureus.se\/fi\/wp-json\/wp\/v2\/media\/149976"}],"wp:attachment":[{"href":"https:\/\/secureus.se\/fi\/wp-json\/wp\/v2\/media?parent=149977"}],"wp:term":[{"taxonomy":"product_brand","embeddable":true,"href":"https:\/\/secureus.se\/fi\/wp-json\/wp\/v2\/product_brand?post=149977"},{"taxonomy":"product_cat","embeddable":true,"href":"https:\/\/secureus.se\/fi\/wp-json\/wp\/v2\/product_cat?post=149977"},{"taxonomy":"product_tag","embeddable":true,"href":"https:\/\/secureus.se\/fi\/wp-json\/wp\/v2\/product_tag?post=149977"}],"curies":[{"name":"wp","href":"https:\/\/api.w.org\/{rel}","templated":true}]}}