{"id":149981,"date":"2025-04-03T14:11:21","date_gmt":"2025-04-03T12:11:21","guid":{"rendered":"https:\/\/secureus.se\/apollo-orb-ht-41004-mar-orbis-series-bs-marin-varmedetektor-vit\/"},"modified":"2026-04-23T13:14:13","modified_gmt":"2026-04-23T11:14:13","slug":"apollo-orb-ht-41004-mar-orbis-series-bs-marin-varmedetektor-vit","status":"publish","type":"product","link":"https:\/\/secureus.se\/fi\/apollo-orb-ht-41004-mar-orbis-series-bs-marin-varmedetektor-vit\/","title":{"rendered":"Apollo ORB-HT-41004-MAR Orbis-sarjan BS laivojen l\u00e4mm\u00f6nilmaisin, valkoinen"},"content":{"rendered":"<h1>Apollo ORB-HT-41004-MAR Orbis-sarjan BS laivojen l\u00e4mm\u00f6nilmaisin<\/h1>\n<p class=\"\" data-start=\"404\" data-end=\"744\">Apollo ORB-HT-41004-MAR Orbis Series BS -meril\u00e4mp\u00f6anturi on suunniteltu toimimaan ymp\u00e4rist\u00f6iss\u00e4, joihin savuilmaisimet eiv\u00e4t sovellu, erityisesti likaisissa tai savuisissa tiloissa.<\/p>\n<p class=\"\" data-start=\"404\" data-end=\"744\">Se k\u00e4ytt\u00e4\u00e4 termistoria mittaamaan ilman l\u00e4mp\u00f6tilan joka sekunti ja vertaa n\u00e4it\u00e4 arvoja ennalta asetettuihin rajoihin havaitakseen tulipalon.<\/p>\n<p class=\"\" data-start=\"746\" data-end=\"1072\">K\u00e4ynnistyksen yhteydess\u00e4 vilkkuva punainen LED-valo vahvistaa, ett\u00e4 ilmaisin toimii ja toimii tehokkaasti.<\/p>\n<p class=\"\" data-start=\"746\" data-end=\"1072\">Luotettavuuden parantamiseksi ja v\u00e4\u00e4rien h\u00e4lytysten riskin v\u00e4hent\u00e4miseksi ilmaisin on varustettu algoritmeilla, jotka k\u00e4sittelev\u00e4t transientteja ja ry\u00f6mint\u00e4kompensaatiota, sek\u00e4 DirtAlertilla, joka h\u00e4lytt\u00e4\u00e4 k\u00e4ytt\u00e4ji\u00e4, kun ilmaisin tarvitsee huoltoa.<\/p>\n<p class=\"\" data-start=\"1074\" data-end=\"1223\">Ilmaisin on osa Orbis Marine -sarjaa, joka on suunniteltu erityisesti meriymp\u00e4rist\u00f6ihin ja jolla on IP23D-luokitus suojaamaan vett\u00e4 sis\u00e4\u00e4np\u00e4\u00e4sylt\u00e4.<\/p>\n<p class=\"\" data-start=\"1225\" data-end=\"1245\"><strong data-start=\"1225\" data-end=\"1244\">Tekniset tiedot<\/strong>:<\/p>\n<ul data-start=\"1246\" data-end=\"1751\">\n<li class=\"\" data-start=\"1246\" data-end=\"1272\">\n<p class=\"\" data-start=\"1248\" data-end=\"1272\"><strong data-start=\"1248\" data-end=\"1262\">Virtal\u00e4hde<\/strong>: 5-33V DC<\/p>\n<\/li>\n<li class=\"\" data-start=\"1273\" data-end=\"1299\">\n<p class=\"\" data-start=\"1275\" data-end=\"1299\"><strong data-start=\"1275\" data-end=\"1283\">Mitata<\/strong>: \u00d897mm x 36mm<\/p>\n<\/li>\n<li class=\"\" data-start=\"1300\" data-end=\"1315\">\n<p class=\"\" data-start=\"1302\" data-end=\"1315\"><strong data-start=\"1302\" data-end=\"1310\">Maali<\/strong>: Valkoinen<\/p>\n<\/li>\n<li class=\"\" data-start=\"1316\" data-end=\"1332\">\n<p class=\"\" data-start=\"1318\" data-end=\"1332\"><strong data-start=\"1318\" data-end=\"1326\">Paino<\/strong>: 70 g<\/p>\n<\/li>\n<li class=\"\" data-start=\"1333\" data-end=\"1367\">\n<p class=\"\" data-start=\"1335\" data-end=\"1367\"><strong data-start=\"1335\" data-end=\"1349\">L\u00e4mp\u00f6tila<\/strong>: -40\u00b0C - +70\u00b0C<\/p>\n<\/li>\n<li class=\"\" data-start=\"1368\" data-end=\"1408\">\n<p class=\"\" data-start=\"1370\" data-end=\"1408\"><strong data-start=\"1370\" data-end=\"1383\">Kosteus<\/strong>: 0\u201398% RH (ilman kondensaatiota)<\/p>\n<\/li>\n<li class=\"\" data-start=\"1409\" data-end=\"1449\">\n<p class=\"\" data-start=\"1411\" data-end=\"1449\"><strong data-start=\"1411\" data-end=\"1434\">Havaittava v\u00e4liaine<\/strong>: Tuli (l\u00e4mp\u00f6)<\/p>\n<\/li>\n<li class=\"\" data-start=\"1450\" data-end=\"1483\">\n<p class=\"\" data-start=\"1452\" data-end=\"1483\"><strong data-start=\"1452\" data-end=\"1472\">Tunnistustekniikka<\/strong>: Termistori<\/p>\n<\/li>\n<li class=\"\" data-start=\"1484\" data-end=\"1546\">\n<p class=\"\" data-start=\"1486\" data-end=\"1546\"><strong data-start=\"1486\" data-end=\"1500\">Toiminnot<\/strong>: DirtAlert, SensAlert, Vilkkuva LED, FasTest<\/p>\n<\/li>\n<li class=\"\" data-start=\"1547\" data-end=\"1607\">\n<p class=\"\" data-start=\"1549\" data-end=\"1607\"><strong data-start=\"1549\" data-end=\"1567\">Sertifikaatit<\/strong>: EN54-5, MED, DNV.GL, BV, CCS, KRS, CRS<\/p>\n<\/li>\n<li class=\"\" data-start=\"1608\" data-end=\"1689\">\n<p class=\"\" data-start=\"1610\" data-end=\"1689\"><strong data-start=\"1610\" data-end=\"1628\">Yhteensopivuus<\/strong>: Apollo Series 65 ja aiemmat perinteiset ilmaisinsarjat<\/p>\n<\/li>\n<li class=\"\" data-start=\"1690\" data-end=\"1711\">\n<p class=\"\" data-start=\"1692\" data-end=\"1711\"><strong data-start=\"1692\" data-end=\"1704\">IP-luokka<\/strong>: IP23D<\/p>\n<\/li>\n<li class=\"\" data-start=\"1712\" data-end=\"1751\">\n<p class=\"\" data-start=\"1714\" data-end=\"1751\"><strong data-start=\"1714\" data-end=\"1725\">Takuu<\/strong>: Rajoitettu 10 vuoden takuu<\/p>\n<\/li>\n<\/ul>","protected":false},"excerpt":{"rendered":"<p>Apollo ORB-HT-41004-MAR Orbis Series BS -meren l\u00e4mm\u00f6nilmaisin vilkkuvalla LEDill\u00e4 on luotettava ratkaisu l\u00e4mp\u00f6tilan nousun havaitsemiseen ymp\u00e4rist\u00f6iss\u00e4, joissa savuilmaisimet eiv\u00e4t sovellu.<\/p>\n<p>Siin\u00e4 on tehokas l\u00e4mp\u00f6anturij\u00e4rjestelm\u00e4 ja se antaa visuaalista palautetta vilkkuvan punaisen LEDin kautta.<\/p>","protected":false},"featured_media":149980,"template":"","meta":{"_acf_changed":false},"product_brand":[],"product_cat":[4749,4157],"product_tag":[],"class_list":{"0":"post-149981","1":"product","2":"type-product","3":"status-publish","4":"has-post-thumbnail","6":"product_cat-orbis-serien","7":"product_cat-varmedetektor","8":"pa_brands-apollo-fire-detectors","9":"tm-no-options","11":"first","12":"instock","13":"taxable","14":"shipping-taxable","15":"purchasable","16":"product-type-simple"},"acf":[],"_links":{"self":[{"href":"https:\/\/secureus.se\/fi\/wp-json\/wp\/v2\/product\/149981","targetHints":{"allow":["GET"]}}],"collection":[{"href":"https:\/\/secureus.se\/fi\/wp-json\/wp\/v2\/product"}],"about":[{"href":"https:\/\/secureus.se\/fi\/wp-json\/wp\/v2\/types\/product"}],"wp:featuredmedia":[{"embeddable":true,"href":"https:\/\/secureus.se\/fi\/wp-json\/wp\/v2\/media\/149980"}],"wp:attachment":[{"href":"https:\/\/secureus.se\/fi\/wp-json\/wp\/v2\/media?parent=149981"}],"wp:term":[{"taxonomy":"product_brand","embeddable":true,"href":"https:\/\/secureus.se\/fi\/wp-json\/wp\/v2\/product_brand?post=149981"},{"taxonomy":"product_cat","embeddable":true,"href":"https:\/\/secureus.se\/fi\/wp-json\/wp\/v2\/product_cat?post=149981"},{"taxonomy":"product_tag","embeddable":true,"href":"https:\/\/secureus.se\/fi\/wp-json\/wp\/v2\/product_tag?post=149981"}],"curies":[{"name":"wp","href":"https:\/\/api.w.org\/{rel}","templated":true}]}}