{"id":149983,"date":"2025-04-03T14:11:19","date_gmt":"2025-04-03T12:11:19","guid":{"rendered":"https:\/\/secureus.se\/apollo-orb-ht-11001-apo-orbis-series-a1r-varmedetektor-med-blinkande-lysdiod-vit\/"},"modified":"2026-03-27T11:01:04","modified_gmt":"2026-03-27T10:01:04","slug":"apollo-orb-ht-11001-apo-orbis-series-a1r-varmedetektor-med-blinkande-lysdiod-vit","status":"publish","type":"product","link":"https:\/\/secureus.se\/fi\/apollo-orb-ht-11001-apo-orbis-series-a1r-varmedetektor-med-blinkande-lysdiod-vit\/","title":{"rendered":"Apollo ORB-HT-11001-APO Orbis Series, A1R l\u00e4mp\u00f6anturi vilkkuvalla LEDill\u00e4, valkoinen"},"content":{"rendered":"<h1>Apollo ORB-HT-11001-APO Orbis Series, A1R l\u00e4mp\u00f6anturi vilkkuvalla LEDill\u00e4<\/h1>\n<p class=\"\" data-start=\"471\" data-end=\"878\">Apollo ORB-HT-11001-APO Orbis Series A1R -l\u00e4mp\u00f6anturi tarjoaa erinomaisen ratkaisun palon havaitsemiseen l\u00e4mp\u00f6tilan nousun kautta ymp\u00e4rist\u00f6iss\u00e4, joissa savuilmaisimia ei voida k\u00e4ytt\u00e4\u00e4, esim. likaisille tai savuisille alueille.<\/p>\n<p class=\"\" data-start=\"471\" data-end=\"878\">Ilmaisin k\u00e4ytt\u00e4\u00e4 termistoria l\u00e4mp\u00f6tilan muutosten mittaamiseen ja voi tunnistaa l\u00e4mp\u00f6tilan nousun vertaamalla n\u00e4it\u00e4 arvoja esiasetettuihin h\u00e4lytyskynnyksiin.<\/p>\n<p class=\"\" data-start=\"880\" data-end=\"1206\">Se on varustettu punaisella vilkkuvalla LEDill\u00e4 k\u00e4ynnistett\u00e4ess\u00e4, mik\u00e4 vahvistaa, ett\u00e4 yksikk\u00f6 on toimintakuntoinen, mik\u00e4 tekee siit\u00e4 helpon valvoa ja varmistaa, ett\u00e4 se toimii oikein.<\/p>\n<p class=\"\" data-start=\"880\" data-end=\"1206\">Luotettavuuden parantamiseksi ja v\u00e4\u00e4rien h\u00e4lytysten riskin v\u00e4hent\u00e4miseksi tunnistimessa on my\u00f6s DirtAlert\u00ae, joka varoittaa, kun ilmaisin on puhdistettava.<\/p>\n<p class=\"\" data-start=\"1208\" data-end=\"1425\">Se on suunniteltu joustavaksi ja sit\u00e4 k\u00e4ytet\u00e4\u00e4n monissa sovelluksissa, kuten hotellihuoneissa, sairaaloiden osastoilla ja muilla alueilla, joissa tarkka l\u00e4mp\u00f6tilan valvonta on v\u00e4ltt\u00e4m\u00e4t\u00f6nt\u00e4 paloturvallisuuden varmistamiseksi.<\/p>\n<p class=\"\" data-start=\"1427\" data-end=\"1447\"><strong data-start=\"1427\" data-end=\"1446\">Tekniset tiedot<\/strong>:<\/p>\n<ul data-start=\"1448\" data-end=\"2022\">\n<li class=\"\" data-start=\"1448\" data-end=\"1474\">\n<p class=\"\" data-start=\"1450\" data-end=\"1474\"><strong data-start=\"1450\" data-end=\"1464\">Virtal\u00e4hde<\/strong>: 5-33V DC<\/p>\n<\/li>\n<li class=\"\" data-start=\"1475\" data-end=\"1501\">\n<p class=\"\" data-start=\"1477\" data-end=\"1501\"><strong data-start=\"1477\" data-end=\"1485\">Mitata<\/strong>: \u00d897mm x 36mm<\/p>\n<\/li>\n<li class=\"\" data-start=\"1502\" data-end=\"1517\">\n<p class=\"\" data-start=\"1504\" data-end=\"1517\"><strong data-start=\"1504\" data-end=\"1512\">Maali<\/strong>: Valkoinen<\/p>\n<\/li>\n<li class=\"\" data-start=\"1518\" data-end=\"1534\">\n<p class=\"\" data-start=\"1520\" data-end=\"1534\"><strong data-start=\"1520\" data-end=\"1528\">Paino<\/strong>: 70 g<\/p>\n<\/li>\n<li class=\"\" data-start=\"1535\" data-end=\"1569\">\n<p class=\"\" data-start=\"1537\" data-end=\"1569\"><strong data-start=\"1537\" data-end=\"1551\">L\u00e4mp\u00f6tila<\/strong>: -40\u00b0C - +70\u00b0C<\/p>\n<\/li>\n<li class=\"\" data-start=\"1570\" data-end=\"1595\">\n<p class=\"\" data-start=\"1572\" data-end=\"1595\"><strong data-start=\"1572\" data-end=\"1585\">Kosteus<\/strong>: 0\u201398% RH<\/p>\n<\/li>\n<li class=\"\" data-start=\"1596\" data-end=\"1636\">\n<p class=\"\" data-start=\"1598\" data-end=\"1636\"><strong data-start=\"1598\" data-end=\"1621\">Havaittava v\u00e4liaine<\/strong>: Tuli (l\u00e4mp\u00f6)<\/p>\n<\/li>\n<li class=\"\" data-start=\"1637\" data-end=\"1684\">\n<p class=\"\" data-start=\"1639\" data-end=\"1684\"><strong data-start=\"1639\" data-end=\"1659\">Tunnistustekniikka<\/strong>: Termistori (l\u00e4mp\u00f6anturi)<\/p>\n<\/li>\n<li class=\"\" data-start=\"1685\" data-end=\"1747\">\n<p class=\"\" data-start=\"1687\" data-end=\"1747\"><strong data-start=\"1687\" data-end=\"1701\">Toiminnot<\/strong>: DirtAlert, vilkkuva LED, SensAlert, FasTest<\/p>\n<\/li>\n<li class=\"\" data-start=\"1748\" data-end=\"1787\">\n<p class=\"\" data-start=\"1750\" data-end=\"1787\"><strong data-start=\"1750\" data-end=\"1761\">Takuu<\/strong>: Rajoitettu 10 vuoden takuu<\/p>\n<\/li>\n<li class=\"\" data-start=\"1788\" data-end=\"1879\">\n<p class=\"\" data-start=\"1790\" data-end=\"1879\"><strong data-start=\"1790\" data-end=\"1802\">IP-luokka<\/strong>: IP23D (suojattu yli 12 mm:n esineiden sis\u00e4\u00e4np\u00e4\u00e4sylt\u00e4 ja tippuvalta vedelt\u00e4)<\/p>\n<\/li>\n<li class=\"\" data-start=\"1880\" data-end=\"1961\">\n<p class=\"\" data-start=\"1882\" data-end=\"1961\"><strong data-start=\"1882\" data-end=\"1900\">Yhteensopivuus<\/strong>: Apollo Series 65 ja aiemmat perinteiset ilmaisinsarjat<\/p>\n<\/li>\n<li class=\"\" data-start=\"1962\" data-end=\"2022\">\n<p class=\"\" data-start=\"1964\" data-end=\"2022\"><strong data-start=\"1964\" data-end=\"1982\">Sertifikaatit<\/strong>: EN54-5, MED, DNV.GL, BV, CCS, KRS, CRS<\/p>\n<\/li>\n<\/ul>","protected":false},"excerpt":{"rendered":"<p>Apollo ORB-HT-11001-APO Orbis Series A1R -l\u00e4mp\u00f6anturi vilkkuvalla LEDill\u00e4 on luotettava ilmaisin, joka on suunniteltu k\u00e4ytett\u00e4v\u00e4ksi likaisissa tai savuisissa ymp\u00e4rist\u00f6iss\u00e4, joihin savuilmaisimet eiv\u00e4t sovellu.<\/p>\n<p>Siin\u00e4 on vilkkuva punainen LED k\u00e4ynnistyksen yhteydess\u00e4, joka vahvistaa, ett\u00e4 yksikk\u00f6 on toimintakuntoinen ja ett\u00e4 sill\u00e4 on pitk\u00e4 k\u00e4ytt\u00f6ik\u00e4 10 vuoden takuulla.<\/p>","protected":false},"featured_media":149982,"template":"","meta":{"_acf_changed":false},"product_brand":[],"product_cat":[4749,4157],"product_tag":[],"class_list":{"0":"post-149983","1":"product","2":"type-product","3":"status-publish","4":"has-post-thumbnail","6":"product_cat-orbis-serien","7":"product_cat-varmedetektor","8":"pa_brands-apollo-fire-detectors","9":"tm-no-options","11":"first","12":"instock","13":"sale","14":"taxable","15":"shipping-taxable","16":"purchasable","17":"product-type-simple"},"acf":[],"_links":{"self":[{"href":"https:\/\/secureus.se\/fi\/wp-json\/wp\/v2\/product\/149983","targetHints":{"allow":["GET"]}}],"collection":[{"href":"https:\/\/secureus.se\/fi\/wp-json\/wp\/v2\/product"}],"about":[{"href":"https:\/\/secureus.se\/fi\/wp-json\/wp\/v2\/types\/product"}],"wp:featuredmedia":[{"embeddable":true,"href":"https:\/\/secureus.se\/fi\/wp-json\/wp\/v2\/media\/149982"}],"wp:attachment":[{"href":"https:\/\/secureus.se\/fi\/wp-json\/wp\/v2\/media?parent=149983"}],"wp:term":[{"taxonomy":"product_brand","embeddable":true,"href":"https:\/\/secureus.se\/fi\/wp-json\/wp\/v2\/product_brand?post=149983"},{"taxonomy":"product_cat","embeddable":true,"href":"https:\/\/secureus.se\/fi\/wp-json\/wp\/v2\/product_cat?post=149983"},{"taxonomy":"product_tag","embeddable":true,"href":"https:\/\/secureus.se\/fi\/wp-json\/wp\/v2\/product_tag?post=149983"}],"curies":[{"name":"wp","href":"https:\/\/api.w.org\/{rel}","templated":true}]}}