{"id":149990,"date":"2025-04-03T14:11:14","date_gmt":"2025-04-03T12:11:14","guid":{"rendered":"https:\/\/secureus.se\/apollo-orb-mb-00001-apo-orbis-series-kontinuitetsbrytare-timesaver-base-vit\/"},"modified":"2026-04-09T11:29:38","modified_gmt":"2026-04-09T09:29:38","slug":"apollo-orb-mb-00001-apo-orbis-series-kontinuitetsbrytare-timesaver-base-vit","status":"publish","type":"product","link":"https:\/\/secureus.se\/fi\/apollo-orb-mb-00001-apo-orbis-series-kontinuitetsbrytare-timesaver-base-vit\/","title":{"rendered":"Apollo ORB-MB-00001-APO Orbis-sarjan jatkuvuuskytkin TimeSaver Base, valkoinen"},"content":{"rendered":"<h1>Apollo ORB-MB-00001-APO Orbis-sarjan jatkuvuuskytkin TimeSaver Base<\/h1>\n<p class=\"\" data-start=\"472\" data-end=\"897\">Apollo Orbis Continuity Switch TimeSaver Base on suunniteltu optimoimaan paloilmaisimien asennus tarjoamalla avoin ty\u00f6taso, jossa on asennusrei\u00e4t, jotka mahdollistavat nopean ja helpon asennuksen.<\/p>\n<p class=\"\" data-start=\"472\" data-end=\"897\">Jalustassa on LED-kohdistusmerkki, jonka avulla asentaja voi sijoittaa ilmaisimet oikein varmistaakseen, ett\u00e4 LEDit ovat oikeaan suuntaan.<\/p>\n<p class=\"\" data-start=\"899\" data-end=\"1390\">TimeSaver Base on t\u00e4ydellinen ratkaisu k\u00e4ytett\u00e4v\u00e4ksi Apollo Series 65:n ja aikaisempien perinteisten ilmaisimien kanssa.<\/p>\n<p class=\"\" data-start=\"899\" data-end=\"1390\">Se on suunniteltu sek\u00e4 toimivaksi ett\u00e4 luotettavaksi CE-merkinn\u00e4ll\u00e4 ja soveltuvien turvallisuusstandardien mukaisesti.<\/p>\n<p class=\"\" data-start=\"899\" data-end=\"1390\">Pohja on valmistettu PC-materiaalista ja sen syvyys on 20 mm, mik\u00e4 takaa kest\u00e4v\u00e4n ja vakaan asennuksen.<\/p>\n<p class=\"\" data-start=\"899\" data-end=\"1390\">Kahden kiinnityspisteen ja vankan rakenteen ansiosta sit\u00e4 voidaan k\u00e4ytt\u00e4\u00e4 erilaisissa turvaj\u00e4rjestelmiss\u00e4 tehokkaan havaitsemisen varmistamiseksi.<\/p>\n<p class=\"\" data-start=\"1392\" data-end=\"1422\"><strong data-start=\"1392\" data-end=\"1420\">P\u00e4\u00e4ominaisuudet:<\/strong><\/p>\n<ul data-start=\"1423\" data-end=\"1660\">\n<li class=\"\" data-start=\"1423\" data-end=\"1442\">\n<p class=\"\" data-start=\"1425\" data-end=\"1442\">Kaksi kiinnityspistett\u00e4<\/p>\n<\/li>\n<li class=\"\" data-start=\"1443\" data-end=\"1467\">\n<p class=\"\" data-start=\"1445\" data-end=\"1467\">LED kohdistusmerkki<\/p>\n<\/li>\n<li class=\"\" data-start=\"1468\" data-end=\"1520\">\n<p class=\"\" data-start=\"1470\" data-end=\"1520\">Tuetut laitteet: L\u00e4mm\u00f6nilmaisin, Savunilmaisin<\/p>\n<\/li>\n<li class=\"\" data-start=\"1521\" data-end=\"1595\">\n<p class=\"\" data-start=\"1523\" data-end=\"1595\">Yhteensopiva Apollo Series 65:n ja aikaisempien perinteisten ilmaisimien kanssa<\/p>\n<\/li>\n<li class=\"\" data-start=\"1596\" data-end=\"1660\">\n<p class=\"\" data-start=\"1598\" data-end=\"1660\">CE-merkitty ja sertifioitu k\u00e4ytett\u00e4v\u00e4ksi turvaj\u00e4rjestelmiss\u00e4<\/p>\n<\/li>\n<\/ul>\n<p class=\"\" data-start=\"1662\" data-end=\"1693\"><strong data-start=\"1662\" data-end=\"1691\">Tekniset tiedot:<\/strong><\/p>\n<ul data-start=\"1694\" data-end=\"1875\">\n<li class=\"\" data-start=\"1694\" data-end=\"1709\">\n<p class=\"\" data-start=\"1696\" data-end=\"1709\">Syvyys: 20mm<\/p>\n<\/li>\n<li class=\"\" data-start=\"1710\" data-end=\"1726\">\n<p class=\"\" data-start=\"1712\" data-end=\"1726\">V\u00e4ri: hopea<\/p>\n<\/li>\n<li class=\"\" data-start=\"1727\" data-end=\"1758\">\n<p class=\"\" data-start=\"1729\" data-end=\"1758\">Materiaali: PC (polykarbonaatti)<\/p>\n<\/li>\n<li class=\"\" data-start=\"1759\" data-end=\"1801\">\n<p class=\"\" data-start=\"1761\" data-end=\"1801\">Sertifikaatit: CE-merkint\u00e4, yhteensopiva<\/p>\n<\/li>\n<li class=\"\" data-start=\"1802\" data-end=\"1875\">\n<p class=\"\" data-start=\"1804\" data-end=\"1875\">Yhteensopivuus: Apollo Series 65 ja aikaisemmat perinteiset ilmaisimet<\/p>\n<\/li>\n<\/ul>","protected":false},"excerpt":{"rendered":"<p>Apollo Orbis Continuity Switch TimeSaver Base tarjoaa tehokkaan ratkaisun paloilmaisimien nopeaan asennukseen.<\/p>\n<p>Kaksi kiinnityskohtaa ja LED-kohdistusmerkki tekev\u00e4t asennuksesta helppoa ja nopeaa. Se on yhteensopiva Apollo Series 65:n ja aikaisempien perinteisten ilmaisimien kanssa.<\/p>","protected":false},"featured_media":149989,"template":"","meta":{"_acf_changed":false},"product_brand":[],"product_cat":[4749],"product_tag":[],"class_list":{"0":"post-149990","1":"product","2":"type-product","3":"status-publish","4":"has-post-thumbnail","6":"product_cat-orbis-serien","7":"pa_brands-apollo-fire-detectors","8":"tm-no-options","10":"first","11":"instock","12":"taxable","13":"shipping-taxable","14":"purchasable","15":"product-type-simple"},"acf":[],"_links":{"self":[{"href":"https:\/\/secureus.se\/fi\/wp-json\/wp\/v2\/product\/149990","targetHints":{"allow":["GET"]}}],"collection":[{"href":"https:\/\/secureus.se\/fi\/wp-json\/wp\/v2\/product"}],"about":[{"href":"https:\/\/secureus.se\/fi\/wp-json\/wp\/v2\/types\/product"}],"wp:featuredmedia":[{"embeddable":true,"href":"https:\/\/secureus.se\/fi\/wp-json\/wp\/v2\/media\/149989"}],"wp:attachment":[{"href":"https:\/\/secureus.se\/fi\/wp-json\/wp\/v2\/media?parent=149990"}],"wp:term":[{"taxonomy":"product_brand","embeddable":true,"href":"https:\/\/secureus.se\/fi\/wp-json\/wp\/v2\/product_brand?post=149990"},{"taxonomy":"product_cat","embeddable":true,"href":"https:\/\/secureus.se\/fi\/wp-json\/wp\/v2\/product_cat?post=149990"},{"taxonomy":"product_tag","embeddable":true,"href":"https:\/\/secureus.se\/fi\/wp-json\/wp\/v2\/product_tag?post=149990"}],"curies":[{"name":"wp","href":"https:\/\/api.w.org\/{rel}","templated":true}]}}