{"id":149992,"date":"2025-04-03T14:11:14","date_gmt":"2025-04-03T12:11:14","guid":{"rendered":"https:\/\/secureus.se\/apollo-orb-mb-50018-apo-orbis-series-egensaker-timesaver-bas-vit\/"},"modified":"2026-03-27T11:01:17","modified_gmt":"2026-03-27T10:01:17","slug":"apollo-orb-mb-50018-apo-orbis-series-egensaker-timesaver-bas-vit","status":"publish","type":"product","link":"https:\/\/secureus.se\/fi\/apollo-orb-mb-50018-apo-orbis-series-egensaker-timesaver-bas-vit\/","title":{"rendered":"Apollo ORB-MB-50018-APO Orbis-sarjan luonnostaan turvallinen TimeSaver-jalusta, valkoinen"},"content":{"rendered":"<h1>Apollo ORB-MB-50018-APO Orbis-sarjan luonnostaan turvallinen TimeSaver-pohja<\/h1>\n<p class=\"\" data-start=\"558\" data-end=\"1130\">Apollo Orbis IS TimeSaver Base on innovatiivinen paloilmaisimien ratkaisu, joka yksinkertaistaa sek\u00e4 asennusta ett\u00e4 k\u00e4ytt\u00f6\u00e4.<\/p>\n<p class=\"\" data-start=\"558\" data-end=\"1130\">Se on erityisesti suunniteltu luonnostaan turvalliseksi, mik\u00e4 mahdollistaa sen k\u00e4yt\u00f6n vaarallisissa ymp\u00e4rist\u00f6iss\u00e4.<\/p>\n<p class=\"\" data-start=\"558\" data-end=\"1130\">Jalustassa on kaksi kiinnityskohtaa ja LED-kohdistusmerkit helpottavat asennusta ja LED-ilmaisimien oikeaa suuntaamista.<\/p>\n<p class=\"\" data-start=\"558\" data-end=\"1130\">Lis\u00e4ksi liitinruuvit on kiinnitetty, jotta ne eiv\u00e4t putoa asennuksen aikana, mik\u00e4 s\u00e4\u00e4st\u00e4\u00e4 aikaa ja helpottaa asentajan ty\u00f6t\u00e4.<\/p>\n<p class=\"\" data-start=\"1132\" data-end=\"1520\">Tuote on CE-merkitty ja t\u00e4ytt\u00e4\u00e4 laivavarustedirektiivin 2014\/90\/EU vaatimukset, joten se soveltuu k\u00e4ytett\u00e4v\u00e4ksi laivoissa.<\/p>\n<p class=\"\" data-start=\"1132\" data-end=\"1520\">Useiden kiinnityskohtien ja kaapelin vedinohjaimen ansiosta Orbis IS TimeSaver Base tekee asennuksesta nopeaa ja k\u00e4tev\u00e4\u00e4.<\/p>\n<p class=\"\" data-start=\"1132\" data-end=\"1520\">Pohja tukee ilmaisimia, kuten l\u00e4mp\u00f6- ja savuilmaisinta, ja sit\u00e4 voidaan k\u00e4ytt\u00e4\u00e4 j\u00e4rjestelmiss\u00e4, jotka vaativat turvallista ja vakaata toimintaa vaarallisilla alueilla.<\/p>\n<p class=\"\" data-start=\"1522\" data-end=\"1552\"><strong data-start=\"1522\" data-end=\"1550\">P\u00e4\u00e4ominaisuudet:<\/strong><\/p>\n<ul data-start=\"1553\" data-end=\"1871\">\n<li class=\"\" data-start=\"1553\" data-end=\"1572\">\n<p class=\"\" data-start=\"1555\" data-end=\"1572\">Kaksi kiinnityspistett\u00e4<\/p>\n<\/li>\n<li class=\"\" data-start=\"1573\" data-end=\"1597\">\n<p class=\"\" data-start=\"1575\" data-end=\"1597\">LED kohdistusmerkki<\/p>\n<\/li>\n<li class=\"\" data-start=\"1598\" data-end=\"1650\">\n<p class=\"\" data-start=\"1600\" data-end=\"1650\">Tuetut laitteet: L\u00e4mm\u00f6nilmaisin, Savunilmaisin<\/p>\n<\/li>\n<li class=\"\" data-start=\"1651\" data-end=\"1697\">\n<p class=\"\" data-start=\"1653\" data-end=\"1697\">Ryhmitetyt liittimet helpottavat johdotusta<\/p>\n<\/li>\n<li class=\"\" data-start=\"1698\" data-end=\"1774\">\n<p class=\"\" data-start=\"1700\" data-end=\"1774\">CE-merkitty ja sertifioitu laivavarustedirektiivin 2014\/90\/EU mukaisesti<\/p>\n<\/li>\n<li class=\"\" data-start=\"1775\" data-end=\"1811\">\n<p class=\"\" data-start=\"1777\" data-end=\"1811\">Kiinnike turvalliseen kaapelin suojaukseen<\/p>\n<\/li>\n<li class=\"\" data-start=\"1812\" data-end=\"1871\">\n<p class=\"\" data-start=\"1814\" data-end=\"1871\">Luonnostaan turvallinen rakenne k\u00e4ytett\u00e4v\u00e4ksi vaarallisissa ymp\u00e4rist\u00f6iss\u00e4<\/p>\n<\/li>\n<\/ul>\n<p class=\"\" data-start=\"1873\" data-end=\"1904\"><strong data-start=\"1873\" data-end=\"1902\">Tekniset tiedot:<\/strong><\/p>\n<ul data-start=\"1905\" data-end=\"2038\">\n<li class=\"\" data-start=\"1905\" data-end=\"1921\">\n<p class=\"\" data-start=\"1907\" data-end=\"1921\">V\u00e4ri: hopea<\/p>\n<\/li>\n<li class=\"\" data-start=\"1922\" data-end=\"1950\">\n<p class=\"\" data-start=\"1924\" data-end=\"1950\">Sertifikaatit: CE-merkitty<\/p>\n<\/li>\n<li class=\"\" data-start=\"1951\" data-end=\"1994\">\n<p class=\"\" data-start=\"1953\" data-end=\"1994\">Luonnostaan turvallinen ATEX- ja IECEx-standardien mukaan<\/p>\n<\/li>\n<li class=\"\" data-start=\"1995\" data-end=\"2038\">\n<p class=\"\" data-start=\"1997\" data-end=\"2038\">Yhteensopiva l\u00e4mp\u00f6- ja savuilmaisimien kanssa<\/p>\n<\/li>\n<\/ul>","protected":false},"excerpt":{"rendered":"<p>Apollo Orbis IS TimeSaver Base on luonnostaan turvallinen alusta, joka on suunniteltu nopeaan ja helppoon asennukseen.<\/p>\n<p>Varustettu kahdella kiinnityspisteell\u00e4 ja LED-kohdistusmerkill\u00e4, se tarjoaa asentajalle tehokkaan ty\u00f6pinnan ilmaisimien, kuten l\u00e4mp\u00f6- ja savuilmaisimien, asentamiseen.<\/p>\n<p>CE-merkitty pohja on turvallisuusstandardien mukainen ja tekee asennuksesta helppoa ryhm\u00e4liittimiens\u00e4 ansiosta.<\/p>","protected":false},"featured_media":149991,"template":"","meta":{"_acf_changed":false},"product_brand":[],"product_cat":[4749],"product_tag":[],"class_list":{"0":"post-149992","1":"product","2":"type-product","3":"status-publish","4":"has-post-thumbnail","6":"product_cat-orbis-serien","7":"pa_brands-apollo-fire-detectors","8":"tm-no-options","10":"first","11":"instock","12":"sale","13":"taxable","14":"shipping-taxable","15":"purchasable","16":"product-type-simple"},"acf":[],"_links":{"self":[{"href":"https:\/\/secureus.se\/fi\/wp-json\/wp\/v2\/product\/149992","targetHints":{"allow":["GET"]}}],"collection":[{"href":"https:\/\/secureus.se\/fi\/wp-json\/wp\/v2\/product"}],"about":[{"href":"https:\/\/secureus.se\/fi\/wp-json\/wp\/v2\/types\/product"}],"wp:featuredmedia":[{"embeddable":true,"href":"https:\/\/secureus.se\/fi\/wp-json\/wp\/v2\/media\/149991"}],"wp:attachment":[{"href":"https:\/\/secureus.se\/fi\/wp-json\/wp\/v2\/media?parent=149992"}],"wp:term":[{"taxonomy":"product_brand","embeddable":true,"href":"https:\/\/secureus.se\/fi\/wp-json\/wp\/v2\/product_brand?post=149992"},{"taxonomy":"product_cat","embeddable":true,"href":"https:\/\/secureus.se\/fi\/wp-json\/wp\/v2\/product_cat?post=149992"},{"taxonomy":"product_tag","embeddable":true,"href":"https:\/\/secureus.se\/fi\/wp-json\/wp\/v2\/product_tag?post=149992"}],"curies":[{"name":"wp","href":"https:\/\/api.w.org\/{rel}","templated":true}]}}