{"id":149994,"date":"2025-04-03T14:11:13","date_gmt":"2025-04-03T12:11:13","guid":{"rendered":"https:\/\/secureus.se\/apollo-45681-519apo-orbis-series-vattentat-uppvarmd-basskydd\/"},"modified":"2026-04-01T15:55:19","modified_gmt":"2026-04-01T13:55:19","slug":"apollo-45681-519apo-orbis-series-vattentat-uppvarmd-basskydd","status":"publish","type":"product","link":"https:\/\/secureus.se\/fi\/apollo-45681-519apo-orbis-series-vattentat-uppvarmd-basskydd\/","title":{"rendered":"Apollo 45681-519APO Orbis -sarja, vedenpit\u00e4v\u00e4 l\u00e4mmitetty pohjakansi"},"content":{"rendered":"<h1>Apollo 45681-519APO Orbis -sarja, vedenpit\u00e4v\u00e4 l\u00e4mmitetty pohjakansi<\/h1>\n<p>Apollo Orbis -sarjan vedenpit\u00e4v\u00e4 l\u00e4mmitetty pohjan suojus (malli 45681-519APO) on korvaamaton lis\u00e4varuste l\u00e4mmitettyyn Orbis-alustaan.<\/p>\n<p>Kansi on suunniteltu suojaamaan s\u00e4\u00e4n vaikutuksilta ja s\u00e4ilytt\u00e4m\u00e4\u00e4n laitteen eheyden kaikissa olosuhteissa.<\/p>\n<p>Vedenkest\u00e4v\u00e4ll\u00e4 rakenteella t\u00e4m\u00e4 kansi suojaa l\u00e4mmitetty\u00e4 alustaasi kosteudelta ja vaurioilta, joita voi esiinty\u00e4 ankarissa s\u00e4\u00e4olosuhteissa.<\/p>\n<p class=\"\" data-start=\"845\" data-end=\"1109\">T\u00e4m\u00e4 pohjasuojus on luotettava ja t\u00e4rke\u00e4 komponentti, joka varmistaa Orbis Base \u2013 Heated -jalustasi pitk\u00e4aikaisen kest\u00e4vyyden ja toimivuuden. Tuote on CE-merkitty ja t\u00e4ytt\u00e4\u00e4 asiaankuuluvat turvallisuusvaatimukset, jotta k\u00e4ytt\u00e4j\u00e4t voivat olla mielenrauhassa asennuksen ja k\u00e4yt\u00f6n aikana.<\/p>\n<p class=\"\" data-start=\"1111\" data-end=\"1141\"><strong data-start=\"1111\" data-end=\"1139\">P\u00e4\u00e4ominaisuudet:<\/strong><\/p>\n<ul data-start=\"1142\" data-end=\"1289\">\n<li class=\"\" data-start=\"1142\" data-end=\"1197\">\n<p class=\"\" data-start=\"1144\" data-end=\"1197\">Orbis Baselle suunniteltu vedenpit\u00e4v\u00e4 kansi \u2013 L\u00e4mmitetty<\/p>\n<\/li>\n<li class=\"\" data-start=\"1198\" data-end=\"1213\">\n<p class=\"\" data-start=\"1200\" data-end=\"1213\">CE-merkint\u00e4<\/p>\n<\/li>\n<li class=\"\" data-start=\"1214\" data-end=\"1289\">\n<p class=\"\" data-start=\"1216\" data-end=\"1289\">Takaa pitk\u00e4kestoisen suojan ja toimivuuden kaikissa s\u00e4\u00e4olosuhteissa<\/p>\n<\/li>\n<\/ul>\n<p class=\"\" data-start=\"1291\" data-end=\"1322\"><strong data-start=\"1291\" data-end=\"1320\">Tekniset tiedot:<\/strong><\/p>\n<ul data-start=\"1323\" data-end=\"1460\">\n<li class=\"\" data-start=\"1323\" data-end=\"1360\">\n<p class=\"\" data-start=\"1325\" data-end=\"1360\">Yhteensopivuus: Orbis Base Heated<\/p>\n<\/li>\n<li class=\"\" data-start=\"1361\" data-end=\"1392\">\n<p class=\"\" data-start=\"1363\" data-end=\"1392\">Sertifikaatit: CE-merkint\u00e4<\/p>\n<\/li>\n<li class=\"\" data-start=\"1393\" data-end=\"1460\">\n<p class=\"\" data-start=\"1395\" data-end=\"1460\">Muuta: Vedenkest\u00e4v\u00e4 rakenne parhaan suojan ja kest\u00e4vyyden takaamiseksi<\/p>\n<\/li>\n<\/ul>","protected":false},"excerpt":{"rendered":"<p>Apollo Orbis -sarjan vedenpit\u00e4v\u00e4 l\u00e4mmitetty pohjan suojus on suunniteltu tarjoamaan maksimaalista suojaa ja kest\u00e4vyytt\u00e4 Orbis Heated Base -alustallesi.<\/p>\n<p>T\u00e4m\u00e4 vedenpit\u00e4v\u00e4 ratkaisu varmistaa, ett\u00e4 jalustasi pysyy suojattuna kaikissa s\u00e4\u00e4olosuhteissa ja s\u00e4ilytt\u00e4\u00e4 toimivuuden.<\/p>","protected":false},"featured_media":149993,"template":"","meta":{"_acf_changed":false},"product_brand":[],"product_cat":[4749],"product_tag":[],"class_list":{"0":"post-149994","1":"product","2":"type-product","3":"status-publish","4":"has-post-thumbnail","6":"product_cat-orbis-serien","7":"pa_brands-apollo-fire-detectors","8":"tm-no-options","10":"first","11":"instock","12":"sale","13":"taxable","14":"shipping-taxable","15":"purchasable","16":"product-type-simple"},"acf":[],"_links":{"self":[{"href":"https:\/\/secureus.se\/fi\/wp-json\/wp\/v2\/product\/149994","targetHints":{"allow":["GET"]}}],"collection":[{"href":"https:\/\/secureus.se\/fi\/wp-json\/wp\/v2\/product"}],"about":[{"href":"https:\/\/secureus.se\/fi\/wp-json\/wp\/v2\/types\/product"}],"wp:featuredmedia":[{"embeddable":true,"href":"https:\/\/secureus.se\/fi\/wp-json\/wp\/v2\/media\/149993"}],"wp:attachment":[{"href":"https:\/\/secureus.se\/fi\/wp-json\/wp\/v2\/media?parent=149994"}],"wp:term":[{"taxonomy":"product_brand","embeddable":true,"href":"https:\/\/secureus.se\/fi\/wp-json\/wp\/v2\/product_brand?post=149994"},{"taxonomy":"product_cat","embeddable":true,"href":"https:\/\/secureus.se\/fi\/wp-json\/wp\/v2\/product_cat?post=149994"},{"taxonomy":"product_tag","embeddable":true,"href":"https:\/\/secureus.se\/fi\/wp-json\/wp\/v2\/product_tag?post=149994"}],"curies":[{"name":"wp","href":"https:\/\/api.w.org\/{rel}","templated":true}]}}