{"id":149996,"date":"2025-04-03T14:11:10","date_gmt":"2025-04-03T12:11:10","guid":{"rendered":"https:\/\/secureus.se\/apollo-pp2632-orbis-series-optisk-rokdetektor-vit\/"},"modified":"2026-04-09T11:30:16","modified_gmt":"2026-04-09T09:30:16","slug":"apollo-pp2632-orbis-series-optisk-rokdetektor-vit","status":"publish","type":"product","link":"https:\/\/secureus.se\/fi\/apollo-pp2632-orbis-series-optisk-rokdetektor-vit\/","title":{"rendered":"Apollo PP2632 Orbis -sarjan optinen savuilmaisin, valkoinen"},"content":{"rendered":"<h1>Apollo PP2632 Orbis -sarjan optinen savunilmaisin<\/h1>\n<p class=\"\" data-start=\"521\" data-end=\"960\">Apollo Orbis optinen savuilmaisin on suunniteltu parantamaan palonhavaitsemisj\u00e4rjestelmi\u00e4 edistyneell\u00e4 teknologiallaan ja luotettavuudellaan.<\/p>\n<p class=\"\" data-start=\"521\" data-end=\"960\">Valonsirontaperiaatetta k\u00e4ytt\u00e4m\u00e4ll\u00e4 se parantaa herkkyytt\u00e4 sek\u00e4 mustalle ett\u00e4 valkoiselle savulle.<\/p>\n<p class=\"\" data-start=\"521\" data-end=\"960\">Orbiksen ainutlaatuinen etu on sen kyky k\u00e4sitell\u00e4 mustaa savua tehokkaasti, mik\u00e4 erottaa sen perinteisist\u00e4 savunilmaisimista, joiden suorituskyky on parempi valkoisen savun suhteen.<\/p>\n<p class=\"\" data-start=\"962\" data-end=\"1352\">Toinen t\u00e4rke\u00e4 ominaisuus on transienttihylk\u00e4ysalgoritmit, jotka v\u00e4hent\u00e4v\u00e4t v\u00e4\u00e4rien h\u00e4lytyksi\u00e4 ja varmistavat, ett\u00e4 ilmaisin ei reagoi ymp\u00e4rist\u00f6n muutoksiin tai ei-paloon liittyviin ilmi\u00f6ihin.<\/p>\n<p class=\"\" data-start=\"962\" data-end=\"1352\">Automaattinen ry\u00f6mint\u00e4kompensointi ja DirtAlert\u00ae-tekniikka helpottavat likaantuneiden ilmaisimien tunnistamista keltaisen vilkkuvan LEDin avulla, mik\u00e4 tekee huollosta nopeaa ja tehokasta.<\/p>\n<p class=\"\" data-start=\"1354\" data-end=\"1602\">K\u00e4ytt\u00f6l\u00e4mp\u00f6tila -40\u00b0C - +70\u00b0C ja IP23D-luokituksen ansiosta t\u00e4m\u00e4 ilmaisin on luotettava sek\u00e4 sis\u00e4- ett\u00e4 ulkotiloissa.<\/p>\n<p class=\"\" data-start=\"1354\" data-end=\"1602\">Siin\u00e4 on my\u00f6s alhainen virrankulutus ja se on yhteensopiva Apollo Series 65:n ja aikaisempien perinteisten ilmaisimien kanssa.<\/p>\n<p class=\"\" data-start=\"1604\" data-end=\"1634\"><strong data-start=\"1604\" data-end=\"1632\">P\u00e4\u00e4ominaisuudet:<\/strong><\/p>\n<ul data-start=\"1635\" data-end=\"2031\">\n<li class=\"\" data-start=\"1635\" data-end=\"1697\">\n<p class=\"\" data-start=\"1637\" data-end=\"1697\">Algoritmit hylk\u00e4\u00e4m\u00e4\u00e4n transientit ja v\u00e4hent\u00e4m\u00e4\u00e4n v\u00e4\u00e4ri\u00e4 h\u00e4lytyksi\u00e4<\/p>\n<\/li>\n<li class=\"\" data-start=\"1698\" data-end=\"1792\">\n<p class=\"\" data-start=\"1700\" data-end=\"1792\">Automaattinen ry\u00f6mint\u00e4kompensointi DirtAlert\u00ae-toiminnolla helpottaa likaantuneiden ilmaisimien tunnistamista<\/p>\n<\/li>\n<li class=\"\" data-start=\"1793\" data-end=\"1832\">\n<p class=\"\" data-start=\"1795\" data-end=\"1832\">Parempi herkkyys mustalle savulle<\/p>\n<\/li>\n<li class=\"\" data-start=\"1833\" data-end=\"1898\">\n<p class=\"\" data-start=\"1835\" data-end=\"1898\">Parempi suorituskyky kyteviss\u00e4 ja nopeasti palavissa tulipaloissa<\/p>\n<\/li>\n<li class=\"\" data-start=\"1899\" data-end=\"1973\">\n<p class=\"\" data-start=\"1901\" data-end=\"1973\">Yhteensopiva Apollo Series 65:n ja aikaisempien perinteisten ilmaisimien kanssa<\/p>\n<\/li>\n<li class=\"\" data-start=\"1974\" data-end=\"2031\">\n<p class=\"\" data-start=\"1976\" data-end=\"2031\">CE-merkitty ja t\u00e4ytt\u00e4\u00e4 EMC- ja rakennustuotedirektiivit<\/p>\n<\/li>\n<\/ul>\n<p class=\"\" data-start=\"2033\" data-end=\"2064\"><strong data-start=\"2033\" data-end=\"2062\">Tekniset tiedot:<\/strong><\/p>\n<ul data-start=\"2065\" data-end=\"2293\">\n<li class=\"\" data-start=\"2065\" data-end=\"2081\">\n<p class=\"\" data-start=\"2067\" data-end=\"2081\">V\u00e4ri: hopea<\/p>\n<\/li>\n<li class=\"\" data-start=\"2082\" data-end=\"2108\">\n<p class=\"\" data-start=\"2084\" data-end=\"2108\">Materiaali: Polykarbonaatti<\/p>\n<\/li>\n<li class=\"\" data-start=\"2109\" data-end=\"2124\">\n<p class=\"\" data-start=\"2111\" data-end=\"2124\">Korkeus: 31mm<\/p>\n<\/li>\n<li class=\"\" data-start=\"2125\" data-end=\"2144\">\n<p class=\"\" data-start=\"2127\" data-end=\"2144\">Halkaisija: 97 mm<\/p>\n<\/li>\n<li class=\"\" data-start=\"2145\" data-end=\"2170\">\n<p class=\"\" data-start=\"2147\" data-end=\"2170\">Paino: 75 g (ilman pohjaa)<\/p>\n<\/li>\n<li class=\"\" data-start=\"2171\" data-end=\"2203\">\n<p class=\"\" data-start=\"2173\" data-end=\"2203\">Virtal\u00e4hde: 8,5-33V DC<\/p>\n<\/li>\n<li class=\"\" data-start=\"2204\" data-end=\"2242\">\n<p class=\"\" data-start=\"2206\" data-end=\"2242\">K\u00e4ytt\u00f6l\u00e4mp\u00f6tila: -40\u00b0C - +70\u00b0C<\/p>\n<\/li>\n<li class=\"\" data-start=\"2243\" data-end=\"2271\">\n<p class=\"\" data-start=\"2245\" data-end=\"2271\">IP-luokitus: IP23D<\/p>\n<\/li>\n<li class=\"\" data-start=\"2272\" data-end=\"2293\">\n<p class=\"\" data-start=\"2274\" data-end=\"2293\">Takuuaika: 10 vuotta<\/p>\n<\/li>\n<\/ul>","protected":false},"excerpt":{"rendered":"<p>Optinen Apollo Orbis -savuilmaisin tarjoaa paremman herkkyyden mustalle savulle ja v\u00e4hent\u00e4\u00e4 v\u00e4\u00e4rien h\u00e4lytysten riski\u00e4 kehittyneiden ohimenevien hylk\u00e4ysalgoritmien avulla.<\/p>\n<p>Automaattisen ry\u00f6mint\u00e4kompensoinnin DirtAlert\u00ae-teknologian ansiosta se varoittaa keltaisella vilkkuvalla LEDill\u00e4 likaantuneista ilmaisimista.<\/p>\n<p>Ihanteellinen kytevien tulipalojen varhaisvaroittamiseen.<\/p>","protected":false},"featured_media":149995,"template":"","meta":{"_acf_changed":false},"product_brand":[],"product_cat":[4749],"product_tag":[],"class_list":{"0":"post-149996","1":"product","2":"type-product","3":"status-publish","4":"has-post-thumbnail","6":"product_cat-orbis-serien","7":"pa_brands-apollo-fire-detectors","8":"tm-no-options","10":"first","11":"instock","12":"taxable","13":"shipping-taxable","14":"purchasable","15":"product-type-simple"},"acf":[],"_links":{"self":[{"href":"https:\/\/secureus.se\/fi\/wp-json\/wp\/v2\/product\/149996","targetHints":{"allow":["GET"]}}],"collection":[{"href":"https:\/\/secureus.se\/fi\/wp-json\/wp\/v2\/product"}],"about":[{"href":"https:\/\/secureus.se\/fi\/wp-json\/wp\/v2\/types\/product"}],"wp:featuredmedia":[{"embeddable":true,"href":"https:\/\/secureus.se\/fi\/wp-json\/wp\/v2\/media\/149995"}],"wp:attachment":[{"href":"https:\/\/secureus.se\/fi\/wp-json\/wp\/v2\/media?parent=149996"}],"wp:term":[{"taxonomy":"product_brand","embeddable":true,"href":"https:\/\/secureus.se\/fi\/wp-json\/wp\/v2\/product_brand?post=149996"},{"taxonomy":"product_cat","embeddable":true,"href":"https:\/\/secureus.se\/fi\/wp-json\/wp\/v2\/product_cat?post=149996"},{"taxonomy":"product_tag","embeddable":true,"href":"https:\/\/secureus.se\/fi\/wp-json\/wp\/v2\/product_tag?post=149996"}],"curies":[{"name":"wp","href":"https:\/\/api.w.org\/{rel}","templated":true}]}}