{"id":149998,"date":"2025-04-03T14:11:09","date_gmt":"2025-04-03T12:11:09","guid":{"rendered":"https:\/\/secureus.se\/apollo-pp2147-orbis-series-timesaver-detektorbas-med-rela\/"},"modified":"2026-03-27T09:51:46","modified_gmt":"2026-03-27T08:51:46","slug":"apollo-pp2147-orbis-series-timesaver-detektorbas-med-rela","status":"publish","type":"product","link":"https:\/\/secureus.se\/fi\/apollo-pp2147-orbis-series-timesaver-detektorbas-med-rela\/","title":{"rendered":"Apollo PP2147 Orbis -sarjan TimeSaver-tunnistinjalusta releell\u00e4"},"content":{"rendered":"<h1>Apollo PP2147 Orbis -sarjan TimeSaver-tunnistinjalusta releell\u00e4<\/h1>\n<p class=\"\" data-start=\"501\" data-end=\"880\">Apollo Orbis TimeSaver Detector Base releell\u00e4 on suunniteltu virtaviivaistamaan paloilmaisimien asennusta ja k\u00e4ytt\u00f6\u00e4.<\/p>\n<p class=\"\" data-start=\"501\" data-end=\"880\">Pohja on varustettu ryhmitellyill\u00e4 liittimill\u00e4, jotka yksinkertaistavat johdotusta ja asennusta, sek\u00e4 kahdella kiinnityspisteell\u00e4 ja LED-kohdistusmerkill\u00e4, jonka avulla asentajat voivat helposti asentaa ja kalibroida ilmaisimia oikein.<\/p>\n<p class=\"\" data-start=\"882\" data-end=\"1308\">Pohjassa olevassa releess\u00e4 on yksinapainen, j\u00e4nnitteet\u00f6n vaihtokosketin, joka aktivoituu, kun ilmaisin siirtyy h\u00e4lytystilaan.<\/p>\n<p class=\"\" data-start=\"882\" data-end=\"1308\">T\u00e4m\u00e4 mahdollistaa yhteyden ulkoisiin laitteisiin ja j\u00e4rjestelmiin, ja rele pysyy aktivoituna, kunnes ilmaisin nollataan.<\/p>\n<p class=\"\" data-start=\"882\" data-end=\"1308\">Alustassa on my\u00f6s jatkuvuuslinkki, joka helpottaa vy\u00f6hykekaapeleiden j\u00e4nnitetestausta ennen k\u00e4ytt\u00f6\u00f6nottoa ja varmistaa, ett\u00e4 kaikki liit\u00e4nn\u00e4t toimivat kunnolla ennen j\u00e4rjestelm\u00e4n k\u00e4ytt\u00f6\u00f6nottoa.<\/p>\n<p class=\"\" data-start=\"1310\" data-end=\"1522\">Pohja on valmistettu polykarbonaatista, mik\u00e4 tekee siit\u00e4 kest\u00e4v\u00e4n ja ymp\u00e4rist\u00f6yst\u00e4v\u00e4llisen.<\/p>\n<p class=\"\" data-start=\"1310\" data-end=\"1522\">Se on CE-merkitty ja sill\u00e4 on 10 vuoden takuu, mik\u00e4 varmistaa palonhavaitsemisj\u00e4rjestelm\u00e4n pitk\u00e4aikaisen suorituskyvyn ja luotettavuuden.<\/p>\n<p class=\"\" data-start=\"1524\" data-end=\"1554\"><strong data-start=\"1524\" data-end=\"1552\">P\u00e4\u00e4ominaisuudet:<\/strong><\/p>\n<ul data-start=\"1555\" data-end=\"1960\">\n<li class=\"\" data-start=\"1555\" data-end=\"1604\">\n<p class=\"\" data-start=\"1557\" data-end=\"1604\">Ryhmitetyt liittimet helpottavat johdotusta<\/p>\n<\/li>\n<li class=\"\" data-start=\"1605\" data-end=\"1672\">\n<p class=\"\" data-start=\"1607\" data-end=\"1672\">Kaksi kiinnityspistett\u00e4 ja LED-kohdistusmerkki helpottavat asennusta<\/p>\n<\/li>\n<li class=\"\" data-start=\"1673\" data-end=\"1754\">\n<p class=\"\" data-start=\"1675\" data-end=\"1754\">Yksinapainen kytkent\u00e4kosketin ulkoisille laitteille (voi kytke\u00e4 jopa 30 V 1A j\u00e4nnitteell\u00e4)<\/p>\n<\/li>\n<li class=\"\" data-start=\"1755\" data-end=\"1811\">\n<p class=\"\" data-start=\"1757\" data-end=\"1811\">Ohje kaapelin kuorimiseen ja ilmaisimen lukitusmekanismiin<\/p>\n<\/li>\n<li class=\"\" data-start=\"1812\" data-end=\"1886\">\n<p class=\"\" data-start=\"1814\" data-end=\"1886\">Jatkuvuuslinkki vy\u00f6hykekaapeleiden j\u00e4nnitetestaukseen ennen k\u00e4ytt\u00f6\u00f6nottoa<\/p>\n<\/li>\n<li class=\"\" data-start=\"1887\" data-end=\"1925\">\n<p class=\"\" data-start=\"1889\" data-end=\"1925\">CE-merkint\u00e4 ja ymp\u00e4rist\u00f6yst\u00e4v\u00e4llinen muotoilu<\/p>\n<\/li>\n<li class=\"\" data-start=\"1926\" data-end=\"1960\">\n<p class=\"\" data-start=\"1928\" data-end=\"1960\">Yhteensopiva savunilmaisimien kanssa<\/p>\n<\/li>\n<\/ul>\n<p class=\"\" data-start=\"1962\" data-end=\"1993\"><strong data-start=\"1962\" data-end=\"1991\">Tekniset tiedot:<\/strong><\/p>\n<ul data-start=\"1994\" data-end=\"2130\">\n<li class=\"\" data-start=\"1994\" data-end=\"2011\">\n<p class=\"\" data-start=\"1996\" data-end=\"2011\">Syvyys: 23,5 mm<\/p>\n<\/li>\n<li class=\"\" data-start=\"2012\" data-end=\"2028\">\n<p class=\"\" data-start=\"2014\" data-end=\"2028\">V\u00e4ri: hopea<\/p>\n<\/li>\n<li class=\"\" data-start=\"2029\" data-end=\"2056\">\n<p class=\"\" data-start=\"2031\" data-end=\"2056\">Materiaali: Polykarbonaatti<\/p>\n<\/li>\n<li class=\"\" data-start=\"2057\" data-end=\"2078\">\n<p class=\"\" data-start=\"2059\" data-end=\"2078\">Takuuaika: 10 vuotta<\/p>\n<\/li>\n<li class=\"\" data-start=\"2079\" data-end=\"2110\">\n<p class=\"\" data-start=\"2081\" data-end=\"2110\">Sertifikaatit: CE-merkint\u00e4<\/p>\n<\/li>\n<li class=\"\" data-start=\"2111\" data-end=\"2130\">\n<p class=\"\" data-start=\"2113\" data-end=\"2130\">Ymp\u00e4rist\u00f6yst\u00e4v\u00e4llinen: Kyll\u00e4<\/p>\n<\/li>\n<\/ul>","protected":false},"excerpt":{"rendered":"<p>Apollo Orbis TimeSaver Detector Base releell\u00e4 tarjoaa yksinkertaisen ja nopean asennusratkaisun ryhmiteltyill\u00e4 liittimill\u00e4 johdotusta varten, kahdella kiinnityspisteell\u00e4 ja LED-kohdistusmerkill\u00e4.<\/p>\n<p>Rele aktivoituu, kun ilmaisin menee h\u00e4lytystilaan, jolloin ulkoisten laitteiden liitt\u00e4minen on helppoa.<\/p>","protected":false},"featured_media":149997,"template":"","meta":{"_acf_changed":false},"product_brand":[],"product_cat":[4749],"product_tag":[],"class_list":{"0":"post-149998","1":"product","2":"type-product","3":"status-publish","4":"has-post-thumbnail","6":"product_cat-orbis-serien","7":"pa_brands-apollo-fire-detectors","8":"tm-no-options","10":"first","11":"instock","12":"sale","13":"taxable","14":"shipping-taxable","15":"purchasable","16":"product-type-simple"},"acf":[],"_links":{"self":[{"href":"https:\/\/secureus.se\/fi\/wp-json\/wp\/v2\/product\/149998","targetHints":{"allow":["GET"]}}],"collection":[{"href":"https:\/\/secureus.se\/fi\/wp-json\/wp\/v2\/product"}],"about":[{"href":"https:\/\/secureus.se\/fi\/wp-json\/wp\/v2\/types\/product"}],"wp:featuredmedia":[{"embeddable":true,"href":"https:\/\/secureus.se\/fi\/wp-json\/wp\/v2\/media\/149997"}],"wp:attachment":[{"href":"https:\/\/secureus.se\/fi\/wp-json\/wp\/v2\/media?parent=149998"}],"wp:term":[{"taxonomy":"product_brand","embeddable":true,"href":"https:\/\/secureus.se\/fi\/wp-json\/wp\/v2\/product_brand?post=149998"},{"taxonomy":"product_cat","embeddable":true,"href":"https:\/\/secureus.se\/fi\/wp-json\/wp\/v2\/product_cat?post=149998"},{"taxonomy":"product_tag","embeddable":true,"href":"https:\/\/secureus.se\/fi\/wp-json\/wp\/v2\/product_tag?post=149998"}],"curies":[{"name":"wp","href":"https:\/\/api.w.org\/{rel}","templated":true}]}}