{"id":150008,"date":"2025-04-03T14:07:48","date_gmt":"2025-04-03T12:07:48","guid":{"rendered":"https:\/\/secureus.se\/apollo-55000-001apo-xp95-series-isolerande-hogtalar-for-oppet-omrade-100db-a-inomhusbruk-en-54-3-kompatibel-rod\/"},"modified":"2026-04-01T15:54:58","modified_gmt":"2026-04-01T13:54:58","slug":"apollo-55000-001apo-xp95-series-isolerande-hogtalar-for-oppet-omrade-100db-a-inomhusbruk-en-54-3-kompatibel-rod","status":"publish","type":"product","link":"https:\/\/secureus.se\/fi\/apollo-55000-001apo-xp95-series-isolerande-hogtalar-for-oppet-omrade-100db-a-inomhusbruk-en-54-3-kompatibel-rod\/","title":{"rendered":"Apollo 55000-001APO XP95 -sarjan avoimen alueen erist\u00e4v\u00e4 kaiutin 100 dB A, sis\u00e4k\u00e4ytt\u00f6, EN 54-3 -yhteensopiva, punainen"},"content":{"rendered":"<h1>Apollo 55000-001APO XP95 -sarjan avoimen alueen erist\u00e4v\u00e4 kaiutin 100 dB A, sis\u00e4k\u00e4ytt\u00f6, EN 54-3 -yhteensopiva, punainen<\/h1>\n<p class=\"\" data-start=\"494\" data-end=\"923\">Apollo XP95 -sarjan erist\u00e4v\u00e4 kaiutin on korkealaatuinen \u00e4\u00e4nivaroitusratkaisu avoimille alueille, ja se on suunniteltu kytkett\u00e4v\u00e4ksi XP95- ja Discovery-j\u00e4rjestelmiin.<\/p>\n<p class=\"\" data-start=\"494\" data-end=\"923\">Siin\u00e4 on kolme valittavissa olevaa \u00e4\u00e4nt\u00e4: Apollo, hidas hurra ja DIN, mik\u00e4 mahdollistaa varoitussignaalien r\u00e4\u00e4t\u00e4l\u00f6innin erityyppisiin paloh\u00e4lytysj\u00e4rjestelmiin.<\/p>\n<p class=\"\" data-start=\"494\" data-end=\"923\">Se voi s\u00e4\u00e4t\u00e4\u00e4 \u00e4\u00e4nitason joko 92dB(A) tai 100dB(A) tarpeiden mukaan.<\/p>\n<p class=\"\" data-start=\"925\" data-end=\"1300\">Eristetty basso (4\u2033) tekee siit\u00e4 ihanteellisen k\u00e4ytett\u00e4v\u00e4ksi, kun \u00e4\u00e4nt\u00e4 t\u00e4ytyy levitt\u00e4\u00e4 suurille alueille.<\/p>\n<p class=\"\" data-start=\"925\" data-end=\"1300\">Tuote on EN 54-3 -yhteensopiva ja se on rakennettu tarjoamaan luotettavaa suorituskyky\u00e4 vaativissakin ymp\u00e4rist\u00f6iss\u00e4.<\/p>\n<p class=\"\" data-start=\"925\" data-end=\"1300\">Se on helppo asentaa &quot;Plug and Play&quot; -liit\u00e4nn\u00e4n ansiosta ja se voidaan synkronoida muiden samassa silmukassa olevien laitteiden kanssa varmistaakseen, ett\u00e4 h\u00e4lytys\u00e4\u00e4net eiv\u00e4t sekoitu.<\/p>\n<p data-start=\"925\" data-end=\"1300\">Punainen viimeistely helpottaa tunnistamista h\u00e4t\u00e4tilanteissa, ja 10 vuoden takuulla se tarjoaa pitk\u00e4kestoisen turvallisuuden mille tahansa paloh\u00e4lytysj\u00e4rjestelm\u00e4lle.<\/p>\n<p class=\"\" data-start=\"1451\" data-end=\"1481\"><strong data-start=\"1451\" data-end=\"1479\">P\u00e4\u00e4ominaisuudet:<\/strong><\/p>\n<ul data-start=\"1482\" data-end=\"1752\">\n<li class=\"\" data-start=\"1482\" data-end=\"1527\">\n<p class=\"\" data-start=\"1484\" data-end=\"1527\">Valittavissa olevat \u00e4\u00e4nenvoimakkuustasot: 92dB(A) ja 100dB(A)<\/p>\n<\/li>\n<li class=\"\" data-start=\"1528\" data-end=\"1572\">\n<p class=\"\" data-start=\"1530\" data-end=\"1572\">Kolme \u00e4\u00e4nt\u00e4: Apollo, hidas oho ja DIN<\/p>\n<\/li>\n<li class=\"\" data-start=\"1573\" data-end=\"1634\">\n<p class=\"\" data-start=\"1575\" data-end=\"1634\">\u00c4\u00e4nien synkronointi h\u00e4lytysten sekoittumisen v\u00e4ltt\u00e4miseksi<\/p>\n<\/li>\n<li class=\"\" data-start=\"1635\" data-end=\"1657\">\n<p class=\"\" data-start=\"1637\" data-end=\"1657\">EN 54-3 yhteensopiva<\/p>\n<\/li>\n<li class=\"\" data-start=\"1658\" data-end=\"1677\">\n<p class=\"\" data-start=\"1660\" data-end=\"1677\">Eristetty 4\u2033 pohja<\/p>\n<\/li>\n<li class=\"\" data-start=\"1678\" data-end=\"1720\">\n<p class=\"\" data-start=\"1680\" data-end=\"1720\">Toimii XP95- ja Discovery-j\u00e4rjestelmien kanssa<\/p>\n<\/li>\n<li class=\"\" data-start=\"1721\" data-end=\"1752\">\n<p class=\"\" data-start=\"1723\" data-end=\"1752\">CE-merkitty ja 10 vuoden takuu<\/p>\n<\/li>\n<\/ul>\n<p class=\"\" data-start=\"1754\" data-end=\"1785\"><strong data-start=\"1754\" data-end=\"1783\">Tekniset tiedot:<\/strong><\/p>\n<ul data-start=\"1786\" data-end=\"2029\">\n<li class=\"\" data-start=\"1786\" data-end=\"1799\">\n<p class=\"\" data-start=\"1788\" data-end=\"1799\">V\u00e4ri: punainen<\/p>\n<\/li>\n<li class=\"\" data-start=\"1800\" data-end=\"1844\">\n<p class=\"\" data-start=\"1802\" data-end=\"1844\">Mitat: 104 mm (halkaisija) x 97,5 mm (korkeus)<\/p>\n<\/li>\n<li class=\"\" data-start=\"1845\" data-end=\"1860\">\n<p class=\"\" data-start=\"1847\" data-end=\"1860\">Paino: 225g<\/p>\n<\/li>\n<li class=\"\" data-start=\"1861\" data-end=\"1889\">\n<p class=\"\" data-start=\"1863\" data-end=\"1889\">Virtal\u00e4hde: 28V DC<\/p>\n<\/li>\n<li class=\"\" data-start=\"1890\" data-end=\"1910\">\n<p class=\"\" data-start=\"1892\" data-end=\"1910\">\u00c4\u00e4nitaso: 100 dB<\/p>\n<\/li>\n<li class=\"\" data-start=\"1911\" data-end=\"1952\">\n<p class=\"\" data-start=\"1913\" data-end=\"1952\">L\u00e4mp\u00f6tila-alue: -10\u00b0C - +55\u00b0C<\/p>\n<\/li>\n<li class=\"\" data-start=\"1953\" data-end=\"1980\">\n<p class=\"\" data-start=\"1955\" data-end=\"1980\">IP-luokitus: IP65<\/p>\n<\/li>\n<li class=\"\" data-start=\"1981\" data-end=\"2007\">\n<p class=\"\" data-start=\"1983\" data-end=\"2007\">Materiaali: Polykarbonaatti<\/p>\n<\/li>\n<li class=\"\" data-start=\"2008\" data-end=\"2029\">\n<p class=\"\" data-start=\"2010\" data-end=\"2029\">Takuuaika: 10 vuotta<\/p>\n<\/li>\n<\/ul>","protected":false},"excerpt":{"rendered":"<p>Apollo XP95 -sarjan eristyskaiuttimet tarjoavat valittavissa olevat \u00e4\u00e4nenvoimakkuustasot (92 dB(A) ja 100 dB(A)) ja 4 tuuman eristetyn bassokaiuttimen k\u00e4ytett\u00e4v\u00e4ksi avoimissa tiloissa.<\/p>\n<p>Se on EN 54-17 -yhteensopiva ja toimii sek\u00e4 Discovery- ett\u00e4 XP95-j\u00e4rjestelmiss\u00e4.<\/p>","protected":false},"featured_media":150007,"template":"","meta":{"_acf_changed":false},"product_brand":[],"product_cat":[4751,4748],"product_tag":[],"class_list":{"0":"post-150008","1":"product","2":"type-product","3":"status-publish","4":"has-post-thumbnail","6":"product_cat-xp95-serien","7":"product_cat-discovery-serien","8":"pa_brands-apollo-fire-detectors","9":"tm-no-options","11":"first","12":"instock","13":"sale","14":"taxable","15":"shipping-taxable","16":"purchasable","17":"product-type-simple"},"acf":[],"_links":{"self":[{"href":"https:\/\/secureus.se\/fi\/wp-json\/wp\/v2\/product\/150008","targetHints":{"allow":["GET"]}}],"collection":[{"href":"https:\/\/secureus.se\/fi\/wp-json\/wp\/v2\/product"}],"about":[{"href":"https:\/\/secureus.se\/fi\/wp-json\/wp\/v2\/types\/product"}],"wp:featuredmedia":[{"embeddable":true,"href":"https:\/\/secureus.se\/fi\/wp-json\/wp\/v2\/media\/150007"}],"wp:attachment":[{"href":"https:\/\/secureus.se\/fi\/wp-json\/wp\/v2\/media?parent=150008"}],"wp:term":[{"taxonomy":"product_brand","embeddable":true,"href":"https:\/\/secureus.se\/fi\/wp-json\/wp\/v2\/product_brand?post=150008"},{"taxonomy":"product_cat","embeddable":true,"href":"https:\/\/secureus.se\/fi\/wp-json\/wp\/v2\/product_cat?post=150008"},{"taxonomy":"product_tag","embeddable":true,"href":"https:\/\/secureus.se\/fi\/wp-json\/wp\/v2\/product_tag?post=150008"}],"curies":[{"name":"wp","href":"https:\/\/api.w.org\/{rel}","templated":true}]}}