{"id":150010,"date":"2025-04-03T14:07:47","date_gmt":"2025-04-03T12:07:47","guid":{"rendered":"https:\/\/secureus.se\/apollo-45681-276apo-xp95-series-monteringsbas-for-kompletterande-flertonljudgivare-85db-a-inomhusbruk-en54-3-kompatibel-vit\/"},"modified":"2026-03-27T11:02:48","modified_gmt":"2026-03-27T10:02:48","slug":"apollo-45681-276apo-xp95-series-monteringsbas-for-kompletterande-flertonljudgivare-85db-a-inomhusbruk-en54-3-kompatibel-vit","status":"publish","type":"product","link":"https:\/\/secureus.se\/fi\/apollo-45681-276apo-xp95-series-monteringsbas-for-kompletterande-flertonljudgivare-85db-a-inomhusbruk-en54-3-kompatibel-vit\/","title":{"rendered":"Apollo 45681-276APO XP95 -sarja, Asennusalusta t\u00e4ydent\u00e4v\u00e4lle moni\u00e4\u00e4nikaiuttimelle 85 dB A, sis\u00e4k\u00e4ytt\u00f6, EN54-3-yhteensopiva, valkoinen"},"content":{"rendered":"<h1>Apollo 45681-276APO XP95 -sarja, Asennusalusta t\u00e4ydent\u00e4v\u00e4lle moni\u00e4\u00e4nikaiuttimelle 85 dB A, sis\u00e4k\u00e4ytt\u00f6, EN54-3-yhteensopiva, valkoinen<\/h1>\n<p class=\"\" data-start=\"554\" data-end=\"996\">Apollo XP95 Ancillary Base Sounder on paikallisk\u00e4ytt\u00f6inen kaikuluotain, joka on suunniteltu sis\u00e4tiloihin.<\/p>\n<p class=\"\" data-start=\"554\" data-end=\"996\">Se on yhteensopiva XP95-, Discovery- ja Soteria-ilmaisimien kanssa, ja sit\u00e4 ohjataan ohjauspaneelista silmukan kautta.<\/p>\n<p class=\"\" data-start=\"554\" data-end=\"996\">\u00c4\u00e4nil\u00e4hettimen taattu \u00e4\u00e4nitaso on 85 dB(A) 1 metrin et\u00e4isyydell\u00e4 ja se k\u00e4ytt\u00e4\u00e4 vain 3 mA virtaa, joten samaan silmukkaan voidaan liitt\u00e4\u00e4 jopa 126 \u00e4\u00e4nil\u00e4hetint\u00e4.<\/p>\n<p class=\"\" data-start=\"998\" data-end=\"1400\">T\u00e4m\u00e4 laite on varustettu s\u00e4\u00e4dett\u00e4v\u00e4ll\u00e4 \u00e4\u00e4nenvoimakkuuden s\u00e4\u00e4timell\u00e4, jonka avulla \u00e4\u00e4nitaso voidaan s\u00e4\u00e4t\u00e4\u00e4 v\u00e4lill\u00e4 70 dB(A) - 85 dB(A). \u00c4\u00e4nisignaali on vuorotellen 990 Hz ja 630 Hz 0,5 sekunnin ajan, mik\u00e4 tekee siit\u00e4 tehokkaan varoituksen eri h\u00e4t\u00e4tilanteissa.<\/p>\n<p class=\"\" data-start=\"998\" data-end=\"1400\">Koska laite reagoi siihen liittyv\u00e4n ilmaisimen tai majakan signaaleihin, se ei vaadi omaa osoitetta, mik\u00e4 yksinkertaistaa asennusta.<\/p>\n<p class=\"\" data-start=\"1402\" data-end=\"1565\">K\u00e4ytt\u00f6l\u00e4mp\u00f6tila-alueella -20\u00b0C - +60\u00b0C ja IP23D-luokituksensa ansiosta t\u00e4m\u00e4 \u00e4\u00e4nil\u00e4hetin on luotettava ja kest\u00e4v\u00e4 k\u00e4ytett\u00e4v\u00e4ksi erilaisissa sis\u00e4ymp\u00e4rist\u00f6iss\u00e4.<\/p>\n<p class=\"\" data-start=\"1567\" data-end=\"1597\"><strong data-start=\"1567\" data-end=\"1595\">P\u00e4\u00e4ominaisuudet:<\/strong><\/p>\n<ul data-start=\"1598\" data-end=\"1906\">\n<li class=\"\" data-start=\"1598\" data-end=\"1641\">\n<p class=\"\" data-start=\"1600\" data-end=\"1641\">\u00c4\u00e4nitaso: 85 dB(A) 1 metrin et\u00e4isyydell\u00e4<\/p>\n<\/li>\n<li class=\"\" data-start=\"1642\" data-end=\"1668\">\n<p class=\"\" data-start=\"1644\" data-end=\"1668\">Virrankulutus: 3 mA<\/p>\n<\/li>\n<li class=\"\" data-start=\"1669\" data-end=\"1722\">\n<p class=\"\" data-start=\"1671\" data-end=\"1722\">Silmukkak\u00e4ytt\u00f6inen, ei vaadi ulkoista virtal\u00e4hdett\u00e4<\/p>\n<\/li>\n<li class=\"\" data-start=\"1723\" data-end=\"1770\">\n<p class=\"\" data-start=\"1725\" data-end=\"1770\">S\u00e4\u00e4dett\u00e4v\u00e4 \u00e4\u00e4nenvoimakkuus 70 dB(A) - 85 dB(A)<\/p>\n<\/li>\n<li class=\"\" data-start=\"1771\" data-end=\"1816\">\n<p class=\"\" data-start=\"1773\" data-end=\"1816\">Vaihtelevat \u00e4\u00e4nitaajuudet: 990 Hz ja 630 Hz<\/p>\n<\/li>\n<li class=\"\" data-start=\"1817\" data-end=\"1870\">\n<p class=\"\" data-start=\"1819\" data-end=\"1870\">Yhteensopiva XP95-, Discovery- ja Soteria-j\u00e4rjestelmien kanssa<\/p>\n<\/li>\n<li class=\"\" data-start=\"1871\" data-end=\"1906\">\n<p class=\"\" data-start=\"1873\" data-end=\"1906\">CE-merkitty ja EN 54-3 yhteensopiva<\/p>\n<\/li>\n<\/ul>\n<p class=\"\" data-start=\"1908\" data-end=\"1939\"><strong data-start=\"1908\" data-end=\"1937\">Tekniset tiedot:<\/strong><\/p>\n<ul data-start=\"1940\" data-end=\"2161\">\n<li class=\"\" data-start=\"1940\" data-end=\"1953\">\n<p class=\"\" data-start=\"1942\" data-end=\"1953\">V\u00e4ri: Valkoinen<\/p>\n<\/li>\n<li class=\"\" data-start=\"1954\" data-end=\"1996\">\n<p class=\"\" data-start=\"1956\" data-end=\"1996\">Mitat: 115 mm (halkaisija) x 38 mm (korkeus)<\/p>\n<\/li>\n<li class=\"\" data-start=\"1997\" data-end=\"2012\">\n<p class=\"\" data-start=\"1999\" data-end=\"2012\">Paino: 140g<\/p>\n<\/li>\n<li class=\"\" data-start=\"2013\" data-end=\"2041\">\n<p class=\"\" data-start=\"2015\" data-end=\"2041\">Virtal\u00e4hde: 28V DC<\/p>\n<\/li>\n<li class=\"\" data-start=\"2042\" data-end=\"2083\">\n<p class=\"\" data-start=\"2044\" data-end=\"2083\">L\u00e4mp\u00f6tila-alue: -20\u00b0C - +60\u00b0C<\/p>\n<\/li>\n<li class=\"\" data-start=\"2084\" data-end=\"2112\">\n<p class=\"\" data-start=\"2086\" data-end=\"2112\">IP-luokitus: IP23D<\/p>\n<\/li>\n<li class=\"\" data-start=\"2113\" data-end=\"2139\">\n<p class=\"\" data-start=\"2115\" data-end=\"2139\">Materiaali: Polykarbonaatti<\/p>\n<\/li>\n<li class=\"\" data-start=\"2140\" data-end=\"2161\">\n<p class=\"\" data-start=\"2142\" data-end=\"2161\">Takuuaika: 10 vuotta<\/p>\n<\/li>\n<\/ul>","protected":false},"excerpt":{"rendered":"<p>Apollo XP95 -asennusalusta t\u00e4ydent\u00e4ville moni\u00e4\u00e4nih\u00e4lyttimille tarjoaa 85 dB(A) \u00e4\u00e4nitason 1 metrin et\u00e4isyydell\u00e4 ja vain 3 mA virrankulutuksen.<\/p>\n<p>T\u00e4m\u00e4 sis\u00e4k\u00e4ytt\u00f6\u00f6n suunniteltu basso toimii XP95-, Discovery- ja Soteria-j\u00e4rjestelmiss\u00e4 ja siin\u00e4 on s\u00e4\u00e4dett\u00e4v\u00e4 \u00e4\u00e4nenvoimakkuuden s\u00e4\u00e4t\u00f6.<\/p>","protected":false},"featured_media":150009,"template":"","meta":{"_acf_changed":false},"product_brand":[],"product_cat":[4751],"product_tag":[],"class_list":{"0":"post-150010","1":"product","2":"type-product","3":"status-publish","4":"has-post-thumbnail","6":"product_cat-xp95-serien","7":"pa_brands-apollo-fire-detectors","8":"tm-no-options","10":"first","11":"instock","12":"sale","13":"taxable","14":"shipping-taxable","15":"purchasable","16":"product-type-simple"},"acf":[],"_links":{"self":[{"href":"https:\/\/secureus.se\/fi\/wp-json\/wp\/v2\/product\/150010","targetHints":{"allow":["GET"]}}],"collection":[{"href":"https:\/\/secureus.se\/fi\/wp-json\/wp\/v2\/product"}],"about":[{"href":"https:\/\/secureus.se\/fi\/wp-json\/wp\/v2\/types\/product"}],"wp:featuredmedia":[{"embeddable":true,"href":"https:\/\/secureus.se\/fi\/wp-json\/wp\/v2\/media\/150009"}],"wp:attachment":[{"href":"https:\/\/secureus.se\/fi\/wp-json\/wp\/v2\/media?parent=150010"}],"wp:term":[{"taxonomy":"product_brand","embeddable":true,"href":"https:\/\/secureus.se\/fi\/wp-json\/wp\/v2\/product_brand?post=150010"},{"taxonomy":"product_cat","embeddable":true,"href":"https:\/\/secureus.se\/fi\/wp-json\/wp\/v2\/product_cat?post=150010"},{"taxonomy":"product_tag","embeddable":true,"href":"https:\/\/secureus.se\/fi\/wp-json\/wp\/v2\/product_tag?post=150010"}],"curies":[{"name":"wp","href":"https:\/\/api.w.org\/{rel}","templated":true}]}}