{"id":150012,"date":"2025-04-03T14:07:44","date_gmt":"2025-04-03T12:07:44","guid":{"rendered":"https:\/\/secureus.se\/apollo-45681-331apo-xp95-series-loop-powered-sounder-beacon-base-91db-a-rod-blixt-och-vit-kropp\/"},"modified":"2026-04-16T15:40:54","modified_gmt":"2026-04-16T13:40:54","slug":"apollo-45681-331apo-xp95-series-loop-powered-sounder-beacon-base-91db-a-rod-blixt-och-vit-kropp","status":"publish","type":"product","link":"https:\/\/secureus.se\/fi\/apollo-45681-331apo-xp95-series-loop-powered-sounder-beacon-base-91db-a-rod-blixt-och-vit-kropp\/","title":{"rendered":"Apollo 45681-331APO XP95 -sarjan silmukkak\u00e4ytt\u00f6inen kaikuluotaimen pohja, 91 dB A, punainen salama ja valkoinen runko"},"content":{"rendered":"<h1>Apollo 45681-331APO XP95 -sarjan silmukkak\u00e4ytt\u00f6inen kaikuluotaimen pohja, 91 dB A, punainen salama ja valkoinen runko<\/h1>\n<p>Apollo XP95 Sounder Beacon Base on silmukkak\u00e4ytt\u00f6inen \u00e4\u00e4nimerkki ja visuaalinen ilmaisin, joka yhdistyy tavalliseen ilmaisimien kiinnitysalustaan.<\/p>\n<p>Se on suunniteltu ilmoittamaan paloh\u00e4lytyksest\u00e4 suljetuissa tiloissa, ja sen \u00e4\u00e4nitaso on 91 dB(A) sek\u00e4 visuaalinen merkkivalo, joka vilkkuu kerran sekunnissa.<\/p>\n<p>Valo- ja \u00e4\u00e4nimerkit voidaan synkronoida ilmoittamaan varoituksista ja evakuoinnista, mik\u00e4 varmistaa, ett\u00e4 signaalit ovat selkeit\u00e4 ja johdonmukaisia.<\/p>\n<p>T\u00e4t\u00e4 laitetta voidaan k\u00e4sitell\u00e4 sek\u00e4 yksil\u00f6llisesti ett\u00e4 ryhmiss\u00e4, mik\u00e4 tekee siit\u00e4 helppoa hallita suuria asennuksia ja luoda tehokkaita varoitusj\u00e4rjestelmi\u00e4.<\/p>\n<p>Lis\u00e4ksi se tarjoaa ainutlaatuisen itsetestin sek\u00e4 akustisille ett\u00e4 visuaalisille indikaattoreille, mik\u00e4 helpottaa sek\u00e4 asennusta ett\u00e4 huoltoa.<\/p>\n<p>Sounder Beacon Base on suunniteltu k\u00e4ytett\u00e4v\u00e4ksi XP95- ja Discovery-j\u00e4rjestelmien kanssa ja toimii optimaalisesti, kun se on liitetty ohjauspaneeleihin sopivalla ohjelmistolla.<\/p>\n<p>K\u00e4ytt\u00f6l\u00e4mp\u00f6tila-alueella -20 \u00b0C - +60 \u00b0C ja IP21C-luokitus, se on riitt\u00e4v\u00e4n kest\u00e4v\u00e4 sis\u00e4k\u00e4ytt\u00f6\u00f6n useimmissa ymp\u00e4rist\u00f6iss\u00e4, ja sill\u00e4 on 10 vuoden takuu pitk\u00e4kestoiselle suorituskyvylle.<\/p>\n<p class=\"\" data-start=\"1624\" data-end=\"1654\"><strong data-start=\"1624\" data-end=\"1652\">P\u00e4\u00e4ominaisuudet:<\/strong><\/p>\n<ul data-start=\"1655\" data-end=\"1907\">\n<li class=\"\" data-start=\"1655\" data-end=\"1677\">\n<p class=\"\" data-start=\"1657\" data-end=\"1677\">\u00c4\u00e4nitaso: 91 dB(A)<\/p>\n<\/li>\n<li class=\"\" data-start=\"1678\" data-end=\"1726\">\n<p class=\"\" data-start=\"1680\" data-end=\"1726\">Visuaalinen merkkivalo vilkkuu kerran sekunnissa<\/p>\n<\/li>\n<li class=\"\" data-start=\"1727\" data-end=\"1785\">\n<p class=\"\" data-start=\"1729\" data-end=\"1785\">H\u00e4lytys\u00e4\u00e4nien ja visuaalisen merkkivalon synkronointi<\/p>\n<\/li>\n<li class=\"\" data-start=\"1786\" data-end=\"1822\">\n<p class=\"\" data-start=\"1788\" data-end=\"1822\">Yksil\u00f6- ja ryhm\u00e4osoitus<\/p>\n<\/li>\n<li class=\"\" data-start=\"1823\" data-end=\"1873\">\n<p class=\"\" data-start=\"1825\" data-end=\"1873\">Ainutlaatuinen \u00e4\u00e4nen ja visuaalisen ilmaisimen itsetesti<\/p>\n<\/li>\n<li class=\"\" data-start=\"1874\" data-end=\"1907\">\n<p class=\"\" data-start=\"1876\" data-end=\"1907\">CE-merkitty ja EN 54-3 yhteensopiva<\/p>\n<\/li>\n<\/ul>\n<p class=\"\" data-start=\"1909\" data-end=\"1940\"><strong data-start=\"1909\" data-end=\"1938\">Tekniset tiedot:<\/strong><\/p>\n<ul data-start=\"1941\" data-end=\"2151\">\n<li class=\"\" data-start=\"1941\" data-end=\"1974\">\n<p class=\"\" data-start=\"1943\" data-end=\"1974\">V\u00e4ri: punainen salama ja valkoinen runko<\/p>\n<\/li>\n<li class=\"\" data-start=\"1975\" data-end=\"1990\">\n<p class=\"\" data-start=\"1977\" data-end=\"1990\">Syvyys: 38 mm<\/p>\n<\/li>\n<li class=\"\" data-start=\"1991\" data-end=\"2006\">\n<p class=\"\" data-start=\"1993\" data-end=\"2006\">Paino: 160g<\/p>\n<\/li>\n<li class=\"\" data-start=\"2007\" data-end=\"2035\">\n<p class=\"\" data-start=\"2009\" data-end=\"2035\">Tehokuvaus: 28V DC<\/p>\n<\/li>\n<li class=\"\" data-start=\"2036\" data-end=\"2058\">\n<p class=\"\" data-start=\"2038\" data-end=\"2058\">\u00c4\u00e4nitaso: 91 dB(A)<\/p>\n<\/li>\n<li class=\"\" data-start=\"2059\" data-end=\"2100\">\n<p class=\"\" data-start=\"2061\" data-end=\"2100\">L\u00e4mp\u00f6tila-alue: -20\u00b0C - +60\u00b0C<\/p>\n<\/li>\n<li class=\"\" data-start=\"2101\" data-end=\"2129\">\n<p class=\"\" data-start=\"2103\" data-end=\"2129\">IP-luokitus: IP21C<\/p>\n<\/li>\n<\/ul>","protected":false},"excerpt":{"rendered":"<p>Apollo XP95 Loop Powered Sounder Beacon Base tarjoaa \u00e4\u00e4nitason 91dB(A) ja visuaalisen ilmaisimen, joka vilkkuu sekunnissa.<\/p>\n<p>Se on ihanteellinen paloh\u00e4lytysten signalointiin suljetuissa tiloissa, ja se voidaan synkronoida muiden h\u00e4lytys\u00e4\u00e4nien ja valojen kanssa.<\/p>","protected":false},"featured_media":150011,"template":"","meta":{"_acf_changed":false},"product_brand":[],"product_cat":[4751],"product_tag":[],"class_list":{"0":"post-150012","1":"product","2":"type-product","3":"status-publish","4":"has-post-thumbnail","6":"product_cat-xp95-serien","7":"pa_brands-apollo-fire-detectors","8":"tm-no-options","10":"first","11":"instock","12":"taxable","13":"shipping-taxable","14":"purchasable","15":"product-type-simple"},"acf":[],"_links":{"self":[{"href":"https:\/\/secureus.se\/fi\/wp-json\/wp\/v2\/product\/150012","targetHints":{"allow":["GET"]}}],"collection":[{"href":"https:\/\/secureus.se\/fi\/wp-json\/wp\/v2\/product"}],"about":[{"href":"https:\/\/secureus.se\/fi\/wp-json\/wp\/v2\/types\/product"}],"wp:featuredmedia":[{"embeddable":true,"href":"https:\/\/secureus.se\/fi\/wp-json\/wp\/v2\/media\/150011"}],"wp:attachment":[{"href":"https:\/\/secureus.se\/fi\/wp-json\/wp\/v2\/media?parent=150012"}],"wp:term":[{"taxonomy":"product_brand","embeddable":true,"href":"https:\/\/secureus.se\/fi\/wp-json\/wp\/v2\/product_brand?post=150012"},{"taxonomy":"product_cat","embeddable":true,"href":"https:\/\/secureus.se\/fi\/wp-json\/wp\/v2\/product_cat?post=150012"},{"taxonomy":"product_tag","embeddable":true,"href":"https:\/\/secureus.se\/fi\/wp-json\/wp\/v2\/product_tag?post=150012"}],"curies":[{"name":"wp","href":"https:\/\/api.w.org\/{rel}","templated":true}]}}