{"id":150016,"date":"2025-04-03T14:07:43","date_gmt":"2025-04-03T12:07:43","guid":{"rendered":"https:\/\/secureus.se\/apollo-53832-070apo-minidisc-fjarrindikator-for-brandskyddssystem\/"},"modified":"2026-04-09T11:30:04","modified_gmt":"2026-04-09T09:30:04","slug":"apollo-53832-070apo-minidisc-fjarrindikator-for-brandskyddssystem","status":"publish","type":"product","link":"https:\/\/secureus.se\/fi\/apollo-53832-070apo-minidisc-fjarrindikator-for-brandskyddssystem\/","title":{"rendered":"Apollo 53832-070APO MiniDisc -kaukos\u00e4\u00e4din paloturvallisuusj\u00e4rjestelmille"},"content":{"rendered":"<h1>Apollo 53832-070APO MiniDisc -kaukos\u00e4\u00e4din paloturvallisuusj\u00e4rjestelmille<\/h1>\n<p class=\"\" data-start=\"490\" data-end=\"900\">Apollo MiniDisc Remote Indicator (53832-070APO) on kompakti ja huomaamaton, mik\u00e4 tekee siit\u00e4 ihanteellisen k\u00e4ytett\u00e4v\u00e4ksi palontorjuntaj\u00e4rjestelmiss\u00e4, joissa tilaa on rajoitetusti ja esteettisyys on t\u00e4rke\u00e4\u00e4.<\/p>\n<p class=\"\" data-start=\"490\" data-end=\"900\">Se on varustettu peukaloinninestoruuvilla, joka suojaa luvattomalta poistamiselta varmistaen, ett\u00e4 laite pysyy paikallaan ja toimii oikein h\u00e4t\u00e4tilanteissa.<\/p>\n<p class=\"\" data-start=\"902\" data-end=\"1236\">LED-valaistuksensa ansiosta se n\u00e4ytt\u00e4\u00e4 selke\u00e4sti visuaalisen j\u00e4rjestelm\u00e4n tilan, jolloin h\u00e4lytyksi\u00e4 tai muita asiaankuuluvia tietoja on helppo seurata.<\/p>\n<p class=\"\" data-start=\"902\" data-end=\"1236\">Se on yhteensopiva Apollo-ilmaisimien kanssa, kuten Series 65, AlarmSense, Orbis, XPlorer, XP95, Discovery ja IS Detectors, joten se on monipuolinen ja yhteensopiva useiden j\u00e4rjestelm\u00e4asennuksien kanssa.<\/p>\n<p class=\"\" data-start=\"1238\" data-end=\"1496\">5-36 V k\u00e4ytt\u00f6j\u00e4nnitteen ja kompaktin rakenteen ansiosta seinille helppo asentaa se on t\u00e4ydellinen ratkaisu palontorjuntaj\u00e4rjestelm\u00e4n parantamiseen vaikuttamatta visuaaliseen estetiikkaan.<\/p>\n<p class=\"\" data-start=\"1238\" data-end=\"1496\">Tuote on CE-merkitty ja sill\u00e4 on 10 vuoden takuu.<\/p>\n<p class=\"\" data-start=\"1498\" data-end=\"1528\"><strong data-start=\"1498\" data-end=\"1526\">P\u00e4\u00e4ominaisuudet:<\/strong><\/p>\n<ul data-start=\"1529\" data-end=\"1805\">\n<li class=\"\" data-start=\"1529\" data-end=\"1557\">\n<p class=\"\" data-start=\"1531\" data-end=\"1557\">Pieni ja huomaamaton muotoilu<\/p>\n<\/li>\n<li class=\"\" data-start=\"1558\" data-end=\"1624\">\n<p class=\"\" data-start=\"1560\" data-end=\"1624\">Peukaloinninestoruuvi suojaa luvattomalta poistamiselta<\/p>\n<\/li>\n<li class=\"\" data-start=\"1625\" data-end=\"1665\">\n<p class=\"\" data-start=\"1627\" data-end=\"1665\">LED-valaistus visuaaliseen ilmaisuun<\/p>\n<\/li>\n<li class=\"\" data-start=\"1666\" data-end=\"1698\">\n<p class=\"\" data-start=\"1668\" data-end=\"1698\">Sein\u00e4lle kiinnitett\u00e4v\u00e4 ja kevyt<\/p>\n<\/li>\n<li class=\"\" data-start=\"1699\" data-end=\"1776\">\n<p class=\"\" data-start=\"1701\" data-end=\"1776\">Yhteensopiva useiden Apollo-ilmaisimien kanssa, mukaan lukien XP95, Discovery ja muut<\/p>\n<\/li>\n<li class=\"\" data-start=\"1777\" data-end=\"1805\">\n<p class=\"\" data-start=\"1779\" data-end=\"1805\">CE-merkitty ja ymp\u00e4rist\u00f6yst\u00e4v\u00e4llinen<\/p>\n<\/li>\n<\/ul>\n<p class=\"\" data-start=\"1807\" data-end=\"1838\"><strong data-start=\"1807\" data-end=\"1836\">Tekniset tiedot:<\/strong><\/p>\n<ul data-start=\"1839\" data-end=\"2007\">\n<li class=\"\" data-start=\"1839\" data-end=\"1854\">\n<p class=\"\" data-start=\"1841\" data-end=\"1854\">Korkeus: 20 mm<\/p>\n<\/li>\n<li class=\"\" data-start=\"1855\" data-end=\"1869\">\n<p class=\"\" data-start=\"1857\" data-end=\"1869\">Paino: 50g<\/p>\n<\/li>\n<li class=\"\" data-start=\"1870\" data-end=\"1897\">\n<p class=\"\" data-start=\"1872\" data-end=\"1897\">Virtal\u00e4hde: 5-36V<\/p>\n<\/li>\n<li class=\"\" data-start=\"1898\" data-end=\"1965\">\n<p class=\"\" data-start=\"1900\" data-end=\"1965\">Ominaisuudet: Peukaloinninestoruuvi, LED-valaistus, Kompakti muotoilu<\/p>\n<\/li>\n<li class=\"\" data-start=\"1966\" data-end=\"1987\">\n<p class=\"\" data-start=\"1968\" data-end=\"1987\">Takuuaika: 10 vuotta<\/p>\n<\/li>\n<li class=\"\" data-start=\"1988\" data-end=\"2007\">\n<p class=\"\" data-start=\"1990\" data-end=\"2007\">Ymp\u00e4rist\u00f6yst\u00e4v\u00e4llinen: Kyll\u00e4<\/p>\n<\/li>\n<\/ul>","protected":false},"excerpt":{"rendered":"<p>Apollo MiniDisc -kaukos\u00e4\u00e4din on pieni ja huomaamaton ratkaisu palontorjuntaj\u00e4rjestelmiin.<\/p>\n<p>T\u00e4m\u00e4 ilmaisin on varustettu peukaloinninestoruuvilla, joka suojaa luvattomalta poistamiselta. Se sopii t\u00e4ydellisesti k\u00e4ytett\u00e4v\u00e4ksi Apollo-ilmaisimien kanssa ja varmistaa sek\u00e4 esteettisen ett\u00e4 toiminnallisen turvallisuuden.<\/p>","protected":false},"featured_media":150015,"template":"","meta":{"_acf_changed":false},"product_brand":[],"product_cat":[4751],"product_tag":[],"class_list":{"0":"post-150016","1":"product","2":"type-product","3":"status-publish","4":"has-post-thumbnail","6":"product_cat-xp95-serien","7":"pa_brands-apollo-fire-detectors","8":"tm-no-options","10":"first","11":"instock","12":"taxable","13":"shipping-taxable","14":"purchasable","15":"product-type-simple"},"acf":[],"_links":{"self":[{"href":"https:\/\/secureus.se\/fi\/wp-json\/wp\/v2\/product\/150016","targetHints":{"allow":["GET"]}}],"collection":[{"href":"https:\/\/secureus.se\/fi\/wp-json\/wp\/v2\/product"}],"about":[{"href":"https:\/\/secureus.se\/fi\/wp-json\/wp\/v2\/types\/product"}],"wp:featuredmedia":[{"embeddable":true,"href":"https:\/\/secureus.se\/fi\/wp-json\/wp\/v2\/media\/150015"}],"wp:attachment":[{"href":"https:\/\/secureus.se\/fi\/wp-json\/wp\/v2\/media?parent=150016"}],"wp:term":[{"taxonomy":"product_brand","embeddable":true,"href":"https:\/\/secureus.se\/fi\/wp-json\/wp\/v2\/product_brand?post=150016"},{"taxonomy":"product_cat","embeddable":true,"href":"https:\/\/secureus.se\/fi\/wp-json\/wp\/v2\/product_cat?post=150016"},{"taxonomy":"product_tag","embeddable":true,"href":"https:\/\/secureus.se\/fi\/wp-json\/wp\/v2\/product_tag?post=150016"}],"curies":[{"name":"wp","href":"https:\/\/api.w.org\/{rel}","templated":true}]}}