{"id":150024,"date":"2025-04-03T13:35:31","date_gmt":"2025-04-03T11:35:31","guid":{"rendered":"https:\/\/secureus.se\/apollo-55000-721mar-marine-isolator-negativ-vit\/"},"modified":"2026-04-09T11:30:49","modified_gmt":"2026-04-09T09:30:49","slug":"apollo-55000-721mar-marine-isolator-negativ-vit","status":"publish","type":"product","link":"https:\/\/secureus.se\/fi\/apollo-55000-721mar-marine-isolator-negativ-vit\/","title":{"rendered":"Apollo 55000-721MAR Marine Isolator negatiivi, valkoinen"},"content":{"rendered":"<h1>Apollo 55000-721MAR Marine Isolator negatiivi, valkoinen<\/h1>\n<p class=\"\" data-start=\"406\" data-end=\"899\">Apollo 55000-721MAR Marine Isolator on suunniteltu havaitsemaan oikosulut meripalontorjuntaj\u00e4rjestelmiss\u00e4 ja minimoimaan niist\u00e4 mahdollisesti aiheutuvat h\u00e4iri\u00f6t.<\/p>\n<p class=\"\" data-start=\"406\" data-end=\"899\">Eristin sijoitetaan s\u00e4\u00e4nn\u00f6llisin v\u00e4lein silmukalle ja varmistaa, ett\u00e4 oikosulku vaikuttaa vain eristeiden v\u00e4liseen osaan.<\/p>\n<p class=\"\" data-start=\"406\" data-end=\"899\">Kun oikosulku poistetaan, isolaattorit palauttavat automaattisesti sek\u00e4 virran ett\u00e4 tiedot eristettyyn osaan, mik\u00e4 tekee j\u00e4rjestelm\u00e4st\u00e4 luotettavamman ja kest\u00e4v\u00e4mm\u00e4n.<\/p>\n<p class=\"\" data-start=\"901\" data-end=\"1197\">Patentoitu tekniikka reagoi nopeasti oikosulkuihin ja tarjoaa korkean turvallisuustason meriymp\u00e4rist\u00f6iss\u00e4.<\/p>\n<p class=\"\" data-start=\"901\" data-end=\"1197\">Apollo Marine Isolator on CE-merkitty ja se on osoittautunut tehokkaaksi ratkaisuksi lyhent\u00e4m\u00e4\u00e4n seisokkeja ja varmistamaan, ett\u00e4 palontorjuntaj\u00e4rjestelm\u00e4 pysyy ehj\u00e4n\u00e4 koko toiminnan ajan.<\/p>","protected":false},"excerpt":{"rendered":"<p>Apollo 55000-721MAR Marine Isolator on negatiivinen eristin, joka havaitsee tehokkaasti ja minimoi oikosulkujen aiheuttamat h\u00e4iri\u00f6t meriymp\u00e4rist\u00f6iss\u00e4.<\/p>\n<p>Patentoitua tekniikkaa k\u00e4ytt\u00e4m\u00e4ll\u00e4 se palauttaa automaattisesti virran ja tiedot, kun oikosulku on poistettu.<\/p>","protected":false},"featured_media":150023,"template":"","meta":{"_acf_changed":false},"product_brand":[],"product_cat":[4751],"product_tag":[],"class_list":{"0":"post-150024","1":"product","2":"type-product","3":"status-publish","4":"has-post-thumbnail","6":"product_cat-xp95-serien","7":"pa_brands-apollo-fire-detectors","8":"tm-no-options","10":"first","11":"instock","12":"taxable","13":"shipping-taxable","14":"purchasable","15":"product-type-simple"},"acf":[],"_links":{"self":[{"href":"https:\/\/secureus.se\/fi\/wp-json\/wp\/v2\/product\/150024","targetHints":{"allow":["GET"]}}],"collection":[{"href":"https:\/\/secureus.se\/fi\/wp-json\/wp\/v2\/product"}],"about":[{"href":"https:\/\/secureus.se\/fi\/wp-json\/wp\/v2\/types\/product"}],"wp:featuredmedia":[{"embeddable":true,"href":"https:\/\/secureus.se\/fi\/wp-json\/wp\/v2\/media\/150023"}],"wp:attachment":[{"href":"https:\/\/secureus.se\/fi\/wp-json\/wp\/v2\/media?parent=150024"}],"wp:term":[{"taxonomy":"product_brand","embeddable":true,"href":"https:\/\/secureus.se\/fi\/wp-json\/wp\/v2\/product_brand?post=150024"},{"taxonomy":"product_cat","embeddable":true,"href":"https:\/\/secureus.se\/fi\/wp-json\/wp\/v2\/product_cat?post=150024"},{"taxonomy":"product_tag","embeddable":true,"href":"https:\/\/secureus.se\/fi\/wp-json\/wp\/v2\/product_tag?post=150024"}],"curies":[{"name":"wp","href":"https:\/\/api.w.org\/{rel}","templated":true}]}}