{"id":150026,"date":"2025-04-03T13:35:29","date_gmt":"2025-04-03T11:35:29","guid":{"rendered":"https:\/\/secureus.se\/apollo-29600-239-din-skena-granssnittsholje-120-mm\/"},"modified":"2026-04-09T11:31:03","modified_gmt":"2026-04-09T09:31:03","slug":"apollo-29600-239-din-skena-granssnittsholje-120-mm","status":"publish","type":"product","link":"https:\/\/secureus.se\/fi\/apollo-29600-239-din-skena-granssnittsholje-120-mm\/","title":{"rendered":"Apollo 29600-239 DIN-kiskoliit\u00e4nt\u00e4kotelo, 120 mm"},"content":{"rendered":"<h1>Apollo 29600-239 DIN-kiskoliit\u00e4nt\u00e4kotelo, 120 mm<\/h1>\n<p class=\"\" data-start=\"391\" data-end=\"827\">Apollo 29600-239 XP95 -sarjan DIN-kiskoliit\u00e4nt\u00e4kotelo on suunniteltu tarjoamaan asennuksesi kest\u00e4vyytt\u00e4 ja luotettavuutta.<\/p>\n<p class=\"\" data-start=\"391\" data-end=\"827\">Vaikuttavan IP67-luokituksen ansiosta t\u00e4m\u00e4 kotelo on suojattu sek\u00e4 p\u00f6lylt\u00e4 ett\u00e4 vedelt\u00e4, joten se sopii erinomaisesti k\u00e4ytett\u00e4v\u00e4ksi vaativissa ymp\u00e4rist\u00f6iss\u00e4.<\/p>\n<p class=\"\" data-start=\"391\" data-end=\"827\">Kaapin kompakti koko on 120 mm pitk\u00e4 ja se tarjoaa riitt\u00e4v\u00e4sti tilaa s\u00e4hk\u00f6komponenttien sijoittamiseen ja suojaamiseen.<\/p>\n<p class=\"\" data-start=\"829\" data-end=\"1116\">Olitpa p\u00e4ivitt\u00e4m\u00e4ss\u00e4 j\u00e4rjestelm\u00e4\u00e4si tai aloittamassa uutta projektia, Apollo 29600-239 on t\u00e4ydellinen ratkaisu, jossa yhdistyv\u00e4t kest\u00e4vyys ja turvallisuus.<\/p>\n<p class=\"\" data-start=\"829\" data-end=\"1116\">Harmaa kotelo on rakennettu kest\u00e4m\u00e4\u00e4n kovia olosuhteita ja varmistamaan, ett\u00e4 laitteistosi toimii luotettavasti koko k\u00e4ytt\u00f6i\u00e4n ajan.<\/p>","protected":false},"excerpt":{"rendered":"<p>Apollo 29600-239 XP95 -sarjan DIN-kiskon liit\u00e4nt\u00e4kotelo on kompakti ja kest\u00e4v\u00e4 ratkaisu, jonka IP67-luokitus tekee siit\u00e4 t\u00e4ydellisen asennuksiin vaativissa ymp\u00e4rist\u00f6iss\u00e4.<\/p>\n<p>Sen pituus on 120 mm ja se suojaa p\u00f6lylt\u00e4 ja vedelt\u00e4.<\/p>","protected":false},"featured_media":150025,"template":"","meta":{"_acf_changed":false},"product_brand":[],"product_cat":[4751],"product_tag":[],"class_list":{"0":"post-150026","1":"product","2":"type-product","3":"status-publish","4":"has-post-thumbnail","6":"product_cat-xp95-serien","7":"pa_brands-apollo-fire-detectors","8":"tm-no-options","10":"first","11":"onbackorder","12":"taxable","13":"shipping-taxable","14":"purchasable","15":"product-type-simple"},"acf":[],"_links":{"self":[{"href":"https:\/\/secureus.se\/fi\/wp-json\/wp\/v2\/product\/150026","targetHints":{"allow":["GET"]}}],"collection":[{"href":"https:\/\/secureus.se\/fi\/wp-json\/wp\/v2\/product"}],"about":[{"href":"https:\/\/secureus.se\/fi\/wp-json\/wp\/v2\/types\/product"}],"wp:featuredmedia":[{"embeddable":true,"href":"https:\/\/secureus.se\/fi\/wp-json\/wp\/v2\/media\/150025"}],"wp:attachment":[{"href":"https:\/\/secureus.se\/fi\/wp-json\/wp\/v2\/media?parent=150026"}],"wp:term":[{"taxonomy":"product_brand","embeddable":true,"href":"https:\/\/secureus.se\/fi\/wp-json\/wp\/v2\/product_brand?post=150026"},{"taxonomy":"product_cat","embeddable":true,"href":"https:\/\/secureus.se\/fi\/wp-json\/wp\/v2\/product_cat?post=150026"},{"taxonomy":"product_tag","embeddable":true,"href":"https:\/\/secureus.se\/fi\/wp-json\/wp\/v2\/product_tag?post=150026"}],"curies":[{"name":"wp","href":"https:\/\/api.w.org\/{rel}","templated":true}]}}