{"id":150028,"date":"2025-04-03T13:35:27","date_gmt":"2025-04-03T11:35:27","guid":{"rendered":"https:\/\/secureus.se\/apollo-45681-361apo-xpert-7-series-monteringsbas-for-envagsdetektor-svart\/"},"modified":"2026-04-09T11:31:01","modified_gmt":"2026-04-09T09:31:01","slug":"apollo-45681-361apo-xpert-7-series-monteringsbas-for-envagsdetektor-svart","status":"publish","type":"product","link":"https:\/\/secureus.se\/fi\/apollo-45681-361apo-xpert-7-series-monteringsbas-for-envagsdetektor-svart\/","title":{"rendered":"Apollo 45681-361APO Xpert 7 Series, yksisuuntainen ilmaisimen asennusjalusta, musta"},"content":{"rendered":"<h1>Apollo 45681-361APO Xpert 7 Series, yksisuuntainen ilmaisimen asennusjalusta, musta<\/h1>\n<p class=\"\" data-start=\"430\" data-end=\"901\">Apollo 45681-361APO XP95 -sarjan Xpert 7 One-Way Fit -tunnistimen kiinnitysalusta on vankka ja luotettava ratkaisu ilmaisimien turvalliseen asentamiseen.<\/p>\n<p class=\"\" data-start=\"430\" data-end=\"901\">Yksinkertainen yksisuuntainen asennus varmistaa, ett\u00e4 ilmaisimet asennetaan oikein, kun taas sis\u00e4\u00e4nrakennettu lukitustoiminto est\u00e4\u00e4 luvattoman poistamisen.<\/p>\n<p class=\"\" data-start=\"430\" data-end=\"901\">Musta asennusalusta on sek\u00e4 toiminnallinen ett\u00e4 esteettisesti miellytt\u00e4v\u00e4, joten se sopii t\u00e4ydellisesti sek\u00e4 asuin- ett\u00e4 kaupallisiin ymp\u00e4rist\u00f6ihin.<\/p>\n<p class=\"\" data-start=\"903\" data-end=\"1294\">Jalusta on yhteensopiva Apollo XP95 optisten savuilmaisimien kanssa ja sen halkaisija on 100 mm.<\/p>\n<p class=\"\" data-start=\"903\" data-end=\"1294\">Se on rakennettu polykarbonaatista ruostumattomasta ter\u00e4ksest\u00e4 valmistettujen koskettimien kanssa, mik\u00e4 tekee siit\u00e4 sek\u00e4 kest\u00e4v\u00e4n ett\u00e4 luotettavan pitk\u00e4\u00e4n.<\/p>\n<p class=\"\" data-start=\"903\" data-end=\"1294\">Polarisaatioherk\u00e4n s\u00e4hk\u00f6liittimen ja kaksoisliitintoiminnon L1-in- ja Loop in &amp; out -liit\u00e4nt\u00f6j\u00e4 varten t\u00e4m\u00e4 asennusjalusta tarjoaa suurimman joustavuuden ja helppok\u00e4ytt\u00f6isyyden.<\/p>","protected":false},"excerpt":{"rendered":"<p>Apollo 45681-361APO XP95 Series Xpert 7 on yksisuuntaisten ilmaisimien kiinnitysalusta, joka on suunniteltu varmistamaan optimaalinen suorituskyky ja suojaa luvattomalta poistamiselta.<\/p>\n<p>Musta pohja sopii sek\u00e4 asuin- ett\u00e4 kaupallisiin asennuksiin.<\/p>","protected":false},"featured_media":150027,"template":"","meta":{"_acf_changed":false},"product_brand":[],"product_cat":[4751],"product_tag":[],"class_list":{"0":"post-150028","1":"product","2":"type-product","3":"status-publish","4":"has-post-thumbnail","6":"product_cat-xp95-serien","7":"pa_brands-apollo-fire-detectors","8":"tm-no-options","10":"first","11":"onbackorder","12":"taxable","13":"shipping-taxable","14":"purchasable","15":"product-type-simple"},"acf":[],"_links":{"self":[{"href":"https:\/\/secureus.se\/fi\/wp-json\/wp\/v2\/product\/150028","targetHints":{"allow":["GET"]}}],"collection":[{"href":"https:\/\/secureus.se\/fi\/wp-json\/wp\/v2\/product"}],"about":[{"href":"https:\/\/secureus.se\/fi\/wp-json\/wp\/v2\/types\/product"}],"wp:featuredmedia":[{"embeddable":true,"href":"https:\/\/secureus.se\/fi\/wp-json\/wp\/v2\/media\/150027"}],"wp:attachment":[{"href":"https:\/\/secureus.se\/fi\/wp-json\/wp\/v2\/media?parent=150028"}],"wp:term":[{"taxonomy":"product_brand","embeddable":true,"href":"https:\/\/secureus.se\/fi\/wp-json\/wp\/v2\/product_brand?post=150028"},{"taxonomy":"product_cat","embeddable":true,"href":"https:\/\/secureus.se\/fi\/wp-json\/wp\/v2\/product_cat?post=150028"},{"taxonomy":"product_tag","embeddable":true,"href":"https:\/\/secureus.se\/fi\/wp-json\/wp\/v2\/product_tag?post=150028"}],"curies":[{"name":"wp","href":"https:\/\/api.w.org\/{rel}","templated":true}]}}