{"id":150030,"date":"2025-04-03T13:35:27","date_gmt":"2025-04-03T11:35:27","guid":{"rendered":"https:\/\/secureus.se\/apollo-45681-292-xpert-7-series-skydd-for-detektorbas-vit\/"},"modified":"2026-04-16T15:44:24","modified_gmt":"2026-04-16T13:44:24","slug":"apollo-45681-292-xpert-7-series-skydd-for-detektorbas-vit","status":"publish","type":"product","link":"https:\/\/secureus.se\/fi\/apollo-45681-292-xpert-7-series-skydd-for-detektorbas-vit\/","title":{"rendered":"Apollo 45681-292 Xpert 7 Series, ilmaisimen pohjakansi, valkoinen"},"content":{"rendered":"<h1>Apollo 45681-292 Xpert 7 Series, ilmaisimen pohjakansi, valkoinen<\/h1>\n<p class=\"\" data-start=\"423\" data-end=\"829\">Apollo 45681-292 Xpert 7 Series on ilmaisimen pohjasuoja, joka synkronoi tehokkaasti visuaaliset merkkivalot ja antaa johdonmukaisia paloh\u00e4lytyssignaaleja.<\/p>\n<p class=\"\" data-start=\"423\" data-end=\"829\">T\u00e4m\u00e4 suojaus mahdollistaa sek\u00e4 yksitt\u00e4isten ett\u00e4 ryhmien visuaalisen ilmaisimen salama-asetusten hallinnan. K\u00e4ytt\u00e4m\u00e4ll\u00e4 t\u00e4t\u00e4 suojausta voit parantaa n\u00e4kyvyytt\u00e4 ja varmistaa koko j\u00e4rjestelm\u00e4n oikean toiminnan.<\/p>\n<p class=\"\" data-start=\"831\" data-end=\"1155\">Kansi on yhteensopiva Apollo XP95 Sounderin kanssa ja sill\u00e4 on CE-merkint\u00e4 varmistaakseen, ett\u00e4 se t\u00e4ytt\u00e4\u00e4 turvallisuus- ja laatuvaatimukset.<\/p>\n<p class=\"\" data-start=\"831\" data-end=\"1155\">Sen valkoinen v\u00e4ri tarjoaa hienotunteisen ja ammattimaisen estetiikan, joka sopii kaikenlaisiin asennuksiin.<\/p>\n<p class=\"\" data-start=\"831\" data-end=\"1155\">T\u00e4m\u00e4 suojaus on t\u00e4ydellinen valinta optimoimaan asennuksesi ja parantamaan h\u00e4lytysten hallintaa.<\/p>","protected":false},"excerpt":{"rendered":"<p>Apollo 45681-292 Xpert 7 Series Detector Base Guard on suunniteltu synkronoimaan visuaaliset merkkivalot ja varmistamaan tehokkaan h\u00e4lytysten k\u00e4sittelyn sek\u00e4 yksil\u00f6- ett\u00e4 ryhm\u00e4asetuksissa.<\/p>\n<p>Se on CE-merkitty ja yhteensopiva Apollo XP95 Sounderin kanssa.<\/p>","protected":false},"featured_media":150029,"template":"","meta":{"_acf_changed":false},"product_brand":[],"product_cat":[4751],"product_tag":[],"class_list":{"0":"post-150030","1":"product","2":"type-product","3":"status-publish","4":"has-post-thumbnail","6":"product_cat-xp95-serien","7":"pa_brands-apollo-fire-detectors","8":"tm-no-options","10":"first","11":"instock","12":"taxable","13":"shipping-taxable","14":"purchasable","15":"product-type-simple"},"acf":[],"_links":{"self":[{"href":"https:\/\/secureus.se\/fi\/wp-json\/wp\/v2\/product\/150030","targetHints":{"allow":["GET"]}}],"collection":[{"href":"https:\/\/secureus.se\/fi\/wp-json\/wp\/v2\/product"}],"about":[{"href":"https:\/\/secureus.se\/fi\/wp-json\/wp\/v2\/types\/product"}],"wp:featuredmedia":[{"embeddable":true,"href":"https:\/\/secureus.se\/fi\/wp-json\/wp\/v2\/media\/150029"}],"wp:attachment":[{"href":"https:\/\/secureus.se\/fi\/wp-json\/wp\/v2\/media?parent=150030"}],"wp:term":[{"taxonomy":"product_brand","embeddable":true,"href":"https:\/\/secureus.se\/fi\/wp-json\/wp\/v2\/product_brand?post=150030"},{"taxonomy":"product_cat","embeddable":true,"href":"https:\/\/secureus.se\/fi\/wp-json\/wp\/v2\/product_cat?post=150030"},{"taxonomy":"product_tag","embeddable":true,"href":"https:\/\/secureus.se\/fi\/wp-json\/wp\/v2\/product_tag?post=150030"}],"curies":[{"name":"wp","href":"https:\/\/api.w.org\/{rel}","templated":true}]}}