{"id":150032,"date":"2025-04-03T13:35:25","date_gmt":"2025-04-03T11:35:25","guid":{"rendered":"https:\/\/secureus.se\/apollo-55000-845apo-xp95-serien-modul-for-overvakning-av-isolerande-zoner\/"},"modified":"2026-03-27T18:01:48","modified_gmt":"2026-03-27T17:01:48","slug":"apollo-55000-845apo-xp95-serien-modul-for-overvakning-av-isolerande-zoner","status":"publish","type":"product","link":"https:\/\/secureus.se\/fi\/apollo-55000-845apo-xp95-serien-modul-for-overvakning-av-isolerande-zoner\/","title":{"rendered":"Apollo 55000-845APO XP95 -sarja, eristysalueen valvontamoduuli"},"content":{"rendered":"<h1>Apollo 55000-845APO XP95 -sarja, eristysalueen valvontamoduuli<\/h1>\n<p>Isolaattorilla varustettu Apollo 55000-845APO XP95 -vy\u00f6hykemonitori on innovatiivinen ratkaisu paloilmaisimien valvontaan ja ohjaukseen eristysalueella.<\/p>\n<p>T\u00e4m\u00e4 moduuli k\u00e4ytt\u00e4\u00e4 kaksisuuntaista oikosulkuerotusj\u00e4rjestelm\u00e4\u00e4, joka varmistaa, ett\u00e4 j\u00e4rjestelm\u00e4\u00e4n eiv\u00e4t vaikuta silmukoiden oikosulut.<\/p>\n<p>Se on suunniteltu k\u00e4sittelem\u00e4\u00e4n jopa 20 Apollo-paloilmaisinta, mukaan lukien Orbis- ja Series 65 -mallit, ja se on tarkoitettu sis\u00e4k\u00e4ytt\u00f6\u00f6n.<\/p>\n<p class=\"\" data-start=\"913\" data-end=\"1325\">Korkean IP54-luokituksen ansiosta t\u00e4m\u00e4 vy\u00f6hykemonitori on riitt\u00e4v\u00e4n kest\u00e4v\u00e4 takaamaan luotettavan toiminnan monissa ymp\u00e4rist\u00f6iss\u00e4.<\/p>\n<p class=\"\" data-start=\"913\" data-end=\"1325\">Se on varustettu kahdella LEDill\u00e4: punainen, joka ilmaisee paloh\u00e4lytyksen ja keltainen, joka syttyy oikosulun sattuessa.<\/p>\n<p class=\"\" data-start=\"913\" data-end=\"1325\">Moduuli k\u00e4ytt\u00e4\u00e4 Apollo XP95- tai Discovery-protokollia ja on taaksep\u00e4in yhteensopiva vanhempien j\u00e4rjestelmien kanssa.<\/p>\n<p class=\"\" data-start=\"913\" data-end=\"1325\">Se on my\u00f6s CE-merkitty ja t\u00e4ytt\u00e4\u00e4 asiaankuuluvat EMC-direktiivit ja rakennustuotem\u00e4\u00e4r\u00e4ykset.<\/p>\n<p class=\"\" data-start=\"1327\" data-end=\"1514\">Se on suunniteltu helpoksi asentaa ja huoltaa, ja sen l\u00e4mp\u00f6tila-alue on laaja -20\u00b0C - +70\u00b0C ja virrankulutus optimoitu pitk\u00e4kestoiseen k\u00e4ytt\u00f6\u00f6n.<\/p>","protected":false},"excerpt":{"rendered":"<p>Isolaattorilla varustettu Apollo 55000-845APO XP95 -vy\u00f6hykemonitori on erist\u00e4v\u00e4n vy\u00f6hykkeen valvontamoduuli, joka antaa virtaa ja ohjaa vy\u00f6hykett\u00e4, jossa on jopa 20 paloilmaisinta.<\/p>\n<p>Varustettu kaksisuuntaisella oikosulkusuojalla, se on suunniteltu siten, ettei se vaikuta silmukoiden oikosulkuihin.<\/p>","protected":false},"featured_media":150031,"template":"","meta":{"_acf_changed":false},"product_brand":[],"product_cat":[4751],"product_tag":[],"class_list":{"0":"post-150032","1":"product","2":"type-product","3":"status-publish","4":"has-post-thumbnail","6":"product_cat-xp95-serien","7":"pa_brands-apollo-fire-detectors","8":"tm-no-options","10":"first","11":"instock","12":"sale","13":"taxable","14":"shipping-taxable","15":"purchasable","16":"product-type-simple"},"acf":[],"_links":{"self":[{"href":"https:\/\/secureus.se\/fi\/wp-json\/wp\/v2\/product\/150032","targetHints":{"allow":["GET"]}}],"collection":[{"href":"https:\/\/secureus.se\/fi\/wp-json\/wp\/v2\/product"}],"about":[{"href":"https:\/\/secureus.se\/fi\/wp-json\/wp\/v2\/types\/product"}],"wp:featuredmedia":[{"embeddable":true,"href":"https:\/\/secureus.se\/fi\/wp-json\/wp\/v2\/media\/150031"}],"wp:attachment":[{"href":"https:\/\/secureus.se\/fi\/wp-json\/wp\/v2\/media?parent=150032"}],"wp:term":[{"taxonomy":"product_brand","embeddable":true,"href":"https:\/\/secureus.se\/fi\/wp-json\/wp\/v2\/product_brand?post=150032"},{"taxonomy":"product_cat","embeddable":true,"href":"https:\/\/secureus.se\/fi\/wp-json\/wp\/v2\/product_cat?post=150032"},{"taxonomy":"product_tag","embeddable":true,"href":"https:\/\/secureus.se\/fi\/wp-json\/wp\/v2\/product_tag?post=150032"}],"curies":[{"name":"wp","href":"https:\/\/api.w.org\/{rel}","templated":true}]}}