{"id":150038,"date":"2025-04-03T13:35:21","date_gmt":"2025-04-03T11:35:21","guid":{"rendered":"https:\/\/secureus.se\/apollo-55000-760apo-xp95-series-isolerande-din-skena-mini-switch-monitor-module\/"},"modified":"2026-04-09T11:31:22","modified_gmt":"2026-04-09T09:31:22","slug":"apollo-55000-760apo-xp95-series-isolerande-din-skena-mini-switch-monitor-module","status":"publish","type":"product","link":"https:\/\/secureus.se\/fi\/apollo-55000-760apo-xp95-series-isolerande-din-skena-mini-switch-monitor-module\/","title":{"rendered":"Apollo 55000-760APO XP95 -sarja, erist\u00e4v\u00e4 DIN-kiskon minikytkinmonitorimoduuli"},"content":{"rendered":"<h1>Apollo 55000-760APO XP95 -sarja, erist\u00e4v\u00e4 DIN-kiskon minikytkinmonitorimoduuli<\/h1>\n<p>Apollo 55000-760APO XP95 Mini Switch Monitor Module on kompakti ratkaisu yhden tai useamman j\u00e4nnitteett\u00f6m\u00e4n koskettimen valvontaan.<\/p>\n<p>Se on erityisen hy\u00f6dyllinen paikoissa, joissa tilaa on rajoitetusti, koska moduulin mitat ovat vain 39 mm x 39 mm x 20 mm.<\/p>\n<p>Se voidaan my\u00f6s asentaa DIN-kiskoon asennuksen helpottamiseksi.<\/p>\n<p>Laite on yhteensopiva Apollo XP95-, Discovery- ja CoreProtocol-j\u00e4rjestelmien kanssa, ja siin\u00e4 on kolme tilailmaisinta normaalin, vian ja h\u00e4lytystilan n\u00e4ytt\u00e4miseksi.<\/p>\n<p>T\u00e4m\u00e4 yksikk\u00f6 on my\u00f6s varustettu oikosulkusuojalla, ja sit\u00e4 voidaan k\u00e4ytt\u00e4\u00e4 sek\u00e4 prioriteetti- ett\u00e4 ei-prioriteettij\u00e4rjestelmiss\u00e4.<\/p>\n<p>Se sis\u00e4lt\u00e4\u00e4 my\u00f6s viiv\u00e4stetyn h\u00e4lytyksen tilan (&quot;esih\u00e4lytys&quot;), joka mahdollistaa mahdollisten h\u00e4lytysten tutkimisen ja v\u00e4hent\u00e4\u00e4 v\u00e4\u00e4rien h\u00e4lytysten riski\u00e4.<\/p>\n<p>CE-merkinn\u00e4ll\u00e4 ja VdS-sertifioinnilla t\u00e4m\u00e4 on luotettava komponentti edistyneisiin paloh\u00e4lytysj\u00e4rjestelmiin.<\/p>","protected":false},"excerpt":{"rendered":"<p>Apollo 55000-760APO XP95 -sarjan minikytkinmonitorimoduuli on kompakti laite, joka valvoo yht\u00e4 tai useampaa yksinapaista, j\u00e4nnitteet\u00f6nt\u00e4 kosketinta ja raportoi tilan palonhallintapaneelille.<\/p>\n<p>Se on suunniteltu k\u00e4ytett\u00e4v\u00e4ksi paikoissa, joissa tilaa on rajoitetusti, ja se voidaan asentaa DIN-kiskoon.<\/p>","protected":false},"featured_media":150037,"template":"","meta":{"_acf_changed":false},"product_brand":[],"product_cat":[4751],"product_tag":[],"class_list":{"0":"post-150038","1":"product","2":"type-product","3":"status-publish","4":"has-post-thumbnail","6":"product_cat-xp95-serien","7":"pa_brands-apollo-fire-detectors","8":"tm-no-options","10":"first","11":"instock","12":"taxable","13":"shipping-taxable","14":"purchasable","15":"product-type-simple"},"acf":[],"_links":{"self":[{"href":"https:\/\/secureus.se\/fi\/wp-json\/wp\/v2\/product\/150038","targetHints":{"allow":["GET"]}}],"collection":[{"href":"https:\/\/secureus.se\/fi\/wp-json\/wp\/v2\/product"}],"about":[{"href":"https:\/\/secureus.se\/fi\/wp-json\/wp\/v2\/types\/product"}],"wp:featuredmedia":[{"embeddable":true,"href":"https:\/\/secureus.se\/fi\/wp-json\/wp\/v2\/media\/150037"}],"wp:attachment":[{"href":"https:\/\/secureus.se\/fi\/wp-json\/wp\/v2\/media?parent=150038"}],"wp:term":[{"taxonomy":"product_brand","embeddable":true,"href":"https:\/\/secureus.se\/fi\/wp-json\/wp\/v2\/product_brand?post=150038"},{"taxonomy":"product_cat","embeddable":true,"href":"https:\/\/secureus.se\/fi\/wp-json\/wp\/v2\/product_cat?post=150038"},{"taxonomy":"product_tag","embeddable":true,"href":"https:\/\/secureus.se\/fi\/wp-json\/wp\/v2\/product_tag?post=150038"}],"curies":[{"name":"wp","href":"https:\/\/api.w.org\/{rel}","templated":true}]}}