{"id":150040,"date":"2025-04-03T13:35:18","date_gmt":"2025-04-03T11:35:18","guid":{"rendered":"https:\/\/secureus.se\/apollo-45681-218apo-tillbehorssats-for-monteringsbox-for-dackhuvud-vit\/"},"modified":"2026-04-09T11:31:32","modified_gmt":"2026-04-09T09:31:32","slug":"apollo-45681-218apo-tillbehorssats-for-monteringsbox-for-dackhuvud-vit","status":"publish","type":"product","link":"https:\/\/secureus.se\/fi\/apollo-45681-218apo-tillbehorssats-for-monteringsbox-for-dackhuvud-vit\/","title":{"rendered":"Apollo 45681-218APO kansip\u00e4\u00e4n kiinnityslaatikon lis\u00e4varustesarja, valkoinen"},"content":{"rendered":"<h1>Apollo 45681-218APO kansip\u00e4\u00e4n kiinnityslaatikon lis\u00e4varustesarja, valkoinen<\/h1>\n<p>Apollo 45681-218APO XP95 -sarjan lis\u00e4varustesarja on v\u00e4ltt\u00e4m\u00e4t\u00f6n komponentti kansip\u00e4\u00e4n asennuslaatikoiden asennuksessa.<\/p>\n<p>T\u00e4m\u00e4 sarja mahdollistaa tehokkaan ja turvallisen kaapelinhallinnan kuuden M20-l\u00e4pivientiholkkien kautta.<\/p>\n<p>Se sopii t\u00e4ydellisesti syvempien jalkojen tai kaikuluotaimien asentamiseen paloturvallisuusj\u00e4rjestelm\u00e4\u00e4si.<\/p>\n<p>Sarja on helppo asentaa turvalliselle pinnalle kahdella 5,4 mm:n rei\u00e4ll\u00e4, mik\u00e4 takaa luotettavan ja kest\u00e4v\u00e4n asennuksen.<\/p>\n<p>Sarjan tyylik\u00e4s valkoinen viimeistely sopii huomaamattomasti kaikentyyppisiin asennuksiin ja tarjoaa ammattimaisen ilmeen.<\/p>\n<p>CE-merkinn\u00e4ll\u00e4 ja laadukkaalla materiaalivalikoimallaan (polykarbonaatti) t\u00e4m\u00e4 sarja on erinomainen valinta paloturvallisuuden ammattilaisille.<\/p>","protected":false},"excerpt":{"rendered":"<p>Apollo 45681-218APO kansip\u00e4\u00e4n asennuslaatikon lis\u00e4varustesarja on suunniteltu helpottamaan paloturvallisuusj\u00e4rjestelmien asennuslaatikoiden asennusta.<\/p>\n<p>Siin\u00e4 on kuusi kaapelin l\u00e4pivienti\u00e4 M20-l\u00e4pivientej\u00e4 varten ja se on kiinnitetty asennuspintaan kahdella 5,4 mm:n rei\u00e4ll\u00e4.<\/p>","protected":false},"featured_media":150039,"template":"","meta":{"_acf_changed":false},"product_brand":[],"product_cat":[4751],"product_tag":[],"class_list":{"0":"post-150040","1":"product","2":"type-product","3":"status-publish","4":"has-post-thumbnail","6":"product_cat-xp95-serien","7":"pa_brands-apollo-fire-detectors","8":"tm-no-options","10":"first","11":"instock","12":"taxable","13":"shipping-taxable","14":"purchasable","15":"product-type-simple"},"acf":[],"_links":{"self":[{"href":"https:\/\/secureus.se\/fi\/wp-json\/wp\/v2\/product\/150040","targetHints":{"allow":["GET"]}}],"collection":[{"href":"https:\/\/secureus.se\/fi\/wp-json\/wp\/v2\/product"}],"about":[{"href":"https:\/\/secureus.se\/fi\/wp-json\/wp\/v2\/types\/product"}],"wp:featuredmedia":[{"embeddable":true,"href":"https:\/\/secureus.se\/fi\/wp-json\/wp\/v2\/media\/150039"}],"wp:attachment":[{"href":"https:\/\/secureus.se\/fi\/wp-json\/wp\/v2\/media?parent=150040"}],"wp:term":[{"taxonomy":"product_brand","embeddable":true,"href":"https:\/\/secureus.se\/fi\/wp-json\/wp\/v2\/product_brand?post=150040"},{"taxonomy":"product_cat","embeddable":true,"href":"https:\/\/secureus.se\/fi\/wp-json\/wp\/v2\/product_cat?post=150040"},{"taxonomy":"product_tag","embeddable":true,"href":"https:\/\/secureus.se\/fi\/wp-json\/wp\/v2\/product_tag?post=150040"}],"curies":[{"name":"wp","href":"https:\/\/api.w.org\/{rel}","templated":true}]}}