{"id":150042,"date":"2025-04-03T13:35:17","date_gmt":"2025-04-03T11:35:17","guid":{"rendered":"https:\/\/secureus.se\/apollo-45682-800apo-xpert-series-universellt-adresskort-for-baser-25-st\/"},"modified":"2026-04-09T11:31:40","modified_gmt":"2026-04-09T09:31:40","slug":"apollo-45682-800apo-xpert-series-universellt-adresskort-for-baser-25-st","status":"publish","type":"product","link":"https:\/\/secureus.se\/fi\/apollo-45682-800apo-xpert-series-universellt-adresskort-for-baser-25-st\/","title":{"rendered":"Apollo 45682-800APO Xpert Series, universaali osoitekortti alustalle, 25 kpl."},"content":{"rendered":"<h1>Apollo 45682-800APO Xpert Series, yleinen perusosoitekortti<\/h1>\n<p class=\"\" data-start=\"441\" data-end=\"897\">Apollo 45682-800APO Xpert -sarjan yleisosoitekortti on suunniteltu helpottamaan asennusta ja k\u00e4ytt\u00f6\u00e4 sek\u00e4 Xpert 7- ett\u00e4 Xpert 8 -alustoille.<\/p>\n<p class=\"\" data-start=\"441\" data-end=\"897\">Jopa 8 pipsill\u00e4 voit luoda valinnaisia osoitteita poistamalla pipit, jolloin voit mukauttaa kunkin ilmaisimen osoitetta.<\/p>\n<p class=\"\" data-start=\"441\" data-end=\"897\">Ylim\u00e4\u00e4r\u00e4inen piippaus (128-bittinen) sis\u00e4ltyy CoreProtocol-j\u00e4rjestelmiin, ja se voidaan poistaa tai j\u00e4tt\u00e4\u00e4 paikalleen, kun korttia k\u00e4ytet\u00e4\u00e4n XP95- tai Discovery-laitteiden kanssa.<\/p>\n<p class=\"\" data-start=\"899\" data-end=\"1185\">Osoite pysyy samana, vaikka ilmaisimet vaihdetaan, mik\u00e4 takaa j\u00e4rjestelm\u00e4n pitk\u00e4aikaisen vakauden.<\/p>\n<p class=\"\" data-start=\"899\" data-end=\"1185\">Levyss\u00e4 on korkea toleranssi putken koskettimen halkaisijan s\u00e4\u00e4t\u00f6\u00f6n (\u00d81,7 mm \u2013 2 mm) ja osoiteputkissa on ylim\u00e4\u00e4r\u00e4inen johto, joka helpottaa asennusta ja nopeuttaa k\u00e4ytt\u00f6\u00f6nottoa.<\/p>\n<p class=\"\" data-start=\"1187\" data-end=\"1330\">T\u00e4m\u00e4 yleinen osoitekortti tekee asennuksesta sujuvampaa ja nopeampaa, ja se on v\u00e4ltt\u00e4m\u00e4t\u00f6n ammattimaisissa paloturvallisuusasennuksissa.<\/p>","protected":false},"excerpt":{"rendered":"<p>Apollo 45682-800APO Xpert -sarjan yleisosoitekortti tarjoaa joustavuutta Xpert 7- ja Xpert 8 -alustojen asennuksessa ja m\u00e4\u00e4ritt\u00e4misess\u00e4.<\/p>\n<p>Se mahdollistaa nopean ja helpon asennuksen s\u00e4\u00e4dett\u00e4vill\u00e4 osilla mink\u00e4 tahansa osoitteen luomiseksi.<\/p>","protected":false},"featured_media":150041,"template":"","meta":{"_acf_changed":false},"product_brand":[],"product_cat":[4751],"product_tag":[],"class_list":{"0":"post-150042","1":"product","2":"type-product","3":"status-publish","4":"has-post-thumbnail","6":"product_cat-xp95-serien","7":"pa_brands-apollo-fire-detectors","8":"tm-no-options","10":"first","11":"instock","12":"taxable","13":"shipping-taxable","14":"purchasable","15":"product-type-simple"},"acf":[],"_links":{"self":[{"href":"https:\/\/secureus.se\/fi\/wp-json\/wp\/v2\/product\/150042","targetHints":{"allow":["GET"]}}],"collection":[{"href":"https:\/\/secureus.se\/fi\/wp-json\/wp\/v2\/product"}],"about":[{"href":"https:\/\/secureus.se\/fi\/wp-json\/wp\/v2\/types\/product"}],"wp:featuredmedia":[{"embeddable":true,"href":"https:\/\/secureus.se\/fi\/wp-json\/wp\/v2\/media\/150041"}],"wp:attachment":[{"href":"https:\/\/secureus.se\/fi\/wp-json\/wp\/v2\/media?parent=150042"}],"wp:term":[{"taxonomy":"product_brand","embeddable":true,"href":"https:\/\/secureus.se\/fi\/wp-json\/wp\/v2\/product_brand?post=150042"},{"taxonomy":"product_cat","embeddable":true,"href":"https:\/\/secureus.se\/fi\/wp-json\/wp\/v2\/product_cat?post=150042"},{"taxonomy":"product_tag","embeddable":true,"href":"https:\/\/secureus.se\/fi\/wp-json\/wp\/v2\/product_tag?post=150042"}],"curies":[{"name":"wp","href":"https:\/\/api.w.org\/{rel}","templated":true}]}}