{"id":150044,"date":"2025-04-03T13:35:17","date_gmt":"2025-04-03T11:35:17","guid":{"rendered":"https:\/\/secureus.se\/apollo-44251-189apo-1-st-lock-till-larmknapp-soteria-fi700\/"},"modified":"2026-04-09T11:31:30","modified_gmt":"2026-04-09T09:31:30","slug":"apollo-44251-189apo-1-st-lock-till-larmknapp-soteria-fi700","status":"publish","type":"product","link":"https:\/\/secureus.se\/fi\/apollo-44251-189apo-1-st-lock-till-larmknapp-soteria-fi700\/","title":{"rendered":"Apollo 44251-189APO 1 kpl Suojus h\u00e4lytyspainikkeelle. Soteria, FI700"},"content":{"rendered":"<h1>Apollo 44251-189APO 1 kpl Suojus h\u00e4lytyspainikkeelle. Soteria, FI700<\/h1>\n<p>Apollo 44251-189APO palovaroittimen suojus (Soteria, FI700) on l\u00e4pin\u00e4kyv\u00e4, huomaamaton suojakansi, joka on suunniteltu est\u00e4m\u00e4\u00e4n paloturvallisuusj\u00e4rjestelmien manuaalisten h\u00e4lytyspainikkeiden vahingossa aktivoituminen.<\/p>\n<p>Se sopii kaikkiin Apollon valmistamiin h\u00e4lytyspainikkeisiin, mukaan lukien Soteria- ja FI700-sarjat, ja tarjoaa yksinkertaisen mutta tehokkaan suojan varmistaakseen, ett\u00e4 h\u00e4lytys aktivoituu vain tahallisella toiminnalla.<\/p>\n<p>L\u00e4pin\u00e4kyv\u00e4n materiaalin avulla k\u00e4ytt\u00e4j\u00e4t voivat n\u00e4hd\u00e4 h\u00e4lytyspisteen tilan, mutta samalla se tarjoaa hienotunteisen suojan, joka s\u00e4ilytt\u00e4\u00e4 esteettisesti miellytt\u00e4v\u00e4n ulkon\u00e4\u00f6n rakennuksissa ja tiloissa.<\/p>","protected":false},"excerpt":{"rendered":"<p>Apollo 44251-189APO Alarm Button Cover (Soteria, FI700) on huomaamaton ja l\u00e4pin\u00e4kyv\u00e4 suojakansi, joka est\u00e4\u00e4 h\u00e4lyttimen tahattoman aktivoitumisen.<\/p>\n<p>Se on suunniteltu sopimaan kaikkiin Apollon valmistamiin manuaalisiin h\u00e4lytyspainikkeisiin.<\/p>","protected":false},"featured_media":150043,"template":"","meta":{"_acf_changed":false},"product_brand":[],"product_cat":[4751],"product_tag":[],"class_list":{"0":"post-150044","1":"product","2":"type-product","3":"status-publish","4":"has-post-thumbnail","6":"product_cat-xp95-serien","7":"pa_brands-apollo-fire-detectors","8":"tm-no-options","10":"first","11":"instock","12":"taxable","13":"shipping-taxable","14":"purchasable","15":"product-type-simple"},"acf":[],"_links":{"self":[{"href":"https:\/\/secureus.se\/fi\/wp-json\/wp\/v2\/product\/150044","targetHints":{"allow":["GET"]}}],"collection":[{"href":"https:\/\/secureus.se\/fi\/wp-json\/wp\/v2\/product"}],"about":[{"href":"https:\/\/secureus.se\/fi\/wp-json\/wp\/v2\/types\/product"}],"wp:featuredmedia":[{"embeddable":true,"href":"https:\/\/secureus.se\/fi\/wp-json\/wp\/v2\/media\/150043"}],"wp:attachment":[{"href":"https:\/\/secureus.se\/fi\/wp-json\/wp\/v2\/media?parent=150044"}],"wp:term":[{"taxonomy":"product_brand","embeddable":true,"href":"https:\/\/secureus.se\/fi\/wp-json\/wp\/v2\/product_brand?post=150044"},{"taxonomy":"product_cat","embeddable":true,"href":"https:\/\/secureus.se\/fi\/wp-json\/wp\/v2\/product_cat?post=150044"},{"taxonomy":"product_tag","embeddable":true,"href":"https:\/\/secureus.se\/fi\/wp-json\/wp\/v2\/product_tag?post=150044"}],"curies":[{"name":"wp","href":"https:\/\/api.w.org\/{rel}","templated":true}]}}