{"id":150046,"date":"2025-04-03T13:23:21","date_gmt":"2025-04-03T11:23:21","guid":{"rendered":"https:\/\/secureus.se\/apollo-45681-284apo-xpert-7-series-isolerande-detektormontering-vit\/"},"modified":"2026-04-09T11:31:51","modified_gmt":"2026-04-09T09:31:51","slug":"apollo-45681-284apo-xpert-7-series-isolerande-detektormontering-vit","status":"publish","type":"product","link":"https:\/\/secureus.se\/fi\/apollo-45681-284apo-xpert-7-series-isolerande-detektormontering-vit\/","title":{"rendered":"Apollo 45681-284APO Xpert 7 Series, erist\u00e4v\u00e4 ilmaisinteline, valkoinen"},"content":{"rendered":"<h1>Apollo 45681-284APO Xpert 7 Series, erist\u00e4v\u00e4 ilmaisinteline, valkoinen<\/h1>\n<p>Apollo 45681-284APO Xpert 7 -sarjan erist\u00e4v\u00e4 ilmaisinkokoonpano on suunniteltu havaitsemaan ja erist\u00e4m\u00e4\u00e4n oikosulkuja j\u00e4rjestelm\u00e4n silmukoissa ja j\u00e4lkiss\u00e4. Se on varustettu kirkkaalla LEDill\u00e4, joka ilmaisee eristystilan (keltainen LED) ja varmistaa, ett\u00e4 ilmaisin pysyy aktiivisena my\u00f6s oikosulkutilanteessa.<\/p>\n<p class=\"\" data-start=\"784\" data-end=\"1175\">Erotusalusta toimii havaitsemalla oikosulkuviat ja erist\u00e4m\u00e4ll\u00e4 vahingoittuneen osan alentamalla j\u00e4nnitett\u00e4, mik\u00e4 mahdollistaa virran ja signaalien palautumisen kyseiseen osaan automaattisesti, kun vika on poistettu.<\/p>\n<p class=\"\" data-start=\"784\" data-end=\"1175\">T\u00e4m\u00e4 varmistaa, ettei ilmaisimia katoa yksitt\u00e4isen oikosulkuvian sattuessa. Pohja on yhteensopiva Apollo XP95-, Discovery- ja CoreProtocol-laitteiden kanssa.<\/p>\n<p class=\"\" data-start=\"1177\" data-end=\"1385\">Se on suunniteltu sis\u00e4k\u00e4ytt\u00f6\u00f6n ja sen k\u00e4ytt\u00f6l\u00e4mp\u00f6tila-alue on -20\u00b0C - +60\u00b0C.<\/p>\n<p class=\"\" data-start=\"1177\" data-end=\"1385\">Jalusta voidaan asentaa mille tahansa tavalliselle alustalle ja se on t\u00e4rke\u00e4 osa j\u00e4rjestelm\u00e4n eheyden s\u00e4ilytt\u00e4mist\u00e4 k\u00e4yt\u00f6n aikana.<\/p>","protected":false},"excerpt":{"rendered":"<p>Apollo 45681-284APO Xpert 7 -sarjan eristysilmaisinkokoonpano on varustettu kirkkaalla LED-valolla, ja se havaitsee oikosulkuja johdoissa.<\/p>\n<p>Se erist\u00e4\u00e4 automaattisesti silmukan vialliset osat h\u00e4iri\u00f6iden minimoimiseksi.<\/p>","protected":false},"featured_media":150045,"template":"","meta":{"_acf_changed":false},"product_brand":[],"product_cat":[4751],"product_tag":[],"class_list":{"0":"post-150046","1":"product","2":"type-product","3":"status-publish","4":"has-post-thumbnail","6":"product_cat-xp95-serien","7":"pa_brands-apollo-fire-detectors","8":"tm-no-options","10":"first","11":"onbackorder","12":"taxable","13":"shipping-taxable","14":"purchasable","15":"product-type-simple"},"acf":[],"_links":{"self":[{"href":"https:\/\/secureus.se\/fi\/wp-json\/wp\/v2\/product\/150046","targetHints":{"allow":["GET"]}}],"collection":[{"href":"https:\/\/secureus.se\/fi\/wp-json\/wp\/v2\/product"}],"about":[{"href":"https:\/\/secureus.se\/fi\/wp-json\/wp\/v2\/types\/product"}],"wp:featuredmedia":[{"embeddable":true,"href":"https:\/\/secureus.se\/fi\/wp-json\/wp\/v2\/media\/150045"}],"wp:attachment":[{"href":"https:\/\/secureus.se\/fi\/wp-json\/wp\/v2\/media?parent=150046"}],"wp:term":[{"taxonomy":"product_brand","embeddable":true,"href":"https:\/\/secureus.se\/fi\/wp-json\/wp\/v2\/product_brand?post=150046"},{"taxonomy":"product_cat","embeddable":true,"href":"https:\/\/secureus.se\/fi\/wp-json\/wp\/v2\/product_cat?post=150046"},{"taxonomy":"product_tag","embeddable":true,"href":"https:\/\/secureus.se\/fi\/wp-json\/wp\/v2\/product_tag?post=150046"}],"curies":[{"name":"wp","href":"https:\/\/api.w.org\/{rel}","templated":true}]}}