{"id":150048,"date":"2025-04-03T13:23:20","date_gmt":"2025-04-03T11:23:20","guid":{"rendered":"https:\/\/secureus.se\/apollo-45681-311apo-monteringsplatta-for-hogtalar-i-xp95-serien-vit\/"},"modified":"2026-04-09T11:32:01","modified_gmt":"2026-04-09T09:32:01","slug":"apollo-45681-311apo-monteringsplatta-for-hogtalar-i-xp95-serien-vit","status":"publish","type":"product","link":"https:\/\/secureus.se\/fi\/apollo-45681-311apo-monteringsplatta-for-hogtalar-i-xp95-serien-vit\/","title":{"rendered":"Apollo 45681-311APO XP95 -sarjan kaiuttimen asennuslevy, valkoinen"},"content":{"rendered":"<h1>Apollo 45681-311APO XP95 -sarjan kaiuttimen asennuslevy, valkoinen<\/h1>\n<p>Apollo 45681-311APO XP95 -sarjan kaiuttimen asennuslevy on k\u00e4yt\u00e4nn\u00f6llinen ratkaisu pinta-asennettavien kaapelien kiinnitt\u00e4miseen silmukkak\u00e4ytt\u00f6iseen kaiuttimen alustaan.<\/p>\n<p>Levy on suunniteltu helpottamaan asennusta ja varmistamaan, ett\u00e4 kaapeleita hoidetaan tehokkaasti ja asianmukaisesti.<\/p>\n<p>Asennuslevy on yhteensopiva XP95-sarjan kanssa ja mahdollistaa palontorjuntaj\u00e4rjestelmien \u00e4\u00e4nikomponenttien luotettavan liit\u00e4nn\u00e4n ja toimivuuden.<\/p>\n<p>Valkoinen viimeistely tarjoaa hienotunteisen ja ammattimaisen ilmeen, joten se sopii k\u00e4ytett\u00e4v\u00e4ksi erilaisissa ymp\u00e4rist\u00f6iss\u00e4.<\/p>\n<p>Pitk\u00e4ll\u00e4, 10 vuoden takuulla ja CE-merkinn\u00e4ll\u00e4 varustettu asennuslevy tarjoaa luotettavan ja kest\u00e4v\u00e4n ratkaisun ammattik\u00e4ytt\u00f6\u00f6n.<\/p>","protected":false},"excerpt":{"rendered":"<p>Apollo 45681-311APO XP95 -sarjan kaikuluotaimen asennuslevyn avulla on helppo asentaa pinta-asennuskaapelit silmukkak\u00e4ytt\u00f6iseen kaikuluotaimen alustaan.<\/p>\n<p>T\u00e4m\u00e4 asennuslevy varmistaa sujuvan asennuksen ja kest\u00e4v\u00e4n toiminnan.<\/p>","protected":false},"featured_media":150047,"template":"","meta":{"_acf_changed":false},"product_brand":[],"product_cat":[4751],"product_tag":[],"class_list":{"0":"post-150048","1":"product","2":"type-product","3":"status-publish","4":"has-post-thumbnail","6":"product_cat-xp95-serien","7":"pa_brands-apollo-fire-detectors","8":"tm-no-options","10":"first","11":"instock","12":"taxable","13":"shipping-taxable","14":"purchasable","15":"product-type-simple"},"acf":[],"_links":{"self":[{"href":"https:\/\/secureus.se\/fi\/wp-json\/wp\/v2\/product\/150048","targetHints":{"allow":["GET"]}}],"collection":[{"href":"https:\/\/secureus.se\/fi\/wp-json\/wp\/v2\/product"}],"about":[{"href":"https:\/\/secureus.se\/fi\/wp-json\/wp\/v2\/types\/product"}],"wp:featuredmedia":[{"embeddable":true,"href":"https:\/\/secureus.se\/fi\/wp-json\/wp\/v2\/media\/150047"}],"wp:attachment":[{"href":"https:\/\/secureus.se\/fi\/wp-json\/wp\/v2\/media?parent=150048"}],"wp:term":[{"taxonomy":"product_brand","embeddable":true,"href":"https:\/\/secureus.se\/fi\/wp-json\/wp\/v2\/product_brand?post=150048"},{"taxonomy":"product_cat","embeddable":true,"href":"https:\/\/secureus.se\/fi\/wp-json\/wp\/v2\/product_cat?post=150048"},{"taxonomy":"product_tag","embeddable":true,"href":"https:\/\/secureus.se\/fi\/wp-json\/wp\/v2\/product_tag?post=150048"}],"curies":[{"name":"wp","href":"https:\/\/api.w.org\/{rel}","templated":true}]}}