{"id":150052,"date":"2025-04-03T13:23:18","date_gmt":"2025-04-03T11:23:18","guid":{"rendered":"https:\/\/secureus.se\/apollo-55100-908apo-xp95-series-isolerande-manuell-anropspunkt-en-54-11-certifierad-rod\/"},"modified":"2026-04-09T11:32:30","modified_gmt":"2026-04-09T09:32:30","slug":"apollo-55100-908apo-xp95-series-isolerande-manuell-anropspunkt-en-54-11-certifierad-rod","status":"publish","type":"product","link":"https:\/\/secureus.se\/fi\/apollo-55100-908apo-xp95-series-isolerande-manuell-anropspunkt-en-54-11-certifierad-rod\/","title":{"rendered":"Apollo 55100-908APO XP95 -sarja, erist\u00e4v\u00e4 manuaalinen palopistoke, EN 54-11 -sertifioitu, punainen"},"content":{"rendered":"<h1>Apollo 55100-908APO XP95 -sarja, erist\u00e4v\u00e4 manuaalinen palopistoke, EN 54-11 -sertifioitu, punainen<\/h1>\n<p class=\"\" data-start=\"484\" data-end=\"877\">Apollo 55100-908APO XP95 Series Isolating Manual Call Point (MCP) on nopea ja tehokas tapa aktivoida paloh\u00e4lyttimet.<\/p>\n<p class=\"\" data-start=\"484\" data-end=\"877\">Kun h\u00e4lytyspiste aktivoituu, kyselyjakso keskeytyy eritt\u00e4in nopeaa vastausta varten, jolloin h\u00e4lytyksen ilmoittaminen tapahtuu alle 0,2 sekunnissa.<\/p>\n<p class=\"\" data-start=\"484\" data-end=\"877\">Se on suunniteltu sis\u00e4k\u00e4ytt\u00f6\u00f6n ja on yhteensopiva XP95-, Discovery- ja CoreProtocol-j\u00e4rjestelmien kanssa.<\/p>\n<p class=\"\" data-start=\"879\" data-end=\"1309\">MCP:n erist\u00e4v\u00e4 versio tarjoaa turvallisen ratkaisun j\u00e4rjestelm\u00e4n oikosulkujen est\u00e4miseen, kun taas ei-erist\u00e4v\u00e4 versio sopii erinomaisesti yksinkertaisempiin sovelluksiin.<\/p>\n<p class=\"\" data-start=\"879\" data-end=\"1309\">H\u00e4lytyspisteess\u00e4 on LED-merkkivalo, joka palaa punaisena h\u00e4lytyksen aktivoituessa ja keltaisena oikosulun merkkin\u00e4.<\/p>\n<p class=\"\" data-start=\"879\" data-end=\"1309\">Jatkuvuuslinkki helpottaa kaapelin testausta ennen asennusta ja k\u00e4ytt\u00f6\u00f6nottoa ja varmistaa j\u00e4rjestelm\u00e4n toimivuuden ennen sen aktivointia.<\/p>\n<p data-start=\"879\" data-end=\"1309\">Helppo asennus ja huolto tekev\u00e4t siit\u00e4 erinomaisen valinnan ammattimaisiin paloh\u00e4lytysj\u00e4rjestelmiin. Tuote on EN 54-11 ja EN 54-15 sertifioitu, CE-merkitty ja sill\u00e4 on pitk\u00e4 10 vuoden takuu.<\/p>","protected":false},"excerpt":{"rendered":"<p>Apollo 55100-908APO XP95 -sarjan erist\u00e4v\u00e4 manuaalinen h\u00e4lytyspiste on suunniteltu nopeaan ja turvalliseen aktivointiin paloh\u00e4lytysj\u00e4rjestelmiss\u00e4.<\/p>\n<p>Siin\u00e4 on helppo nollauselementti, Plug and Play -asennus ja jatkuvuuslinkki kaapelin testausta varten ennen k\u00e4ytt\u00f6\u00f6nottoa.<\/p>","protected":false},"featured_media":150051,"template":"","meta":{"_acf_changed":false},"product_brand":[],"product_cat":[4751,4748],"product_tag":[],"class_list":{"0":"post-150052","1":"product","2":"type-product","3":"status-publish","4":"has-post-thumbnail","6":"product_cat-xp95-serien","7":"product_cat-discovery-serien","8":"pa_brands-apollo-fire-detectors","9":"tm-no-options","11":"first","12":"instock","13":"taxable","14":"shipping-taxable","15":"purchasable","16":"product-type-simple"},"acf":[],"_links":{"self":[{"href":"https:\/\/secureus.se\/fi\/wp-json\/wp\/v2\/product\/150052","targetHints":{"allow":["GET"]}}],"collection":[{"href":"https:\/\/secureus.se\/fi\/wp-json\/wp\/v2\/product"}],"about":[{"href":"https:\/\/secureus.se\/fi\/wp-json\/wp\/v2\/types\/product"}],"wp:featuredmedia":[{"embeddable":true,"href":"https:\/\/secureus.se\/fi\/wp-json\/wp\/v2\/media\/150051"}],"wp:attachment":[{"href":"https:\/\/secureus.se\/fi\/wp-json\/wp\/v2\/media?parent=150052"}],"wp:term":[{"taxonomy":"product_brand","embeddable":true,"href":"https:\/\/secureus.se\/fi\/wp-json\/wp\/v2\/product_brand?post=150052"},{"taxonomy":"product_cat","embeddable":true,"href":"https:\/\/secureus.se\/fi\/wp-json\/wp\/v2\/product_cat?post=150052"},{"taxonomy":"product_tag","embeddable":true,"href":"https:\/\/secureus.se\/fi\/wp-json\/wp\/v2\/product_tag?post=150052"}],"curies":[{"name":"wp","href":"https:\/\/api.w.org\/{rel}","templated":true}]}}