{"id":150054,"date":"2025-04-03T13:23:16","date_gmt":"2025-04-03T11:23:16","guid":{"rendered":"https:\/\/secureus.se\/apollo-45681-217apo-vattentat-kapsling-for-sockel-vit\/"},"modified":"2026-04-09T11:31:37","modified_gmt":"2026-04-09T09:31:37","slug":"apollo-45681-217apo-vattentat-kapsling-for-sockel-vit","status":"publish","type":"product","link":"https:\/\/secureus.se\/fi\/apollo-45681-217apo-vattentat-kapsling-for-sockel-vit\/","title":{"rendered":"Apollo 45681-217APO Vedenpit\u00e4v\u00e4 kotelo pohjalle, valkoinen"},"content":{"rendered":"<h1>Apollo 45681-217APO Vedenpit\u00e4v\u00e4 kotelo pohjalle, valkoinen<\/h1>\n<p class=\"\" data-start=\"404\" data-end=\"756\">Apollo 45681-217APO vedenpit\u00e4v\u00e4 pohjakotelo on suunniteltu suojaamaan Apollo-jalustoja, kaikuluotaimia ja kaikuluotaimia ja visuaalisia osoittimia veden tai muiden nesteiden sis\u00e4\u00e4np\u00e4\u00e4sylt\u00e4.<\/p>\n<p class=\"\" data-start=\"404\" data-end=\"756\">T\u00e4m\u00e4 kotelo varmistaa, ett\u00e4 paloh\u00e4lytysj\u00e4rjestelm\u00e4 toimii luotettavasti my\u00f6s ankarissa ymp\u00e4rist\u00f6iss\u00e4, joissa vesivahingot voivat olla ongelmallisia.<\/p>\n<p class=\"\" data-start=\"758\" data-end=\"1127\">Asennuslaatikko on helppo asentaa ja sit\u00e4 voidaan k\u00e4ytt\u00e4\u00e4 useiden Apollo-jalkojen kanssa.<\/p>\n<p class=\"\" data-start=\"758\" data-end=\"1127\">Tiettyjen laitteiden, kuten XP95- tai Discovery-ilmaisimien, asennuksessa voi olla tarpeen k\u00e4ytt\u00e4\u00e4 erillist\u00e4 lis\u00e4varustesarjaa (osanumero 45681-218).<\/p>\n<p class=\"\" data-start=\"758\" data-end=\"1127\">T\u00e4m\u00e4 sarja sis\u00e4lt\u00e4\u00e4 jatkoletkun ja sovitinrenkaan syvemm\u00e4ll\u00e4 pohjalla varustettujen laitteiden tai \u00e4\u00e4nil\u00e4hteiden asentamiseen.<\/p>\n<p data-start=\"758\" data-end=\"1127\">Vedenpit\u00e4v\u00e4ll\u00e4 kotelolla on vankka rakenne ja se sopii erinomaisesti k\u00e4ytett\u00e4v\u00e4ksi sek\u00e4 kaupallisissa ett\u00e4 teollisissa ymp\u00e4rist\u00f6iss\u00e4.<\/p>\n<p data-start=\"758\" data-end=\"1127\">Se on suunniteltu kest\u00e4m\u00e4\u00e4n korkeaa kosteutta ja on luotettava ratkaisu paloturvallisuusj\u00e4rjestelm\u00e4n pitk\u00e4n aikav\u00e4lin toimivuuden varmistamiseksi.<\/p>","protected":false},"excerpt":{"rendered":"<p>Apollo 45681-217APO Waterproof Base Enclosure suojaa vett\u00e4 sis\u00e4\u00e4np\u00e4\u00e4sylt\u00e4 ja parantaa eri Apollo-alustojen suorituskyky\u00e4.<\/p>\n<p>Se on ihanteellinen asennettavaksi ymp\u00e4rist\u00f6ihin, joissa nesteit\u00e4 voi joutua kosketuksiin laitteiden kanssa.<\/p>","protected":false},"featured_media":150053,"template":"","meta":{"_acf_changed":false},"product_brand":[],"product_cat":[4751],"product_tag":[],"class_list":{"0":"post-150054","1":"product","2":"type-product","3":"status-publish","4":"has-post-thumbnail","6":"product_cat-xp95-serien","7":"pa_brands-apollo-fire-detectors","8":"tm-no-options","10":"first","11":"instock","12":"taxable","13":"shipping-taxable","14":"purchasable","15":"product-type-simple"},"acf":[],"_links":{"self":[{"href":"https:\/\/secureus.se\/fi\/wp-json\/wp\/v2\/product\/150054","targetHints":{"allow":["GET"]}}],"collection":[{"href":"https:\/\/secureus.se\/fi\/wp-json\/wp\/v2\/product"}],"about":[{"href":"https:\/\/secureus.se\/fi\/wp-json\/wp\/v2\/types\/product"}],"wp:featuredmedia":[{"embeddable":true,"href":"https:\/\/secureus.se\/fi\/wp-json\/wp\/v2\/media\/150053"}],"wp:attachment":[{"href":"https:\/\/secureus.se\/fi\/wp-json\/wp\/v2\/media?parent=150054"}],"wp:term":[{"taxonomy":"product_brand","embeddable":true,"href":"https:\/\/secureus.se\/fi\/wp-json\/wp\/v2\/product_brand?post=150054"},{"taxonomy":"product_cat","embeddable":true,"href":"https:\/\/secureus.se\/fi\/wp-json\/wp\/v2\/product_cat?post=150054"},{"taxonomy":"product_tag","embeddable":true,"href":"https:\/\/secureus.se\/fi\/wp-json\/wp\/v2\/product_tag?post=150054"}],"curies":[{"name":"wp","href":"https:\/\/api.w.org\/{rel}","templated":true}]}}