{"id":150056,"date":"2025-04-03T13:23:16","date_gmt":"2025-04-03T11:23:16","guid":{"rendered":"https:\/\/secureus.se\/apollo-55000-401apo-xp95-series-varmedetektor-cs-55c-vit\/"},"modified":"2026-04-16T15:55:55","modified_gmt":"2026-04-16T13:55:55","slug":"apollo-55000-401apo-xp95-series-varmedetektor-cs-55c-vit","status":"publish","type":"product","link":"https:\/\/secureus.se\/fi\/apollo-55000-401apo-xp95-series-varmedetektor-cs-55c-vit\/","title":{"rendered":"Apollo 55000-401APO XP95 Series, l\u00e4mp\u00f6anturi CS 55\u00b0C, valkoinen"},"content":{"rendered":"<h1>Apollo 55000-401APO XP95 Series, l\u00e4mp\u00f6anturi CS 55\u00b0C, valkoinen<\/h1>\n<p class=\"\" data-start=\"410\" data-end=\"835\">Apollo 55000-401APO XP95 -sarjan l\u00e4mp\u00f6anturi on luotettava ratkaisu l\u00e4mp\u00f6tilan valvontaan vaikeasti tavoitettavissa tai likaisissa ymp\u00e4rist\u00f6iss\u00e4.<\/p>\n<p class=\"\" data-start=\"410\" data-end=\"835\">Se k\u00e4ytt\u00e4\u00e4 yht\u00e4 termistoria l\u00e4mp\u00f6tilan tarkkailuun ja tarjoaa ulkoilman l\u00e4mp\u00f6tilaan verrannollisen laskentatulon.<\/p>\n<p class=\"\" data-start=\"410\" data-end=\"835\">Kun l\u00e4mp\u00f6tila saavuttaa 55 \u00b0C, l\u00e4hetet\u00e4\u00e4n h\u00e4lytys, joten se on ihanteellinen alueille, joissa normaalit ilmaisimet eiv\u00e4t riit\u00e4.<\/p>\n<p class=\"\" data-start=\"837\" data-end=\"1221\">Tuuli tai ilmanpaine ei vaikuta tunnistimeen, mik\u00e4 varmistaa sen luotettavan toiminnan erilaisissa olosuhteissa.<\/p>\n<p class=\"\" data-start=\"837\" data-end=\"1221\">Se on my\u00f6s suunniteltu kest\u00e4m\u00e4\u00e4n korkeaa suhteellista kosteutta (jopa 95%) ja sit\u00e4 voidaan k\u00e4ytt\u00e4\u00e4 erilaisissa sis\u00e4ymp\u00e4rist\u00f6iss\u00e4.<\/p>\n<p class=\"\" data-start=\"837\" data-end=\"1221\">T\u00e4m\u00e4 10 vuoden k\u00e4ytt\u00f6ik\u00e4 ja CE-sertifioitu l\u00e4mp\u00f6anturi on luotettava ja kest\u00e4v\u00e4 ratkaisu paloh\u00e4lytysj\u00e4rjestelmiin.<\/p>","protected":false},"excerpt":{"rendered":"<p>Apollo 55000-401APO XP95 -sarjan l\u00e4mm\u00f6nilmaisin CS 55\u00b0C on suunniteltu valvomaan l\u00e4mp\u00f6tilaa ymp\u00e4rist\u00f6iss\u00e4, joissa olosuhteet voivat olla likaiset tai savuiset.<\/p>\n<p>Se ilmoittaa h\u00e4lytyksen 55 \u00b0C:ssa, eik\u00e4 tuuli tai ilmanpaine vaikuta siihen.<\/p>","protected":false},"featured_media":150055,"template":"","meta":{"_acf_changed":false},"product_brand":[],"product_cat":[4751],"product_tag":[],"class_list":{"0":"post-150056","1":"product","2":"type-product","3":"status-publish","4":"has-post-thumbnail","6":"product_cat-xp95-serien","7":"pa_brands-apollo-fire-detectors","8":"tm-no-options","10":"first","11":"onbackorder","12":"taxable","13":"shipping-taxable","14":"purchasable","15":"product-type-simple"},"acf":[],"_links":{"self":[{"href":"https:\/\/secureus.se\/fi\/wp-json\/wp\/v2\/product\/150056","targetHints":{"allow":["GET"]}}],"collection":[{"href":"https:\/\/secureus.se\/fi\/wp-json\/wp\/v2\/product"}],"about":[{"href":"https:\/\/secureus.se\/fi\/wp-json\/wp\/v2\/types\/product"}],"wp:featuredmedia":[{"embeddable":true,"href":"https:\/\/secureus.se\/fi\/wp-json\/wp\/v2\/media\/150055"}],"wp:attachment":[{"href":"https:\/\/secureus.se\/fi\/wp-json\/wp\/v2\/media?parent=150056"}],"wp:term":[{"taxonomy":"product_brand","embeddable":true,"href":"https:\/\/secureus.se\/fi\/wp-json\/wp\/v2\/product_brand?post=150056"},{"taxonomy":"product_cat","embeddable":true,"href":"https:\/\/secureus.se\/fi\/wp-json\/wp\/v2\/product_cat?post=150056"},{"taxonomy":"product_tag","embeddable":true,"href":"https:\/\/secureus.se\/fi\/wp-json\/wp\/v2\/product_tag?post=150056"}],"curies":[{"name":"wp","href":"https:\/\/api.w.org\/{rel}","templated":true}]}}