{"id":150058,"date":"2025-04-03T13:23:13","date_gmt":"2025-04-03T11:23:13","guid":{"rendered":"https:\/\/secureus.se\/apollo-45681-209apo-xpert-7-series-intelligent-djupdetektormonteringsbas-vit\/"},"modified":"2026-05-06T14:14:54","modified_gmt":"2026-05-06T12:14:54","slug":"apollo-45681-209apo-xpert-7-series-intelligent-djupdetektormonteringsbas-vit","status":"publish","type":"product","link":"https:\/\/secureus.se\/fi\/apollo-45681-209apo-xpert-7-series-intelligent-djupdetektormonteringsbas-vit\/","title":{"rendered":"Apollo 45681-209APO Xpert 7 -sarjan \u00e4lyk\u00e4s syvyystunnistimen kiinnitysalusta, valkoinen"},"content":{"rendered":"<h1>Apollo 45681-209APO Xpert 7 -sarjan \u00e4lyk\u00e4s syvyystunnistimen kiinnitysalusta, valkoinen<\/h1>\n<p>Apollo 45681-209APO XP95 -sarjan Xpert 7 -\u00e4lyk\u00e4s syvyystunnistimen kiinnitysalusta tarjoaa luotettavan ja tehokkaan ratkaisun paloilmaisimien asennuksen ja toiminnan parantamiseen.<\/p>\n<p>Se on varustettu XPERT-osoitteella j\u00e4rjestelm\u00e4n helpon ja tarkan konfiguroinnin varmistamiseksi. Sen lukitusominaisuus est\u00e4\u00e4 tunnistimen luvattoman poistamisen ja varmistaa, ett\u00e4 j\u00e4rjestelm\u00e4si pysyy turvallisena ja luotettavana.<\/p>\n<p>Asennusalusta mahdollistaa my\u00f6s pinta-asennuskaapeloinnin, mik\u00e4 tekee asennuksesta sujuvampaa ja joustavampaa.<\/p>\n<p>Valmistettu polykarbonaatista (PC) ja tyylikk\u00e4\u00e4n valkoisen viimeistelyn ansiosta t\u00e4m\u00e4 kiinnitysalusta on sek\u00e4 kest\u00e4v\u00e4 ett\u00e4 esteettisesti miellytt\u00e4v\u00e4.<\/p>\n<p>Tuotehalkaisijaltaan 100 mm ja 10 vuoden takuulla t\u00e4m\u00e4 alusta on pitk\u00e4aikainen ratkaisu paloturvallisuusasennuksiin.<\/p>","protected":false},"excerpt":{"rendered":"<p>Apollo 45681-209APO XP95 -sarjan Xpert 7 \u00e4lyk\u00e4s syvyystunnistimen kiinnitysalusta on suunniteltu parantamaan palonhavaitsemisj\u00e4rjestelmien suorituskyky\u00e4 ja mahdollistamaan helpon asennuksen ja k\u00e4yt\u00f6n.<\/p>\n<p>Siin\u00e4 on XPERT-osoitus ja lukitusominaisuus, joka est\u00e4\u00e4 tunnistimen luvattoman poistamisen.<\/p>","protected":false},"featured_media":150057,"template":"","meta":{"_acf_changed":false},"product_brand":[],"product_cat":[4751],"product_tag":[],"class_list":{"0":"post-150058","1":"product","2":"type-product","3":"status-publish","4":"has-post-thumbnail","6":"product_cat-xp95-serien","7":"pa_brands-apollo-fire-detectors","8":"tm-no-options","10":"first","11":"instock","12":"sale","13":"taxable","14":"shipping-taxable","15":"purchasable","16":"product-type-simple"},"acf":[],"_links":{"self":[{"href":"https:\/\/secureus.se\/fi\/wp-json\/wp\/v2\/product\/150058","targetHints":{"allow":["GET"]}}],"collection":[{"href":"https:\/\/secureus.se\/fi\/wp-json\/wp\/v2\/product"}],"about":[{"href":"https:\/\/secureus.se\/fi\/wp-json\/wp\/v2\/types\/product"}],"wp:featuredmedia":[{"embeddable":true,"href":"https:\/\/secureus.se\/fi\/wp-json\/wp\/v2\/media\/150057"}],"wp:attachment":[{"href":"https:\/\/secureus.se\/fi\/wp-json\/wp\/v2\/media?parent=150058"}],"wp:term":[{"taxonomy":"product_brand","embeddable":true,"href":"https:\/\/secureus.se\/fi\/wp-json\/wp\/v2\/product_brand?post=150058"},{"taxonomy":"product_cat","embeddable":true,"href":"https:\/\/secureus.se\/fi\/wp-json\/wp\/v2\/product_cat?post=150058"},{"taxonomy":"product_tag","embeddable":true,"href":"https:\/\/secureus.se\/fi\/wp-json\/wp\/v2\/product_tag?post=150058"}],"curies":[{"name":"wp","href":"https:\/\/api.w.org\/{rel}","templated":true}]}}