{"id":150062,"date":"2025-04-03T13:23:11","date_gmt":"2025-04-03T11:23:11","guid":{"rendered":"https:\/\/secureus.se\/apollo-55000-420apo-xp95-series-a2s-55c-varmedetektor-vit\/"},"modified":"2026-04-16T15:58:50","modified_gmt":"2026-04-16T13:58:50","slug":"apollo-55000-420apo-xp95-series-a2s-55c-varmedetektor-vit","status":"publish","type":"product","link":"https:\/\/secureus.se\/fi\/apollo-55000-420apo-xp95-series-a2s-55c-varmedetektor-vit\/","title":{"rendered":"Apollo 55000-420APO XP95 Series, A2S 55\u00b0C l\u00e4mm\u00f6nilmaisin, valkoinen"},"content":{"rendered":"<h1>Apollo 55000-420APO XP95 Series, A2S 55\u00b0C l\u00e4mm\u00f6nilmaisin, valkoinen<\/h1>\n<p class=\"\" data-start=\"469\" data-end=\"871\">Apollo 55000-420APO XP95 -sarjan A2S 55\u00b0C -l\u00e4mp\u00f6anturi k\u00e4ytt\u00e4\u00e4 termistoria tarkkailemaan l\u00e4mp\u00f6tilaa ja antamaan analogisen l\u00e4hd\u00f6n, joka on verrannollinen ulkoilman l\u00e4mp\u00f6tilaan.<\/p>\n<p class=\"\" data-start=\"469\" data-end=\"871\">Se ilmoittaa h\u00e4lytyksen, kun l\u00e4mp\u00f6tila saavuttaa 55 \u00b0C, joten se sopii erinomaisesti k\u00e4ytett\u00e4v\u00e4ksi ymp\u00e4rist\u00f6iss\u00e4, jotka voivat olla saastuneita tai joissa muut tunnistusmenetelm\u00e4t eiv\u00e4t ole luotettavia.<\/p>\n<p class=\"\" data-start=\"873\" data-end=\"1229\">Ilmaisin on napaisuusherkk\u00e4 ja toimii j\u00e4nnitteell\u00e4 17 V - 28 V DC. Se on suunniteltu kytkett\u00e4v\u00e4ksi XP95-, Discovery- ja XPlorer-j\u00e4rjestelmiin, eiv\u00e4tk\u00e4 tuulet tai ilmakeh\u00e4n muutokset vaikuta siihen.<\/p>\n<p class=\"\" data-start=\"873\" data-end=\"1229\">Suurin suhteellinen kosteus on 95% ja k\u00e4ytt\u00f6l\u00e4mp\u00f6tila -20 \u00b0C - +70 \u00b0C, joten t\u00e4m\u00e4 ilmaisin on sek\u00e4 kest\u00e4v\u00e4 ett\u00e4 luotettava.<\/p>\n<p data-start=\"873\" data-end=\"1229\">Se on erinomainen ratkaisu palonvalvontaan ankarissa ymp\u00e4rist\u00f6iss\u00e4, joissa on t\u00e4rke\u00e4\u00e4 voida luottaa turvallisuuteen kaikissa olosuhteissa.<\/p>","protected":false},"excerpt":{"rendered":"<p>Apollo 55000-420APO XP95 Series A2S 55\u00b0C l\u00e4mp\u00f6anturi on suunniteltu seuraamaan l\u00e4mp\u00f6tilan muutoksia ymp\u00e4rist\u00f6iss\u00e4, jotka ovat tyypillisesti likaisia tai savuisia.<\/p>\n<p>Tuuli tai ilmanpaine ei vaikuta siihen, ja se on t\u00e4ydellinen turvallisuuden varmistamiseen t\u00e4llaisissa haastavissa ymp\u00e4rist\u00f6iss\u00e4.<\/p>","protected":false},"featured_media":150061,"template":"","meta":{"_acf_changed":false},"product_brand":[],"product_cat":[4751],"product_tag":[],"class_list":{"0":"post-150062","1":"product","2":"type-product","3":"status-publish","4":"has-post-thumbnail","6":"product_cat-xp95-serien","7":"pa_brands-apollo-fire-detectors","8":"tm-no-options","10":"first","11":"instock","12":"taxable","13":"shipping-taxable","14":"purchasable","15":"product-type-simple"},"acf":[],"_links":{"self":[{"href":"https:\/\/secureus.se\/fi\/wp-json\/wp\/v2\/product\/150062","targetHints":{"allow":["GET"]}}],"collection":[{"href":"https:\/\/secureus.se\/fi\/wp-json\/wp\/v2\/product"}],"about":[{"href":"https:\/\/secureus.se\/fi\/wp-json\/wp\/v2\/types\/product"}],"wp:featuredmedia":[{"embeddable":true,"href":"https:\/\/secureus.se\/fi\/wp-json\/wp\/v2\/media\/150061"}],"wp:attachment":[{"href":"https:\/\/secureus.se\/fi\/wp-json\/wp\/v2\/media?parent=150062"}],"wp:term":[{"taxonomy":"product_brand","embeddable":true,"href":"https:\/\/secureus.se\/fi\/wp-json\/wp\/v2\/product_brand?post=150062"},{"taxonomy":"product_cat","embeddable":true,"href":"https:\/\/secureus.se\/fi\/wp-json\/wp\/v2\/product_cat?post=150062"},{"taxonomy":"product_tag","embeddable":true,"href":"https:\/\/secureus.se\/fi\/wp-json\/wp\/v2\/product_tag?post=150062"}],"curies":[{"name":"wp","href":"https:\/\/api.w.org\/{rel}","templated":true}]}}