{"id":150064,"date":"2025-04-03T13:23:09","date_gmt":"2025-04-03T11:23:09","guid":{"rendered":"https:\/\/secureus.se\/apollo-45681-277apo-xp95-series-isolerande-2-tons-ljuddampare-monteringsbas-91db-a-inomhusbruk-en54-3-kompatibel-vit\/"},"modified":"2026-04-09T11:32:07","modified_gmt":"2026-04-09T09:32:07","slug":"apollo-45681-277apo-xp95-series-isolerande-2-tons-ljuddampare-monteringsbas-91db-a-inomhusbruk-en54-3-kompatibel-vit","status":"publish","type":"product","link":"https:\/\/secureus.se\/fi\/apollo-45681-277apo-xp95-series-isolerande-2-tons-ljuddampare-monteringsbas-91db-a-inomhusbruk-en54-3-kompatibel-vit\/","title":{"rendered":"Apollo 45681-277APO XP95 -sarja, 2-s\u00e4vyinen erist\u00e4v\u00e4 \u00e4\u00e4nenvaimennin kiinnitysalusta 91 dB A, sis\u00e4k\u00e4ytt\u00f6, EN54-3-yhteensopiva, valkoinen"},"content":{"rendered":"<h1>Apollo 45681-277APO XP95 -sarja, 2-s\u00e4vyinen erist\u00e4v\u00e4 \u00e4\u00e4nenvaimentimen asennusalusta 91 dB A, sis\u00e4k\u00e4ytt\u00f6, EN54-3-yhteensopiva<\/h1>\n<p>Apollo 45681-277APO XP95 -sarjan erist\u00e4v\u00e4 2-\u00e4\u00e4ninen \u00e4\u00e4nenvaimennin kiinnitysalusta on suunniteltu antamaan voimakkaita \u00e4\u00e4nivaroituksia paloh\u00e4lytysj\u00e4rjestelmiss\u00e4 91 dB A:n \u00e4\u00e4nitasolla.<\/p>\n<p>\u00c4\u00e4nenvaimentimessa on kaksi \u00e4\u00e4nt\u00e4 ja kaksi \u00e4\u00e4nenvoimakkuusaluetta (55-75 dB(A) ja 75-91 dB(A)), mik\u00e4 tarjoaa joustavuutta signaalien kuulumiseen eri ymp\u00e4rist\u00f6iss\u00e4.<\/p>\n<p>Asennusalustassa on eristin, joka est\u00e4\u00e4 oikosulkujen vaikutuksen j\u00e4rjestelm\u00e4\u00e4n ja varmistaa luotettavan toiminnan kaikissa olosuhteissa.<\/p>\n<p>Laitetta voidaan ohjata sek\u00e4 yksitt\u00e4in ett\u00e4 ryhm\u00e4osoiteohjauksella, jolloin useaa sireeni\u00e4 voidaan ohjata samanaikaisesti, ja siin\u00e4 on sis\u00e4\u00e4nrakennettu akustinen itsetestaustoiminto toiminnan varmistamiseksi.<\/p>\n<p>T\u00e4m\u00e4 sis\u00e4k\u00e4ytt\u00f6\u00f6n suunniteltu \u00e4\u00e4nenvaimennin toimii Apollo XP95-, Discovery- ja CoreProtocol-j\u00e4rjestelmien kanssa ja on EN54-3-yhteensopiva, joten se on luotettava ratkaisu paloh\u00e4lytysasennuksiin, joissa \u00e4\u00e4ni- ja visuaalinen varoitus on v\u00e4ltt\u00e4m\u00e4t\u00f6nt\u00e4.<\/p>","protected":false},"excerpt":{"rendered":"<p>Apollo 45681-277APO XP95 -sarjan erist\u00e4v\u00e4 2-\u00e4\u00e4ninen \u00e4\u00e4nenvaimentimen kiinnitysalusta on luotettava ja tehokas ratkaisu \u00e4\u00e4nivaroitusten antamiseen paloh\u00e4lytysj\u00e4rjestelmiss\u00e4.<\/p>\n<p>Sen melutaso on 91 dB A ja se on suunniteltu sis\u00e4k\u00e4ytt\u00f6\u00f6n, ja siin\u00e4 on ominaisuuksia, kuten ryhm\u00e4- ja yksil\u00f6llinen osoitus.<\/p>","protected":false},"featured_media":150063,"template":"","meta":{"_acf_changed":false},"product_brand":[],"product_cat":[4751],"product_tag":[],"class_list":{"0":"post-150064","1":"product","2":"type-product","3":"status-publish","4":"has-post-thumbnail","6":"product_cat-xp95-serien","7":"pa_brands-apollo-fire-detectors","8":"tm-no-options","10":"first","11":"instock","12":"taxable","13":"shipping-taxable","14":"purchasable","15":"product-type-simple"},"acf":[],"_links":{"self":[{"href":"https:\/\/secureus.se\/fi\/wp-json\/wp\/v2\/product\/150064","targetHints":{"allow":["GET"]}}],"collection":[{"href":"https:\/\/secureus.se\/fi\/wp-json\/wp\/v2\/product"}],"about":[{"href":"https:\/\/secureus.se\/fi\/wp-json\/wp\/v2\/types\/product"}],"wp:featuredmedia":[{"embeddable":true,"href":"https:\/\/secureus.se\/fi\/wp-json\/wp\/v2\/media\/150063"}],"wp:attachment":[{"href":"https:\/\/secureus.se\/fi\/wp-json\/wp\/v2\/media?parent=150064"}],"wp:term":[{"taxonomy":"product_brand","embeddable":true,"href":"https:\/\/secureus.se\/fi\/wp-json\/wp\/v2\/product_brand?post=150064"},{"taxonomy":"product_cat","embeddable":true,"href":"https:\/\/secureus.se\/fi\/wp-json\/wp\/v2\/product_cat?post=150064"},{"taxonomy":"product_tag","embeddable":true,"href":"https:\/\/secureus.se\/fi\/wp-json\/wp\/v2\/product_tag?post=150064"}],"curies":[{"name":"wp","href":"https:\/\/api.w.org\/{rel}","templated":true}]}}