{"id":150068,"date":"2025-04-03T12:59:55","date_gmt":"2025-04-03T10:59:55","guid":{"rendered":"https:\/\/secureus.se\/system-sensor-2351tem-a-flerkriteriedetektor-for-optiskt-och-termiskt-brandlarm-analogt-adresserbart-vit\/"},"modified":"2026-04-01T15:52:48","modified_gmt":"2026-04-01T13:52:48","slug":"system-sensor-2351tem-a-flerkriteriedetektor-for-optiskt-och-termiskt-brandlarm-analogt-adresserbart-vit","status":"publish","type":"product","link":"https:\/\/secureus.se\/fi\/system-sensor-2351tem-a-flerkriteriedetektor-for-optiskt-och-termiskt-brandlarm-analogt-adresserbart-vit\/","title":{"rendered":"J\u00e4rjestelm\u00e4anturi 2351TEM-A Monikriteeritunnistin optiselle ja termiselle paloh\u00e4lyttimelle, analoginen osoite, valkoinen"},"content":{"rendered":"<h1>J\u00e4rjestelm\u00e4anturi 2351TEM-A Monikriteeritunnistin optiseen ja termiseen paloh\u00e4lyttimeen, analogisesti osoitettavissa<\/h1>\n<p class=\"\" data-start=\"524\" data-end=\"1015\">System Sensor 2351TEM-A on valos\u00e4hk\u00f6inen savu- ja l\u00e4mp\u00f6anturi, jossa yhdistyv\u00e4t sek\u00e4 optiset ett\u00e4 l\u00e4mm\u00f6nilmaisimet.<\/p>\n<p class=\"\" data-start=\"524\" data-end=\"1015\">Se on varustettu optisella kammiolla ja l\u00e4mp\u00f6elementill\u00e4, jota sis\u00e4\u00e4nrakennettu prosessori valvoo jatkuvasti.<\/p>\n<p class=\"\" data-start=\"524\" data-end=\"1015\">Edistyksellinen prosessori k\u00e4ytt\u00e4\u00e4 algoritmeja, jotka on kehitetty havaitsemaan tulipalo tarkasti, minimoiden v\u00e4\u00e4rien h\u00e4lytysten riskin.<\/p>\n<p class=\"\" data-start=\"524\" data-end=\"1015\">H\u00e4lytykset annetaan vain, kun prosessori on varma, ett\u00e4 alkava tulipalo on havaittu.<\/p>\n<p class=\"\" data-start=\"1017\" data-end=\"1496\">Ilmaisin on ohjelmoitava ja tarjoaa ominaisuuksia, kuten automaattisen ry\u00f6mint\u00e4kompensoinnin ja ohjelmoitavan herkkyyden (matala, keskitaso, korkea), mik\u00e4 varmistaa, ett\u00e4 se toimii aina optimaalisesti siin\u00e4 ymp\u00e4rist\u00f6ss\u00e4, johon se on asennettu.<\/p>\n<p class=\"\" data-start=\"1017\" data-end=\"1496\">Huollon yksinkertaistamiseksi k\u00e4dess\u00e4 pidett\u00e4v\u00e4ll\u00e4 testilaitteella voidaan lukea viimeisimm\u00e4n huollon p\u00e4iv\u00e4m\u00e4\u00e4r\u00e4, kontaminaatiotaso ja l\u00e4mp\u00f6elementin arvo.<\/p>\n<p class=\"\" data-start=\"1017\" data-end=\"1496\">Siin\u00e4 on my\u00f6s kaksiv\u00e4rinen LED-valo, joka ilmaisee ilmaisimen tilan (vihre\u00e4 normaalia toimintaa varten, punainen h\u00e4lytys).<\/p>\n<p class=\"\" data-start=\"1498\" data-end=\"1754\">Laajan 8-30 VDC k\u00e4ytt\u00f6j\u00e4nnitealueen ja taaksep\u00e4in yhteensopivuuden ansiosta 2351TEM-A voidaan helposti integroida olemassa oleviin j\u00e4rjestelmiin.<\/p>\n<p class=\"\" data-start=\"1498\" data-end=\"1754\">Se on hyv\u00e4ksytty EN54-7 ja EN54-5 mukaisesti, joten se on turvallinen ja luotettava ratkaisu palovaroittimiin.<\/p>","protected":false},"excerpt":{"rendered":"<p>System Sensor 2351TEM-A on monitoimipaloilmaisin, joka yhdist\u00e4\u00e4 optisen ja l\u00e4mp\u00f6tunnistuksen korkean turvallisuuden takaamiseksi.<\/p>\n<p>Se tarjoaa edistyneen ry\u00f6mint\u00e4kompensaation ja on osoitettavissa, joten se on t\u00e4ydellinen sek\u00e4 uusiin asennuksiin ett\u00e4 p\u00e4ivityksiin.<\/p>","protected":false},"featured_media":150067,"template":"","meta":{"_acf_changed":false},"product_brand":[],"product_cat":[4754,3373],"product_tag":[],"class_list":{"0":"post-150068","1":"product","2":"type-product","3":"status-publish","4":"has-post-thumbnail","6":"product_cat-system-sensor-300-serien","7":"product_cat-rokdetektorer","8":"pa_brands-system-sensor","9":"tm-no-options","11":"first","12":"onbackorder","13":"sale","14":"taxable","15":"shipping-taxable","16":"purchasable","17":"product-type-simple"},"acf":[],"_links":{"self":[{"href":"https:\/\/secureus.se\/fi\/wp-json\/wp\/v2\/product\/150068","targetHints":{"allow":["GET"]}}],"collection":[{"href":"https:\/\/secureus.se\/fi\/wp-json\/wp\/v2\/product"}],"about":[{"href":"https:\/\/secureus.se\/fi\/wp-json\/wp\/v2\/types\/product"}],"wp:featuredmedia":[{"embeddable":true,"href":"https:\/\/secureus.se\/fi\/wp-json\/wp\/v2\/media\/150067"}],"wp:attachment":[{"href":"https:\/\/secureus.se\/fi\/wp-json\/wp\/v2\/media?parent=150068"}],"wp:term":[{"taxonomy":"product_brand","embeddable":true,"href":"https:\/\/secureus.se\/fi\/wp-json\/wp\/v2\/product_brand?post=150068"},{"taxonomy":"product_cat","embeddable":true,"href":"https:\/\/secureus.se\/fi\/wp-json\/wp\/v2\/product_cat?post=150068"},{"taxonomy":"product_tag","embeddable":true,"href":"https:\/\/secureus.se\/fi\/wp-json\/wp\/v2\/product_tag?post=150068"}],"curies":[{"name":"wp","href":"https:\/\/api.w.org\/{rel}","templated":true}]}}