{"id":150080,"date":"2025-04-03T12:22:18","date_gmt":"2025-04-03T10:22:18","guid":{"rendered":"https:\/\/secureus.se\/system-sensor-eco1002-a-eco-fotoelektrisk-rok-och-temperaturdetektor\/"},"modified":"2026-04-09T11:31:57","modified_gmt":"2026-04-09T09:31:57","slug":"system-sensor-eco1002-a-eco-fotoelektrisk-rok-och-temperaturdetektor","status":"publish","type":"product","link":"https:\/\/secureus.se\/fi\/system-sensor-eco1002-a-eco-fotoelektrisk-rok-och-temperaturdetektor\/","title":{"rendered":"J\u00e4rjestelm\u00e4n anturi ECO1002 ECO-valos\u00e4hk\u00f6inen savu- ja l\u00e4mp\u00f6tilatunnistin"},"content":{"rendered":"<h1>J\u00e4rjestelm\u00e4n anturi ECO1002 ECO-valos\u00e4hk\u00f6inen savu- ja l\u00e4mp\u00f6tilatunnistin<\/h1>\n<p class=\"\" data-start=\"515\" data-end=\"955\">System Sensor ECO1002 A on innovatiivinen valos\u00e4hk\u00f6inen ja l\u00e4mp\u00f6savuilmaisin, joka on osa ECO1000-sarjaa.<\/p>\n<p class=\"\" data-start=\"515\" data-end=\"955\">Se yhdist\u00e4\u00e4 valos\u00e4hk\u00f6isen savuntunnistuksen l\u00e4mp\u00f6termistoriin, mik\u00e4 tekee siit\u00e4 tehokkaan ratkaisun tulipalojen havaitsemiseen sek\u00e4 varhaisessa ett\u00e4 my\u00f6hemm\u00e4ss\u00e4 vaiheessa.<\/p>\n<p class=\"\" data-start=\"515\" data-end=\"955\">Matalan profiilin ja sek\u00e4 12 V DC:n ett\u00e4 24 V DC:n k\u00e4ytt\u00f6j\u00e4nnitteen ansiosta se on joustava ja helppo integroida erilaisiin palo- ja turvaj\u00e4rjestelmiin.<\/p>\n<p class=\"\" data-start=\"957\" data-end=\"1242\">Automaattinen ry\u00f6mint\u00e4kompensointi v\u00e4hent\u00e4\u00e4 lian tai muiden ymp\u00e4rist\u00f6n ep\u00e4puhtauksien aiheuttamien v\u00e4\u00e4rien h\u00e4lytysten riski\u00e4, joten se on pitk\u00e4aikainen ja luotettava valinta.<\/p>\n<p class=\"\" data-start=\"957\" data-end=\"1242\">ECO1002 A on my\u00f6s varustettu et\u00e4h\u00e4lytystestaustoiminnolla, joka yksinkertaistaa huoltoa ja k\u00e4ytt\u00f6\u00e4.<\/p>\n<p class=\"\" data-start=\"1244\" data-end=\"1500\">L\u00e4mp\u00f6tila-alueella -30\u00b0C - +70\u00b0C ja maksimikosteus 95% RH, se on riitt\u00e4v\u00e4n kest\u00e4v\u00e4 k\u00e4ytett\u00e4v\u00e4ksi vaativissa ymp\u00e4rist\u00f6iss\u00e4.<\/p>\n<p class=\"\" data-start=\"1244\" data-end=\"1500\">Sertifioitu EN54-7:2000 (muutos 1) mukaisesti, t\u00e4m\u00e4 ilmaisin on luotettava valinta ammattimaisiin paloh\u00e4lytysj\u00e4rjestelmiin.<\/p>","protected":false},"excerpt":{"rendered":"<p>ECO1002 A on valos\u00e4hk\u00f6inen ja l\u00e4mp\u00f6savuilmaisin, joka tarjoaa yhdistetyn savun ja l\u00e4mm\u00f6n havaitsemisen.<\/p>\n<p>Pienen virrankulutuksen, automaattisen ry\u00f6mim\u00e4n kompensoinnin ja helpon et\u00e4testauksen ansiosta t\u00e4m\u00e4 ilmaisin on ihanteellinen sek\u00e4 palo- ett\u00e4 turvaj\u00e4rjestelmiin.<\/p>","protected":false},"featured_media":150079,"template":"","meta":{"_acf_changed":false},"product_brand":[],"product_cat":[4755,3373,4157],"product_tag":[],"class_list":{"0":"post-150080","1":"product","2":"type-product","3":"status-publish","4":"has-post-thumbnail","6":"product_cat-eco-1000-serien","7":"product_cat-rokdetektorer","8":"product_cat-varmedetektor","9":"pa_brands-system-sensor","10":"tm-no-options","12":"first","13":"instock","14":"taxable","15":"shipping-taxable","16":"purchasable","17":"product-type-simple"},"acf":[],"_links":{"self":[{"href":"https:\/\/secureus.se\/fi\/wp-json\/wp\/v2\/product\/150080","targetHints":{"allow":["GET"]}}],"collection":[{"href":"https:\/\/secureus.se\/fi\/wp-json\/wp\/v2\/product"}],"about":[{"href":"https:\/\/secureus.se\/fi\/wp-json\/wp\/v2\/types\/product"}],"wp:featuredmedia":[{"embeddable":true,"href":"https:\/\/secureus.se\/fi\/wp-json\/wp\/v2\/media\/150079"}],"wp:attachment":[{"href":"https:\/\/secureus.se\/fi\/wp-json\/wp\/v2\/media?parent=150080"}],"wp:term":[{"taxonomy":"product_brand","embeddable":true,"href":"https:\/\/secureus.se\/fi\/wp-json\/wp\/v2\/product_brand?post=150080"},{"taxonomy":"product_cat","embeddable":true,"href":"https:\/\/secureus.se\/fi\/wp-json\/wp\/v2\/product_cat?post=150080"},{"taxonomy":"product_tag","embeddable":true,"href":"https:\/\/secureus.se\/fi\/wp-json\/wp\/v2\/product_tag?post=150080"}],"curies":[{"name":"wp","href":"https:\/\/api.w.org\/{rel}","templated":true}]}}