{"id":150084,"date":"2025-04-03T12:22:13","date_gmt":"2025-04-03T10:22:13","guid":{"rendered":"https:\/\/secureus.se\/honeywell-eco1000rtu-a-lasertestenhet-for-detektorer-i-300-och-eco1000-serien\/"},"modified":"2026-04-09T11:32:24","modified_gmt":"2026-04-09T09:32:24","slug":"honeywell-eco1000rtu-a-lasertestenhet-for-detektorer-i-300-och-eco1000-serien","status":"publish","type":"product","link":"https:\/\/secureus.se\/fi\/honeywell-eco1000rtu-a-lasertestenhet-for-detektorer-i-300-och-eco1000-serien\/","title":{"rendered":"Honeywell ECO1000RTU-A lasertestiyksikk\u00f6 300- ja Eco1000-sarjan ilmaisimille"},"content":{"rendered":"<h1>Honeywell ECO1000RTU-A lasertestiyksikk\u00f6 300- ja Eco1000-sarjan ilmaisimille<\/h1>\n<p class=\"\" data-start=\"504\" data-end=\"889\">Honeywell ECO1000RTU-A on edistynyt lasertestiyksikk\u00f6, joka on suunniteltu toimimaan sek\u00e4 300- ett\u00e4 ECO1000-sarjan ilmaisimien kanssa.<\/p>\n<p class=\"\" data-start=\"504\" data-end=\"889\">Laite l\u00e4hett\u00e4\u00e4 laserpohjaista tekniikkaa koodatun signaalin, joka mahdollistaa ilmaisimien et\u00e4testauksen.<\/p>\n<p class=\"\" data-start=\"504\" data-end=\"889\">T\u00e4m\u00e4 eliminoi tarpeen p\u00e4\u00e4st\u00e4 k\u00e4siksi ilmaisimeen, mik\u00e4 s\u00e4\u00e4st\u00e4\u00e4 aikaa ja yksinkertaistaa huoltoa.<\/p>\n<p class=\"\" data-start=\"891\" data-end=\"1301\">Se toimii sek\u00e4 12V ett\u00e4 24VDC j\u00e4rjestelmiss\u00e4 ja antaa k\u00e4ytt\u00e4jien helposti tarkistaa, ett\u00e4 ilmaisimet toimivat oikein.<\/p>\n<p class=\"\" data-start=\"891\" data-end=\"1301\">On my\u00f6s vaihtoehtoja et\u00e4-LEDille, joiden avulla k\u00e4ytt\u00e4j\u00e4 voi saada visuaalisen ilmaisimen tilan et\u00e4\u00e4lt\u00e4.<\/p>\n<p class=\"\" data-start=\"891\" data-end=\"1301\">Lasertesteri on yhteensopiva useiden ilmaisinalustojen kanssa ja on v\u00e4ltt\u00e4m\u00e4t\u00f6n ty\u00f6kalu tehokkaaseen ja tarkkaan paloilmaisimien huoltoon.<\/p>","protected":false},"excerpt":{"rendered":"<p>ECO1000RTU-A on lasertestiyksikk\u00f6, jota k\u00e4ytet\u00e4\u00e4n sek\u00e4 300- ett\u00e4 ECO1000-sarjan ilmaisimien et\u00e4testaukseen.<\/p>\n<p>Se on ihanteellinen sen varmistamiseksi, ett\u00e4 ilmaisimet toimivat kunnolla ilman fyysist\u00e4 p\u00e4\u00e4sy\u00e4.<\/p>","protected":false},"featured_media":150083,"template":"","meta":{"_acf_changed":false},"product_brand":[],"product_cat":[4755,4754],"product_tag":[],"class_list":{"0":"post-150084","1":"product","2":"type-product","3":"status-publish","4":"has-post-thumbnail","6":"product_cat-eco-1000-serien","7":"product_cat-system-sensor-300-serien","8":"pa_brands-honeywell","9":"tm-no-options","11":"first","12":"instock","13":"taxable","14":"shipping-taxable","15":"purchasable","16":"product-type-simple"},"acf":[],"_links":{"self":[{"href":"https:\/\/secureus.se\/fi\/wp-json\/wp\/v2\/product\/150084","targetHints":{"allow":["GET"]}}],"collection":[{"href":"https:\/\/secureus.se\/fi\/wp-json\/wp\/v2\/product"}],"about":[{"href":"https:\/\/secureus.se\/fi\/wp-json\/wp\/v2\/types\/product"}],"wp:featuredmedia":[{"embeddable":true,"href":"https:\/\/secureus.se\/fi\/wp-json\/wp\/v2\/media\/150083"}],"wp:attachment":[{"href":"https:\/\/secureus.se\/fi\/wp-json\/wp\/v2\/media?parent=150084"}],"wp:term":[{"taxonomy":"product_brand","embeddable":true,"href":"https:\/\/secureus.se\/fi\/wp-json\/wp\/v2\/product_brand?post=150084"},{"taxonomy":"product_cat","embeddable":true,"href":"https:\/\/secureus.se\/fi\/wp-json\/wp\/v2\/product_cat?post=150084"},{"taxonomy":"product_tag","embeddable":true,"href":"https:\/\/secureus.se\/fi\/wp-json\/wp\/v2\/product_tag?post=150084"}],"curies":[{"name":"wp","href":"https:\/\/api.w.org\/{rel}","templated":true}]}}