{"id":150086,"date":"2025-04-03T12:22:13","date_gmt":"2025-04-03T10:22:13","guid":{"rendered":"https:\/\/secureus.se\/system-sensor-eco1000br-detektorbas-standar\/"},"modified":"2026-04-16T16:06:18","modified_gmt":"2026-04-16T14:06:18","slug":"system-sensor-eco1000br-detektorbas-standar","status":"publish","type":"product","link":"https:\/\/secureus.se\/fi\/system-sensor-eco1000br-detektorbas-standar\/","title":{"rendered":"J\u00e4rjestelm\u00e4anturi ECO1000BR Ilmaisinkanta, vakio"},"content":{"rendered":"<h1>J\u00e4rjestelm\u00e4n anturi ECO1000BR ilmaisimen perusstandardi<\/h1>\n<p class=\"\" data-start=\"416\" data-end=\"795\">System Sensor ECO1000BR on vakiotunnistinpohja, joka kuuluu luotettavaan ECO1000-sarjaan.<\/p>\n<p class=\"\" data-start=\"416\" data-end=\"795\">Se on varustettu peukaloinnin est\u00e4v\u00e4ll\u00e4 toiminnolla, joka aktivoituu murtamalla irti muovikieleke, joten ilmaisinta ei voi irrottaa ilman sopivaa ty\u00f6kalua.<\/p>\n<p class=\"\" data-start=\"416\" data-end=\"795\">T\u00e4m\u00e4 parantaa turvallisuutta est\u00e4m\u00e4ll\u00e4 ei-toivotun manipuloinnin tai poistamisen.<\/p>\n<p class=\"\" data-start=\"797\" data-end=\"1193\">ECO1000BR-jalusta on yhteensopiva koko ECO1000-sarjan kanssa ja tarjoaa helpon asennuksen ja k\u00e4yt\u00f6n.<\/p>\n<p class=\"\" data-start=\"797\" data-end=\"1193\">Pohja voidaan merkit\u00e4 osoitetarralla, joka voidaan rep\u00e4ist\u00e4 tunnistamisen helpottamiseksi.<\/p>\n<p class=\"\" data-start=\"797\" data-end=\"1193\">Sit\u00e4 on saatavana kolmessa v\u00e4riss\u00e4: valkoinen, norsunluu ja musta, joten se on joustava ja helppo integroida erilaisiin ymp\u00e4rist\u00f6ihin.<\/p>\n<p class=\"\" data-start=\"797\" data-end=\"1193\">Jalustassa on my\u00f6s oikosulkujousi, joka mahdollistaa piirin testauksen ennen ilmaisimen asentamista.<\/p>","protected":false},"excerpt":{"rendered":"<p>ECO1000BR on vakiotunnistimen alusta, joka on suunniteltu k\u00e4ytett\u00e4v\u00e4ksi ECO1000-sarjan kanssa.<\/p>\n<p>Siin\u00e4 on v\u00e4\u00e4rent\u00e4misen est\u00e4v\u00e4 ominaisuus, joka est\u00e4\u00e4 ilmaisimen poistamisen ilman asianmukaista ty\u00f6kalua, mik\u00e4 lis\u00e4\u00e4 turvallisuutta.<\/p>","protected":false},"featured_media":150085,"template":"","meta":{"_acf_changed":false},"product_brand":[],"product_cat":[4755],"product_tag":[],"class_list":{"0":"post-150086","1":"product","2":"type-product","3":"status-publish","4":"has-post-thumbnail","6":"product_cat-eco-1000-serien","7":"pa_brands-system-sensor","8":"tm-no-options","10":"first","11":"instock","12":"taxable","13":"shipping-taxable","14":"purchasable","15":"product-type-simple"},"acf":[],"_links":{"self":[{"href":"https:\/\/secureus.se\/fi\/wp-json\/wp\/v2\/product\/150086","targetHints":{"allow":["GET"]}}],"collection":[{"href":"https:\/\/secureus.se\/fi\/wp-json\/wp\/v2\/product"}],"about":[{"href":"https:\/\/secureus.se\/fi\/wp-json\/wp\/v2\/types\/product"}],"wp:featuredmedia":[{"embeddable":true,"href":"https:\/\/secureus.se\/fi\/wp-json\/wp\/v2\/media\/150085"}],"wp:attachment":[{"href":"https:\/\/secureus.se\/fi\/wp-json\/wp\/v2\/media?parent=150086"}],"wp:term":[{"taxonomy":"product_brand","embeddable":true,"href":"https:\/\/secureus.se\/fi\/wp-json\/wp\/v2\/product_brand?post=150086"},{"taxonomy":"product_cat","embeddable":true,"href":"https:\/\/secureus.se\/fi\/wp-json\/wp\/v2\/product_cat?post=150086"},{"taxonomy":"product_tag","embeddable":true,"href":"https:\/\/secureus.se\/fi\/wp-json\/wp\/v2\/product_tag?post=150086"}],"curies":[{"name":"wp","href":"https:\/\/api.w.org\/{rel}","templated":true}]}}