{"id":150091,"date":"2025-04-14T16:17:21","date_gmt":"2025-04-14T14:17:21","guid":{"rendered":"https:\/\/secureus.se\/motorlas-step-352-vanster-komplett-sats\/"},"modified":"2026-04-08T15:10:31","modified_gmt":"2026-04-08T13:10:31","slug":"motorlas-step-352-vanster-komplett-sats","status":"publish","type":"product","link":"https:\/\/secureus.se\/fi\/motorlas-step-352-vanster-komplett-sats\/","title":{"rendered":"Moottorin lukko STEP 352, vasen, t\u00e4ydellinen sarja"},"content":{"rendered":"<div><\/div>\n<p>STEP 352 on moottorilukko, joka on kehitetty varmistamaan turvallinen lukitus ymp\u00e4ri vuorokauden. Moottorilukko on kehitetty korkeataajuiseen k\u00e4ytt\u00f6\u00f6n ja pystyy k\u00e4sittelem\u00e4\u00e4n useita miljoonia aukkoja, jotka my\u00f6s tapahtuvat yht\u00e4 nopeasti kuin s\u00e4hk\u00f6isku. T\u00e4m\u00e4 tarjoaa ainutlaatuisen mahdollisuuden saavuttaa korkeampi turvallisuus siell\u00e4, miss\u00e4 sit\u00e4 tarvitaan, ja siten saavuttaa haavoittuvien ja t\u00e4rkeiden ovien oikea lukitus.<\/p>\n<div><\/div>\n<div>STEP 352 on varustettu koukkupultilla ja automaattisella m\u00e4nn\u00e4ll\u00e4. Automaattinen sylinteri mahdollistaa oveen asentamisen ulosvetokahvalla, sill\u00e4 varaavaus voidaan tehd\u00e4 avaimella ulkopuolelta yhdistettyn\u00e4 evakuointiin. SS-EN 179:2008 sis\u00e4lt\u00e4p\u00e4in. Lukkoa voidaan siis k\u00e4ytt\u00e4\u00e4 edullisesti h\u00e4lytetyll\u00e4 poistumisreitill\u00e4.<\/div>\n<div><\/div>\n<div>Lukko voi yhdist\u00e4\u00e4 evakuointi-, uudelleenk\u00e4ytt\u00f6-, palosuoja- ja saavutettavuusvaatimukset, samalla kun se tarjoaa oviymp\u00e4rist\u00f6lle huomattavasti paremman tunkeutumiskest\u00e4vyyden. Tukeva salpa varmistaa, ett\u00e4 ovi on todella lukittu, ei vain suljettu.<\/div>\n<div><\/div>\n<div>STEP 352 on varustettu STEPin ainutlaatuisella automaattisella m\u00e4nn\u00e4ll\u00e4. Kun ovi avataan s\u00e4hk\u00f6isesti, automaattinen m\u00e4nt\u00e4 voi taittua, mik\u00e4 mahdollistaa avaamisen automaattisella oven toiminnalla. Heti oven avaamisen j\u00e4lkeen automaattinen m\u00e4nt\u00e4 ty\u00f6ntyy ulos, lukittuu paikalleen ja toimii taas kuten tavallinen pudotusm\u00e4nt\u00e4.<\/div>\n<div><\/div>\n<div>Lukossa on kaksoislukko, jossa my\u00f6s koukkupultin lukitus on tukossa. Optinen anturi lukee salvan asennon, joten voit olla varma, ett\u00e4 se on todella lukittu. Salpa on t\u00e4ysin suojattu p\u00e4\u00e4sylt\u00e4 ja varmistaa siten suojan manipulaatiota vastaan.<\/div>\n<div><\/div>\n<div>STEP 352 on varustettu FreeDrive\u00ae:lla, ainutlaatuisella ja patentoidulla teknologiallamme, joka vapauttaa lukon moottorin ja vaihteiston kokonaan aina, kun ovi avataan mekaanisesti.<\/div>\n<div>T\u00e4m\u00e4 minimoi kulumista k\u00e4ytett\u00e4ess\u00e4 kahvaa, nuppia, avainta tai h\u00e4t\u00e4liitint\u00e4.<\/div>\n<div><\/div>\n<div><b>Artikkeli sis\u00e4lt\u00e4\u00e4:<\/b><\/div>\n<div>\n<ul>\n<li>Moottorin lukko ST352-L<\/li>\n<li>Ohjausyksikk\u00f6 300C<\/li>\n<li>Rungon siirto ST1283<\/li>\n<li>Liit\u00e4nt\u00e4kaapeli ST0916H 10m<\/li>\n<li>P\u00e4\u00e4tylevy ST2009-15<\/li>\n<li>Poran suojaus ST1199<\/li>\n<li>Magneettinen kosketin ST0910<\/li>\n<li>Ruuvi- ja liitinsarja ST1192<\/li>\n<\/ul>\n<\/div>\n<div><\/div>\n<div><b>Ominaisuudet:<\/b><\/div>\n<div>\n<ul>\n<li>Ei palautuva<\/li>\n<li>Avautuu alle 0,1 sekunnissa<\/li>\n<li>Karan syvyys 50 mm<\/li>\n<li>Nykyaikainen m\u00e4nn\u00e4n sijoitus<\/li>\n<li>Ainutlaatuisella automaattisella m\u00e4nn\u00e4ll\u00e4<\/li>\n<li>Molemmat ohjaimet hoitavat uudelleenasumisen<\/li>\n<li>FreeDrive\u00ae-tekniikka<\/li>\n<li>Vuorosuojattu lukitustekniikka<\/li>\n<li>Salattu tietoliikenne OSDP AES-128<\/li>\n<li>Takaa avautumisen jopa 80 kg:n nauhapaineesta huolimatta<\/li>\n<li>Evakuointi ja uudelleen miehitys varmistetaan yhdess\u00e4 STEP Exit -h\u00e4t\u00e4evakuointivarusteiden kanssa<\/li>\n<li>Suunniteltu k\u00e4ytett\u00e4v\u00e4ksi korkeataajuisissa ovissa<\/li>\n<\/ul>\n<\/div>\n<div><\/div>\n<div><b>Teht\u00e4v\u00e4:<\/b><\/div>\n<div>\n<ul>\n<li>Koukkupultti ja automaattinen m\u00e4nt\u00e4 lukittuu\/avataan s\u00e4hk\u00f6isesti p\u00e4\u00e4syj\u00e4rjestelm\u00e4n, koodilukon, kulmakytkimen tai vastaavan avaussignaalin kautta.<\/li>\n<li>Koukkupultti ja automaattinen m\u00e4nn\u00e4n lukitus\/avaaminen mekaanisesti sylinterisoittimen kautta sis\u00e4lt\u00e4 ja ulkoa<\/li>\n<li>Automaattinen m\u00e4nt\u00e4 vedet\u00e4\u00e4n sis\u00e4\u00e4n mekaanisesti sylinterisoittimen kautta ty\u00f6nt\u00e4m\u00e4ll\u00e4 sis\u00e4- ja ulkopuolelta.<\/li>\n<li>Normaali l\u00e4pikulku tapahtuu sis\u00e4\u00e4nk\u00e4yntij\u00e4rjestelm\u00e4n, koodilukon, kyyn\u00e4rp\u00e4\u00e4kytkimen tai vastaavan sis\u00e4- ja ulkopuolelta tulevan avaussignaalin kautta.<\/li>\n<\/ul>\n<\/div>\n<div><\/div>","protected":false},"excerpt":{"rendered":"<p>STEP 352 on moottorilukko, joka on kehitetty varmistamaan turvallinen lukitus ymp\u00e4ri vuorokauden. Moottorilukko on kehitetty korkeataajuiseen k\u00e4ytt\u00f6\u00f6n ja kest\u00e4\u00e4 useita miljoonia avauksia, joita my\u00f6s tapahtuu<\/p>","protected":false},"featured_media":150090,"template":"","meta":{"_acf_changed":false},"product_brand":[],"product_cat":[2874],"product_tag":[],"class_list":{"0":"post-150091","1":"product","2":"type-product","3":"status-publish","4":"has-post-thumbnail","6":"product_cat-motorlas","7":"pa_brands-step","8":"tm-no-options","10":"first","11":"instock","12":"sale","13":"taxable","14":"shipping-taxable","15":"purchasable","16":"product-type-simple"},"acf":[],"_links":{"self":[{"href":"https:\/\/secureus.se\/fi\/wp-json\/wp\/v2\/product\/150091","targetHints":{"allow":["GET"]}}],"collection":[{"href":"https:\/\/secureus.se\/fi\/wp-json\/wp\/v2\/product"}],"about":[{"href":"https:\/\/secureus.se\/fi\/wp-json\/wp\/v2\/types\/product"}],"wp:featuredmedia":[{"embeddable":true,"href":"https:\/\/secureus.se\/fi\/wp-json\/wp\/v2\/media\/150090"}],"wp:attachment":[{"href":"https:\/\/secureus.se\/fi\/wp-json\/wp\/v2\/media?parent=150091"}],"wp:term":[{"taxonomy":"product_brand","embeddable":true,"href":"https:\/\/secureus.se\/fi\/wp-json\/wp\/v2\/product_brand?post=150091"},{"taxonomy":"product_cat","embeddable":true,"href":"https:\/\/secureus.se\/fi\/wp-json\/wp\/v2\/product_cat?post=150091"},{"taxonomy":"product_tag","embeddable":true,"href":"https:\/\/secureus.se\/fi\/wp-json\/wp\/v2\/product_tag?post=150091"}],"curies":[{"name":"wp","href":"https:\/\/api.w.org\/{rel}","templated":true}]}}