{"id":150102,"date":"2025-04-14T16:17:23","date_gmt":"2025-04-14T14:17:23","guid":{"rendered":"https:\/\/secureus.se\/motorlas-step-352s-split-vanster-komplett-sats\/"},"modified":"2026-04-08T15:08:16","modified_gmt":"2026-04-08T13:08:16","slug":"motorlas-step-352s-split-vanster-komplett-sats","status":"publish","type":"product","link":"https:\/\/secureus.se\/fi\/motorlas-step-352s-split-vanster-komplett-sats\/","title":{"rendered":"Moottorilukko STEP 352S Split Left Complete Set"},"content":{"rendered":"<p>STEP 352S on moottorilukko, jossa on sis\u00e4\u00e4nrakennettu split-toiminto ja automaattinen sylinteri, joka on suunniteltu korvaamaan kuorisuojassa olevat lukot ja siten luomaan turvallisen lukituksen ymp\u00e4ri vuorokauden. Lukko on suunniteltu korkeataajuiseen oviymp\u00e4rist\u00f6\u00f6n, jossa on oviautomaatio, ja se pystyy k\u00e4sittelem\u00e4\u00e4n useita miljoonia avauksia! T\u00e4ytt\u00e4\u00e4 SSF 3522:n lukkoluokkien 2A ja 2B vaatimukset.<\/p>\n<div>Lukko voi yhdist\u00e4\u00e4 kaikki evakuointia, paluuta, palosuojausta ja esteett\u00f6myytt\u00e4 koskevat vaatimukset, samalla kun se tarjoaa oviymp\u00e4rist\u00f6lle huomattavasti paremman tunkeutumisturvan. STEP 352S on varustettu tukevalla koukkupultilla, joka todella varmistaa oven lukitsemisen, ja sis\u00e4\u00e4nrakennettu jakotoiminto takaa ly\u00f6m\u00e4tt\u00f6m\u00e4n helppok\u00e4ytt\u00f6isyyden.<\/div>\n<div><\/div>\n<div>Sis\u00e4\u00e4nrakennettu split-toiminto mahdollistaa mekaanisen avaamisen sis\u00e4lt\u00e4 ilman avauspainiketta. Lukossa on h\u00e4lytyksen ohitus (by-pass-toiminto), jotta &quot;Hyv\u00e4ksytty kulku&quot; voidaan saada. T\u00e4m\u00e4 tekee oviymp\u00e4rist\u00f6st\u00e4 ly\u00f6m\u00e4tt\u00f6m\u00e4n k\u00e4ytt\u00e4j\u00e4yst\u00e4v\u00e4llisyyden.<\/div>\n<div><\/div>\n<div>STEP 352S on varustettu STEPin ainutlaatuisella automaattisella m\u00e4nn\u00e4ll\u00e4. Kun ovi avataan s\u00e4hk\u00f6isesti, automaattinen m\u00e4nt\u00e4 voi taittua, mik\u00e4 mahdollistaa avaamisen automaattisella oven toiminnalla. V\u00e4litt\u00f6m\u00e4sti oven avaamisen j\u00e4lkeen automaattinen m\u00e4nt\u00e4 ty\u00f6ntyy ulos, lukittuu paikalleen ja toimii taas kuten tavallinen salpa.<\/div>\n<div>STEP 352S on siksi sovitettu erityisesti oviymp\u00e4rist\u00f6ihin, joissa haluat parempaa k\u00e4ytett\u00e4vyytt\u00e4.<\/div>\n<div><\/div>\n<div>Lukossa on kaksoislukko, jossa my\u00f6s koukkupultin lukitus on tukossa. Optinen anturi lukee salvan asennon, joten voit olla varma, ett\u00e4 se on todella lukittu. Salpa on t\u00e4ysin suojattu p\u00e4\u00e4sylt\u00e4 ja varmistaa siten suojan manipulaatiota vastaan.<\/div>\n<div><\/div>\n<div>STEP 352S on varustettu FreeDrive\u00ae:lla, ainutlaatuisella ja patentoidulla teknologiallamme, joka vapauttaa lukon moottorin ja vaihteiston kokonaan aina, kun ovi avataan mekaanisesti.<\/div>\n<div><\/div>\n<div>Monet ruotsalaiset oviymp\u00e4rist\u00f6t on nyky\u00e4\u00e4n varustettu lukoilla, jotka pystyv\u00e4t k\u00e4sittelem\u00e4\u00e4n evakuoinnin, uudelleenasumisen, palo- ja esteett\u00f6myyden vaatimukset, mutta alhaisen tunkeutumisturvan hinnalla. T\u00e4m\u00e4 koskee tuhansien kerrostalojen, sairaaloiden, hoitokotien ja rangaistuslaitosten ulkoisia ja sis\u00e4isi\u00e4 suojaovia.<\/div>\n<div>STEP 352S -moottorilukon ansiosta sinun ei tarvitse tinki\u00e4 tunkeutumissuojauksesta. Sen sijaan voit varmistaa kaikkien yll\u00e4 olevien vaatimusten yhdistelm\u00e4n yhdess\u00e4 ja samassa lukossa ja sijoittaa sen my\u00f6s usein k\u00e4ytett\u00e4v\u00e4\u00e4n oviymp\u00e4rist\u00f6\u00f6n.<br \/>\n<b>Artikkeli sis\u00e4lt\u00e4\u00e4:<\/b><\/div>\n<div>\n<ul>\n<li>Moottorilukko ST352S Split Right<\/li>\n<li>ST300C ohjausyksikk\u00f6<\/li>\n<li>Rungon siirto ST1283<\/li>\n<li>Liit\u00e4nt\u00e4kaapeli ST0916H 10m<\/li>\n<li>Tulostusnastat ST1088-50 ja ST1088-57<\/li>\n<li>P\u00e4\u00e4tylevy ST2009-15<\/li>\n<li>Poran suojaus ST1199<\/li>\n<li>Magneettinen kosketin ST0910<\/li>\n<li>Ruuvi- ja liitinsarja ST1192<\/li>\n<\/ul>\n<\/div>\n<div>\n<p><b>Ominaisuudet:<\/b><\/p>\n<ul>\n<li>Ei palautuva<\/li>\n<li>Avautuu alle 0,1 sekunnissa<\/li>\n<li>Nykyaikainen m\u00e4nn\u00e4n sijoitus<\/li>\n<li>Molemmat ohjaimet hoitavat uudelleenasumisen<\/li>\n<li>FreeDrive\u00ae-tekniikka<\/li>\n<li>Vuorosuojattu lukitustekniikka<\/li>\n<li>Karan syvyys 50 mm<\/li>\n<li>Salattu viestint\u00e4 AES-128<\/li>\n<li>Takaa avautumisen jopa 80 kg:n nauhapaineesta huolimatta<\/li>\n<li>Kytkent\u00e4 moottorin lukkoon RS-485:n kautta<\/li>\n<li>Sis\u00e4\u00e4nrakennettu jaettu kara<\/li>\n<li>Evakuointi ja paluu varmistetaan yhdess\u00e4 STEP Exit -h\u00e4t\u00e4evakuointitarvikkeiden kanssa. Sertifioitu standardin SS-EN 179:2008 mukaisesti<\/li>\n<li>Sertifioitu murtosuojaukseen lukkoluokissa 2A ja 2B standardin SSF 3522 mukaan<\/li>\n<li>Sertifioitu paloturvallisuusluokkaan E\/EI120 standardin SS-EN 14846:2008 mukaisesti<\/li>\n<li>Sertifioitu luokassa L korroosiolle, l\u00e4mp\u00f6tiloille ja kosteudelle, mik\u00e4 vastaa korkeita vaatimuksia standardin SS-EN 14846 mukaisesti<\/li>\n<li>Suunniteltu k\u00e4ytett\u00e4v\u00e4ksi korkeataajuisissa ovissa<\/li>\n<li>Ainutlaatuisella automaattisella m\u00e4nn\u00e4ll\u00e4<\/li>\n<\/ul>\n<\/div>\n<div>\n<p><b>Teht\u00e4v\u00e4:<\/b><\/p>\n<ul>\n<li>Koukkupultti ja automaattinen sylinterin lukitus\/avaaminen s\u00e4hk\u00f6isesti kulunvalvontaj\u00e4rjestelm\u00e4n, koodilukon, painikkeen tai vastaavan avaussignaalin kautta.<\/li>\n<li>Koukkupultti ja automaattinen m\u00e4nn\u00e4n lukitus\/avaaminen mekaanisesti painikkeella sis\u00e4lt\u00e4p\u00e4in (jakotoiminto)<\/li>\n<li>Automaattinen m\u00e4nt\u00e4 vedet\u00e4\u00e4n sis\u00e4\u00e4n mekaanisesti ty\u00f6nt\u00f6tangon kautta ty\u00f6nt\u00e4m\u00e4ll\u00e4 sis\u00e4- ja ulkopuolelta.<\/li>\n<li>Normaali l\u00e4pikulku tapahtuu sis\u00e4puolelta ty\u00f6nt\u00e4m\u00e4ll\u00e4<\/li>\n<li>S\u00e4\u00e4dett\u00e4v\u00e4 mekaaninen halkaistu puoli. Sivujen vaihto tapahtuu mekaanisesti lukkokotelossa<\/li>\n<\/ul>\n<\/div>","protected":false},"excerpt":{"rendered":"<p>STEP 352S on moottorilukko, jossa on sis\u00e4\u00e4nrakennettu split-toiminto ja automaattinen sylinteri, joka on suunniteltu korvaamaan kuorisuojassa olevat lukot ja siten luomaan turvallisen lukituksen ymp\u00e4ri vuorokauden. Lukko on suunniteltu a<\/p>","protected":false},"featured_media":150101,"template":"","meta":{"_acf_changed":false},"product_brand":[],"product_cat":[2874],"product_tag":[],"class_list":{"0":"post-150102","1":"product","2":"type-product","3":"status-publish","4":"has-post-thumbnail","6":"product_cat-motorlas","7":"pa_brands-step","8":"tm-no-options","10":"first","11":"instock","12":"sale","13":"taxable","14":"shipping-taxable","15":"purchasable","16":"product-type-simple"},"acf":[],"_links":{"self":[{"href":"https:\/\/secureus.se\/fi\/wp-json\/wp\/v2\/product\/150102","targetHints":{"allow":["GET"]}}],"collection":[{"href":"https:\/\/secureus.se\/fi\/wp-json\/wp\/v2\/product"}],"about":[{"href":"https:\/\/secureus.se\/fi\/wp-json\/wp\/v2\/types\/product"}],"wp:featuredmedia":[{"embeddable":true,"href":"https:\/\/secureus.se\/fi\/wp-json\/wp\/v2\/media\/150101"}],"wp:attachment":[{"href":"https:\/\/secureus.se\/fi\/wp-json\/wp\/v2\/media?parent=150102"}],"wp:term":[{"taxonomy":"product_brand","embeddable":true,"href":"https:\/\/secureus.se\/fi\/wp-json\/wp\/v2\/product_brand?post=150102"},{"taxonomy":"product_cat","embeddable":true,"href":"https:\/\/secureus.se\/fi\/wp-json\/wp\/v2\/product_cat?post=150102"},{"taxonomy":"product_tag","embeddable":true,"href":"https:\/\/secureus.se\/fi\/wp-json\/wp\/v2\/product_tag?post=150102"}],"curies":[{"name":"wp","href":"https:\/\/api.w.org\/{rel}","templated":true}]}}