{"id":151331,"date":"2025-04-14T13:20:07","date_gmt":"2025-04-14T11:20:07","guid":{"rendered":"https:\/\/secureus.se\/?post_type=product&#038;p=151331"},"modified":"2026-03-12T22:45:32","modified_gmt":"2026-03-12T21:45:32","slug":"microsd-minneskort-128gb-securex-card-pro","status":"publish","type":"product","link":"https:\/\/secureus.se\/fi\/microsd-minneskort-128gb-securex-card-pro\/","title":{"rendered":"MicroSD-muistikortti 128 Gt \u2013 SecureX Card Pro -sarja"},"content":{"rendered":"<h4 class=\"\" data-start=\"487\" data-end=\"546\"><strong data-start=\"492\" data-end=\"546\">MicroSD-muistikortti 128 Gt \u2013 SecureX Card Pro -sarja<\/strong><\/h4>\n<p class=\"\" data-start=\"548\" data-end=\"919\">SecureX Card Pro -sarjan MicroSD-muistikortti 128 Gt:lla on korkean suorituskyvyn tallennuskortti, joka on kehitetty ammattik\u00e4ytt\u00f6\u00f6n turva-, valvonta- ja muissa paljon dataa vaativissa laitteissa. K\u00e4yt\u00e4tp\u00e4 sit\u00e4 IP-kameroissa, autoj\u00e4rjestelmiss\u00e4, matkapuhelimissa tai l\u00e4\u00e4ketieteellisiss\u00e4 laitteissa, t\u00e4m\u00e4 muistikortti tarjoaa vakaan ja nopean tiedonsiirron kaikissa olosuhteissa.<\/p>\n<p class=\"\" data-start=\"921\" data-end=\"1206\">Kortti on luokiteltu <strong data-start=\"949\" data-end=\"965\">Luokka 10, U3<\/strong>, mik\u00e4 tarkoittaa suuria luku- ja kirjoitusnopeuksia, jotka pystyv\u00e4t k\u00e4sittelem\u00e4\u00e4n ter\u00e4v\u00e4piirtovideota ilman viivett\u00e4. K\u00e4ytt\u00f6l\u00e4mp\u00f6tilalla <strong data-start=\"1113\" data-end=\"1133\">-25\u00b0C - +80\u00b0C<\/strong> ja kest\u00e4v\u00e4 rakenne, se on t\u00e4ydellinen sek\u00e4 sis\u00e4- ett\u00e4 ulkok\u00e4ytt\u00f6\u00f6n.<\/p>\n<p class=\"\" data-start=\"1208\" data-end=\"1293\">Kortin mukana tulee SD-sovitin, joka on laajasti yhteensopiva muiden laitteiden kanssa.<\/p>\n<hr class=\"\" data-start=\"1295\" data-end=\"1298\" \/>\n<h4 class=\"\" data-start=\"1300\" data-end=\"1322\">\u2705 <strong data-start=\"1307\" data-end=\"1322\">Ominaisuudet:<\/strong><\/h4>\n<ul data-start=\"1324\" data-end=\"1658\">\n<li class=\"\" data-start=\"1324\" data-end=\"1356\">\n<p class=\"\" data-start=\"1326\" data-end=\"1356\"><strong data-start=\"1326\" data-end=\"1348\">Varastointikapasiteetti:<\/strong> 128GB<\/p>\n<\/li>\n<li class=\"\" data-start=\"1357\" data-end=\"1442\">\n<p class=\"\" data-start=\"1359\" data-end=\"1442\"><strong data-start=\"1359\" data-end=\"1379\">Nopeusluokka:<\/strong> U3 \/ Class 10 \u2013 optimoitu videota ja nopeaa tiedonsiirtoa varten<\/p>\n<\/li>\n<li class=\"\" data-start=\"1443\" data-end=\"1529\">\n<p class=\"\" data-start=\"1445\" data-end=\"1529\"><strong data-start=\"1445\" data-end=\"1468\">K\u00e4ytt\u00f6alueet:<\/strong> IP-kamerat, DVR:t, GPS, \u00e4lypuhelimet, l\u00e4\u00e4ketieteelliset laitteet jne.<\/p>\n<\/li>\n<li class=\"\" data-start=\"1530\" data-end=\"1571\">\n<p class=\"\" data-start=\"1532\" data-end=\"1571\"><strong data-start=\"1532\" data-end=\"1552\">K\u00e4ytt\u00f6l\u00e4mp\u00f6tila:<\/strong> -25\u00b0C - +80\u00b0C<\/p>\n<\/li>\n<li class=\"\" data-start=\"1572\" data-end=\"1593\">\n<p class=\"\" data-start=\"1574\" data-end=\"1593\"><strong data-start=\"1574\" data-end=\"1586\">Takuu:<\/strong> 5 vuotta<\/p>\n<\/li>\n<li class=\"\" data-start=\"1594\" data-end=\"1624\">\n<p class=\"\" data-start=\"1596\" data-end=\"1624\"><strong data-start=\"1596\" data-end=\"1619\">Mukana sovitin:<\/strong> Kyll\u00e4<\/p>\n<\/li>\n<li class=\"\" data-start=\"1625\" data-end=\"1658\">\n<p class=\"\" data-start=\"1627\" data-end=\"1658\"><strong data-start=\"1627\" data-end=\"1642\">Todistus:<\/strong> CE, FCC, RoHS<\/p>\n<\/li>\n<\/ul>\n<hr class=\"\" data-start=\"1660\" data-end=\"1663\" \/>\n<p class=\"\" data-start=\"1665\" data-end=\"1786\">Saat maksimaalisen suorituskyvyn ja mielenrauhan valvonnassasi MicroSD-kortilla, johon voit luottaa \u2013 <strong data-start=\"1758\" data-end=\"1785\">SecureX Card Pro -sarja<\/strong>.<\/p>","protected":false},"excerpt":{"rendered":"<p><strong data-start=\"208\" data-end=\"262\">MicroSD-muistikortti 128 Gt \u2013 SecureX Card Pro -sarja<\/strong><br data-start=\"262\" data-end=\"265\" \/>Luotettava ja nopea MicroSD-kortti valvontaan, \u00e4lypuhelimiin ja muihin laitteisiin. Luokka 10, U3 nopeus ja 5 vuoden takuu \u2013 t\u00e4ydellinen vaativaan s\u00e4ilytykseen.<\/p>","protected":false},"featured_media":162722,"template":"","meta":{"_acf_changed":false},"product_brand":[],"product_cat":[3260],"product_tag":[],"class_list":{"0":"post-151331","1":"product","2":"type-product","3":"status-publish","4":"has-post-thumbnail","6":"product_cat-micro-sd-minneskort","7":"product_shipping_class-postnord-varubrev","8":"tm-no-options","10":"first","11":"outofstock","12":"sale","13":"taxable","14":"shipping-taxable","15":"purchasable","16":"product-type-simple"},"acf":[],"_links":{"self":[{"href":"https:\/\/secureus.se\/fi\/wp-json\/wp\/v2\/product\/151331","targetHints":{"allow":["GET"]}}],"collection":[{"href":"https:\/\/secureus.se\/fi\/wp-json\/wp\/v2\/product"}],"about":[{"href":"https:\/\/secureus.se\/fi\/wp-json\/wp\/v2\/types\/product"}],"wp:featuredmedia":[{"embeddable":true,"href":"https:\/\/secureus.se\/fi\/wp-json\/wp\/v2\/media\/162722"}],"wp:attachment":[{"href":"https:\/\/secureus.se\/fi\/wp-json\/wp\/v2\/media?parent=151331"}],"wp:term":[{"taxonomy":"product_brand","embeddable":true,"href":"https:\/\/secureus.se\/fi\/wp-json\/wp\/v2\/product_brand?post=151331"},{"taxonomy":"product_cat","embeddable":true,"href":"https:\/\/secureus.se\/fi\/wp-json\/wp\/v2\/product_cat?post=151331"},{"taxonomy":"product_tag","embeddable":true,"href":"https:\/\/secureus.se\/fi\/wp-json\/wp\/v2\/product_tag?post=151331"}],"curies":[{"name":"wp","href":"https:\/\/api.w.org\/{rel}","templated":true}]}}