{"id":151626,"date":"2025-04-30T10:03:20","date_gmt":"2025-04-30T08:03:20","guid":{"rendered":"https:\/\/secureus.se\/solo-611-urban-ryggsack\/"},"modified":"2026-04-23T12:47:44","modified_gmt":"2026-04-23T10:47:44","slug":"solo-611-urban-ryggsack","status":"publish","type":"product","link":"https:\/\/secureus.se\/fi\/solo-611-urban-ryggsack\/","title":{"rendered":"Solo 611 \u2013 Kaupunkireppu"},"content":{"rendered":"<h1>Solo 611 \u2013 Kaupunkireppu<\/h1>\n<h3 data-start=\"307\" data-end=\"363\">Kevyt ja joustava reppu testauslaitteille<\/h3>\n<p data-start=\"364\" data-end=\"657\">Solo 611 Urban -reppu on suunniteltu teknikoille ja asentajille, joiden on kuljetettava testauslaitteita k\u00e4tev\u00e4sti kaupungeissa tai suurilla ty\u00f6mailla.<\/p>\n<p data-start=\"364\" data-end=\"657\">Se sopii laitteille, kuten Solo 365, Testifire 1001\/2001 ja Solo 330, sek\u00e4 lyhyille teleskooppitangoille, kuten Solo 110 ja Solo 111.<\/p>\n<h3 data-start=\"659\" data-end=\"696\">\u00c4lykk\u00e4\u00e4t ja mukautettavat lokerot<\/h3>\n<p data-start=\"697\" data-end=\"1007\">Repussa on mukautuva p\u00e4\u00e4sis\u00e4j\u00e4rjestelm\u00e4 testilaitteille ja akkutangoille.<\/p>\n<p data-start=\"697\" data-end=\"1007\">Siin\u00e4 on pehmustettu lokero kannettavalle tietokoneelle tai tabletille, suuret vetoketjulliset taskut patruunoille ja etutasku A4-kokoisille muistivihkoille ja pienille ty\u00f6kaluille.<\/p>\n<p data-start=\"697\" data-end=\"1007\">Voit my\u00f6s sijoittaa yrityksesi logon l\u00e4pin\u00e4kyv\u00e4\u00e4n taskuun.<\/p>\n<h3 data-start=\"1009\" data-end=\"1036\">Mukavuus ja kannettavuus<\/h3>\n<p data-start=\"1037\" data-end=\"1307\">Urban Backpack Solo 611 -repussa on leve\u00e4t pehmustetut olkahihnat ja painon tasapainottamista varten tarkoitettu rintaremmi, ja se painaa alle 1,5 kg.<\/p>\n<p data-start=\"1037\" data-end=\"1307\">Solo 612 -vapalaukun pikalukot tarjoavat lis\u00e4joustavuutta.<\/p>\n<p data-start=\"1037\" data-end=\"1307\">Sit\u00e4 on helppo kantaa mukana koko ty\u00f6p\u00e4iv\u00e4n ajan, ja samalla laitteet pysyv\u00e4t j\u00e4rjestyksess\u00e4 ja suojassa.<\/p>\n<h3 data-start=\"1309\" data-end=\"1336\">Solo 611:n edut<\/h3>\n<ul data-start=\"1337\" data-end=\"1640\">\n<li data-start=\"1337\" data-end=\"1397\">\n<p data-start=\"1339\" data-end=\"1397\">Mukautettava sisustussuunnitteluj\u00e4rjestelm\u00e4 testauslaitteille<\/p>\n<\/li>\n<li data-start=\"1398\" data-end=\"1443\">\n<p data-start=\"1400\" data-end=\"1443\">Pehmustetut lokerot tietokoneelle tai tabletille<\/p>\n<\/li>\n<li data-start=\"1444\" data-end=\"1502\">\n<p data-start=\"1446\" data-end=\"1502\">Vetoketjulliset taskut patruunoille ja etutasku ty\u00f6kaluille<\/p>\n<\/li>\n<li data-start=\"1503\" data-end=\"1552\">\n<p data-start=\"1505\" data-end=\"1552\">S\u00e4\u00e4dett\u00e4v\u00e4t pikalukot Solo 612 -vapalaukulle<\/p>\n<\/li>\n<li data-start=\"1553\" data-end=\"1606\">\n<p data-start=\"1555\" data-end=\"1606\">Mukava kantaa leveiden olkahihnojen ja rintahihnan ansiosta<\/p>\n<\/li>\n<li data-start=\"1607\" data-end=\"1640\">\n<p data-start=\"1609\" data-end=\"1640\">Kevyt \u2013 painaa alle 1,5 kg<\/p>\n<\/li>\n<\/ul>\n<p data-start=\"1642\" data-end=\"1669\">TEKNISET TIEDOT:<\/p>\n<ul data-start=\"1670\" data-end=\"2012\">\n<li data-start=\"1670\" data-end=\"1697\">\n<p data-start=\"1672\" data-end=\"1697\">Tuote: Kaupunkireppu<\/p>\n<\/li>\n<li data-start=\"1698\" data-end=\"1718\">\n<p data-start=\"1700\" data-end=\"1718\">Malli: Solo 611<\/p>\n<\/li>\n<li data-start=\"1719\" data-end=\"1778\">\n<p data-start=\"1721\" data-end=\"1778\">Yhteensopiva seuraavien kanssa: Solo 365, Testifire 1001\/2001, Solo 330<\/p>\n<\/li>\n<li data-start=\"1779\" data-end=\"1871\">\n<p data-start=\"1781\" data-end=\"1871\">Lokerot: Pehmustettu tietokoneelle\/tabletille, suuret vetoketjulliset taskut, etutasku pienille ty\u00f6kaluille\/A4-kokoisille osille<\/p>\n<\/li>\n<li data-start=\"1872\" data-end=\"1911\">\n<p data-start=\"1874\" data-end=\"1911\">Testipalkkeihin: Solo 110, Solo 111<\/p>\n<\/li>\n<li data-start=\"1912\" data-end=\"1954\">\n<p data-start=\"1914\" data-end=\"1954\">Kantomukavuus: Leve\u00e4t olkahihnat, rintahihna<\/p>\n<\/li>\n<li data-start=\"1955\" data-end=\"1972\">\n<p data-start=\"1957\" data-end=\"1972\">Paino: &lt;1,5 kg<\/p>\n<\/li>\n<li data-start=\"1973\" data-end=\"2012\">\n<p data-start=\"1975\" data-end=\"2012\">Materiaali: Kest\u00e4v\u00e4 tekstiilimateriaali<\/p>\n<\/li>\n<\/ul>","protected":false},"excerpt":{"rendered":"<p>Urban Backpack Solo 611 on kevyt ja joustava reppu Solo 365-, Testifire 1001\/2001- ja Solo 330 -malleille.<\/p>\n<p>Siin\u00e4 on pehmustetut lokerot, s\u00e4\u00e4dett\u00e4v\u00e4t hihnat ja tilaa testauslaitteille, pienille ty\u00f6kaluille ja akuille, joten se sopii t\u00e4ydellisesti ty\u00f6skentelyyn suuremmilla ty\u00f6mailla.<\/p>","protected":false},"featured_media":151625,"template":"","meta":{"_acf_changed":false},"product_brand":[],"product_cat":[2945,4758,5072,2946],"product_tag":[],"class_list":{"0":"post-151626","1":"product","2":"type-product","3":"status-publish","4":"has-post-thumbnail","6":"product_cat-solo","7":"product_cat-forvaring-vaskor","8":"product_cat-solo-365","9":"product_cat-testifire","10":"pa_brands-solo","11":"tm-no-options","13":"first","14":"instock","15":"sale","16":"taxable","17":"shipping-taxable","18":"purchasable","19":"product-type-simple"},"acf":[],"_links":{"self":[{"href":"https:\/\/secureus.se\/fi\/wp-json\/wp\/v2\/product\/151626","targetHints":{"allow":["GET"]}}],"collection":[{"href":"https:\/\/secureus.se\/fi\/wp-json\/wp\/v2\/product"}],"about":[{"href":"https:\/\/secureus.se\/fi\/wp-json\/wp\/v2\/types\/product"}],"wp:featuredmedia":[{"embeddable":true,"href":"https:\/\/secureus.se\/fi\/wp-json\/wp\/v2\/media\/151625"}],"wp:attachment":[{"href":"https:\/\/secureus.se\/fi\/wp-json\/wp\/v2\/media?parent=151626"}],"wp:term":[{"taxonomy":"product_brand","embeddable":true,"href":"https:\/\/secureus.se\/fi\/wp-json\/wp\/v2\/product_brand?post=151626"},{"taxonomy":"product_cat","embeddable":true,"href":"https:\/\/secureus.se\/fi\/wp-json\/wp\/v2\/product_cat?post=151626"},{"taxonomy":"product_tag","embeddable":true,"href":"https:\/\/secureus.se\/fi\/wp-json\/wp\/v2\/product_tag?post=151626"}],"curies":[{"name":"wp","href":"https:\/\/api.w.org\/{rel}","templated":true}]}}