{"id":151630,"date":"2025-04-30T10:03:24","date_gmt":"2025-04-30T08:03:24","guid":{"rendered":"https:\/\/secureus.se\/barvaska-forvaringsvaska-koger-solo-610\/"},"modified":"2026-03-26T12:23:44","modified_gmt":"2026-03-26T11:23:44","slug":"barvaska-forvaringsvaska-koger-solo-610","status":"publish","type":"product","link":"https:\/\/secureus.se\/fi\/barvaska-forvaringsvaska-koger-solo-610\/","title":{"rendered":"Kantolaukku \/ s\u00e4ilytyslaukku + viiri Solo 610"},"content":{"rendered":"<h1>Kantolaukku \/ s\u00e4ilytyslaukku + viiri Solo 610<\/h1>\n<h3 data-start=\"308\" data-end=\"363\">T\u00e4ydellinen kuljetusratkaisu testauslaitteille<\/h3>\n<p data-start=\"364\" data-end=\"683\">Solo 610 koostuu kahdesta kest\u00e4v\u00e4st\u00e4 mustasta muovista valmistetusta laukusta, jotka on suunniteltu testerien, akkutankojen, irrotuslaitteiden, kasettien, akkutesterien ja teleskooppivarsien j\u00e4rjestelm\u00e4lliseen s\u00e4ilytt\u00e4miseen ja kuljettamiseen.<\/p>\n<p data-start=\"364\" data-end=\"683\">Laukku on t\u00e4ydellinen teknikoille, joiden on pidett\u00e4v\u00e4 kaikki laitteet yhdess\u00e4 paikassa ja helposti saatavilla ty\u00f6paikalla.<\/p>\n<h3 data-start=\"685\" data-end=\"725\">Mukautettavissa eri tuotteille<\/h3>\n<p data-start=\"726\" data-end=\"941\">Suuressa laukussa on kaksi irrotettavaa v\u00e4lisein\u00e4\u00e4, joita voidaan s\u00e4\u00e4t\u00e4\u00e4 varusteiden koon ja tyypin mukaan. Mukana tulevaa viiri\u00e4 k\u00e4ytet\u00e4\u00e4n teleskooppisauvojen s\u00e4ilytt\u00e4miseen.<\/p>\n<p data-start=\"726\" data-end=\"941\">Solo 610 tukee sek\u00e4 Solo- ett\u00e4 Testifire-laitteita:<\/p>\n<p data-start=\"943\" data-end=\"990\"><strong data-start=\"943\" data-end=\"988\">Esimerkkej\u00e4 sopivista Solo-laitteista:<\/strong><\/p>\n<ul data-start=\"991\" data-end=\"1271\">\n<li data-start=\"991\" data-end=\"1038\">\n<p data-start=\"993\" data-end=\"1038\">Savu-\/h\u00e4k\u00e4ilmaisimen testeri Solo 330 \/ Solo 332<\/p>\n<\/li>\n<li data-start=\"1039\" data-end=\"1072\">\n<p data-start=\"1041\" data-end=\"1072\">L\u00e4mp\u00f6ilmaisimen testeri Solo 461<\/p>\n<\/li>\n<li data-start=\"1073\" data-end=\"1100\">\n<p data-start=\"1075\" data-end=\"1100\">Akkulaturi Solo 726<\/p>\n<\/li>\n<li data-start=\"1101\" data-end=\"1138\">\n<p data-start=\"1103\" data-end=\"1138\">2 Solo 770 -akkutankoa kannessa<\/p>\n<\/li>\n<li data-start=\"1139\" data-end=\"1182\">\n<p data-start=\"1141\" data-end=\"1182\">Solo 200 -irrotuslaite etutaskussa<\/p>\n<\/li>\n<li data-start=\"1183\" data-end=\"1205\">\n<p data-start=\"1185\" data-end=\"1205\">Yksitt\u00e4inen savuSabre<\/p>\n<\/li>\n<li data-start=\"1206\" data-end=\"1239\">\n<p data-start=\"1208\" data-end=\"1239\">N\u00e4ytekaasupullot Solo A5 ja C3<\/p>\n<\/li>\n<li data-start=\"1240\" data-end=\"1271\">\n<p data-start=\"1242\" data-end=\"1271\">Cellchecker-akkutesteri<\/p>\n<\/li>\n<\/ul>\n<p data-start=\"1273\" data-end=\"1325\"><strong data-start=\"1273\" data-end=\"1323\">Esimerkkej\u00e4 sopivista Testifire-laitteista:<\/strong><\/p>\n<ul data-start=\"1326\" data-end=\"1561\">\n<li data-start=\"1326\" data-end=\"1355\">\n<p data-start=\"1328\" data-end=\"1355\">Testifire 1001 tai 2001<\/p>\n<\/li>\n<li data-start=\"1356\" data-end=\"1383\">\n<p data-start=\"1358\" data-end=\"1383\">Akkulaturi Solo 726<\/p>\n<\/li>\n<li data-start=\"1384\" data-end=\"1421\">\n<p data-start=\"1386\" data-end=\"1421\">2 Solo 770 -akkutankoa kannessa<\/p>\n<\/li>\n<li data-start=\"1422\" data-end=\"1444\">\n<p data-start=\"1424\" data-end=\"1444\">Solo 200 -purkukone<\/p>\n<\/li>\n<li data-start=\"1445\" data-end=\"1475\">\n<p data-start=\"1447\" data-end=\"1475\">Savupatruunat Testifire TS3<\/p>\n<\/li>\n<li data-start=\"1476\" data-end=\"1506\">\n<p data-start=\"1478\" data-end=\"1506\">CO-patruunat Testifire TC3<\/p>\n<\/li>\n<li data-start=\"1507\" data-end=\"1529\">\n<p data-start=\"1509\" data-end=\"1529\">Yksitt\u00e4inen savuSabre<\/p>\n<\/li>\n<li data-start=\"1530\" data-end=\"1561\">\n<p data-start=\"1532\" data-end=\"1561\">Cellchecker-akkutesteri<\/p>\n<\/li>\n<\/ul>\n<h3 data-start=\"1563\" data-end=\"1590\">Vipu testisauvoja varten<\/h3>\n<p data-start=\"1591\" data-end=\"1645\">Mukana tulevassa viiriss\u00e4 voidaan kuljettaa seuraavia esineit\u00e4:<\/p>\n<ul data-start=\"1646\" data-end=\"1733\">\n<li data-start=\"1646\" data-end=\"1689\">\n<p data-start=\"1648\" data-end=\"1689\">1 teleskooppivarsi Solo 100 tai Solo 108<\/p>\n<\/li>\n<li data-start=\"1690\" data-end=\"1733\">\n<p data-start=\"1692\" data-end=\"1733\">Jopa 3 jatkotankoa Solo 101<\/p>\n<\/li>\n<\/ul>\n<p data-start=\"1735\" data-end=\"1913\">Solo 610 tarjoaa j\u00e4rjestyst\u00e4 ja turvallisuutta teknikoille, joiden on kuljetettava useita erityyppisi\u00e4 testauslaitteita, samalla suojaten herkki\u00e4 laitteita vaurioilta kuljetuksen aikana.<\/p>\n<p data-start=\"1915\" data-end=\"1942\">TEKNISET TIEDOT:<\/p>\n<ul data-start=\"1943\" data-end=\"2346\">\n<li data-start=\"1943\" data-end=\"1996\">\n<p data-start=\"1945\" data-end=\"1996\">Tuote: S\u00e4ilytys- ja kuljetuspussi, jossa on viin<\/p>\n<\/li>\n<li data-start=\"1997\" data-end=\"2017\">\n<p data-start=\"1999\" data-end=\"2017\">Malli: Solo 610<\/p>\n<\/li>\n<li data-start=\"2018\" data-end=\"2062\">\n<p data-start=\"2020\" data-end=\"2062\">Materiaali: Musta kest\u00e4v\u00e4 muovi<\/p>\n<\/li>\n<li data-start=\"2063\" data-end=\"2142\">\n<p data-start=\"2065\" data-end=\"2142\">Sis\u00e4lt\u00f6: Kaksi laukkua irrotettavilla v\u00e4liseinill\u00e4 + viiri teleskooppitangoille<\/p>\n<\/li>\n<li data-start=\"2143\" data-end=\"2212\">\n<p data-start=\"2145\" data-end=\"2212\">Yhteensopiva Solon kanssa: 330, 332, 461, 770, 200, A5, C3, Cellchecker<\/p>\n<\/li>\n<li data-start=\"2213\" data-end=\"2291\">\n<p data-start=\"2215\" data-end=\"2291\">Yhteensopiva Testifiren kanssa: 1001, 2001, 726, 770, 200, TS3, TC3, Cellchecker<\/p>\n<\/li>\n<li data-start=\"2292\" data-end=\"2346\">\n<p data-start=\"2294\" data-end=\"2346\">V\u00e4rin\u00e4: 1\u00d7 Solo 100\/Solo 108 + enint\u00e4\u00e4n 3\u00d7 Solo 101<\/p>\n<\/li>\n<\/ul>","protected":false},"excerpt":{"rendered":"<p>Solo 610 -s\u00e4ilytyslaukku on kest\u00e4v\u00e4 kuljetusratkaisu testereille, akuille, irrotuslaitteille, kaseteille ja teleskooppitangoille.<\/p>\n<p>Kotelo on joustava ja siin\u00e4 on irrotettavat v\u00e4lisein\u00e4t sek\u00e4 mukana tuleva viiri testisauvoja varten, joten se sopii erinomaisesti huoltohenkil\u00f6st\u00f6lle ja teknikoille.<\/p>","protected":false},"featured_media":151629,"template":"","meta":{"_acf_changed":false},"product_brand":[],"product_cat":[2946,4758,2945],"product_tag":[],"class_list":{"0":"post-151630","1":"product","2":"type-product","3":"status-publish","4":"has-post-thumbnail","6":"product_cat-testifire","7":"product_cat-forvaring-vaskor","8":"product_cat-solo","9":"tm-no-options","11":"first","12":"onbackorder","13":"taxable","14":"shipping-taxable","15":"purchasable","16":"product-type-simple"},"acf":[],"_links":{"self":[{"href":"https:\/\/secureus.se\/fi\/wp-json\/wp\/v2\/product\/151630","targetHints":{"allow":["GET"]}}],"collection":[{"href":"https:\/\/secureus.se\/fi\/wp-json\/wp\/v2\/product"}],"about":[{"href":"https:\/\/secureus.se\/fi\/wp-json\/wp\/v2\/types\/product"}],"wp:featuredmedia":[{"embeddable":true,"href":"https:\/\/secureus.se\/fi\/wp-json\/wp\/v2\/media\/151629"}],"wp:attachment":[{"href":"https:\/\/secureus.se\/fi\/wp-json\/wp\/v2\/media?parent=151630"}],"wp:term":[{"taxonomy":"product_brand","embeddable":true,"href":"https:\/\/secureus.se\/fi\/wp-json\/wp\/v2\/product_brand?post=151630"},{"taxonomy":"product_cat","embeddable":true,"href":"https:\/\/secureus.se\/fi\/wp-json\/wp\/v2\/product_cat?post=151630"},{"taxonomy":"product_tag","embeddable":true,"href":"https:\/\/secureus.se\/fi\/wp-json\/wp\/v2\/product_tag?post=151630"}],"curies":[{"name":"wp","href":"https:\/\/api.w.org\/{rel}","templated":true}]}}