{"id":151755,"date":"2025-04-15T13:02:41","date_gmt":"2025-04-15T11:02:41","guid":{"rendered":"https:\/\/secureus.se\/?post_type=product&#038;p=151755"},"modified":"2026-04-20T22:24:41","modified_gmt":"2026-04-20T20:24:41","slug":"nodoppningsknapp-larmknapp-gron-led-summer-3-relaer-aterstallbar-med-nyckel","status":"publish","type":"product","link":"https:\/\/secureus.se\/fi\/nodoppningsknapp-larmknapp-gron-led-summer-3-relaer-aterstallbar-med-nyckel\/","title":{"rendered":"H\u00e4t\u00e4avauspainike. Vihre\u00e4 h\u00e4lytyspainike LK50-LED LEDill\u00e4 + summerilla ja 3 releell\u00e4. Nollausavain sis\u00e4ltyy toimitukseen."},"content":{"rendered":"<h4 class=\"\" data-start=\"418\" data-end=\"481\"><strong data-start=\"423\" data-end=\"481\">H\u00e4t\u00e4avauspainike Vihre\u00e4 \u2013 LED ja summeri, 3 relett\u00e4 C\/NC\/NO<\/strong><\/h4>\n<p class=\"\" data-start=\"483\" data-end=\"767\">T\u00e4m\u00e4 vihre\u00e4 h\u00e4t\u00e4vapautuspainike on suunniteltu ammattimaisiin h\u00e4lytys- ja turvaj\u00e4rjestelmiin, ja se tarjoaa maksimaalista joustavuutta ja helppok\u00e4ytt\u00f6isyytt\u00e4. Painikkeessa on <strong data-start=\"638\" data-end=\"670\">kolme vapaata kytkent\u00e4\u00e4 (C\/NC\/NO)<\/strong> jota voidaan k\u00e4ytt\u00e4\u00e4 valinnaiseen ohjaukseen, kuten oviin, h\u00e4lytysj\u00e4rjestelmiin tai muihin turvatoimintoihin.<\/p>\n<p class=\"\" data-start=\"769\" data-end=\"1065\">Edess\u00e4 on selke\u00e4 symboli, jossa mies juoksee ovea kohti, mik\u00e4 tekee toiminnon ilmeiseksi jopa kokemattomille k\u00e4ytt\u00e4jille. Kun nappia painetaan, se tarjoaa molemmat <strong data-start=\"929\" data-end=\"952\">summeri<\/strong> ja <strong data-start=\"957\" data-end=\"983\">visuaalinen LED-merkkivalo<\/strong>, ja n\u00e4m\u00e4 toiminnot voidaan helposti asettaa suoraan painikkeen sis\u00e4ll\u00e4 kytkimill\u00e4.<\/p>\n<p class=\"\" data-start=\"1067\" data-end=\"1365\">Toisin kuin perinteisiss\u00e4 lasimalleissa, sinun ei tarvitse vaihtaa mit\u00e4\u00e4n osia iskun j\u00e4lkeen \u2013 painike palautuu alkutilaansa sujuvasti sen mukana. <strong data-start=\"1198\" data-end=\"1221\">mukana tuleva avain<\/strong>, mik\u00e4 poistaa varaosien k\u00e4ytt\u00f6kustannukset. Aktivoinnin yhteydess\u00e4 n\u00e4kyv\u00e4 visuaalinen merkki katoaa automaattisesti nollauksen yhteydess\u00e4.<\/p>\n<p data-start=\"1067\" data-end=\"1365\"><span style=\"text-decoration: underline;\"><strong>Tuotteella on CE-merkint\u00e4 Euroopan ja Pohjoismaiden markkinoille.<\/strong><\/span><\/p>\n<hr class=\"\" data-start=\"1367\" data-end=\"1370\" \/>\n<h4 class=\"\" data-start=\"1372\" data-end=\"1394\"><strong data-start=\"1379\" data-end=\"1394\">Ominaisuudet:<\/strong><\/h4>\n<ul data-start=\"1396\" data-end=\"1825\">\n<li class=\"\" data-start=\"1396\" data-end=\"1453\">\n<p class=\"\" data-start=\"1398\" data-end=\"1453\"><strong data-start=\"1398\" data-end=\"1409\">Releet:<\/strong> 3 osaa (C\/NC\/NO) joustavaan ohjaukseen<\/p>\n<\/li>\n<li data-start=\"1396\" data-end=\"1453\"><strong>Volt<\/strong>: DC12V\/DC24V \u2013 30VDC maks.<\/li>\n<li class=\"\" data-start=\"1454\" data-end=\"1518\">\n<p class=\"\" data-start=\"1456\" data-end=\"1518\"><strong data-start=\"1456\" data-end=\"1473\">LED ja summeri:<\/strong> Sis\u00e4\u00e4nrakennettu, s\u00e4\u00e4dett\u00e4viss\u00e4 sis\u00e4isill\u00e4 kytkimill\u00e4<\/p>\n<\/li>\n<li class=\"\" data-start=\"1519\" data-end=\"1581\">\n<p class=\"\" data-start=\"1521\" data-end=\"1581\"><strong data-start=\"1521\" data-end=\"1539\">Nollaa:<\/strong> Mukana toimitettavalla avaimella \u2013 lasinvaihtoa ei tarvita<\/p>\n<\/li>\n<li class=\"\" data-start=\"1582\" data-end=\"1655\">\n<p class=\"\" data-start=\"1584\" data-end=\"1655\"><strong data-start=\"1584\" data-end=\"1606\">Visuaalinen merkint\u00e4:<\/strong> N\u00e4ytt\u00e4\u00e4 aktivoinnin, katoaa nollauksen yhteydess\u00e4<\/p>\n<\/li>\n<li class=\"\" data-start=\"1656\" data-end=\"1717\">\n<p class=\"\" data-start=\"1658\" data-end=\"1717\"><strong data-start=\"1658\" data-end=\"1669\">Symboli:<\/strong> Juokseva mies ovea kohti vapaata k\u00e4ytt\u00f6\u00e4 varten<\/p>\n<\/li>\n<li class=\"\" data-start=\"1718\" data-end=\"1825\">\n<p class=\"\" data-start=\"1720\" data-end=\"1736\"><strong data-start=\"1720\" data-end=\"1734\">Lis\u00e4varusteet:<\/strong><\/p>\n<ul data-start=\"1740\" data-end=\"1825\">\n<li class=\"\" data-start=\"1740\" data-end=\"1785\">\n<p class=\"\" data-start=\"1742\" data-end=\"1785\">Suojakansi LK-5-GLAS (tuotenro 6301061-SH)<\/p>\n<\/li>\n<li class=\"\" data-start=\"1789\" data-end=\"1825\">\n<p class=\"\" data-start=\"1791\" data-end=\"1825\">Lis\u00e4avain (osanumero 6301060-SH)<\/p>\n<\/li>\n<\/ul>\n<\/li>\n<\/ul>\n<hr class=\"\" data-start=\"1827\" data-end=\"1830\" \/>\n<p class=\"\" data-start=\"1832\" data-end=\"1947\">T\u00e4m\u00e4 on luotettava, kustannustehokas ja edistynyt h\u00e4t\u00e4painikeratkaisu, joka sopii t\u00e4ydellisesti nykyaikaisiin turvaj\u00e4rjestelmiin.<\/p>","protected":false},"excerpt":{"rendered":"<p><strong data-start=\"142\" data-end=\"191\">H\u00e4t\u00e4avauspainike Vihre\u00e4 \u2013 LED, summeri, 3 relett\u00e4<\/strong><br data-start=\"191\" data-end=\"194\" \/>Vihre\u00e4 h\u00e4lytyspainike juoksevan miehen symbolilla, kolme vapaata vaihtomahdollisuutta (C\/NC\/NO), s\u00e4\u00e4dett\u00e4v\u00e4 LED ja summeri, helppo nollata mukana tulevalla avaimella - lasia ei tarvitse vaihtaa.<br \/>\n<strong>DC12V\/DC24V - 30VDC Max.<\/strong><\/p>","protected":false},"featured_media":151789,"template":"","meta":{"_acf_changed":false},"product_brand":[],"product_cat":[1830,4828,1332],"product_tag":[2937,2958],"class_list":{"0":"post-151755","1":"product","2":"type-product","3":"status-publish","4":"has-post-thumbnail","6":"product_cat-brandknappar","7":"product_cat-nodknappar","8":"product_cat-utrymning-tillbehor","9":"product_tag-oppnaknappar","10":"product_tag-stonehouse-produkt","11":"product_shipping_class-postnord-varubrev","12":"pa_brands-stonehouse-security","13":"pa_farg-gron","14":"pa_sakerhetssystem-new-products-incoming","15":"pa_sakerhetssystem-aptus-mfd","16":"pa_sakerhetssystem-assa-arx-solid","17":"pa_sakerhetssystem-axema","18":"pa_sakerhetssystem-axema-vaka-access","19":"pa_sakerhetssystem-backup-batterier","20":"pa_sakerhetssystem-backup-12-24v","21":"pa_sakerhetssystem-bewator-vanderbilt-entro-8-siffror","22":"pa_sakerhetssystem-bewator-vanderbilt-omnis-13-siffror","23":"pa_sakerhetssystem-blank-inga-nummer","24":"pa_sakerhetssystem-category-sv","25":"pa_sakerhetssystem-chipnummer-decimalt","26":"pa_sakerhetssystem-chipnummer-hexadecimalt","27":"pa_sakerhetssystem-column5","28":"pa_sakerhetssystem-detektorer-ovriga-larmgivare","29":"pa_sakerhetssystem-dorrmagneter-tillbehor","30":"pa_sakerhetssystem-dsc-neo-hybrid-for-proffs","31":"pa_sakerhetssystem-elektriska-las","32":"pa_sakerhetssystem-eol-risco","33":"pa_sakerhetssystem-fargband-retransfer","34":"pa_sakerhetssystem-inbrottslarm","35":"pa_sakerhetssystem-ja","36":"pa_sakerhetssystem-kabel-installation","37":"pa_sakerhetssystem-kortprinter","38":"pa_sakerhetssystem-kortprinter-fargband","39":"pa_sakerhetssystem-larmtillbehor-elektronik","40":"pa_sakerhetssystem-motorlas","41":"pa_sakerhetssystem-nyckelband-korthallare","42":"pa_sakerhetssystem-ovriga-sakerhets-besokssystem","43":"pa_sakerhetssystem-ovriga-system","44":"pa_sakerhetssystem-paxton","45":"pa_sakerhetssystem-produkter-online","46":"pa_sakerhetssystem-rco","47":"pa_sakerhetssystem-rfid-plastkort","48":"pa_sakerhetssystem-rfid-taggar","49":"pa_sakerhetssystem-rfid-bordslasare","50":"pa_sakerhetssystem-rfid-stickers-armband","51":"pa_sakerhetssystem-rfid-taggar-kort","52":"pa_sakerhetssystem-rfid-taggar-access-system","53":"pa_sakerhetssystem-risco-agility-tradlost-larm","54":"pa_sakerhetssystem-risco-end-of-line","55":"pa_sakerhetssystem-safetron-las-tillbehor","56":"pa_sakerhetssystem-smart-home","57":"pa_sakerhetssystem-smart-home-smart-security-by-stonehouse","58":"pa_sakerhetssystem-tidomat","59":"tm-no-options","61":"first","62":"instock","63":"sale","64":"featured","65":"taxable","66":"shipping-taxable","67":"purchasable","68":"product-type-simple"},"acf":[],"_links":{"self":[{"href":"https:\/\/secureus.se\/fi\/wp-json\/wp\/v2\/product\/151755","targetHints":{"allow":["GET"]}}],"collection":[{"href":"https:\/\/secureus.se\/fi\/wp-json\/wp\/v2\/product"}],"about":[{"href":"https:\/\/secureus.se\/fi\/wp-json\/wp\/v2\/types\/product"}],"wp:featuredmedia":[{"embeddable":true,"href":"https:\/\/secureus.se\/fi\/wp-json\/wp\/v2\/media\/151789"}],"wp:attachment":[{"href":"https:\/\/secureus.se\/fi\/wp-json\/wp\/v2\/media?parent=151755"}],"wp:term":[{"taxonomy":"product_brand","embeddable":true,"href":"https:\/\/secureus.se\/fi\/wp-json\/wp\/v2\/product_brand?post=151755"},{"taxonomy":"product_cat","embeddable":true,"href":"https:\/\/secureus.se\/fi\/wp-json\/wp\/v2\/product_cat?post=151755"},{"taxonomy":"product_tag","embeddable":true,"href":"https:\/\/secureus.se\/fi\/wp-json\/wp\/v2\/product_tag?post=151755"}],"curies":[{"name":"wp","href":"https:\/\/api.w.org\/{rel}","templated":true}]}}