{"id":151986,"date":"2025-05-12T13:07:29","date_gmt":"2025-05-12T11:07:29","guid":{"rendered":"https:\/\/secureus.se\/?post_type=product&#038;p=151986"},"modified":"2026-03-25T15:29:51","modified_gmt":"2026-03-25T14:29:51","slug":"tryckcylinder-4484-3003-krom","status":"publish","type":"product","link":"https:\/\/secureus.se\/fi\/tryckcylinder-4484-3003-krom\/","title":{"rendered":"Paines\u00e4ili\u00f6 4484\/3003 Kromi"},"content":{"rendered":"<p>ASSA ABLOY 4484 on painesylinteri lukittaville turvakahvoille 844-S, 876-S, 895-S ja 8465-S. Saatavilla 11 kpl. eri avainnumeroita (lukituksia), 3000, 3001, 3002 jne. aina numeroon 3010 asti, mik\u00e4 mahdollistaa saman tai erilaisen lukituksen k\u00e4yt\u00f6n. Voidaan tilata samalla lukotuksella ja samalla lukotuksella kuin ASSA-painelukkosylinteri 7287, jota k\u00e4ytet\u00e4\u00e4n ikkunalukkoihin 2820 ja 2830. Jokaisen sylinterin mukana toimitetaan kaksi ASSA 5525 -avainta.<\/p>\n<p><b>Ominaisuudet:<\/b><\/p>\n<ul>\n<li>Sylinteri, jossa on 9 r\u00e4ikk\u00e4levy\u00e4<\/li>\n<li>Saatavilla useilla eri lukitusmekanismeilla (esim. 3000, 3001, 30020 jne.)<\/li>\n<li>Helppo lukita painamalla sylinteri\u00e4<\/li>\n<li>Kun avainta k\u00e4\u00e4nnet\u00e4\u00e4n, sylinteri ponnahtaa yl\u00f6s ja lukitustoiminto lakkaa.<\/li>\n<li>Materiaali: Messinki- ja nikkel\u00f6idyt ter\u00e4sn\u00e4pp\u00e4imet<\/li>\n<li>Pintak\u00e4sittely: Kromattu<\/li>\n<\/ul>","protected":false},"excerpt":{"rendered":"<p>Painesylinteri lukittaville turvakahvoille 844-S, 876-S, 895-S ja 8465-S.<\/p>","protected":false},"featured_media":151985,"template":"","meta":{"_acf_changed":false},"product_brand":[],"product_cat":[4177],"product_tag":[],"class_list":{"0":"post-151986","1":"product","2":"type-product","3":"status-publish","4":"has-post-thumbnail","6":"product_cat-tillbehor-spanjoletthandtag","7":"pa_brands-abloy","8":"tm-no-options","10":"first","11":"instock","12":"taxable","13":"shipping-taxable","14":"purchasable","15":"product-type-simple"},"acf":[],"_links":{"self":[{"href":"https:\/\/secureus.se\/fi\/wp-json\/wp\/v2\/product\/151986","targetHints":{"allow":["GET"]}}],"collection":[{"href":"https:\/\/secureus.se\/fi\/wp-json\/wp\/v2\/product"}],"about":[{"href":"https:\/\/secureus.se\/fi\/wp-json\/wp\/v2\/types\/product"}],"wp:featuredmedia":[{"embeddable":true,"href":"https:\/\/secureus.se\/fi\/wp-json\/wp\/v2\/media\/151985"}],"wp:attachment":[{"href":"https:\/\/secureus.se\/fi\/wp-json\/wp\/v2\/media?parent=151986"}],"wp:term":[{"taxonomy":"product_brand","embeddable":true,"href":"https:\/\/secureus.se\/fi\/wp-json\/wp\/v2\/product_brand?post=151986"},{"taxonomy":"product_cat","embeddable":true,"href":"https:\/\/secureus.se\/fi\/wp-json\/wp\/v2\/product_cat?post=151986"},{"taxonomy":"product_tag","embeddable":true,"href":"https:\/\/secureus.se\/fi\/wp-json\/wp\/v2\/product_tag?post=151986"}],"curies":[{"name":"wp","href":"https:\/\/api.w.org\/{rel}","templated":true}]}}