{"id":152352,"date":"2025-05-20T16:02:20","date_gmt":"2025-05-20T14:02:20","guid":{"rendered":"https:\/\/secureus.se\/?post_type=product&#038;p=152352"},"modified":"2026-03-03T15:42:00","modified_gmt":"2026-03-03T14:42:00","slug":"automatiskt-bevattningssystem-appstyrd-wi-fi-smart-bevattningskontroll","status":"publish","type":"product","link":"https:\/\/secureus.se\/fi\/automatiskt-bevattningssystem-appstyrd-wi-fi-smart-bevattningskontroll\/","title":{"rendered":"Automaattinen kasteluj\u00e4rjestelm\u00e4 \u2013 Sovelluksella ohjattava \u2013 Wi-Fi \u2013 \u00c4lyk\u00e4s kastelunohjaus \u2013 Kastele miss\u00e4 ikin\u00e4 oletkin!"},"content":{"rendered":"<p class=\"\" data-start=\"696\" data-end=\"912\">Tee lomastasi huoleton ja v\u00e4lt\u00e4 k\u00e4sienpesua joka p\u00e4iv\u00e4. <strong data-start=\"755\" data-end=\"786\">Wi-Fi-\u00e4lyk\u00e4s tippukastelu<\/strong> on t\u00e4ydellinen, ladattava tippukasteluj\u00e4rjestelm\u00e4, joka toimittaa kasveillesi juuri oikean m\u00e4\u00e4r\u00e4n vett\u00e4 \u2013 suoraan matkapuhelimestasi ohjattuna.<\/p>\n<ol data-start=\"914\" data-end=\"1302\">\n<li class=\"\" data-start=\"914\" data-end=\"982\">\n<p class=\"\" data-start=\"917\" data-end=\"982\"><strong data-start=\"917\" data-end=\"933\">Ripusta laite<\/strong> vesil\u00e4hteell\u00e4 (\u00e4mp\u00e4ri, kannu tai sadevesitynnyri).<\/p>\n<\/li>\n<li class=\"\" data-start=\"983\" data-end=\"1064\">\n<p class=\"\" data-start=\"986\" data-end=\"1064\"><strong data-start=\"986\" data-end=\"999\">Ved\u00e4 letku<\/strong> (enint\u00e4\u00e4n 15 m) jopa <strong data-start=\"1025\" data-end=\"1034\">10 kpl<\/strong> s\u00e4\u00e4dett\u00e4v\u00e4t tippasuuttimet.<\/p>\n<\/li>\n<li class=\"\" data-start=\"1065\" data-end=\"1146\">\n<p class=\"\" data-start=\"1068\" data-end=\"1146\"><strong data-start=\"1068\" data-end=\"1081\">Pariliitos<\/strong> Bluetoothin kautta, lis\u00e4\u00e4 2,4 GHz:n Wi-Fi <em data-start=\"1125\" data-end=\"1137\">\u00c4lyk\u00e4s el\u00e4m\u00e4<\/em>sovellus.<\/p>\n<\/li>\n<li class=\"\" data-start=\"1147\" data-end=\"1234\">\n<p class=\"\" data-start=\"1150\" data-end=\"1234\"><strong data-start=\"1150\" data-end=\"1166\">Aseta aikataulu<\/strong> (esim. 30 sekuntia 12 tunnin v\u00e4lein) tai k\u00e4ynnist\u00e4 manuaalisesti miss\u00e4 tahansa oletkin.<\/p>\n<\/li>\n<li class=\"\" data-start=\"1235\" data-end=\"1302\">\n<p class=\"\" data-start=\"1238\" data-end=\"1302\"><strong data-start=\"1238\" data-end=\"1255\">Kuormaa rauhallisesti<\/strong> \u2013 IP66-kotelointi kest\u00e4\u00e4 aurinkoa, sadetta ja p\u00f6ly\u00e4.<\/p>\n<\/li>\n<\/ol>\n<blockquote data-start=\"1304\" data-end=\"1381\">\n<p class=\"\" data-start=\"1306\" data-end=\"1381\"><strong data-start=\"1306\" data-end=\"1316\">Bonus:<\/strong> Integroi Google Homeen\/Alexaan ja sano &quot;Kastele kasvit&quot; \u2013 valmis!<\/p>\n<\/blockquote>\n<hr class=\"\" data-start=\"1383\" data-end=\"1386\" \/>\n<h2 class=\"\" data-start=\"1388\" data-end=\"1419\"><strong data-start=\"1391\" data-end=\"1419\">Tekniset tiedot<\/strong><\/h2>\n<div class=\"_tableContainer_16hzy_1\">\n<div class=\"_tableWrapper_16hzy_14 group flex w-fit flex-col-reverse\">\n<table class=\"w-fit min-w-(--thread-content-width)\" data-start=\"1421\" data-end=\"1825\">\n<thead data-start=\"1421\" data-end=\"1442\">\n<tr data-start=\"1421\" data-end=\"1442\">\n<th data-start=\"1421\" data-end=\"1433\" data-col-size=\"sm\">Parametri<\/th>\n<th data-start=\"1433\" data-end=\"1442\" data-col-size=\"md\">Arvo<\/th>\n<\/tr>\n<\/thead>\n<tbody data-start=\"1465\" data-end=\"1825\">\n<tr data-start=\"1465\" data-end=\"1505\">\n<td data-start=\"1465\" data-end=\"1484\" data-col-size=\"sm\">Virtal\u00e4hde<\/td>\n<td data-start=\"1484\" data-end=\"1505\" data-col-size=\"md\">5 V \u00d7 2 A (USB-C)<\/td>\n<\/tr>\n<tr data-start=\"1506\" data-end=\"1558\">\n<td data-start=\"1506\" data-end=\"1516\" data-col-size=\"sm\">Akku<\/td>\n<td data-start=\"1516\" data-end=\"1558\" data-col-size=\"md\">Sis\u00e4\u00e4nrakennettu 18650 litiumioniakku, ladattava<\/td>\n<\/tr>\n<tr data-start=\"1559\" data-end=\"1586\">\n<td data-start=\"1559\" data-end=\"1576\" data-col-size=\"sm\">Valmiustilavirta<\/td>\n<td data-col-size=\"md\" data-start=\"1576\" data-end=\"1586\">135 \u00b5A<\/td>\n<\/tr>\n<tr data-start=\"1587\" data-end=\"1645\">\n<td data-start=\"1587\" data-end=\"1598\" data-col-size=\"sm\">Langaton<\/td>\n<td data-start=\"1598\" data-end=\"1645\" data-col-size=\"md\">Wi-Fi 802.11 b\/g\/n (2,4 GHz), Bluetooth 5.0<\/td>\n<\/tr>\n<tr data-start=\"1646\" data-end=\"1679\">\n<td data-start=\"1646\" data-end=\"1657\" data-col-size=\"sm\">Laajuus<\/td>\n<td data-start=\"1657\" data-end=\"1679\" data-col-size=\"md\">noin 45 m (estet\u00f6n n\u00e4kym\u00e4)<\/td>\n<\/tr>\n<tr data-start=\"1680\" data-end=\"1703\">\n<td data-start=\"1680\" data-end=\"1695\" data-col-size=\"sm\">Vedenpit\u00e4vyys<\/td>\n<td data-col-size=\"md\" data-start=\"1695\" data-end=\"1703\">IP66<\/td>\n<\/tr>\n<tr data-start=\"1704\" data-end=\"1735\">\n<td data-start=\"1704\" data-end=\"1718\" data-col-size=\"sm\">K\u00e4ytt\u00f6l\u00e4mp\u00f6tila<\/td>\n<td data-col-size=\"md\" data-start=\"1718\" data-end=\"1735\">0 \u00b0C \u2026 +60 \u00b0C<\/td>\n<\/tr>\n<tr data-start=\"1736\" data-end=\"1790\">\n<td data-start=\"1736\" data-end=\"1752\" data-col-size=\"sm\">Kosteus<\/td>\n<td data-col-size=\"md\" data-start=\"1752\" data-end=\"1790\">1 % \u2026 95 % suhteellinen kosteus (ei tiivistyv\u00e4)<\/td>\n<\/tr>\n<tr data-start=\"1791\" data-end=\"1825\">\n<td data-start=\"1791\" data-end=\"1806\" data-col-size=\"sm\">Mitat (P \u00d7 L \u00d7 K)<\/td>\n<td data-col-size=\"md\" data-start=\"1806\" data-end=\"1825\">71 \u00d7 48 \u00d7 90 mm<\/td>\n<\/tr>\n<\/tbody>\n<\/table>\n<div class=\"sticky end-(--thread-content-margin) h-0 self-end select-none\">\n<div class=\"absolute end-0 flex items-end\"><\/div>\n<\/div>\n<\/div>\n<\/div>\n<hr class=\"\" data-start=\"1827\" data-end=\"1830\" \/>\n<h2 class=\"\" data-start=\"1832\" data-end=\"1865\"><strong data-start=\"1835\" data-end=\"1865\">LED-merkkivalo \u2013 pikaopas<\/strong><\/h2>\n<div class=\"_tableContainer_16hzy_1\">\n<div class=\"_tableWrapper_16hzy_14 group flex w-fit flex-col-reverse\">\n<table class=\"w-fit min-w-(--thread-content-width)\" data-start=\"1867\" data-end=\"2110\">\n<thead data-start=\"1867\" data-end=\"1894\">\n<tr data-start=\"1867\" data-end=\"1894\">\n<th data-start=\"1867\" data-end=\"1880\" data-col-size=\"sm\">Laitetila<\/th>\n<th data-start=\"1880\" data-end=\"1894\" data-col-size=\"sm\">LED-signaali<\/th>\n<\/tr>\n<\/thead>\n<tbody data-start=\"1923\" data-end=\"2110\">\n<tr data-start=\"1923\" data-end=\"1965\">\n<td data-start=\"1923\" data-end=\"1938\" data-col-size=\"sm\">Pariliitostila<\/td>\n<td data-col-size=\"sm\" data-start=\"1938\" data-end=\"1965\"><strong data-start=\"1940\" data-end=\"1947\">PUNAINEN<\/strong> vilkkuu 1 kerran sekunnissa<\/td>\n<\/tr>\n<tr data-start=\"1966\" data-end=\"2033\">\n<td data-start=\"1966\" data-end=\"1985\" data-col-size=\"sm\">Nollaa (pid\u00e4 pohjassa 6 sekuntia)<\/td>\n<td data-col-size=\"sm\" data-start=\"1985\" data-end=\"2033\"><strong data-start=\"1987\" data-end=\"1994\">PUNAINEN<\/strong> palaa tasaisesti \u2192 sammuu, kun nollaus on valmis<\/td>\n<\/tr>\n<tr data-start=\"2034\" data-end=\"2075\">\n<td data-start=\"2034\" data-end=\"2043\" data-col-size=\"sm\">Ladataan<\/td>\n<td data-start=\"2043\" data-end=\"2075\" data-col-size=\"sm\"><strong data-start=\"2045\" data-end=\"2052\">PUNAINEN<\/strong> vilkkuu per\u00e4kk\u00e4in<\/td>\n<\/tr>\n<tr data-start=\"2076\" data-end=\"2110\">\n<td data-start=\"2076\" data-end=\"2088\" data-col-size=\"sm\">T\u00e4yteen ladattu<\/td>\n<td data-col-size=\"sm\" data-start=\"2088\" data-end=\"2110\"><strong data-start=\"2090\" data-end=\"2097\">PUNAINEN<\/strong> palaa tasaisesti<\/td>\n<\/tr>\n<\/tbody>\n<\/table>\n<div class=\"sticky end-(--thread-content-margin) h-0 self-end select-none\">\n<div class=\"absolute end-0 flex items-end\"><\/div>\n<\/div>\n<\/div>\n<\/div>\n<hr class=\"\" data-start=\"2112\" data-end=\"2115\" \/>\n<h2 class=\"\" data-start=\"2117\" data-end=\"2157\"><strong data-start=\"2120\" data-end=\"2157\">Asennusohjeet (vaihe vaiheelta)<\/strong><\/h2>\n<ol data-start=\"2159\" data-end=\"2707\">\n<li class=\"\" data-start=\"2159\" data-end=\"2224\">\n<p class=\"\" data-start=\"2162\" data-end=\"2224\"><strong data-start=\"2162\" data-end=\"2186\">Valmistele vesil\u00e4hde<\/strong> \u2013 aseta pumppu ulostuloa korkeammalle.<\/p>\n<\/li>\n<li class=\"\" data-start=\"2225\" data-end=\"2292\">\n<p class=\"\" data-start=\"2228\" data-end=\"2292\"><strong data-start=\"2228\" data-end=\"2246\">Asenna suodattimet<\/strong> letkun tulop\u00e4\u00e4ss\u00e4 \u2192 liit\u00e4 \u201cIN\u201d-liit\u00e4nt\u00e4\u00e4n.<\/p>\n<\/li>\n<li class=\"\" data-start=\"2293\" data-end=\"2351\">\n<p class=\"\" data-start=\"2296\" data-end=\"2351\"><strong data-start=\"2296\" data-end=\"2337\">Liit\u00e4 l\u00e4ht\u00f6letku (6 \u00d7 8 mm, 5 m)<\/strong> asentoon &quot;ULOS&quot;.<\/p>\n<\/li>\n<li class=\"\" data-start=\"2352\" data-end=\"2430\">\n<p class=\"\" data-start=\"2355\" data-end=\"2430\"><strong data-start=\"2355\" data-end=\"2367\">Haara<\/strong> 3-tieliittimell\u00e4 + 4 \u00d7 7 mm:n letkulla (2 m) jokaista kasvia kohden.<\/p>\n<\/li>\n<li class=\"\" data-start=\"2431\" data-end=\"2519\">\n<p class=\"\" data-start=\"2434\" data-end=\"2519\"><strong data-start=\"2434\" data-end=\"2460\">Aseta tippaputki<\/strong> (s\u00e4\u00e4dett\u00e4v\u00e4 virtaus) ja aseta <strong data-start=\"2489\" data-end=\"2501\">p\u00e4\u00e4tytulppa<\/strong> viimeisen\u00e4 letkussa.<\/p>\n<\/li>\n<li class=\"\" data-start=\"2520\" data-end=\"2593\">\n<p class=\"\" data-start=\"2523\" data-end=\"2593\"><strong data-start=\"2523\" data-end=\"2541\">K\u00e4ynnist\u00e4 laite<\/strong> \u2013 pid\u00e4 nollauspainiketta pohjassa 5 sekuntia, kunnes valo palaa tasaisesti.<\/p>\n<\/li>\n<li class=\"\" data-start=\"2594\" data-end=\"2707\">\n<p class=\"\" data-start=\"2597\" data-end=\"2707\"><strong data-start=\"2597\" data-end=\"2618\">Lis\u00e4\u00e4 sovellukseen<\/strong> \u2013 valitse \u201d\u00c4lyk\u00e4s tippukastelu\u201d ja noudata ohjeita (Bluetooth-etsint\u00e4 \u2192 Wi-Fi 2,4 GHz).<\/p>\n<\/li>\n<\/ol>\n<blockquote data-start=\"2709\" data-end=\"2791\">\n<p class=\"\" data-start=\"2711\" data-end=\"2791\"><strong data-start=\"2711\" data-end=\"2720\">K\u00e4rki:<\/strong> Parhaan paineen saavuttamiseksi v\u00e4lt\u00e4 yli 15 metrin pituisia letkuja ja yli 10 suutinta.<\/p>\n<\/blockquote>\n<hr class=\"\" data-start=\"2793\" data-end=\"2796\" \/>\n<h2 class=\"\" data-start=\"2798\" data-end=\"2825\"><strong data-start=\"2801\" data-end=\"2825\">Usein kysytyt kysymykset (UKK)<\/strong><\/h2>\n<p class=\"\" data-start=\"2827\" data-end=\"2968\"><strong data-start=\"2827\" data-end=\"2856\">Kuinka usein minun t\u00e4ytyy ladata?<\/strong><br data-start=\"2856\" data-end=\"2859\" \/>Se riippuu pumppausm\u00e4\u00e4r\u00e4st\u00e4, mutta normaaleilla 1\u20132 p\u00e4ivitt\u00e4isill\u00e4 pumppauskerroilla yksi lataus usein riitt\u00e4\u00e4. <strong data-start=\"2953\" data-end=\"2967\">3\u20136 viikkoa<\/strong>.<\/p>\n<p class=\"\" data-start=\"2970\" data-end=\"3074\"><strong data-start=\"2970\" data-end=\"2998\">Voinko ajaa ilman Wi-Fi\u00e4?<\/strong><br data-start=\"2998\" data-end=\"3001\" \/>Kyll\u00e4, aikataulu tallennetaan paikallisesti \u2013 mutta menet\u00e4t et\u00e4hallinnan ja push-ilmoitukset.<\/p>\n<p class=\"\" data-start=\"3076\" data-end=\"3181\"><strong data-start=\"3076\" data-end=\"3112\">Toimiiko se ravintoliuoksen kanssa?<\/strong><br data-start=\"3112\" data-end=\"3115\" \/>Kyll\u00e4, sekoita ravinteet vesis\u00e4ili\u00f6ss\u00e4, niin ne tulevat ulos pisaroina.<\/p>\n<p class=\"\" data-start=\"3183\" data-end=\"3284\"><strong data-start=\"3183\" data-end=\"3206\">Onko se talvenkest\u00e4v\u00e4?<\/strong><br data-start=\"3206\" data-end=\"3209\" \/>Elektroniikka kest\u00e4\u00e4 jopa 0 \u00b0C:n l\u00e4mp\u00f6tiloja, mutta tyhjenn\u00e4 letku ja pumppu, jos on pakkasvaara.<\/p>\n<hr class=\"\" data-start=\"3286\" data-end=\"3289\" \/>\n<h2 class=\"\" data-start=\"3291\" data-end=\"3316\"><strong data-start=\"3294\" data-end=\"3316\">Pakkaus sis\u00e4lt\u00e4\u00e4<\/strong><\/h2>\n<p>1x \u00c4lyk\u00e4s tippukasteluyksikk\u00f6<br \/>\n1 x 3-tieliitin<br \/>\n1x Suodatinp\u00e4\u00e4 verkolla<br \/>\n1 x L\u00e4pin\u00e4kyv\u00e4 letku 4 \u00d7 7 mm (2 m)<br \/>\n1 x L\u00e4pin\u00e4kyv\u00e4 letku 6 \u00d7 8 mm (5 m)<br \/>\n1x s\u00e4\u00e4dett\u00e4v\u00e4 tippasuutin<br \/>\n1x P\u00e4\u00e4tytulppa<br \/>\n1x K\u00e4ytt\u00f6ohje (englanti)<\/p>\n<hr class=\"\" data-start=\"3616\" data-end=\"3619\" \/>\n<h2 class=\"\" data-start=\"3621\" data-end=\"3658\"><strong data-start=\"3624\" data-end=\"3658\">Turvallisuus- ja asennusohjeet<\/strong><\/h2>\n<ol data-start=\"3660\" data-end=\"3997\">\n<li class=\"\" data-start=\"3660\" data-end=\"3726\">\n<p class=\"\" data-start=\"3663\" data-end=\"3726\">Pid\u00e4 <strong data-start=\"3668\" data-end=\"3686\">alempi ulostulo<\/strong> kuin sis\u00e4\u00e4ntuloaukko takaisinvirtauksen v\u00e4ltt\u00e4miseksi.<\/p>\n<\/li>\n<li class=\"\" data-start=\"3727\" data-end=\"3806\">\n<p class=\"\" data-start=\"3730\" data-end=\"3806\">Ylitt\u00e4\u00e4 <strong data-start=\"3740\" data-end=\"3753\">ei 15 metri\u00e4<\/strong> letku tai <strong data-start=\"3766\" data-end=\"3783\">10 suutinta<\/strong> \u2013 voi aiheuttaa matalan paineen.<\/p>\n<\/li>\n<li class=\"\" data-start=\"3807\" data-end=\"3879\">\n<p class=\"\" data-start=\"3810\" data-end=\"3879\">Varmista, ett\u00e4 <strong data-start=\"3822\" data-end=\"3841\">kaikki yhteydet<\/strong> ovat tiivistettyj\u00e4 vuotojen est\u00e4miseksi.<\/p>\n<\/li>\n<li class=\"\" data-start=\"3880\" data-end=\"3928\">\n<p class=\"\" data-start=\"3883\" data-end=\"3928\">Lataa aina <strong data-start=\"3900\" data-end=\"3913\">5 V \/ 2 A<\/strong> USB-sovitin.<\/p>\n<\/li>\n<li class=\"\" data-start=\"3929\" data-end=\"3997\">\n<p class=\"\" data-start=\"3932\" data-end=\"3997\">V\u00e4lt\u00e4 voimakasta t\u00e4rin\u00e4\u00e4 tai heiluvia pintoja asennuksen aikana.<\/p>\n<\/li>\n<\/ol>","protected":false},"excerpt":{"rendered":"<ul>\n<li class=\"\" data-start=\"116\" data-end=\"198\">\n<p class=\"\" data-start=\"118\" data-end=\"198\">\ud83d\udca6 <strong data-start=\"121\" data-end=\"151\">Automaattinen tippukastelu<\/strong> \u2013 aseta aikataulu tai k\u00e4ynnist\u00e4 manuaalisesti sovelluksessa<\/p>\n<\/li>\n<li class=\"\" data-start=\"199\" data-end=\"277\">\n<p class=\"\" data-start=\"201\" data-end=\"277\">\ud83d\udcf1 <strong data-start=\"204\" data-end=\"225\">Wi-Fi + Bluetooth<\/strong> \u2013 \u201dSmart Life\u201d -sovellus, push-ilmoitus akun heikosta varauksesta<\/p>\n<\/li>\n<li class=\"\" data-start=\"278\" data-end=\"363\">\n<p class=\"\" data-start=\"280\" data-end=\"363\">\ud83d\udd0b <strong data-start=\"283\" data-end=\"308\">Sis\u00e4\u00e4nrakennettu 18650-akku<\/strong> \u2013 ladattu USB-C:n kautta, eritt\u00e4in pieni valmiustilan virta (135 \u00b5A)<\/p>\n<\/li>\n<li class=\"\" data-start=\"364\" data-end=\"435\">\n<p class=\"\" data-start=\"366\" data-end=\"435\">\ud83c\udf27\ufe0f <strong data-start=\"370\" data-end=\"384\">IP66-tiivistys<\/strong> \u2013 kest\u00e4\u00e4 sadetta ja p\u00f6ly\u00e4, t\u00e4ydellinen terasseille ja parvekkeille<\/p>\n<\/li>\n<li class=\"\" data-start=\"436\" data-end=\"514\">\n<p class=\"\" data-start=\"438\" data-end=\"514\">\ud83c\udf31 <strong data-start=\"441\" data-end=\"477\">Jopa 10 kasvia \/ 15 m letkua<\/strong> \u2013 s\u00e4\u00e4dett\u00e4v\u00e4t tippasuuttimet sis\u00e4ltyv\u00e4t hintaan<\/p>\n<\/li>\n<li class=\"\" data-start=\"515\" data-end=\"586\">\n<p class=\"\" data-start=\"517\" data-end=\"586\">\u2699\ufe0f <strong data-start=\"520\" data-end=\"543\">Helppo tee-se-itse-kokoaminen<\/strong> \u2013 suodattimet, letkut ja liittimet sis\u00e4ltyv\u00e4t hintaan<\/p>\n<\/li>\n<\/ul>","protected":false},"featured_media":152370,"template":"","meta":{"_acf_changed":false},"product_brand":[],"product_cat":[4663,4765],"product_tag":[],"class_list":{"0":"post-152352","1":"product","2":"type-product","3":"status-publish","4":"has-post-thumbnail","6":"product_cat-smart-home","7":"product_cat-smart-tradgard","8":"pa_brands-stonehouse-smart","9":"tm-no-options","11":"first","12":"instock","13":"sale","14":"taxable","15":"shipping-taxable","16":"purchasable","17":"product-type-simple"},"acf":[],"_links":{"self":[{"href":"https:\/\/secureus.se\/fi\/wp-json\/wp\/v2\/product\/152352","targetHints":{"allow":["GET"]}}],"collection":[{"href":"https:\/\/secureus.se\/fi\/wp-json\/wp\/v2\/product"}],"about":[{"href":"https:\/\/secureus.se\/fi\/wp-json\/wp\/v2\/types\/product"}],"wp:featuredmedia":[{"embeddable":true,"href":"https:\/\/secureus.se\/fi\/wp-json\/wp\/v2\/media\/152370"}],"wp:attachment":[{"href":"https:\/\/secureus.se\/fi\/wp-json\/wp\/v2\/media?parent=152352"}],"wp:term":[{"taxonomy":"product_brand","embeddable":true,"href":"https:\/\/secureus.se\/fi\/wp-json\/wp\/v2\/product_brand?post=152352"},{"taxonomy":"product_cat","embeddable":true,"href":"https:\/\/secureus.se\/fi\/wp-json\/wp\/v2\/product_cat?post=152352"},{"taxonomy":"product_tag","embeddable":true,"href":"https:\/\/secureus.se\/fi\/wp-json\/wp\/v2\/product_tag?post=152352"}],"curies":[{"name":"wp","href":"https:\/\/api.w.org\/{rel}","templated":true}]}}