{"id":152407,"date":"2025-05-21T12:15:37","date_gmt":"2025-05-21T10:15:37","guid":{"rendered":"https:\/\/secureus.se\/?post_type=product&#038;p=152407"},"modified":"2026-04-13T16:12:21","modified_gmt":"2026-04-13T14:12:21","slug":"wifi-vaderstation-smart-och-appstyrd","status":"publish","type":"product","link":"https:\/\/secureus.se\/fi\/wifi-vaderstation-smart-och-appstyrd\/","title":{"rendered":"WiFi-s\u00e4\u00e4asema \u2013 \u00c4lyk\u00e4s ja sovelluksella ohjattava \u2013 Seuraa kodin ilmastoa ja matkapuhelimesi kautta"},"content":{"rendered":"<p class=\"\" data-start=\"997\" data-end=\"1103\">Aseta p\u00e4\u00e4yksikk\u00f6 sis\u00e4lle, anturi ulos parvekkeelle tai kasvihuoneeseen \u2013 lopusta huolehtii automaattisesti:<\/p>\n<ol data-start=\"1105\" data-end=\"1630\">\n<li class=\"\" data-start=\"1105\" data-end=\"1169\">\n<p class=\"\" data-start=\"1108\" data-end=\"1169\"><strong data-start=\"1108\" data-end=\"1133\">Liit\u00e4 virtal\u00e4hde<\/strong> (vaihtoehtoisesti 3 \u00d7 AAA varalla).<\/p>\n<\/li>\n<li class=\"\" data-start=\"1170\" data-end=\"1318\">\n<p class=\"\" data-start=\"1173\" data-end=\"1318\"><strong data-start=\"1173\" data-end=\"1199\">Lataa \u201cStonehouse Smart\u201d<\/strong> (vaihtoehtoisesti Tuya Smart \/ Smart Life) ja pariliitos Bluetoothin\/Wi-Fin (2,4 GHz) kautta. Laite asettaa kellonajan ja p\u00e4iv\u00e4m\u00e4\u00e4r\u00e4n itse.<\/p>\n<\/li>\n<li class=\"\" data-start=\"1319\" data-end=\"1420\">\n<p class=\"\" data-start=\"1322\" data-end=\"1420\"><strong data-start=\"1322\" data-end=\"1341\">Asenna anturi<\/strong>, jopa 100 metrin p\u00e4\u00e4h\u00e4n. Jos tarvitset lis\u00e4\u00e4 vy\u00f6hykkeit\u00e4, lis\u00e4\u00e4 anturit 2 ja 3 sovellukseen.<\/p>\n<\/li>\n<li class=\"\" data-start=\"1421\" data-end=\"1550\">\n<p class=\"\" data-start=\"1424\" data-end=\"1550\">Seuraa kaikkea reaaliajassa: l\u00e4mp\u00f6tila- ja kosteustrendej\u00e4, ilmanpainetta, UV-indeksi\u00e4 ja tyylikk\u00e4it\u00e4 s\u00e4\u00e4kuvakkeita seuraavien nelj\u00e4n p\u00e4iv\u00e4n ajan.<\/p>\n<\/li>\n<li class=\"\" data-start=\"1551\" data-end=\"1630\">\n<p class=\"\" data-start=\"1554\" data-end=\"1630\">Sarja <strong data-start=\"1560\" data-end=\"1576\">maksimi-\/minimih\u00e4lytys<\/strong> tai ajoittaa kastelua\/h\u00e4lytyksi\u00e4 \u00e4lykotirutiinien avulla.<\/p>\n<\/li>\n<\/ol>\n<p class=\"\" data-start=\"1632\" data-end=\"1740\">T\u00e4ydellinen harrastek\u00e4ytt\u00f6\u00f6n tarkoitettuihin kasvihuoneisiin, kes\u00e4m\u00f6keille tai vain ilmaston ja tulevan s\u00e4\u00e4n tarkkailuun.<\/p>\n<hr class=\"\" data-start=\"1742\" data-end=\"1745\" \/>\n<h2 class=\"\" data-start=\"1747\" data-end=\"1766\"><strong data-start=\"1750\" data-end=\"1766\">Tekniset tiedot<\/strong><\/h2>\n<div class=\"_tableContainer_16hzy_1\">\n<div class=\"_tableWrapper_16hzy_14 group flex w-fit flex-col-reverse\">\n<table class=\"w-fit min-w-(--thread-content-width)\" data-start=\"1768\" data-end=\"2787\">\n<thead data-start=\"1768\" data-end=\"1789\">\n<tr data-start=\"1768\" data-end=\"1789\">\n<th data-start=\"1768\" data-end=\"1780\" data-col-size=\"sm\">Parametri<\/th>\n<th data-start=\"1780\" data-end=\"1789\" data-col-size=\"md\">Arvo<\/th>\n<\/tr>\n<\/thead>\n<tbody data-start=\"1812\" data-end=\"2787\">\n<tr data-start=\"1812\" data-end=\"1905\">\n<td data-start=\"1812\" data-end=\"1831\" data-col-size=\"sm\">Virtal\u00e4hde<\/td>\n<td data-col-size=\"md\" data-start=\"1831\" data-end=\"1905\">5 V \u2393 Virtasovitin \/ 3 \u00d7 AAA (varmuuskopio)<\/td>\n<\/tr>\n<tr data-start=\"1906\" data-end=\"1974\">\n<td data-start=\"1906\" data-end=\"1923\" data-col-size=\"sm\">Anturin akku<\/td>\n<td data-col-size=\"md\" data-start=\"1923\" data-end=\"1974\">2 \u00d7 AAA<\/td>\n<\/tr>\n<tr data-start=\"1975\" data-end=\"2063\">\n<td data-start=\"1975\" data-end=\"1984\" data-col-size=\"sm\">Vaikutus<\/td>\n<td data-col-size=\"md\" data-start=\"1984\" data-end=\"2063\">Asema 3 W max; anturi 0,075 W max<\/td>\n<\/tr>\n<tr data-start=\"2064\" data-end=\"2155\">\n<td data-start=\"2064\" data-end=\"2082\" data-col-size=\"sm\">L\u00e4mp\u00f6tila sis\u00e4ll\u00e4<\/td>\n<td data-start=\"2082\" data-end=\"2155\" data-col-size=\"md\">\u22129,9 \u2026 +50 \u00b0C (\u00b11 \u00b0C 0\u201340 \u00b0C)<\/td>\n<\/tr>\n<tr data-start=\"2156\" data-end=\"2237\">\n<td data-start=\"2156\" data-end=\"2173\" data-col-size=\"sm\">Ulkol\u00e4mp\u00f6tila<\/td>\n<td data-start=\"2173\" data-end=\"2237\" data-col-size=\"md\">\u221240 \u2026 +60 \u00b0C (\u00b12 \u00b0C)<\/td>\n<\/tr>\n<tr data-start=\"2238\" data-end=\"2310\">\n<td data-start=\"2238\" data-end=\"2245\" data-col-size=\"sm\">Kosteus<\/td>\n<td data-start=\"2245\" data-end=\"2310\" data-col-size=\"md\">1 \u2026 99 % RH (\u00b15 % RH)<\/td>\n<\/tr>\n<tr data-start=\"2311\" data-end=\"2390\">\n<td data-start=\"2311\" data-end=\"2323\" data-col-size=\"sm\">Paine<\/td>\n<td data-col-size=\"md\" data-start=\"2323\" data-end=\"2390\">900 \u2026 1050 hPa (\u00b15 hPa)<\/td>\n<\/tr>\n<tr data-start=\"2391\" data-end=\"2467\">\n<td data-start=\"2391\" data-end=\"2410\" data-col-size=\"sm\">H\u00e4lytyksen \u00e4\u00e4nenvoimakkuus<\/td>\n<td data-col-size=\"md\" data-start=\"2410\" data-end=\"2467\">70 dB @ 10 cm<\/td>\n<\/tr>\n<tr data-start=\"2468\" data-end=\"2546\">\n<td data-start=\"2468\" data-end=\"2486\" data-col-size=\"sm\">Anturin kantama<\/td>\n<td data-col-size=\"md\" data-start=\"2486\" data-end=\"2546\">\u2264 100 m esteet\u00f6n n\u00e4kyvyys<\/td>\n<\/tr>\n<tr data-start=\"2547\" data-end=\"2626\">\n<td data-start=\"2547\" data-end=\"2564\" data-col-size=\"sm\">Wi-Fi-kantama<\/td>\n<td data-col-size=\"md\" data-start=\"2564\" data-end=\"2626\">\u2264 25 m reitittimeen<\/td>\n<\/tr>\n<tr data-start=\"2627\" data-end=\"2685\">\n<td data-start=\"2627\" data-end=\"2646\" data-col-size=\"sm\">P\u00e4\u00e4yksik\u00f6n mitat<\/td>\n<td data-col-size=\"md\" data-start=\"2646\" data-end=\"2685\"><em data-start=\"2648\" data-end=\"2652\">noin<\/em> 190 \u00d7 98 \u00d7 40 mm (k\u00e4ytt\u00f6ohjeesta)<\/td>\n<\/tr>\n<tr data-start=\"2686\" data-end=\"2787\">\n<td data-start=\"2686\" data-end=\"2707\" data-col-size=\"sm\">L\u00e4mp\u00f6tilayksik\u00f6t<\/td>\n<td data-start=\"2707\" data-end=\"2787\" data-col-size=\"md\">\u00b0C \/ \u00b0F, vaihto painikkeella tai sovelluksella<\/td>\n<\/tr>\n<\/tbody>\n<\/table>\n<div class=\"sticky end-(--thread-content-margin) h-0 self-end select-none\">\n<div class=\"absolute end-0 flex items-end\"><\/div>\n<\/div>\n<\/div>\n<\/div>\n<hr class=\"\" data-start=\"2789\" data-end=\"2792\" \/>\n<h2 class=\"\" data-start=\"2794\" data-end=\"2822\"><strong data-start=\"2797\" data-end=\"2822\">Ominaisuudet ja edut<\/strong><\/h2>\n<div class=\"_tableContainer_16hzy_1\">\n<div class=\"_tableWrapper_16hzy_14 group flex w-fit flex-col-reverse\">\n<table class=\"w-fit min-w-(--thread-content-width)\" data-start=\"2824\" data-end=\"3764\">\n<thead data-start=\"2824\" data-end=\"2845\">\n<tr data-start=\"2824\" data-end=\"2845\">\n<th data-start=\"2824\" data-end=\"2835\" data-col-size=\"sm\">Toiminto<\/th>\n<th data-start=\"2835\" data-end=\"2845\" data-col-size=\"md\">Yksityiskohta<\/th>\n<\/tr>\n<\/thead>\n<tbody data-start=\"2868\" data-end=\"3764\">\n<tr data-start=\"2868\" data-end=\"2986\">\n<td data-start=\"2868\" data-end=\"2882\" data-col-size=\"sm\"><strong data-start=\"2870\" data-end=\"2881\">Ennuste<\/strong><\/td>\n<td data-col-size=\"md\" data-start=\"2882\" data-end=\"2986\">Auringon, pilvien, sateen ja lumen kuvakkeet, joissa vilkkuu sade\/lumimyrsky<\/td>\n<\/tr>\n<tr data-start=\"2987\" data-end=\"3103\">\n<td data-start=\"2987\" data-end=\"3005\" data-col-size=\"sm\"><strong data-start=\"2989\" data-end=\"3004\">Anturituki<\/strong><\/td>\n<td data-col-size=\"md\" data-start=\"3005\" data-end=\"3103\">3 kanavaa \u2013 vaihda manuaalisesti tai anna aseman selata<\/td>\n<\/tr>\n<tr data-start=\"3104\" data-end=\"3215\">\n<td data-start=\"3104\" data-end=\"3124\" data-col-size=\"sm\"><strong data-start=\"3106\" data-end=\"3123\">Min\/Max-muisti<\/strong><\/td>\n<td data-col-size=\"md\" data-start=\"3124\" data-end=\"3215\">T\u00e4m\u00e4n p\u00e4iv\u00e4n ylin\/alin l\u00e4mp\u00f6tila ja suhteellinen kosteus nollautuvat klo 00:00<\/td>\n<\/tr>\n<tr data-start=\"3216\" data-end=\"3321\">\n<td data-start=\"3216\" data-end=\"3233\" data-col-size=\"sm\"><strong data-start=\"3218\" data-end=\"3232\">\u00c4lyk\u00e4s h\u00e4lytys<\/strong><\/td>\n<td data-col-size=\"md\" data-start=\"3233\" data-end=\"3321\">Yksil\u00f6llinen viikoittainen aikataulu kolmelle h\u00e4lytykselle (A1\u2013A3)<\/td>\n<\/tr>\n<tr data-start=\"3322\" data-end=\"3441\">\n<td data-start=\"3322\" data-end=\"3345\" data-col-size=\"sm\"><strong data-start=\"3324\" data-end=\"3344\">L\u00e4mp\u00f6tilah\u00e4lytys<\/strong><\/td>\n<td data-col-size=\"md\" data-start=\"3345\" data-end=\"3441\">Aseta yl\u00e4-\/alaraja sovelluksessa \u2013 kuvake + \u00e4\u00e4ni asemalla<\/td>\n<\/tr>\n<tr data-start=\"3442\" data-end=\"3562\">\n<td data-start=\"3442\" data-end=\"3463\" data-col-size=\"sm\"><strong data-start=\"3444\" data-end=\"3462\">Taustavalo<\/strong><\/td>\n<td data-col-size=\"md\" data-start=\"3463\" data-end=\"3562\">Korkea \/ Keskitaso \/ Matala \/ Pois p\u00e4\u00e4lt\u00e4 verkkolaitteella, 10 sekuntia akkuvirralla<\/td>\n<\/tr>\n<tr data-start=\"3563\" data-end=\"3657\">\n<td data-start=\"3563\" data-end=\"3576\" data-col-size=\"sm\"><strong data-start=\"3565\" data-end=\"3575\">Torkku<\/strong><\/td>\n<td data-col-size=\"md\" data-start=\"3576\" data-end=\"3657\">5 minuutin torkkutoiminto her\u00e4tyksess\u00e4<\/td>\n<\/tr>\n<tr data-start=\"3658\" data-end=\"3764\">\n<td data-start=\"3658\" data-end=\"3680\" data-col-size=\"sm\"><strong data-start=\"3660\" data-end=\"3679\">Akun varaustaso matala<\/strong><\/td>\n<td data-col-size=\"md\" data-start=\"3680\" data-end=\"3764\">Aseman ja anturin akkukuvake<\/td>\n<\/tr>\n<\/tbody>\n<\/table>\n<div class=\"sticky end-(--thread-content-margin) h-0 self-end select-none\">\n<div class=\"absolute end-0 flex items-end\"><\/div>\n<\/div>\n<\/div>\n<\/div>\n<hr class=\"\" data-start=\"3766\" data-end=\"3769\" \/>\n<h2 class=\"\" data-start=\"3771\" data-end=\"3796\"><strong data-start=\"3774\" data-end=\"3796\">Pakkaus sis\u00e4lt\u00e4\u00e4<\/strong><\/h2>\n<ul data-start=\"3798\" data-end=\"3937\">\n<li class=\"\" data-start=\"3798\" data-end=\"3838\">\n<p class=\"\" data-start=\"3800\" data-end=\"3838\">1 \u00d7 Wi-Fi-s\u00e4\u00e4asema P\u00e4\u00e4yksikk\u00f6 \u2013 Voidaan k\u00e4ytt\u00e4\u00e4 my\u00f6s 3 AAA-paristolla \u2013 eiv\u00e4t sis\u00e4lly toimitukseen. Pidet\u00e4\u00e4n varaj\u00e4rjestelm\u00e4n\u00e4)<\/p>\n<\/li>\n<li class=\"\" data-start=\"3839\" data-end=\"3878\">\n<p class=\"\" data-start=\"3841\" data-end=\"3878\">1 \u00d7 L\u00e4mp\u00f6tila- ja kosteusanturi (toimii kahdella AAA-paristolla \u2013 eiv\u00e4t sis\u00e4lly toimitukseen)<\/p>\n<\/li>\n<li class=\"\" data-start=\"3879\" data-end=\"3904\">\n<p class=\"\" data-start=\"3881\" data-end=\"3904\">1 \u00d7 Virtasovitin s\u00e4\u00e4asemalle, p\u00e4\u00e4yksikk\u00f6.<\/p>\n<\/li>\n<li class=\"\" data-start=\"3905\" data-end=\"3937\">\n<p class=\"\" data-start=\"3907\" data-end=\"3937\">1 \u00d7 K\u00e4ytt\u00f6opas\/ Manuaali (18 kielt\u00e4): SE, EN, DE, FR, ES, IT, DA, CS, PL, HU, FI, NL, LT, RO, PT, JP, RU<\/p>\n<\/li>\n<\/ul>\n<p class=\"\" data-start=\"3939\" data-end=\"3988\"><em data-start=\"3939\" data-end=\"3988\">(Lis\u00e4anturit myyd\u00e4\u00e4n erikseen.)<\/em><\/p>","protected":false},"excerpt":{"rendered":"<ul data-start=\"101\" data-end=\"963\">\n<li class=\"\" data-start=\"101\" data-end=\"204\">\n<p class=\"\" data-start=\"103\" data-end=\"204\"><strong data-start=\"106\" data-end=\"133\">4 p\u00e4iv\u00e4n ennuste verkossa<\/strong> \u2013 ladataan automaattisesti Wi-Fin kautta<\/p>\n<\/li>\n<li class=\"\" data-start=\"205\" data-end=\"317\">\n<p class=\"\" data-start=\"207\" data-end=\"317\"><strong data-start=\"210\" data-end=\"236\">Stonehouse Smart \/ Tuya \/ Smart Life (iOS\/Android)<\/strong> \u2013 h\u00e4lytykset, l\u00e4mp\u00f6tilakaaviot ja push-ilmoitukset<\/p>\n<\/li>\n<li class=\"\" data-start=\"318\" data-end=\"436\">\n<p class=\"\" data-start=\"320\" data-end=\"436\"><strong data-start=\"324\" data-end=\"345\">Sis\u00e4- ja ulkoilmasto<\/strong> \u2013 tuki <strong data-start=\"357\" data-end=\"380\">3 langatonta anturia<\/strong> (1 \u00d7 mukana)<\/p>\n<\/li>\n<li class=\"\" data-start=\"437\" data-end=\"523\">\n<p class=\"\" data-start=\"439\" data-end=\"523\"><strong data-start=\"442\" data-end=\"488\">L\u00e4mp\u00f6tilavaroitus ja 3 erillist\u00e4 her\u00e4tysaikaa<\/strong> \u2013 asetetaan sovelluksessa tai laitteella<\/p>\n<\/li>\n<li class=\"\" data-start=\"524\" data-end=\"619\">\n<p class=\"\" data-start=\"526\" data-end=\"619\"><strong data-start=\"529\" data-end=\"561\">Ilmanpaine, UV-indeksi ja kuun vaihe<\/strong> suoraan n\u00e4yt\u00f6ll\u00e4<\/p>\n<\/li>\n<li class=\"\" data-start=\"620\" data-end=\"747\">\n<p class=\"\" data-start=\"622\" data-end=\"747\"><strong data-start=\"625\" data-end=\"657\">Virtasovitin + akkuvarmistus<\/strong> \u2013 Wi-Fi aktiivinen ja virtal\u00e4hde, 3 \u00d7 AAA-paristoa aseman varavirtal\u00e4hteeksi.<\/p>\n<\/li>\n<li class=\"\" data-start=\"748\" data-end=\"863\">\n<p class=\"\" data-start=\"750\" data-end=\"863\"><strong data-start=\"753\" data-end=\"780\">3-vaiheinen taustavalo<\/strong> tai 10 sekunnin automaattinen valaistus paristok\u00e4yt\u00f6ss\u00e4<\/p>\n<\/li>\n<li class=\"\" data-start=\"864\" data-end=\"963\">\n<p class=\"\" data-start=\"866\" data-end=\"963\"><strong data-start=\"869\" data-end=\"893\">100 metrin anturin kantama<\/strong> (esteet\u00f6n n\u00e4k\u00f6yhteys) ja 25 m reitittimeen<\/p>\n<\/li>\n<\/ul>","protected":false},"featured_media":156034,"template":"","meta":{"_acf_changed":false},"product_brand":[],"product_cat":[4767],"product_tag":[],"class_list":{"0":"post-152407","1":"product","2":"type-product","3":"status-publish","4":"has-post-thumbnail","6":"product_cat-smart-klimat-vader","7":"pa_brands-stonehouse-smart","8":"tm-no-options","10":"first","11":"instock","12":"sale","13":"taxable","14":"shipping-taxable","15":"purchasable","16":"product-type-simple"},"acf":[],"_links":{"self":[{"href":"https:\/\/secureus.se\/fi\/wp-json\/wp\/v2\/product\/152407","targetHints":{"allow":["GET"]}}],"collection":[{"href":"https:\/\/secureus.se\/fi\/wp-json\/wp\/v2\/product"}],"about":[{"href":"https:\/\/secureus.se\/fi\/wp-json\/wp\/v2\/types\/product"}],"wp:featuredmedia":[{"embeddable":true,"href":"https:\/\/secureus.se\/fi\/wp-json\/wp\/v2\/media\/156034"}],"wp:attachment":[{"href":"https:\/\/secureus.se\/fi\/wp-json\/wp\/v2\/media?parent=152407"}],"wp:term":[{"taxonomy":"product_brand","embeddable":true,"href":"https:\/\/secureus.se\/fi\/wp-json\/wp\/v2\/product_brand?post=152407"},{"taxonomy":"product_cat","embeddable":true,"href":"https:\/\/secureus.se\/fi\/wp-json\/wp\/v2\/product_cat?post=152407"},{"taxonomy":"product_tag","embeddable":true,"href":"https:\/\/secureus.se\/fi\/wp-json\/wp\/v2\/product_tag?post=152407"}],"curies":[{"name":"wp","href":"https:\/\/api.w.org\/{rel}","templated":true}]}}