{"id":152416,"date":"2025-03-24T16:14:50","date_gmt":"2025-03-24T15:14:50","guid":{"rendered":"https:\/\/secureus.se\/wi-fi-vaderstation-pro-7-i-1-sensor-med-vind-regn-uv-smart-appstyrd\/"},"modified":"2026-04-09T15:51:44","modified_gmt":"2026-04-09T13:51:44","slug":"wi-fi-vaderstation-pro-7-i-1-sensor-med-vind-regn-uv-smart-appstyrd","status":"publish","type":"product","link":"https:\/\/secureus.se\/fi\/wi-fi-vaderstation-pro-7-i-1-sensor-med-vind-regn-uv-smart-appstyrd\/","title":{"rendered":"Wi-Fi-s\u00e4\u00e4asema Pro \u2013 7-in-1-anturi tuuli-, sade- ja UV-anturilla \u2013 \u00c4lyk\u00e4s ja sovelluksella ohjattava"},"content":{"rendered":"<h3><strong>Wi-Fi-s\u00e4\u00e4asema Pro \u2013 7-in-1-anturi tuuli-, sade- ja UV-anturilla<\/strong><\/h3>\n<hr \/>\n<h4><strong>Lyhyt yleiskatsaus<\/strong><\/h4>\n<ul>\n<li><strong>4 p\u00e4iv\u00e4n ennuste n\u00e4yt\u00f6ll\u00e4<\/strong> + jopa <strong>6 p\u00e4iv\u00e4\u00e4 Tuya-sovelluksessa<\/strong><\/li>\n<li><strong>Wi-Fi + Bluetooth Helppo pariliitos<\/strong> \u2013 automaattinen p\u00e4iv\u00e4m\u00e4\u00e4r\u00e4\/aika, kaaviot ja push-ilmoitukset<\/li>\n<li><strong>Tuuli 0\u2013180 km\/h ja 0\u2013359\u00b0<\/strong> \u2013 tarkka suunta sis\u00e4isen kompassin avulla<\/li>\n<li><strong>Sademittari 0\u20139999 mm<\/strong> \u2013 s\u00e4\u00e4dett\u00e4v\u00e4 sadevaroitus (vakio 50 mm\/24 h)<\/li>\n<li><strong>Auringon s\u00e4teily 1\u2013190 W\/m\u00b2 + UV-indeksi<\/strong><\/li>\n<li><strong>Sis\u00e4-\/ulkoilmasto<\/strong> \u2013 l\u00e4mp\u00f6tila \u221240 \u2026 +60 \u00b0C ja kosteus 20\u201395 % RH<\/li>\n<li><strong>3 erillist\u00e4 h\u00e4lytyst\u00e4, l\u00e4mp\u00f6tila- ja sadeh\u00e4lytys<\/strong><\/li>\n<li><strong>USB-C-virtal\u00e4hde + AAA-varmuuskopiointi<\/strong> (asema) | <strong>AA + aurinkopaneeli<\/strong> (anturi)<\/li>\n<li><strong>100 metrin kantama<\/strong> anturin ja tukiaseman v\u00e4lill\u00e4, 25 m Wi-Fi-yhteydell\u00e4 reitittimeen<\/li>\n<li><strong>3-vaiheinen takavalo ja heikon akun kuvake<\/strong><\/li>\n<li><strong>Asennusohje englanniksi, saksaksi, ranskaksi, espanjaksi ja italiaksi.<\/strong><\/li>\n<\/ul>\n<hr \/>\n<h2><strong>Tuotteen kuvaus<\/strong><\/h2>\n<p>Edistyneen <strong>Wi-Fi Pro -s\u00e4\u00e4asema <\/strong>Saat t\u00e4ydellisen s\u00e4\u00e4aseman kotiisi, maatilallesi tai kasvihuoneeseesi. Aurinkok\u00e4ytt\u00f6inen 7-in-1-ulkoanturi mittaa tuulen nopeutta, suuntaa, sadetta, UV-indeksi\u00e4, auringons\u00e4teily\u00e4, l\u00e4mp\u00f6tilaa ja kosteutta yhdess\u00e4 kest\u00e4v\u00e4ss\u00e4 paketissa. Ansiosta <strong>Stonehouse Smart<\/strong> \/ <strong>Tuya Smart<\/strong> Voit seurata reaaliaikaista dataa, historiallisia kuvaajia ja teko\u00e4lyennusteita mobiililaitteellasi \u2013 ja automatisoida my\u00f6s \u00e4lykodin rutiineja (esim. sulkea markiisit, kun UV-arvo ylitt\u00e4\u00e4 6). Painoh\u00e4lytykset laukeavat korkeista\/matalista l\u00e4mp\u00f6tiloista tai rankkasateista, ja suuri v\u00e4rin\u00e4ytt\u00f6 tarjoaa selke\u00e4n reaaliaikaisen yleiskuvan.<\/p>\n<p>Kaikki anturit sijaitsevat ulkoyksik\u00f6ss\u00e4, joten niit\u00e4 ei voi olla enemp\u00e4\u00e4. Jos haluat ohjata useampia tiloja, voit ostaa erikseen SMH-WEATHER-laitteen, joka on yksinkertaisempi, mutta jossa on mahdollisuus kolmeen anturiin, esimerkiksi kellareihin tai varastotiloihin.<\/p>\n<p>Muista, ett\u00e4 voit luoda skenaarioita Stonehouse Smart -sovelluksessa, esim. k\u00e4ynnist\u00e4\u00e4 l\u00e4mmityselementit, jos l\u00e4mp\u00f6tila laskee tiettyjen asteiden alapuolelle.<\/p>\n<hr \/>\n<h2><strong>Tekniset tiedot<\/strong><\/h2>\n<table>\n<thead>\n<tr>\n<th><strong>Parametri<\/strong><\/th>\n<th><strong>Arvo<\/strong><\/th>\n<th><\/th>\n<\/tr>\n<\/thead>\n<tbody>\n<tr>\n<td><strong>Ennuste<\/strong><\/td>\n<td>4 p\u00e4iv\u00e4\u00e4 n\u00e4yt\u00f6ll\u00e4, 6 p\u00e4iv\u00e4\u00e4 sovelluksessa<\/td>\n<td><\/td>\n<\/tr>\n<tr>\n<td><strong>Tuulen nopeus<\/strong><\/td>\n<td>0\u2013180 km\/h (111 mph) \u00b1(spesifikaatio)<\/td>\n<td><\/td>\n<\/tr>\n<tr>\n<td><strong>Tuulen suunta<\/strong><\/td>\n<td>0\u2013359\u00b0<\/td>\n<td><\/td>\n<\/tr>\n<tr>\n<td><strong>Sadem\u00e4\u00e4r\u00e4<\/strong><\/td>\n<td>0\u20139999 mm, resoluutio 0,1 mm<\/td>\n<td><\/td>\n<\/tr>\n<tr>\n<td><strong>Auringon s\u00e4teily \/ UV<\/strong><\/td>\n<td>1\u2013190 W\/m\u00b2<\/td>\n<td><\/td>\n<\/tr>\n<tr>\n<td><strong>Sis\u00e4l\u00e4mp\u00f6tila<\/strong><\/td>\n<td>\u22129,9 \u2026 +50 \u00b0C (\u00b11 \u00b0C 0\u201340 \u00b0C)<\/td>\n<td><\/td>\n<\/tr>\n<tr>\n<td><strong>Ulkol\u00e4mp\u00f6tila<\/strong><\/td>\n<td>\u221240 \u2026 +60 \u00b0C (\u00b12 \u00b0C)<\/td>\n<td><\/td>\n<\/tr>\n<tr>\n<td><strong>Kosteus (kaikki anturit)<\/strong><\/td>\n<td>20\u201395 % suhteellinen kosteus (\u00b15 % suhteellinen kosteus 40\u201380 % suhteellinen kosteus)<\/td>\n<td><\/td>\n<\/tr>\n<tr>\n<td><strong>Paine<\/strong><\/td>\n<td>850\u20131100 hPa (\u00b15 hPa)<\/td>\n<td><\/td>\n<\/tr>\n<tr>\n<td><strong>Virta \u2013 perusyksikk\u00f6<\/strong><\/td>\n<td>5 V USB-C (3 W) + 3 \u00d7 AAA-varmuuskopiointi<\/td>\n<td><\/td>\n<\/tr>\n<tr>\n<td><strong>Virta-anturi<\/strong><\/td>\n<td>3 \u00d7 AA (LR6) + aurinkopaneeli<\/td>\n<td><\/td>\n<\/tr>\n<tr>\n<td><strong>Langaton<\/strong><\/td>\n<td>Wi-Fi 2,4 GHz \/ Bluetooth (pariliitos)<\/td>\n<td><\/td>\n<\/tr>\n<tr>\n<td><strong>Anturin kantama<\/strong><\/td>\n<td>\u2264 100 m esteet\u00f6n n\u00e4kyvyys<\/td>\n<td><\/td>\n<\/tr>\n<tr>\n<td><strong>Wi-Fi-kantama<\/strong><\/td>\n<td>\u2264 25 m reitittimeen<\/td>\n<td><\/td>\n<\/tr>\n<tr>\n<td><strong>Takavalo<\/strong><\/td>\n<td>3 tasoa + 8 sekuntia automaattisesti paristok\u00e4ytt\u00f6isen\u00e4<\/td>\n<td><\/td>\n<\/tr>\n<tr>\n<td><strong>H\u00e4lytys<\/strong><\/td>\n<td>70 dB @ 10 cm<\/td>\n<td><\/td>\n<\/tr>\n<tr>\n<td><strong>Perusyksik\u00f6n mitat<\/strong><\/td>\n<td>noin 190 \u00d7 98 \u00d7 40 mm<\/td>\n<td><\/td>\n<\/tr>\n<\/tbody>\n<\/table>\n<hr \/>\n<h2><strong>Kohokohdat<\/strong><\/h2>\n<ul>\n<li><strong>7-in-1 aurinkoanturi<\/strong> vesivaa&#039;alla ja pohjoismerkinn\u00e4ll\u00e4 helppoa kokoamista varten<\/li>\n<li><strong>Painetrendikaavio<\/strong> yli 12 tuntia n\u00e4yt\u00f6ll\u00e4 nopeaa s\u00e4\u00e4n tulkintaa varten<\/li>\n<li><strong>Kolme k\u00e4ytt\u00e4j\u00e4h\u00e4lytyst\u00e4<\/strong> viikkoaikataululla \u2013 ohjataan sovelluksen kautta tai suoraan laitteesta<\/li>\n<li><strong>Sadevaroitus ja l\u00e4mp\u00f6tilavaroitus<\/strong> \u2013 \u00e4\u00e4ni + salama n\u00e4yt\u00f6ll\u00e4 ja push-ilmoitus<\/li>\n<li><strong>Monikielinen k\u00e4ytt\u00f6liittym\u00e4<\/strong> \u2013 viikonp\u00e4iv\u00e4 seitsem\u00e4ll\u00e4 kielell\u00e4, manuaalisesti tai automaattisesti sovelluksen kautta<\/li>\n<\/ul>\n<hr \/>\n<h2><strong>Pakkaus sis\u00e4lt\u00e4\u00e4<\/strong><\/h2>\n<table>\n<thead>\n<tr>\n<th>Osa<\/th>\n<th><\/th>\n<th>M\u00e4\u00e4r\u00e4<\/th>\n<\/tr>\n<\/thead>\n<tbody>\n<tr>\n<td>\u2460 Tukiasema v\u00e4rin\u00e4yt\u00f6ll\u00e4<\/td>\n<td><\/td>\n<td>1<\/td>\n<\/tr>\n<tr>\n<td>\u2461 7-in-1 aurinkokennoanturi<\/td>\n<td><\/td>\n<td>1<\/td>\n<\/tr>\n<tr>\n<td>\u2462 Kiinnitysteline ja ruuvisarja<\/td>\n<td><\/td>\n<td>1<\/td>\n<\/tr>\n<tr>\n<td>\u2463 USB-C-kaapeli + 5 V:n virtal\u00e4hde<\/td>\n<td><\/td>\n<td>1<\/td>\n<\/tr>\n<tr>\n<td>\u2464 <strong>K\u00e4ytt\u00f6ohje (5 kielt\u00e4):<\/strong> EN, DE, FR, ES, IT<\/td>\n<td><\/td>\n<td>1<\/td>\n<\/tr>\n<\/tbody>\n<\/table>\n<p><em>(Paristot eiv\u00e4t sis\u00e4lly hintaan.)<\/em><\/p>\n<hr \/>\n<h2><strong>Asennus \u2013 vaihe vaiheelta<\/strong><\/h2>\n<ol>\n<li><strong>Aseta anturi<\/strong> 1,5 m maanpinnan yl\u00e4puolella ja v\u00e4hint\u00e4\u00e4n 15 m vapaata tilaa kaikkiin suuntiin; aurinkopaneelin pit\u00e4isi osoittaa etel\u00e4\u00e4n<\/li>\n<li><strong>S\u00e4\u00e4d\u00e4 tasoa<\/strong> ja lukitse kuusioruuvit tarkkaa sademittausta varten<\/li>\n<li><strong>Yhdist\u00e4 perusyksikk\u00f6<\/strong> virtal\u00e4hteeseen (aseta AAA-varaparisto s\u00e4hk\u00f6katkon varalta).<\/li>\n<li><strong>Pariliitos<\/strong> \u2013 pid\u00e4 <strong>WIFI\/VALO\/SNZ<\/strong> Seuraa Stonehouse Smart\/Tuya -sovelluksen ohjeita Wi-Fi-yhteyden muodostamiseksi 3 sekunnin ajan<\/li>\n<li>Odota, kunnes kaikki kuvakkeet n\u00e4ytt\u00e4v\u00e4t vakaata dataa; s\u00e4\u00e4d\u00e4 kanavia 1\u20133, jos lis\u00e4\u00e4t ylim\u00e4\u00e4r\u00e4isi\u00e4 antureita<\/li>\n<\/ol>\n<hr \/>\n<h2><strong>Usein kysytyt kysymykset (UKK)<\/strong><\/h2>\n<ul>\n<li><strong>Voinko ajaa ilman Wi-Fi\u00e4?<\/strong><br \/>\nKyll\u00e4, kaikki mittaukset tallennetaan paikallisesti, mutta menet\u00e4t ennusteen ja et\u00e4k\u00e4yt\u00f6n.<\/li>\n<li><strong>Kuinka usein paristot vaihdetaan?<\/strong><br \/>\nAnturi: 6\u201312 kuukautta ilmastosta riippuen; Perusyksikk\u00f6: AAA-paristot vain pidempiin s\u00e4hk\u00f6katkoihin.<\/li>\n<li><strong>Tukeeko Home Assistant?<\/strong><br \/>\nEp\u00e4suorasti Tuya-integraation tai MQTT-sillan kautta.<\/li>\n<li>\n<h2 data-start=\"934\" data-end=\"974\">Mink\u00e4 s\u00e4\u00e4aseman minun pit\u00e4isi valita?<\/h2>\n<p data-start=\"1211\" data-end=\"1483\">\n<\/li>\n<\/ul>","protected":false},"excerpt":{"rendered":"<ul data-start=\"96\" data-end=\"1155\">\n<li class=\"\" data-start=\"96\" data-end=\"209\">\n<p class=\"\" data-start=\"98\" data-end=\"209\"><strong data-start=\"102\" data-end=\"133\">4 p\u00e4iv\u00e4n ennuste n\u00e4yt\u00f6ll\u00e4<\/strong> + jopa <strong data-start=\"145\" data-end=\"169\">6 p\u00e4iv\u00e4\u00e4 Stonehouse Smart \/ Tuya -sovelluksessa<\/strong><\/p>\n<\/li>\n<li class=\"\" data-start=\"210\" data-end=\"333\">\n<p class=\"\" data-start=\"212\" data-end=\"333\"><strong data-start=\"215\" data-end=\"246\">Wi-Fi + Bluetooth Helppo pariliitos<\/strong> \u2013 automaattinen p\u00e4iv\u00e4m\u00e4\u00e4r\u00e4\/aika, kaaviot ja push-ilmoitukset<\/p>\n<\/li>\n<li class=\"\" data-start=\"334\" data-end=\"445\">\n<p class=\"\" data-start=\"336\" data-end=\"445\"><strong data-start=\"340\" data-end=\"369\">Tuuli 0\u2013180 km\/h ja 0\u2013359\u00b0<\/strong> \u2013 tarkka suunta sis\u00e4isen kompassin avulla<\/p>\n<\/li>\n<li class=\"\" data-start=\"446\" data-end=\"561\">\n<p class=\"\" data-start=\"448\" data-end=\"561\"><strong data-start=\"450\" data-end=\"474\">Sademittari 0\u20139999 mm<\/strong> \u2013 s\u00e4\u00e4dett\u00e4v\u00e4 sadevaroitus (vakio 50 mm\/24 h)<\/p>\n<\/li>\n<li class=\"\" data-start=\"562\" data-end=\"647\">\n<p class=\"\" data-start=\"564\" data-end=\"647\"><strong data-start=\"567\" data-end=\"607\">Auringon s\u00e4teily 1\u2013190 W\/m\u00b2 + UV-indeksi<\/strong><\/p>\n<\/li>\n<\/ul>","protected":false},"featured_media":162705,"template":"","meta":{"_acf_changed":false},"product_brand":[],"product_cat":[4767],"product_tag":[],"class_list":{"0":"post-152416","1":"product","2":"type-product","3":"status-publish","4":"has-post-thumbnail","6":"product_cat-smart-klimat-vader","7":"product_shipping_class-tunga-paket","8":"pa_brands-stonehouse-smart","9":"tm-no-options","11":"first","12":"instock","13":"sale","14":"taxable","15":"shipping-taxable","16":"purchasable","17":"product-type-simple"},"acf":[],"_links":{"self":[{"href":"https:\/\/secureus.se\/fi\/wp-json\/wp\/v2\/product\/152416","targetHints":{"allow":["GET"]}}],"collection":[{"href":"https:\/\/secureus.se\/fi\/wp-json\/wp\/v2\/product"}],"about":[{"href":"https:\/\/secureus.se\/fi\/wp-json\/wp\/v2\/types\/product"}],"wp:featuredmedia":[{"embeddable":true,"href":"https:\/\/secureus.se\/fi\/wp-json\/wp\/v2\/media\/162705"}],"wp:attachment":[{"href":"https:\/\/secureus.se\/fi\/wp-json\/wp\/v2\/media?parent=152416"}],"wp:term":[{"taxonomy":"product_brand","embeddable":true,"href":"https:\/\/secureus.se\/fi\/wp-json\/wp\/v2\/product_brand?post=152416"},{"taxonomy":"product_cat","embeddable":true,"href":"https:\/\/secureus.se\/fi\/wp-json\/wp\/v2\/product_cat?post=152416"},{"taxonomy":"product_tag","embeddable":true,"href":"https:\/\/secureus.se\/fi\/wp-json\/wp\/v2\/product_tag?post=152416"}],"curies":[{"name":"wp","href":"https:\/\/api.w.org\/{rel}","templated":true}]}}