{"id":152591,"date":"2025-05-27T11:36:26","date_gmt":"2025-05-27T09:36:26","guid":{"rendered":"https:\/\/secureus.se\/?post_type=product&#038;p=152591"},"modified":"2026-04-23T12:37:56","modified_gmt":"2026-04-23T10:37:56","slug":"kortskrivare-fargo-dtc1250e-med-ethernet-dubbelsidig","status":"publish","type":"product","link":"https:\/\/secureus.se\/fi\/kortskrivare-fargo-dtc1250e-med-ethernet-dubbelsidig\/","title":{"rendered":"Fargo DTC1250e -korttitulostin Ethernet-liit\u00e4nn\u00e4ll\u00e4 (kaksipuolinen)"},"content":{"rendered":"<p>Fargo DTC1250e on yksi markkinoiden nopeimmista muovikorttitulostimista. Se pystyy tuottamaan kaksi kertaa enemm\u00e4n kortteja samassa ajassa kuin muut johtavat kilpailijat. Sen kompakti muotoilu sopii erinomaisesti erilaisiin toimistoymp\u00e4rist\u00f6ihin ja se voidaan integroida toimimaan muiden HID-tuotteiden kanssa, mik\u00e4 takaa maksimaalisen vastineen rahalle. Graafinen n\u00e4ytt\u00f6 mahdollistaa tehokkaan k\u00e4yt\u00f6n ja tulostin voidaan p\u00e4ivitt\u00e4\u00e4 sis\u00e4\u00e4nrakennetulla iCLASS SE\u00ae -kooderilla, mik\u00e4 mahdollistaa turvalliset henkil\u00f6kortit yhdell\u00e4 saumattomalla vaiheella.<\/p>\n<p>Tulostaa 6 sekuntia\/kortti (K) tai 16 sekuntia\/kortti (YMCKO)<\/p>\n<p>Tulostaa CR80- tai CR79-vakiokokoisille korteille, mukaan lukien PVC-, PET- ja itseliimautuva tausta<\/p>\n<ul>\n<li>Saatavilla yksi- ja kaksipuolisia malleja<\/li>\n<li>Mifare-koodaus saatavilla<\/li>\n<li>3 vuoden valmistajan takuu tulostimelle ja tulostusp\u00e4\u00e4lle<\/li>\n<\/ul>\n<p><strong>Tuotteen paino<\/strong>7,00 kg<\/p>","protected":false},"excerpt":{"rendered":"<p>Fargo DTC1250e on yksi markkinoiden nopeimmista muovikorttitulostimista. Se pystyy tuottamaan kaksi kertaa enemm\u00e4n kortteja samassa ajassa kuin muut johtavat kilpailijat. Sen kompakti muotoilu sopii erinomaisesti<\/p>","protected":false},"featured_media":152586,"template":"","meta":{"_acf_changed":false},"product_brand":[],"product_cat":[3206],"product_tag":[4863],"class_list":{"0":"post-152591","1":"product","2":"type-product","3":"status-publish","4":"has-post-thumbnail","6":"product_cat-fargo","7":"product_tag-pf","8":"pa_brands-fargo","9":"tm-no-options","11":"first","12":"outofstock","13":"sale","14":"taxable","15":"shipping-taxable","16":"purchasable","17":"product-type-simple"},"acf":[],"_links":{"self":[{"href":"https:\/\/secureus.se\/fi\/wp-json\/wp\/v2\/product\/152591","targetHints":{"allow":["GET"]}}],"collection":[{"href":"https:\/\/secureus.se\/fi\/wp-json\/wp\/v2\/product"}],"about":[{"href":"https:\/\/secureus.se\/fi\/wp-json\/wp\/v2\/types\/product"}],"wp:featuredmedia":[{"embeddable":true,"href":"https:\/\/secureus.se\/fi\/wp-json\/wp\/v2\/media\/152586"}],"wp:attachment":[{"href":"https:\/\/secureus.se\/fi\/wp-json\/wp\/v2\/media?parent=152591"}],"wp:term":[{"taxonomy":"product_brand","embeddable":true,"href":"https:\/\/secureus.se\/fi\/wp-json\/wp\/v2\/product_brand?post=152591"},{"taxonomy":"product_cat","embeddable":true,"href":"https:\/\/secureus.se\/fi\/wp-json\/wp\/v2\/product_cat?post=152591"},{"taxonomy":"product_tag","embeddable":true,"href":"https:\/\/secureus.se\/fi\/wp-json\/wp\/v2\/product_tag?post=152591"}],"curies":[{"name":"wp","href":"https:\/\/api.w.org\/{rel}","templated":true}]}}