{"id":152615,"date":"2025-05-28T14:28:41","date_gmt":"2025-05-28T12:28:41","guid":{"rendered":"https:\/\/secureus.se\/692-500-proximity-cards-pack-of-10\/"},"modified":"2025-09-09T14:26:26","modified_gmt":"2025-09-09T12:26:26","slug":"692-500-proximity-cards-pack-of-10","status":"publish","type":"product","link":"https:\/\/secureus.se\/fi\/692-500-proximity-cards-pack-of-10\/","title":{"rendered":"692-500 L\u00e4heisyyskorttia (10 kpl pakkaus)"},"content":{"rendered":"<p>Kiilt\u00e4v\u00e4n valkoiset Proximity ISO -kortit \u2013 10 kappaleen pakkaus<\/p>\n<p>692-500-et\u00e4isyyskortit tarjoavat t\u00e4ydellisen turvaratkaisun, jota asiakkaasi etsiv\u00e4t. Jokainen kortti on yksil\u00f6llisesti koodattu kahdeksannumeroisella numerolla, mik\u00e4 parantaa kortin turvallisuutta ja yksinkertaistaa my\u00f6nt\u00e4misprosessia. Tarjoamme n\u00e4it\u00e4 kortteja CR80-vakiokoossa (luottokortti), ja niiss\u00e4 on siisti kiilt\u00e4v\u00e4n valkoinen viimeistely, joka mahdollistaa helpon tulostamisen ja mukauttamisen asiakkaidesi mieltymysten mukaan.<\/p>\n<p><strong>Kysymyksi\u00e4 yhteensopivuudesta?<\/strong><\/p>\n<p>Omistautunut tiimimme on t\u00e4\u00e4ll\u00e4 auttaakseen sinua. Ota meihin yhteytt\u00e4 saadaksesi asiantuntijan ohjausta.<\/p>\n<p>Valmistettu ISO-standardien mukaisesti<br \/>\nKiilt\u00e4v\u00e4n valkoinen viimeistely helppoa mukauttamista varten<br \/>\nCR80-luottokortin koko<\/p>\n<p>Tuotteen paino:<br \/>\n0,07 kg<\/p>","protected":false},"excerpt":{"rendered":"<p>Kiilt\u00e4v\u00e4n valkoiset Proximity ISO -kortit \u2013 10 kappaleen pakkaus 692-500 -et\u00e4isyyskortit tarjoavat t\u00e4ydellisen turvaratkaisun, jota asiakkaasi etsiv\u00e4t. Jokainen kortti on koodattu yksil\u00f6llisesti kahdeksannumeroisella numerolla, mik\u00e4 varmistaa kortin paremman turvallisuuden ja<\/p>","protected":false},"featured_media":152613,"template":"","meta":{"_acf_changed":false},"product_brand":[],"product_cat":[4820],"product_tag":[],"class_list":{"0":"post-152615","1":"product","2":"type-product","3":"status-publish","4":"has-post-thumbnail","6":"product_cat-paxton-kort","7":"product_shipping_class-postnord-varubrev","8":"tm-no-options","10":"first","11":"outofstock","12":"taxable","13":"shipping-taxable","14":"purchasable","15":"product-type-simple"},"acf":[],"_links":{"self":[{"href":"https:\/\/secureus.se\/fi\/wp-json\/wp\/v2\/product\/152615","targetHints":{"allow":["GET"]}}],"collection":[{"href":"https:\/\/secureus.se\/fi\/wp-json\/wp\/v2\/product"}],"about":[{"href":"https:\/\/secureus.se\/fi\/wp-json\/wp\/v2\/types\/product"}],"wp:featuredmedia":[{"embeddable":true,"href":"https:\/\/secureus.se\/fi\/wp-json\/wp\/v2\/media\/152613"}],"wp:attachment":[{"href":"https:\/\/secureus.se\/fi\/wp-json\/wp\/v2\/media?parent=152615"}],"wp:term":[{"taxonomy":"product_brand","embeddable":true,"href":"https:\/\/secureus.se\/fi\/wp-json\/wp\/v2\/product_brand?post=152615"},{"taxonomy":"product_cat","embeddable":true,"href":"https:\/\/secureus.se\/fi\/wp-json\/wp\/v2\/product_cat?post=152615"},{"taxonomy":"product_tag","embeddable":true,"href":"https:\/\/secureus.se\/fi\/wp-json\/wp\/v2\/product_tag?post=152615"}],"curies":[{"name":"wp","href":"https:\/\/api.w.org\/{rel}","templated":true}]}}